
{"id":1444,"date":"2025-10-03T19:47:30","date_gmt":"2025-10-03T19:47:30","guid":{"rendered":"https:\/\/www.medicina.ufmg.br\/cpgcirurgiaoft\/?page_id=1444"},"modified":"2025-12-15T19:18:57","modified_gmt":"2025-12-15T19:18:57","slug":"processo-seletivo-2026","status":"publish","type":"page","link":"https:\/\/www.medicina.ufmg.br\/cpgcirurgiaoft\/processo-seletivo-2026\/","title":{"rendered":"Processo Seletivo 2026"},"content":{"rendered":"\t\t<div data-elementor-type=\"wp-page\" data-elementor-id=\"1444\" class=\"elementor elementor-1444\">\n\t\t\t\t<div class=\"elementor-element elementor-element-249559b e-flex e-con-boxed e-con e-parent\" data-id=\"249559b\" data-element_type=\"container\">\n\t\t\t\t\t<div class=\"e-con-inner\">\n\t\t\t\t<div class=\"elementor-element elementor-element-3c03409 elementor-widget elementor-widget-n-accordion\" data-id=\"3c03409\" data-element_type=\"widget\" data-settings=\"{&quot;default_state&quot;:&quot;expanded&quot;,&quot;max_items_expended&quot;:&quot;one&quot;,&quot;n_accordion_animation_duration&quot;:{&quot;unit&quot;:&quot;ms&quot;,&quot;size&quot;:400,&quot;sizes&quot;:[]}}\" data-widget_type=\"nested-accordion.default\">\n\t\t\t\t<div class=\"elementor-widget-container\">\n\t\t\t\t\t\t\t<div class=\"e-n-accordion\" aria-label=\"Accordion. Open links with Enter or Space, close with Escape, and navigate with Arrow Keys\">\n\t\t\t\t\t\t<details id=\"e-n-accordion-item-6290\" class=\"e-n-accordion-item\" open>\n\t\t\t\t<summary class=\"e-n-accordion-item-title\" data-accordion-index=\"1\" tabindex=\"0\" aria-expanded=\"true\" aria-controls=\"e-n-accordion-item-6290\" >\n\t\t\t\t\t<span class='e-n-accordion-item-title-header'><div class=\"e-n-accordion-item-title-text\"> Sele\u00e7\u00e3o Regular <\/div><\/span>\n\t\t\t\t\t\t\t<span class='e-n-accordion-item-title-icon'>\n\t\t\t<span class='e-opened' ><i aria-hidden=\"true\" class=\"fas fa-angle-up\"><\/i><\/span>\n\t\t\t<span class='e-closed'><i aria-hidden=\"true\" class=\"fas fa-angle-right\"><\/i><\/span>\n\t\t<\/span>\n\n\t\t\t\t\t\t<\/summary>\n\t\t\t\t<div role=\"region\" aria-labelledby=\"e-n-accordion-item-6290\" class=\"elementor-element elementor-element-8137993 e-con-full e-flex e-con e-child\" data-id=\"8137993\" data-element_type=\"container\">\n\t\t\t\t<div class=\"elementor-element elementor-element-1964361 elementor-widget elementor-widget-text-editor\" data-id=\"1964361\" data-element_type=\"widget\" data-widget_type=\"text-editor.default\">\n\t\t\t\t<div class=\"elementor-widget-container\">\n\t\t\t\t\t\t\t\t\t<ol><li><a href=\"http:\/\/www.medicina.ufmg.br\/cpgcirurgiaoft\/wp-content\/uploads\/sites\/47\/2025\/10\/1.-EDITAL-REGULAR-DE-SELECAO-2026-MESTRADO-E-DOUTORADO.pdf\">Edital Regular &#8211; Mestrado e Doutorado<\/a><\/li><li><a href=\"https:\/\/ftp.medicina.ufmg.br\/cpg\/formularios\/2026\/3.%20FORMUL%c1RIO%20DE%20INSCRI%c7%c3O%20REGULAR-2026-1.xls\">Formul\u00e1rio de Inscri\u00e7\u00e3o Regular<\/a><\/li><li><a href=\"http:\/\/www.medicina.ufmg.br\/cpgcirurgiaoft\/wp-content\/uploads\/sites\/47\/2025\/10\/4.-AUTODECLARACAO-ETNICO-RACIAL.pdf\">Autodeclara\u00e7\u00e3o Etnico-Racial<\/a><\/li><li><a href=\"http:\/\/www.medicina.ufmg.br\/cpgcirurgiaoft\/wp-content\/uploads\/sites\/47\/2025\/11\/4.-Doutorado-Resultado-da-analise-da-documentacao-pelo-Programa.pdf\">Doutorado &#8211; Resultado da an\u00e1lise da documenta\u00e7\u00e3o pelo Programa<\/a><\/li><li><a href=\"http:\/\/www.medicina.ufmg.br\/cpgcirurgiaoft\/wp-content\/uploads\/sites\/47\/2025\/11\/5.-MESTRADO-Resultado-da-analise-da-documentacao-apresentada.pdf\">Mestrado &#8211; Resultado da an\u00e1lise da documenta\u00e7\u00e3o pelo Programa<\/a><\/li><li><a href=\"http:\/\/www.medicina.ufmg.br\/cpgcirurgiaoft\/wp-content\/uploads\/sites\/47\/2025\/11\/6.-Doutorado-Resultados-de-Projetos-e-Curriculos.pdf\">Doutorado &#8211; Resultados de Projetos e Curr\u00edculos<\/a><\/li><li><a href=\"http:\/\/www.medicina.ufmg.br\/cpgcirurgiaoft\/wp-content\/uploads\/sites\/47\/2025\/11\/7.-Mestrado-Resultados-de-Projetos-e-Curriculos.pdf\">Mestrado &#8211; Resultados de Projetos e Curr\u00edculos<\/a><\/li><li><a href=\"http:\/\/www.medicina.ufmg.br\/cpgcirurgiaoft\/wp-content\/uploads\/sites\/47\/2025\/12\/8.-Doutorado-Horarios-de-Arguicao.pdf\">Doutorado &#8211; Hor\u00e1rios de Argui\u00e7\u00e3o<\/a><\/li><li><a href=\"http:\/\/www.medicina.ufmg.br\/cpgcirurgiaoft\/wp-content\/uploads\/sites\/47\/2025\/12\/9.-Mestrado-Horarios-de-Arguicao.pdf\">Mestrado &#8211; Hor\u00e1rios de Argui\u00e7\u00e3o<\/a>\u00a0<\/li><li><a href=\"http:\/\/www.medicina.ufmg.br\/cpgcirurgiaoft\/wp-content\/uploads\/sites\/47\/2025\/12\/10.Doutorado-Declaracao-Banca-Examinadora.pdf\">Doutorado &#8211; Declara\u00e7\u00e3o Banca Examinadora<\/a><\/li><li><a href=\"http:\/\/www.medicina.ufmg.br\/cpgcirurgiaoft\/wp-content\/uploads\/sites\/47\/2025\/12\/11.-Mestrado-Declaracao-Banca-Examinadora.pdf\">Mestrado &#8211; Declara\u00e7\u00e3o Banca Examinadora<\/a><\/li><li><a href=\"http:\/\/www.medicina.ufmg.br\/cpgcirurgiaoft\/wp-content\/uploads\/sites\/47\/2025\/12\/12.-Doutorado-Resultado-Final.pdf\">Doutorado &#8211; Resultado Final<\/a><\/li><li><a href=\"http:\/\/www.medicina.ufmg.br\/cpgcirurgiaoft\/wp-content\/uploads\/sites\/47\/2025\/12\/13.-Mestrado-Resultado-Final.pdf\">Mestrado &#8211; Resultado Final<\/a><\/li><\/ol>\t\t\t\t\t\t\t\t<\/div>\n\t\t\t\t<\/div>\n\t\t\t\t<\/div>\n\t\t\t\t\t<\/details>\n\t\t\t\t\t\t<details id=\"e-n-accordion-item-6291\" class=\"e-n-accordion-item\" >\n\t\t\t\t<summary class=\"e-n-accordion-item-title\" data-accordion-index=\"2\" tabindex=\"-1\" aria-expanded=\"false\" aria-controls=\"e-n-accordion-item-6291\" >\n\t\t\t\t\t<span class='e-n-accordion-item-title-header'><div class=\"e-n-accordion-item-title-text\"> Sele\u00e7\u00e3o Suplementar (Pessoas com defici\u00eancia e Ind\u00edgenas) <\/div><\/span>\n\t\t\t\t\t\t\t<span class='e-n-accordion-item-title-icon'>\n\t\t\t<span class='e-opened' ><i aria-hidden=\"true\" class=\"fas fa-angle-up\"><\/i><\/span>\n\t\t\t<span class='e-closed'><i aria-hidden=\"true\" class=\"fas fa-angle-right\"><\/i><\/span>\n\t\t<\/span>\n\n\t\t\t\t\t\t<\/summary>\n\t\t\t\t<div role=\"region\" aria-labelledby=\"e-n-accordion-item-6291\" class=\"elementor-element elementor-element-0390277 e-con-full e-flex e-con e-child\" data-id=\"0390277\" data-element_type=\"container\">\n\t\t\t\t<div class=\"elementor-element elementor-element-e577874 elementor-widget elementor-widget-text-editor\" data-id=\"e577874\" data-element_type=\"widget\" data-widget_type=\"text-editor.default\">\n\t\t\t\t<div class=\"elementor-widget-container\">\n\t\t\t\t\t\t\t\t\t<p><a href=\"http:\/\/www.medicina.ufmg.br\/cpgcirurgiaoft\/wp-content\/uploads\/sites\/47\/2025\/10\/1.-EDITAL-SUPLEMENTAR-DE-SELECAO-2026-MESTRADO-E-DOUTORADO.pdf\">1. Edital Suplementar &#8211; Mestrado e Doutorado<\/a><br \/><a href=\"https:\/\/ftp.medicina.ufmg.br\/cpg\/formularios\/2026\/3.%20FORMUL%c1RIO%20DE%20INSCRI%c7%c3O%20(SUPLEMENTAR).xls\">2. Formul\u00e1rio de Inscri\u00e7\u00e3o Suplementar<\/a><br \/><a href=\"https:\/\/ftp.medicina.ufmg.br\/cpg\/formularios\/2026\/4.%20FORMUL%c1RIO%20DE%20AUTODECLARA%c7%c3O%20DE%20PESSOA%20COM%20DEFICI%caNCIA.docx\">3. Autodeclara\u00e7\u00e3o de Pessoa com Defici\u00eancia<\/a><br \/><a href=\"https:\/\/ftp.medicina.ufmg.br\/cpg\/formularios\/2026\/5.%20MODELO%20DE%20RELAT%d3RIO%20DO%20M%c9DICO%20ASSISTENTE.docx\">4. Modelo de Relat\u00f3rio M\u00e9dico Assistente<\/a><br \/><a href=\"http:\/\/www.medicina.ufmg.br\/cpgcirurgiaoft\/wp-content\/uploads\/sites\/47\/2025\/10\/6.-FORMULARIO-DE-SOLICITACAO-DE-CONDICOES-ESPECIAIS-PARA-A-REALIZACAO-DA-PROVA.pdf\">5. Formul\u00e1rio de Solicita\u00e7\u00e3o de Condi\u00e7\u00f5es Especiais para a Realiza\u00e7\u00e3o da Prova<\/a><br \/><a href=\"http:\/\/www.medicina.ufmg.br\/cpgcirurgiaoft\/wp-content\/uploads\/sites\/47\/2025\/10\/7.-DECLARACAO-DE-AUTORECONHECIMENTO-INDIGENA.pdf\">6. Declara\u00e7\u00e3o de Autoreconhecimento Ind\u00edgena<\/a><br \/><a href=\"http:\/\/www.medicina.ufmg.br\/cpgcirurgiaoft\/wp-content\/uploads\/sites\/47\/2025\/10\/8.-DECLARACAO-DE-LIDERANCA-INDIGENA.pdf\">7. Declara\u00e7\u00e3o de Lideran\u00e7a Ind\u00edgena<\/a><br \/><a href=\"http:\/\/www.medicina.ufmg.br\/cpgcirurgiaoft\/wp-content\/uploads\/sites\/47\/2025\/10\/9.-DECLARACAO-DE-RESIDENCIA-INDIGENA.pdf\">8. Declara\u00e7\u00e3o de Resid\u00eancia em Territ\u00f3rios Ind\u00edgenas<\/a><\/p>\t\t\t\t\t\t\t\t<\/div>\n\t\t\t\t<\/div>\n\t\t\t\t<\/div>\n\t\t\t\t\t<\/details>\n\t\t\t\t\t<\/div>\n\t\t\t\t\t\t<\/div>\n\t\t\t\t<\/div>\n\t\t\t\t\t<\/div>\n\t\t\t\t<\/div>\n\t\t\t\t<\/div>\n\t\t","protected":false},"excerpt":{"rendered":"<p>Sele\u00e7\u00e3o Regular Edital Regular &#8211; Mestrado e Doutorado Formul\u00e1rio de Inscri\u00e7\u00e3o Regular Autodeclara\u00e7\u00e3o Etnico-Racial Doutorado &#8211; Resultado da an\u00e1lise da documenta\u00e7\u00e3o pelo Programa Mestrado &#8211; Resultado da an\u00e1lise da documenta\u00e7\u00e3o pelo Programa Doutorado &#8211; Resultados de Projetos e Curr\u00edculos Mestrado &#8211; Resultados de Projetos e Curr\u00edculos Doutorado &#8211; Hor\u00e1rios de Argui\u00e7\u00e3o Mestrado &#8211; Hor\u00e1rios de [&hellip;]<\/p>\n","protected":false},"author":105,"featured_media":0,"parent":0,"menu_order":0,"comment_status":"closed","ping_status":"closed","template":"","meta":{"footnotes":""},"class_list":["post-1444","page","type-page","status-publish","hentry"],"_links":{"self":[{"href":"https:\/\/www.medicina.ufmg.br\/cpgcirurgiaoft\/wp-json\/wp\/v2\/pages\/1444","targetHints":{"allow":["GET"]}}],"collection":[{"href":"https:\/\/www.medicina.ufmg.br\/cpgcirurgiaoft\/wp-json\/wp\/v2\/pages"}],"about":[{"href":"https:\/\/www.medicina.ufmg.br\/cpgcirurgiaoft\/wp-json\/wp\/v2\/types\/page"}],"author":[{"embeddable":true,"href":"https:\/\/www.medicina.ufmg.br\/cpgcirurgiaoft\/wp-json\/wp\/v2\/users\/105"}],"replies":[{"embeddable":true,"href":"https:\/\/www.medicina.ufmg.br\/cpgcirurgiaoft\/wp-json\/wp\/v2\/comments?post=1444"}],"version-history":[{"count":61,"href":"https:\/\/www.medicina.ufmg.br\/cpgcirurgiaoft\/wp-json\/wp\/v2\/pages\/1444\/revisions"}],"predecessor-version":[{"id":1529,"href":"https:\/\/www.medicina.ufmg.br\/cpgcirurgiaoft\/wp-json\/wp\/v2\/pages\/1444\/revisions\/1529"}],"wp:attachment":[{"href":"https:\/\/www.medicina.ufmg.br\/cpgcirurgiaoft\/wp-json\/wp\/v2\/media?parent=1444"}],"curies":[{"name":"wp","href":"https:\/\/api.w.org\/{rel}","templated":true}]}}