
{"id":220,"date":"2017-05-30T12:52:23","date_gmt":"2017-05-30T12:52:23","guid":{"rendered":"https:\/\/www.medicina.ufmg.br\/cpgcirurgiaoft\/?page_id=220"},"modified":"2025-01-31T17:15:27","modified_gmt":"2025-01-31T17:15:27","slug":"avaliacoes-capes","status":"publish","type":"page","link":"https:\/\/www.medicina.ufmg.br\/cpgcirurgiaoft\/avaliacoes-capes\/","title":{"rendered":"Avalia\u00e7\u00f5es Capes"},"content":{"rendered":"<p><a href=\"https:\/\/www.medicina.ufmg.br\/cpgcirurgiaoft\/wp-content\/uploads\/sites\/47\/2017\/05\/avalia\u00e7\u00e3o-2004-2006.pdf\">Avalia\u00e7\u00e3o 2004-2006<\/a><\/p>\n<p><a href=\"https:\/\/www.medicina.ufmg.br\/cpgcirurgiaoft\/wp-content\/uploads\/sites\/47\/2017\/05\/avalia\u00e7\u00e3o-2007-2009.pdf\">Avalia\u00e7\u00e3o 2007-2009<\/a><\/p>\n<p><a href=\"https:\/\/www.medicina.ufmg.br\/cpgcirurgiaoft\/wp-content\/uploads\/sites\/47\/2017\/05\/avaliacao2010-2012.pdf\">Avalia\u00e7\u00e3o 2010-2012<\/a><\/p>\n<p><a href=\"https:\/\/www.medicina.ufmg.br\/cpgcirurgiaoft\/wp-content\/uploads\/sites\/47\/2020\/05\/Avalia\u00e7\u00e3o-CAPES-2017.pdf\">Avalia\u00e7\u00e3o 2013-2016<\/a><\/p>\n<p><a href=\"http:\/\/www.medicina.ufmg.br\/cpgcirurgiaoft\/wp-content\/uploads\/sites\/47\/2025\/01\/ficha_recomendacao_32001010069P0.pdf\">Avalia\u00e7\u00e3o Quadrienal 2021<\/a><\/p>\n","protected":false},"excerpt":{"rendered":"<p>Avalia\u00e7\u00e3o 2004-2006 Avalia\u00e7\u00e3o 2007-2009 Avalia\u00e7\u00e3o 2010-2012 Avalia\u00e7\u00e3o 2013-2016 Avalia\u00e7\u00e3o Quadrienal 2021<\/p>\n","protected":false},"author":17,"featured_media":0,"parent":0,"menu_order":0,"comment_status":"closed","ping_status":"closed","template":"","meta":{"footnotes":""},"class_list":["post-220","page","type-page","status-publish","hentry"],"_links":{"self":[{"href":"https:\/\/www.medicina.ufmg.br\/cpgcirurgiaoft\/wp-json\/wp\/v2\/pages\/220","targetHints":{"allow":["GET"]}}],"collection":[{"href":"https:\/\/www.medicina.ufmg.br\/cpgcirurgiaoft\/wp-json\/wp\/v2\/pages"}],"about":[{"href":"https:\/\/www.medicina.ufmg.br\/cpgcirurgiaoft\/wp-json\/wp\/v2\/types\/page"}],"author":[{"embeddable":true,"href":"https:\/\/www.medicina.ufmg.br\/cpgcirurgiaoft\/wp-json\/wp\/v2\/users\/17"}],"replies":[{"embeddable":true,"href":"https:\/\/www.medicina.ufmg.br\/cpgcirurgiaoft\/wp-json\/wp\/v2\/comments?post=220"}],"version-history":[{"count":4,"href":"https:\/\/www.medicina.ufmg.br\/cpgcirurgiaoft\/wp-json\/wp\/v2\/pages\/220\/revisions"}],"predecessor-version":[{"id":1273,"href":"https:\/\/www.medicina.ufmg.br\/cpgcirurgiaoft\/wp-json\/wp\/v2\/pages\/220\/revisions\/1273"}],"wp:attachment":[{"href":"https:\/\/www.medicina.ufmg.br\/cpgcirurgiaoft\/wp-json\/wp\/v2\/media?parent=220"}],"curies":[{"name":"wp","href":"https:\/\/api.w.org\/{rel}","templated":true}]}}