
{"id":223,"date":"2017-05-30T13:03:22","date_gmt":"2017-05-30T13:03:22","guid":{"rendered":"https:\/\/www.medicina.ufmg.br\/cpgcirurgiaoft\/?page_id=223"},"modified":"2025-04-14T19:16:10","modified_gmt":"2025-04-14T19:16:10","slug":"infra-estrutura","status":"publish","type":"page","link":"https:\/\/www.medicina.ufmg.br\/cpgcirurgiaoft\/infra-estrutura\/","title":{"rendered":"Infra-estrutura"},"content":{"rendered":"\t\t<div data-elementor-type=\"wp-page\" data-elementor-id=\"223\" class=\"elementor elementor-223\">\n\t\t\t\t<div class=\"elementor-element elementor-element-4acf430a e-flex e-con-boxed e-con e-parent\" data-id=\"4acf430a\" data-element_type=\"container\">\n\t\t\t\t\t<div class=\"e-con-inner\">\n\t\t\t\t<div class=\"elementor-element elementor-element-6cf145b6 elementor-widget elementor-widget-text-editor\" data-id=\"6cf145b6\" data-element_type=\"widget\" data-widget_type=\"text-editor.default\">\n\t\t\t\t<div class=\"elementor-widget-container\">\n\t\t\t\t\t\t\t\t\t<p style=\"text-align: justify;\">O Programa desenvolve-se integrado a outros dez Programas do Centro de P\u00f3s-Gradua\u00e7\u00e3o da Faculdade de Medicina da UFMG, e ao complexo hospitalar do Hospital das Cl\u00ednicas da UFMG (Campus da Sa\u00fade), contando com o suporte de s\u00f3lida infraestrutura para ensino e pesquisa experimental e cl\u00ednica. Todos os alunos s\u00e3o estimulados a fazer uso da infraestrutura disponibilizada, em especial, das facilidades de laborat\u00f3rios de pesquisa que propiciam desde realiza\u00e7\u00e3o de experimentos em biologia molecular at\u00e9 realiza\u00e7\u00e3o de experimentos in vivo com animais de experimenta\u00e7\u00e3o e cultura de c\u00e9lulas humanas e de outras esp\u00e9cies animais. A Faculdade de Medicina disponibiliza as facilidades de biot\u00e9rio de excelente qualidade para a realiza\u00e7\u00e3o de trabalhos experimentais em animais. Este Centro de Experimenta\u00e7\u00e3o Animal possui dois funcion\u00e1rios t\u00e9cnicos.<\/p><p style=\"text-align: justify;\">O PPGCO tem sua sede no pr\u00e9dio da Faculdade de Medicina, mas, interage fortemente com as facilidades destinadas ao atendimento de pacientes no Hospital das Cl\u00ednicas da UFMG, tanto pacientes externos, no ambulat\u00f3rio, quanto pacientes internados, no HC-UFMG. Portanto, al\u00e9m da infraestrutura da Faculdade de Medicina, incluindo laborat\u00f3rios de pesquisa, centro de inform\u00e1tica, Centro de telemedicina e de simula\u00e7\u00e3o, salas de aula confort\u00e1veis, Centro de P\u00f3s-Gradua\u00e7\u00e3o e biblioteca, o PPGCO conta com a estrutura do HC-UFMG, tamb\u00e9m, de excelente qualidade. Para ilustrar, algumas dessas facilidades s\u00e3o descritas abaixo:<\/p><p style=\"text-align: justify;\"><strong>4.1 Laborat\u00f3rios<\/strong><\/p><p style=\"text-align: justify;\"><strong>Labor\u00e1t\u00f3rios pr\u00f3prios da Cirurgia:<\/strong><br \/>&#8211; Laborat\u00f3rio de Fisiopatologia Cir\u00fargica Professor Lineu Freire-Maia \u2013 2\u00ba. andar da Faculdade de Medicina\/UFMG.<br \/>&#8211; Laborat\u00f3rio de Anatomia Microcir\u00fargica \u2013 subsolo da Faculdade de Medicina\/UFMG.<br \/>&#8211; Laborat\u00f3rio de T\u00e9cnica Cir\u00fargica \u2013 subsolo da Faculdade de Medicina\/UFMG.<br \/>&#8211; Laborat\u00f3rio de Terapia Celular &#8211; 2\u00ba andar da Faculdade de Medicina<\/p><p style=\"text-align: justify;\"><strong>Laborat\u00f3rios Institucionais que podem ser utilizados pelos docentes da PPGCO:<\/strong><\/p><p style=\"text-align: justify;\">&#8211; Laborat\u00f3rio Multi-Usu\u00e1rios de Pesquisa \u2013 1\u00ba andar da Faculdade de Medicina\/UFMG.<br \/>&#8211; Laborat\u00f3rio de Medicina Molecular &#8211; 1\u00ba andar da Faculdade de Medicina<br \/>&#8211; Laborat\u00f3rio de Pesquisa em Bacteriologia \u2013 2\u00ba. andar da Faculdade de Medicina\/UFMG.<br \/>&#8211; Laborat\u00f3rio de Anatomia Patol\u00f3gica &#8211; 3\u00ba andar da Faculdade de Medicina\/UFMG.<br \/>&#8211; Departamento de Imaginologia &#8211; 3\u00ba andar Faculdade de Medicina UFMG<br \/>&#8211; Laborat\u00f3rio de Oncologia e Histopatologia \u2013 Instituto Alfa de Gastroenterologia, 2\u00ba andar HC-UFMG.<br \/>&#8211; Laborat\u00f3rio de Imunologia Celular e Molecular do Instituto de Ci\u00eancias Biol\u00f3gicas da UFMG.<\/p><p style=\"text-align: justify;\"><strong>4.2 Recursos de Inform\u00e1tica<\/strong><\/p><p style=\"text-align: justify;\">O Centro de P\u00f3s-gradua\u00e7\u00e3o da Faculdade de Medicina da UFMG conta com laborat\u00f3rio de inform\u00e1tica pr\u00f3prio exclusivo para os alunos da P\u00f3s- Gradua\u00e7\u00e3o. Neste laborat\u00f3rio existem vinte e quatro computadores com acesso \u00e0 internet e \u00e0 intranet da UFMG, servi\u00e7o de impress\u00e3o e monitores de inform\u00e1tica presenciais durante todo o dia para aux\u00edlio aos alunos. Al\u00e9m disso, o acesso \u00e0 Internet \u00e9 gratuito para todos os docentes e discentes.<br \/>As disciplinas de Inform\u00e1tica Aplicada ao M\u00e9todo Cient\u00edfico e de princ\u00edpios de bioestat\u00edstica s\u00e3o ministradas neste laborat\u00f3rio. As aulas s\u00e3o te\u00f3rico-pr\u00e1ticas com um computador para cada aluno.<br \/>O Centro de Inform\u00e1tica da Faculdade de Medicina (CIM) oferece total apoio aos docentes em suas dificuldades com as novas tecnologias na informatiza\u00e7\u00e3o, solucionando, rapidamente, imprevistos que surgem no dia a dia.<\/p><p style=\"text-align: justify;\">O Centro de p\u00f3s-gradua\u00e7\u00e3o disponibiliza equipamentos avan\u00e7ados para a realiza\u00e7\u00e3o de teleconfer\u00eancias o que permitindo que defesas possam ser programadas \u00e0 dist\u00e2ncia, possibilitando maior interatividade com outros Programas nacionais e internacionais, al\u00e9m da oferta de disciplinas &#8220;on-line&#8221;.<\/p><p style=\"text-align: justify;\"><strong>4.3 Biblioteca<\/strong><\/p><p style=\"text-align: justify;\">A Faculdade de Medicina e a UFMG possuem bibliotecas modernas, com grande acervo bibliogr\u00e1fico e conta com servi\u00e7o de comuta\u00e7\u00e3o junto a BIREME e computadores para acesso ao portal peri\u00f3dicos da CAPES. Al\u00e9m disso, disponibiliza-se para os alunos senha da minha UFMG que permite acesso ao sistema acad\u00eamico e ao banco de dados Peri\u00f3dicos da CAPES. Isto permite total flexibilidade ao aluno que pode consultar artigos de casa, do local de trabalho, etc.<\/p><p style=\"text-align: justify;\"><strong>4.4 Outras Informa\u00e7\u00f5es<\/strong><\/p><p style=\"text-align: justify;\"><strong>4.4.1. Servi\u00e7o de Estat\u00edstica<\/strong><\/p><p style=\"text-align: justify;\">O Centro de P\u00f3s-Gradua\u00e7\u00e3o conta com um profissional espec\u00edfico da \u00e1rea de Estat\u00edstica para auxiliar os alunos no desenho e an\u00e1lise estat\u00edstica de suas pesquisas.<\/p><p style=\"text-align: justify;\"><strong>4.4.2 Hospitais<\/strong><\/p><p style=\"text-align: justify;\">O HC-UFMG apresenta excelente infraestrutura que facilita a realiza\u00e7\u00e3o de pesquisas cl\u00ednicas e epidemiol\u00f3gicas. Apresenta v\u00e1rias enfermarias, bloco cir\u00fargico, bloco obst\u00e9trico, unidades de tratamento intensivo infantil e adulto, centro de inform\u00e1tica e de telemedicina, anexos para funcionamento de servi\u00e7os especializados e ampla infraestrutura administrativa.<br \/>\u2022 Hospital das Cl\u00ednicas da UFMG:<br \/>&#8211; Instituto Alfa de Gastroenterologia (Cirurgia do Aparelho Digestivo, Cirurgia Geral, Coloproctologia, Cabe\u00e7a e Pesco\u00e7o, Endoscopia)<br \/>&#8211; Servi\u00e7o de Anestesiologia<br \/>&#8211; Servi\u00e7o de Cirurgia Pedi\u00e1trica<br \/>&#8211; Servi\u00e7o de Cirurgia Pl\u00e1stica<br \/>&#8211; Servi\u00e7o de Neurocirurgia<br \/>&#8211; Servi\u00e7o de Urologia<br \/>&#8211; Servi\u00e7o de Ortopedia<br \/>&#8211; Servi\u00e7o de Cirurgia Tor\u00e1cica<br \/>&#8211; Servi\u00e7o de Cirurgia Vascular e Endovascular<br \/>&#8211; Servi\u00e7o de Cirurgia Card\u00edaca<br \/>&#8211; Servi\u00e7o de Transplantes de \u00d3rg\u00e3os e Tecidos<\/p><p style=\"text-align: justify;\">&#8211; Radiologia (US, TC, RM e PET)<br \/>&#8211; Centro de Pesquisa Cl\u00ednica<\/p><p style=\"text-align: justify;\">\u2022 Anexo S\u00e3o Geraldo<\/p><p style=\"text-align: justify;\">&#8211; Servi\u00e7o de Oftalmologia<br \/>&#8211; Servi\u00e7o de Otorrinolaringologia<\/p><p style=\"text-align: justify;\">\u2022 Anexo Borges da Costa<\/p><p style=\"text-align: justify;\">&#8211; Cirurgia Ambulatorial<br \/>\u2013 Servi\u00e7o de Oncologia Cl\u00ednica<br \/>\u2013 Servi\u00e7o de Hematologia<br \/>\u2013 Servi\u00e7o de Endocrinologia<\/p><p style=\"text-align: justify;\">\u2022 Ambulat\u00f3rios do HC- UFMG<\/p><p style=\"text-align: justify;\">&#8211; Ambulat\u00f3rio Bias Fortes<br \/>&#8211; Ambulat\u00f3rio Jenny Faria<br \/>\u2013 Ambulat\u00f3rio S\u00e3o Vicente<\/p><p style=\"text-align: justify;\">\u2022 Hospital Universit\u00e1rio Risoleta Tolentino Neves (Pronto-Socorro metropolitano)<br \/>&#8211; Servi\u00e7o de Anestesiologia<br \/>&#8211; Servi\u00e7o de Cirurgia Geral e do Trauma<br \/>&#8211; Servi\u00e7o de Neurocirurgia<br \/>&#8211; Servi\u00e7o de Cirurgia Pl\u00e1stica<br \/>&#8211; Servi\u00e7o de Ortopedia<br \/>&#8211; Servi\u00e7o de Cirurgia Tor\u00e1cica<br \/>&#8211; Servi\u00e7o de Cirurgia Vascular e Endovascular<br \/>-Servi\u00e7o de Endoscopia<br \/>&#8211; Radiologia (US, TC)<br \/>&#8211; Centro de Pesquisa Cl\u00ednica<\/p><p style=\"text-align: justify;\">\u2022 Biot\u00e9rio<\/p><p style=\"text-align: justify;\">&#8211; Centro de Experimenta\u00e7\u00e3o animal da Faculdade de Medicina\/UFMG.<\/p>\t\t\t\t\t\t\t\t<\/div>\n\t\t\t\t<\/div>\n\t\t\t\t\t<\/div>\n\t\t\t\t<\/div>\n\t\t\t\t<\/div>\n\t\t","protected":false},"excerpt":{"rendered":"<p>O Programa desenvolve-se integrado a outros dez Programas do Centro de P\u00f3s-Gradua\u00e7\u00e3o da Faculdade de Medicina da UFMG, e ao complexo hospitalar do Hospital das Cl\u00ednicas da UFMG (Campus da Sa\u00fade), contando com o suporte de s\u00f3lida infraestrutura para ensino e pesquisa experimental e cl\u00ednica. Todos os alunos s\u00e3o estimulados a fazer uso da infraestrutura [&hellip;]<\/p>\n","protected":false},"author":17,"featured_media":0,"parent":0,"menu_order":0,"comment_status":"closed","ping_status":"closed","template":"","meta":{"footnotes":""},"class_list":["post-223","page","type-page","status-publish","hentry"],"_links":{"self":[{"href":"https:\/\/www.medicina.ufmg.br\/cpgcirurgiaoft\/wp-json\/wp\/v2\/pages\/223","targetHints":{"allow":["GET"]}}],"collection":[{"href":"https:\/\/www.medicina.ufmg.br\/cpgcirurgiaoft\/wp-json\/wp\/v2\/pages"}],"about":[{"href":"https:\/\/www.medicina.ufmg.br\/cpgcirurgiaoft\/wp-json\/wp\/v2\/types\/page"}],"author":[{"embeddable":true,"href":"https:\/\/www.medicina.ufmg.br\/cpgcirurgiaoft\/wp-json\/wp\/v2\/users\/17"}],"replies":[{"embeddable":true,"href":"https:\/\/www.medicina.ufmg.br\/cpgcirurgiaoft\/wp-json\/wp\/v2\/comments?post=223"}],"version-history":[{"count":5,"href":"https:\/\/www.medicina.ufmg.br\/cpgcirurgiaoft\/wp-json\/wp\/v2\/pages\/223\/revisions"}],"predecessor-version":[{"id":1362,"href":"https:\/\/www.medicina.ufmg.br\/cpgcirurgiaoft\/wp-json\/wp\/v2\/pages\/223\/revisions\/1362"}],"wp:attachment":[{"href":"https:\/\/www.medicina.ufmg.br\/cpgcirurgiaoft\/wp-json\/wp\/v2\/media?parent=223"}],"curies":[{"name":"wp","href":"https:\/\/api.w.org\/{rel}","templated":true}]}}