
{"id":35,"date":"2016-03-15T18:07:36","date_gmt":"2016-03-15T18:07:36","guid":{"rendered":"https:\/\/www.medicina.ufmg.br\/cpgcirurgiaoft\/?page_id=35"},"modified":"2025-04-15T16:24:14","modified_gmt":"2025-04-15T16:24:14","slug":"objetivos","status":"publish","type":"page","link":"https:\/\/www.medicina.ufmg.br\/cpgcirurgiaoft\/objetivos\/","title":{"rendered":"Objetivos"},"content":{"rendered":"\t\t<div data-elementor-type=\"wp-page\" data-elementor-id=\"35\" class=\"elementor elementor-35\">\n\t\t\t\t<div class=\"elementor-element elementor-element-e7a0951 e-flex e-con-boxed e-con e-parent\" data-id=\"e7a0951\" data-element_type=\"container\">\n\t\t\t\t\t<div class=\"e-con-inner\">\n\t\t\t\t<div class=\"elementor-element elementor-element-ed3d6df elementor-widget elementor-widget-heading\" data-id=\"ed3d6df\" data-element_type=\"widget\" data-widget_type=\"heading.default\">\n\t\t\t\t<div class=\"elementor-widget-container\">\n\t\t\t\t\t<h2 class=\"elementor-heading-title elementor-size-default\">Objetivo Geral\u00a0<\/h2>\t\t\t\t<\/div>\n\t\t\t\t<\/div>\n\t\t\t\t<div class=\"elementor-element elementor-element-24d774a elementor-widget elementor-widget-text-editor\" data-id=\"24d774a\" data-element_type=\"widget\" data-widget_type=\"text-editor.default\">\n\t\t\t\t<div class=\"elementor-widget-container\">\n\t\t\t\t\t\t\t\t\t<p style=\"text-align: justify;\">Promover pesquisas stricto sensu em Cirurgia e Oftalmologia que visem responder hiatos do conhecimento, por meio da correta aplica\u00e7\u00e3o do m\u00e9todo cient\u00edfico, formando mestres e doutores para que se tornem docentes e pesquisadores qualificados, contribuindo para a melhora na qualidade da aten\u00e7\u00e3o \u00e0 sa\u00fade no pa\u00eds e no mundo.<\/p>\t\t\t\t\t\t\t\t<\/div>\n\t\t\t\t<\/div>\n\t\t\t\t<div class=\"elementor-element elementor-element-ccedaa2 elementor-widget elementor-widget-spacer\" data-id=\"ccedaa2\" data-element_type=\"widget\" data-widget_type=\"spacer.default\">\n\t\t\t\t<div class=\"elementor-widget-container\">\n\t\t\t\t\t\t\t<div class=\"elementor-spacer\">\n\t\t\t<div class=\"elementor-spacer-inner\"><\/div>\n\t\t<\/div>\n\t\t\t\t\t\t<\/div>\n\t\t\t\t<\/div>\n\t\t\t\t\t<\/div>\n\t\t\t\t<\/div>\n\t\t<div class=\"elementor-element elementor-element-19fdd40 e-flex e-con-boxed e-con e-parent\" data-id=\"19fdd40\" data-element_type=\"container\">\n\t\t\t\t\t<div class=\"e-con-inner\">\n\t\t\t\t<div class=\"elementor-element elementor-element-e6355c1 elementor-widget elementor-widget-heading\" data-id=\"e6355c1\" data-element_type=\"widget\" data-widget_type=\"heading.default\">\n\t\t\t\t<div class=\"elementor-widget-container\">\n\t\t\t\t\t<h2 class=\"elementor-heading-title elementor-size-default\">Objetivos Espec\u00edficos<\/h2>\t\t\t\t<\/div>\n\t\t\t\t<\/div>\n\t\t\t\t<div class=\"elementor-element elementor-element-7c61250 elementor-widget elementor-widget-text-editor\" data-id=\"7c61250\" data-element_type=\"widget\" data-widget_type=\"text-editor.default\">\n\t\t\t\t<div class=\"elementor-widget-container\">\n\t\t\t\t\t\t\t\t\t<ul class=\"wp-block-list\">\n<li>Formar indiv\u00edduos com habilidades para desenvolver, de maneira construtiva e cr\u00edtica, a doc\u00eancia, a pesquisa e a assist\u00eancia \u00e0 sa\u00fade.<br \/><br \/><\/li>\n<li>Programar, propor, realizar e divulgar pesquisas aut\u00f4nomas, criativas, inovadoras e socialmente inseridas.<br \/><br \/><\/li>\n<li>Capacitar os pesquisadores a identificar problemas globais e socialmente relevantes para direcionar o foco da pesquisa cient\u00edfica.<br \/><br \/><\/li>\n<li>Ensinar, propiciar e incentivar a busca de capta\u00e7\u00e3o de recursos para os projetos a serem desenvolvidos.<br \/><br \/><\/li>\n<li>Estimular a integra\u00e7\u00e3o de docentes do Programa com pesquisadores de outras institui\u00e7\u00f5es brasileiras e internacionais de ensino e pesquisa.<br \/><br \/><\/li>\n<li>Promover a inser\u00e7\u00e3o internacional da pesquisa desenvolvida, por meio de:<br \/>\n<ul class=\"wp-block-list\">\n<li>Participa\u00e7\u00e3o de docentes e discentes em eventos cient\u00edficos internacionais e visitas a institui\u00e7\u00f5es externas;<\/li>\n<li>Aumento do n\u00famero de publica\u00e7\u00f5es com impacto internacional;<\/li>\n<li>Est\u00edmulo \u00e0 forma\u00e7\u00e3o de p\u00f3s-doutores no \u00e2mbito do Programa.<br \/><br \/><\/li>\n<\/ul>\n<\/li>\n<li style=\"text-align: justify;\">Estimular o desenvolvimento de patentes.<\/li>\n<\/ul>\n<ul class=\"wp-block-list\">\n<li style=\"list-style-type: none;\">\u00a0<\/li>\n<\/ul>\n<p><!-- \/wp:list-item --><\/p>\n<p><!-- \/wp:list --><!-- wp:paragraph --><\/p>\n<p style=\"text-align: justify;\">O Programa espera formar recursos humanos que possam ter inser\u00e7\u00e3o no mercado de trabalho em Institui\u00e7\u00f5es P\u00fablicas e\/ou Privadas, envolvidas com atividades de ensino e pesquisa no Brasil ou no Exterior, com o compromisso de promover o desenvolvimento da Ci\u00eancia para o benef\u00edcio do Pa\u00eds e da Humanidade. Almeja-se que os pesquisadores egressos sejam capazes de levar adiante o conhecimento cient\u00edfico adquirido e retribuir \u00e0 sociedade os benef\u00edcios desses avan\u00e7os.<\/p>\t\t\t\t\t\t\t\t<\/div>\n\t\t\t\t<\/div>\n\t\t\t\t<div class=\"elementor-element elementor-element-ca9861b elementor-widget elementor-widget-spacer\" data-id=\"ca9861b\" data-element_type=\"widget\" data-widget_type=\"spacer.default\">\n\t\t\t\t<div class=\"elementor-widget-container\">\n\t\t\t\t\t\t\t<div class=\"elementor-spacer\">\n\t\t\t<div class=\"elementor-spacer-inner\"><\/div>\n\t\t<\/div>\n\t\t\t\t\t\t<\/div>\n\t\t\t\t<\/div>\n\t\t\t\t\t<\/div>\n\t\t\t\t<\/div>\n\t\t<div class=\"elementor-element elementor-element-bd550af e-flex e-con-boxed e-con e-parent\" data-id=\"bd550af\" data-element_type=\"container\">\n\t\t\t\t\t<div class=\"e-con-inner\">\n\t\t\t\t<div class=\"elementor-element elementor-element-a20654f elementor-widget elementor-widget-heading\" data-id=\"a20654f\" data-element_type=\"widget\" data-widget_type=\"heading.default\">\n\t\t\t\t<div class=\"elementor-widget-container\">\n\t\t\t\t\t<h2 class=\"elementor-heading-title elementor-size-default\">O Programa espera que o egresso do Mestrado e Doutorado adquira conhecimento e habilidades para:<\/h2>\t\t\t\t<\/div>\n\t\t\t\t<\/div>\n\t\t\t\t<div class=\"elementor-element elementor-element-231e8d6 elementor-widget elementor-widget-text-editor\" data-id=\"231e8d6\" data-element_type=\"widget\" data-widget_type=\"text-editor.default\">\n\t\t\t\t<div class=\"elementor-widget-container\">\n\t\t\t\t\t\t\t\t\t<ul class=\"wp-block-list\">\n<li style=\"list-style-type: none;\">\n<ul class=\"wp-block-list\"><!-- wp:list-item --><\/ul>\n<\/li>\n<\/ul>\n<ul>\n<li>Desenvolver pesquisas cient\u00edficas dentro dos princ\u00edpios \u00e9ticos que fundamentam as pesquisas envolvendo seres humanos e animais;<br \/><br \/><!-- \/wp:list-item --><!-- wp:list-item --><\/li>\n<li>Demonstrar conhecimento da literatura relacionada ao seu campo de atua\u00e7\u00e3o;<br \/><br \/><!-- \/wp:list-item --><!-- wp:list-item --><\/li>\n<li>Analisar criticamente trabalhos cient\u00edficos pr\u00f3prios ou desenvolvidos por outros pesquisadores;<br \/><br \/><!-- \/wp:list-item --><!-- wp:list-item --><\/li>\n<li>Preparar e ministrar aulas;<br \/><br \/><!-- \/wp:list-item --><!-- wp:list-item --><\/li>\n<li>Redigir projetos de pesquisa e trabalhos cient\u00edficos;<br \/><br \/><!-- \/wp:list-item --><!-- wp:list-item --><\/li>\n<li>Reconhecer criticamente as linhas mestras de racioc\u00ednio na \u00e1rea de conhecimento e formular quest\u00f5es atualizadas;<br \/><br \/><\/li>\n<li>Escolher o m\u00e9todo apropriado para obter respostas confi\u00e1veis e pertinentes;<br \/><br \/><!-- \/wp:list-item --><!-- wp:list-item --><\/li>\n<li>Construir e realizar an\u00e1lises estat\u00edsticas de bancos de dados;<br \/><br \/><!-- \/wp:list-item --><!-- wp:list-item --><\/li>\n<li>Demonstrar destreza em tecnologias de ponta na \u00e1rea espec\u00edfica;<br \/><br \/><!-- \/wp:list-item --><!-- wp:list-item --><\/li>\n<li>Desenvolver uma linha de pesquisa pr\u00f3pria e independente (autonomia acad\u00eamica);<br \/><br \/><!-- \/wp:list-item --><!-- wp:list-item --><\/li>\n<li>Formar outros pesquisadores e desenvolver n\u00facleos de pesquisa;<br \/><br \/><!-- \/wp:list-item --><!-- wp:list-item --><\/li>\n<li>Enfatizar a forma\u00e7\u00e3o qualificada e produtiva do corpo discente;<br \/><br \/><!-- \/wp:list-item --><!-- wp:list-item --><\/li>\n<li>Estruturar disciplinas ou programas de p\u00f3s-gradua\u00e7\u00e3o fundamentados na \u00e9tica, no desenvolvimento cient\u00edfico, tecnol\u00f3gico e na inova\u00e7\u00e3o;<br \/><br \/><!-- \/wp:list-item --><!-- wp:list-item --><\/li>\n<li>Propor projetos claros relacionados \u00e0s linhas de pesquisa e \u00e1reas de concentra\u00e7\u00e3o.<\/li>\n<\/ul>\n<p><!-- \/wp:list-item --><\/p>\n<p><!-- \/wp:list --><!-- wp:paragraph --><!-- \/wp:paragraph --><\/p>\t\t\t\t\t\t\t\t<\/div>\n\t\t\t\t<\/div>\n\t\t\t\t\t<\/div>\n\t\t\t\t<\/div>\n\t\t\t\t<\/div>\n\t\t","protected":false},"excerpt":{"rendered":"<p>Objetivo Geral\u00a0 Promover pesquisas stricto sensu em Cirurgia e Oftalmologia que visem responder hiatos do conhecimento, por meio da correta aplica\u00e7\u00e3o do m\u00e9todo cient\u00edfico, formando mestres e doutores para que se tornem docentes e pesquisadores qualificados, contribuindo para a melhora na qualidade da aten\u00e7\u00e3o \u00e0 sa\u00fade no pa\u00eds e no mundo. Objetivos Espec\u00edficos Formar indiv\u00edduos [&hellip;]<\/p>\n","protected":false},"author":17,"featured_media":0,"parent":0,"menu_order":0,"comment_status":"closed","ping_status":"closed","template":"","meta":{"footnotes":""},"class_list":["post-35","page","type-page","status-publish","hentry"],"_links":{"self":[{"href":"https:\/\/www.medicina.ufmg.br\/cpgcirurgiaoft\/wp-json\/wp\/v2\/pages\/35","targetHints":{"allow":["GET"]}}],"collection":[{"href":"https:\/\/www.medicina.ufmg.br\/cpgcirurgiaoft\/wp-json\/wp\/v2\/pages"}],"about":[{"href":"https:\/\/www.medicina.ufmg.br\/cpgcirurgiaoft\/wp-json\/wp\/v2\/types\/page"}],"author":[{"embeddable":true,"href":"https:\/\/www.medicina.ufmg.br\/cpgcirurgiaoft\/wp-json\/wp\/v2\/users\/17"}],"replies":[{"embeddable":true,"href":"https:\/\/www.medicina.ufmg.br\/cpgcirurgiaoft\/wp-json\/wp\/v2\/comments?post=35"}],"version-history":[{"count":11,"href":"https:\/\/www.medicina.ufmg.br\/cpgcirurgiaoft\/wp-json\/wp\/v2\/pages\/35\/revisions"}],"predecessor-version":[{"id":1374,"href":"https:\/\/www.medicina.ufmg.br\/cpgcirurgiaoft\/wp-json\/wp\/v2\/pages\/35\/revisions\/1374"}],"wp:attachment":[{"href":"https:\/\/www.medicina.ufmg.br\/cpgcirurgiaoft\/wp-json\/wp\/v2\/media?parent=35"}],"curies":[{"name":"wp","href":"https:\/\/api.w.org\/{rel}","templated":true}]}}