
{"id":383,"date":"2018-09-13T17:40:58","date_gmt":"2018-09-13T17:40:58","guid":{"rendered":"https:\/\/www.medicina.ufmg.br\/cpgcirurgiaoft\/?page_id=383"},"modified":"2018-09-13T17:40:58","modified_gmt":"2018-09-13T17:40:58","slug":"processo-seletivo-2018","status":"publish","type":"page","link":"https:\/\/www.medicina.ufmg.br\/cpgcirurgiaoft\/processo-seletivo-2018\/","title":{"rendered":"Processo Seletivo 2018"},"content":{"rendered":"<p>&nbsp;<\/p>\n<p><a href=\"https:\/\/www.medicina.ufmg.br\/cpgcirurgiaoft\/wp-content\/uploads\/sites\/47\/2018\/02\/Resultado-Final-Mestrado-CIR-OFT.compressed.pdf\">Resultado Final Mestrado do PPG em Ci\u00eancias Aplicadas \u00e0 Cirurgia e \u00e0 Oftalmologia<\/a><\/p>\n<p><a href=\"https:\/\/www.medicina.ufmg.br\/cpgcirurgiaoft\/wp-content\/uploads\/sites\/47\/2018\/02\/Resultado-Final-Doutorado-CIR-OFT.pdf\">Resultado Final Doutorado do PPG em Ci\u00eancias Aplicadas \u00e0 Cirurgia e \u00e0 Oftalmologia<\/a><\/p>\n<p><strong>Ato Altera\u00e7\u00e3o do Edital de Sele\u00e7\u00e3o \u2013 2018<\/strong><br \/>\nO Coordenador do Programa de P\u00f3s-Gradua\u00e7\u00e3o em Ci\u00eancias Aplicadas \u00e0 Cirurgia e \u00e0 Oftalmologia COMUNICA o adiamento da data da divulga\u00e7\u00e3o do resultado final do Edital de Sele\u00e7\u00e3o 2018- edital publicado em 05\/12\/2017 \u2013 Mestrado e Doutorado, para 07\/02\/2018 at\u00e9 \u00e0s 17 horas. Belo Horizonte, 05 de fevereiro de 2018. Prof. Tulio Pinho Navarro, Coordenador.<\/p>\n<p><a href=\"https:\/\/www.medicina.ufmg.br\/cpgcirurgiaoft\/wp-content\/uploads\/sites\/47\/2017\/12\/Edital_Ci\u00eancias_Aplicada_Cirurgia_e_a_Oftalmologia_-MD_05de2017-05-12-2017.pdf\" target=\"_blank\" rel=\"noopener\">Edital<\/a><\/p>\n<p><a href=\"http:\/\/ftp.medicina.ufmg.br\/cpg\/programas\/cirurgiaoft\/2017\/formulario-de-inscricao-cirurgia-06-12-2017.xls\" target=\"_blank\" rel=\"noopener\">Formul\u00e1rio de inscri\u00e7\u00e3o<\/a>\u00a0*atualizado em 06\/12\/2017<\/p>\n<p><a href=\"https:\/\/www.medicina.ufmg.br\/cpgcirurgiaoft\/wp-content\/uploads\/sites\/47\/2018\/01\/Escala-de-entevista-PPG.compressed.pdf\">Escala de entrevistas, processo seletivo\u00a0 Mestrado e Doutorado 2018<\/a> *atualizado em 25\/01\/2018<\/p>\n","protected":false},"excerpt":{"rendered":"<p>&nbsp; Resultado Final Mestrado do PPG em Ci\u00eancias Aplicadas \u00e0 Cirurgia e \u00e0 Oftalmologia Resultado Final Doutorado do PPG em Ci\u00eancias Aplicadas \u00e0 Cirurgia e \u00e0 Oftalmologia Ato Altera\u00e7\u00e3o do Edital de Sele\u00e7\u00e3o \u2013 2018 O Coordenador do Programa de P\u00f3s-Gradua\u00e7\u00e3o em Ci\u00eancias Aplicadas \u00e0 Cirurgia e \u00e0 Oftalmologia COMUNICA o adiamento da data da [&hellip;]<\/p>\n","protected":false},"author":17,"featured_media":0,"parent":0,"menu_order":0,"comment_status":"closed","ping_status":"closed","template":"","meta":{"footnotes":""},"class_list":["post-383","page","type-page","status-publish","hentry"],"_links":{"self":[{"href":"https:\/\/www.medicina.ufmg.br\/cpgcirurgiaoft\/wp-json\/wp\/v2\/pages\/383","targetHints":{"allow":["GET"]}}],"collection":[{"href":"https:\/\/www.medicina.ufmg.br\/cpgcirurgiaoft\/wp-json\/wp\/v2\/pages"}],"about":[{"href":"https:\/\/www.medicina.ufmg.br\/cpgcirurgiaoft\/wp-json\/wp\/v2\/types\/page"}],"author":[{"embeddable":true,"href":"https:\/\/www.medicina.ufmg.br\/cpgcirurgiaoft\/wp-json\/wp\/v2\/users\/17"}],"replies":[{"embeddable":true,"href":"https:\/\/www.medicina.ufmg.br\/cpgcirurgiaoft\/wp-json\/wp\/v2\/comments?post=383"}],"version-history":[{"count":1,"href":"https:\/\/www.medicina.ufmg.br\/cpgcirurgiaoft\/wp-json\/wp\/v2\/pages\/383\/revisions"}],"predecessor-version":[{"id":385,"href":"https:\/\/www.medicina.ufmg.br\/cpgcirurgiaoft\/wp-json\/wp\/v2\/pages\/383\/revisions\/385"}],"wp:attachment":[{"href":"https:\/\/www.medicina.ufmg.br\/cpgcirurgiaoft\/wp-json\/wp\/v2\/media?parent=383"}],"curies":[{"name":"wp","href":"https:\/\/api.w.org\/{rel}","templated":true}]}}