
{"id":41,"date":"2016-03-15T18:09:57","date_gmt":"2016-03-15T18:09:57","guid":{"rendered":"https:\/\/www.medicina.ufmg.br\/cpgcirurgiaoft\/?page_id=41"},"modified":"2025-01-31T17:31:07","modified_gmt":"2025-01-31T17:31:07","slug":"dissertacoes-e-teses","status":"publish","type":"page","link":"https:\/\/www.medicina.ufmg.br\/cpgcirurgiaoft\/dissertacoes-e-teses\/","title":{"rendered":"Disserta\u00e7\u00f5es e Teses"},"content":{"rendered":"<p><a href=\"https:\/\/sucupira-v2.capes.gov.br\/observatorio\/producoes?id-programa=803&amp;search=&amp;size=20&amp;page=0\">Plataforma Sucupira<\/a><\/p>\n<p><a href=\"https:\/\/repositorio.ufmg.br\/handle\/1843\/261\">Reposit\u00f3rio UFMG<\/a><\/p>\n<p><a href=\"http:\/\/www.medicina.ufmg.br\/cpgcirurgiaoft\/wp-content\/uploads\/sites\/47\/2025\/01\/Dissertacoes-CIR-ATUALIZADO-1974-2024-1.pdf\">Disserta\u00e7\u00f5es defendidas 1974 a 2024<\/a><\/p>\n<div><a href=\"http:\/\/www.medicina.ufmg.br\/cpgcirurgiaoft\/wp-content\/uploads\/sites\/47\/2025\/01\/Teses-CIR-ATUALIZADO1974-2024-1.pdf\">Teses defendidas 1974 a 2024<\/a><\/div>\n\n\n<p><\/p>\n","protected":false},"excerpt":{"rendered":"<p>Plataforma Sucupira Reposit\u00f3rio UFMG Disserta\u00e7\u00f5es defendidas 1974 a 2024 Teses defendidas 1974 a 2024<\/p>\n","protected":false},"author":17,"featured_media":0,"parent":0,"menu_order":0,"comment_status":"closed","ping_status":"closed","template":"","meta":{"footnotes":""},"class_list":["post-41","page","type-page","status-publish","hentry"],"_links":{"self":[{"href":"https:\/\/www.medicina.ufmg.br\/cpgcirurgiaoft\/wp-json\/wp\/v2\/pages\/41","targetHints":{"allow":["GET"]}}],"collection":[{"href":"https:\/\/www.medicina.ufmg.br\/cpgcirurgiaoft\/wp-json\/wp\/v2\/pages"}],"about":[{"href":"https:\/\/www.medicina.ufmg.br\/cpgcirurgiaoft\/wp-json\/wp\/v2\/types\/page"}],"author":[{"embeddable":true,"href":"https:\/\/www.medicina.ufmg.br\/cpgcirurgiaoft\/wp-json\/wp\/v2\/users\/17"}],"replies":[{"embeddable":true,"href":"https:\/\/www.medicina.ufmg.br\/cpgcirurgiaoft\/wp-json\/wp\/v2\/comments?post=41"}],"version-history":[{"count":12,"href":"https:\/\/www.medicina.ufmg.br\/cpgcirurgiaoft\/wp-json\/wp\/v2\/pages\/41\/revisions"}],"predecessor-version":[{"id":1287,"href":"https:\/\/www.medicina.ufmg.br\/cpgcirurgiaoft\/wp-json\/wp\/v2\/pages\/41\/revisions\/1287"}],"wp:attachment":[{"href":"https:\/\/www.medicina.ufmg.br\/cpgcirurgiaoft\/wp-json\/wp\/v2\/media?parent=41"}],"curies":[{"name":"wp","href":"https:\/\/api.w.org\/{rel}","templated":true}]}}