
{"id":465,"date":"2019-10-11T19:45:02","date_gmt":"2019-10-11T19:45:02","guid":{"rendered":"https:\/\/www.medicina.ufmg.br\/cpgcirurgiaoft\/?page_id=465"},"modified":"2019-12-26T14:09:01","modified_gmt":"2019-12-26T14:09:01","slug":"processo-seletivo-2020","status":"publish","type":"page","link":"https:\/\/www.medicina.ufmg.br\/cpgcirurgiaoft\/processo-seletivo-2020\/","title":{"rendered":"Processo Seletivo 2020"},"content":{"rendered":"<div class=\"otw-sc-toggle\"><h3 class=\"toggle-trigger widget-title closed\">Sele\u00e7\u00e3o Regular <span class=\"icon\"><\/span><\/h3><div class=\"toggle-content\"><p><\/p><br \/>\n<p><a href=\"https:\/\/www.medicina.ufmg.br\/cpgcirurgiaoft\/wp-content\/uploads\/sites\/47\/2019\/10\/1-EDITAL-REGULAR-MESTRADO-E-DOUTORADO-2020.pdf\">EDITAL<\/a><br \/><br \/>\n<a href=\"http:\/\/ftp.medicina.ufmg.br\/cpg\/programas\/cirurgiaoft\/2019\/2 -FormulariodeinscricaoRegular2020Cirurgia.xls\">FORMUL\u00c1RIO DE INSCRI\u00c7\u00c3O<\/a><br \/><br \/>\n<a href=\"https:\/\/www.medicina.ufmg.br\/cpgcirurgiaoft\/wp-content\/uploads\/sites\/47\/2019\/10\/3-Autodeclara\u00e7\u00e3o-\u00c9tnico-Racial.pdf\">FORMUL\u00c1RIO DE AUTODECLARA\u00c7\u00c3O \u00c9TNICO-RACIAL<\/a><br \/><br \/>\n<a href=\"https:\/\/www.medicina.ufmg.br\/cpgcirurgiaoft\/wp-content\/uploads\/sites\/47\/2019\/11\/Resultado-da-an\u00e1lise-da-documenta\u00e7\u00e3o-apresentada-Mestrado-CIR-25-11-2019.pdf\" target=\"_blank\" rel=\"noopener noreferrer\">RESULTADO DA AN\u00c1LISE DA DOCUMENTA\u00c7\u00c3O \u2013 MESTRADO<\/a><br \/><br \/>\n<a href=\"https:\/\/www.medicina.ufmg.br\/cpgcirurgiaoft\/wp-content\/uploads\/sites\/47\/2019\/11\/Resultado-da-an\u00e1lise-da-documenta\u00e7\u00e3o-apresentada-Doutorado-CIR-25-11-2019.pdf\" target=\"_blank\" rel=\"noopener noreferrer\">RESULTADO DA AN\u00c1LISE DA DOCUMENTA\u00c7\u00c3O \u2013 DOUTORADO<\/a><br \/><br \/>\n<a href=\"https:\/\/www.medicina.ufmg.br\/cpgcirurgiaoft\/wp-content\/uploads\/sites\/47\/2019\/11\/Resultado-1\u00ba-etapa-M.pdf\">RESULTADO 1\u00ba ETAPA &#8211; MESTRADO<\/a><br \/><br \/>\n<a href=\"https:\/\/www.medicina.ufmg.br\/cpgcirurgiaoft\/wp-content\/uploads\/sites\/47\/2019\/11\/Resultado-1\u00ba-etapa-D.pdf\">RESULTADO 1\u00ba ETAPA &#8211; DOUTORADO<\/a><br \/><br \/>\n<a href=\"https:\/\/www.medicina.ufmg.br\/cpgcirurgiaoft\/wp-content\/uploads\/sites\/47\/2019\/12\/Escala-de-argui\u00e7\u00e3o-oral-Mestrado-02-12-2019.pdf\" target=\"_blank\" rel=\"noopener noreferrer\">ESCALA DE ARGUI\u00c7\u00c3O ORAL &#8211; MESTRADO<\/a><br \/><br \/>\n<a href=\"https:\/\/www.medicina.ufmg.br\/cpgcirurgiaoft\/wp-content\/uploads\/sites\/47\/2019\/12\/Escala-de-argui\u00e7\u00e3o-oral-06-Dez.-Mestrado-02-12-2019.pdf\" target=\"_blank\" rel=\"noopener noreferrer\">ESCALA DE ARGUI\u00c7\u00c3O ORAL &#8211; MESTRADO<\/a><br \/><br \/>\n<a href=\"https:\/\/www.medicina.ufmg.br\/cpgcirurgiaoft\/wp-content\/uploads\/sites\/47\/2019\/12\/Escala-de-argui\u00e7\u00e3o-oral-Doutorado-02-12-2019.pdf\" target=\"_blank\" rel=\"noopener noreferrer\">ESCALA DE ARGUI\u00c7\u00c3O ORAL &#8211; DOUTORADO<\/a><br \/><br \/>\n<a href=\"https:\/\/www.medicina.ufmg.br\/cpgcirurgiaoft\/wp-content\/uploads\/sites\/47\/2019\/12\/DECLARA\u00c7\u00c3O-DE-INEXIST\u00caNCIA-DE-IMPEDIMENTO-OU-SUSPEI\u00c7\u00c3O.pdf\">DECLARA\u00c7\u00c3O DE INEXIST\u00caNCIA DE IMPEDIMENTO OU SUSPEI\u00c7\u00c3O <\/a><br \/><br \/>\n<a href=\"https:\/\/www.medicina.ufmg.br\/cpgcirurgiaoft\/wp-content\/uploads\/sites\/47\/2019\/12\/RESULTADO-FINAL-DOUTORADO-1.pdf\">RESULTADO FINAL &#8211; DOUTORADO<\/a><br \/><br \/>\n<a href=\"https:\/\/www.medicina.ufmg.br\/cpgcirurgiaoft\/wp-content\/uploads\/sites\/47\/2019\/12\/RESULTADO-FINAL-MESTRADO-2.pdf\">RESULTADO FINAL &#8211; MESTRADO\u00a0 \u00a0<\/a><\/p><br \/>\n<p><strong>Banca Examinadora Mestrado:<\/strong><\/p><br \/>\n<p>Prof.\u00aa Vivian Resende (Presidente)<br \/><br \/>\nProf. T\u00falio Pinho Navarro (Titular)<br \/><br \/>\nProf. Sebasti\u00e3o Cronemberger Sobrinho (Titular)<br \/><br \/>\nProf. Marco Ant\u00f4nio Percope de Andrade (Titular)<\/p><br \/>\n<p><strong>Banca Examinadora Doutorado:<\/strong><\/p><br \/>\n<p>Prof.\u00aa Vivian Resende (Presidente)<br \/><br \/>\nProf. T\u00falio Pinho Navarro (Titular)<br \/><br \/>\nProf. Marco Ant\u00f4nio Percope de Andrade (Titular)<\/p><br \/>\n<p><\/p><\/div><\/div>\n<div class=\"otw-sc-toggle\"><h3 class=\"toggle-trigger widget-title closed\">Sele\u00e7\u00e3o Suplementar (Pessoas com defici\u00eancia e Ind\u00edgenas)<span class=\"icon\"><\/span><\/h3><div class=\"toggle-content\"><p><br \/><br \/>\n<a href=\"https:\/\/www.medicina.ufmg.br\/cpgcirurgiaoft\/wp-content\/uploads\/sites\/47\/2019\/10\/1-EDITAL-SUPLEMENTAR-MESTRADO-E-DOUTORADO-2020.pdf\">EDITAL<\/a><br \/><br \/>\n<a href=\"http:\/\/ftp.medicina.ufmg.br\/cpg\/programas\/cirurgiaoft\/2019\/2-FormulariodeinscricaoSuplementar2020Cirurgia.xls\">FORMUL\u00c1RIO DE INSCRI\u00c7\u00c3O <\/a><br \/><br \/>\n<a href=\"http:\/\/ftp.medicina.ufmg.br\/cpg\/programas\/cirurgiaoft\/2019\/3 - FORMULARIODEAUTODECLARACAODEPESSOACOMDEFICIENCIA.docx\">FORMUL\u00c1RIO DE AUTODECLARA\u00c7\u00c3O DE PESSOA COM DEFICI\u00caNCIA <\/a><br \/><br \/>\n<a href=\"http:\/\/ftp.medicina.ufmg.br\/cpg\/programas\/cirurgiaoft\/2019\/4 - MODELODERELATORIODOMEDICOASSISTENTE.docx\">MODELO RELAT\u00d3RIO M\u00c9DICO ASSISTENTE <\/a><br \/><br \/>\n<a href=\"https:\/\/www.medicina.ufmg.br\/cpgcirurgiaoft\/wp-content\/uploads\/sites\/47\/2019\/10\/5-FORMUL\u00c1RIO-DE-SOLICITA\u00c7\u00c3O-DE-CONDI\u00c7\u00d5ES-ESPECIAIS-PARA-A-REALIZA\u00c7\u00c3O-DA-PROVA.pdf\">FORMUL\u00c1RIO DE SOLICITA\u00c7\u00c3O DE CONDI\u00c7\u00d5ES ESPECIAIS PARA A REALIZA\u00c7\u00c3O DA PROVA<\/a><br \/><br \/>\n<a href=\"https:\/\/www.medicina.ufmg.br\/cpgcirurgiaoft\/wp-content\/uploads\/sites\/47\/2019\/10\/6-Declara\u00e7\u00e3o-de-Autoreconhecimento-Ind\u00edgena.pdf\">DECLARA\u00c7\u00c3O DE AUTORRECONHECIMENTO IND\u00cdGENA <\/a><br \/><br \/>\n<a href=\"https:\/\/www.medicina.ufmg.br\/cpgcirurgiaoft\/wp-content\/uploads\/sites\/47\/2019\/10\/7-Declara\u00e7\u00e3o-de-Lideran\u00e7a-Ind\u00edgena.pdf\">DECLARA\u00c7\u00c3O DE LIDERAN\u00c7A IND\u00cdGENA <\/a><a href=\"https:\/\/www.medicina.ufmg.br\/cpgcirurgiaoft\/wp-content\/uploads\/sites\/47\/2019\/10\/8-Declara\u00e7\u00e3o-de-Resid\u00eancia-Ind\u00edgena.pdf\">DECLARA\u00c7\u00c3O DE RESID\u00caNCIA IND\u00cdGENA <\/a> <\/p><\/div><\/div>\n","protected":false},"excerpt":{"rendered":"","protected":false},"author":17,"featured_media":0,"parent":0,"menu_order":0,"comment_status":"closed","ping_status":"closed","template":"","meta":{"footnotes":""},"class_list":["post-465","page","type-page","status-publish","hentry"],"_links":{"self":[{"href":"https:\/\/www.medicina.ufmg.br\/cpgcirurgiaoft\/wp-json\/wp\/v2\/pages\/465","targetHints":{"allow":["GET"]}}],"collection":[{"href":"https:\/\/www.medicina.ufmg.br\/cpgcirurgiaoft\/wp-json\/wp\/v2\/pages"}],"about":[{"href":"https:\/\/www.medicina.ufmg.br\/cpgcirurgiaoft\/wp-json\/wp\/v2\/types\/page"}],"author":[{"embeddable":true,"href":"https:\/\/www.medicina.ufmg.br\/cpgcirurgiaoft\/wp-json\/wp\/v2\/users\/17"}],"replies":[{"embeddable":true,"href":"https:\/\/www.medicina.ufmg.br\/cpgcirurgiaoft\/wp-json\/wp\/v2\/comments?post=465"}],"version-history":[{"count":10,"href":"https:\/\/www.medicina.ufmg.br\/cpgcirurgiaoft\/wp-json\/wp\/v2\/pages\/465\/revisions"}],"predecessor-version":[{"id":633,"href":"https:\/\/www.medicina.ufmg.br\/cpgcirurgiaoft\/wp-json\/wp\/v2\/pages\/465\/revisions\/633"}],"wp:attachment":[{"href":"https:\/\/www.medicina.ufmg.br\/cpgcirurgiaoft\/wp-json\/wp\/v2\/media?parent=465"}],"curies":[{"name":"wp","href":"https:\/\/api.w.org\/{rel}","templated":true}]}}