
{"id":553,"date":"2020-05-13T12:13:48","date_gmt":"2020-05-13T12:13:48","guid":{"rendered":"https:\/\/www.medicina.ufmg.br\/cpgcirurgiaoft\/?page_id=553"},"modified":"2020-05-13T12:14:43","modified_gmt":"2020-05-13T12:14:43","slug":"links-uteis","status":"publish","type":"page","link":"https:\/\/www.medicina.ufmg.br\/cpgcirurgiaoft\/links-uteis\/","title":{"rendered":"Links \u00dateis"},"content":{"rendered":"\n<p><a href=\"https:\/\/repositorio.ufmg.br\/\">Biblioteca de Teses e Disserta\u00e7\u00f5es<\/a> <br><br> <a href=\"http:\/\/www.capes.gov.br\/\">CAPES <\/a><br><br> <a href=\"https:\/\/www.ufmg.br\/bioetica\/coep\/\">COEP <\/a> <br><br> <a href=\"https:\/\/www.scielo.br\/\">SCIELO<\/a> <br><br> <a href=\"http:\/\/www.cnpq.br\/\">CNPQ<\/a> <br><br> <a href=\"https:\/\/cenex.letras.ufmg.br\/2-uncategorised\/22-exames-de-proficiencia\">CENEX<\/a> <br><br><a href=\"https:\/\/www.ufmg.br\/prpg\/categoria_expedicao\/relacao-de-documentos-para-expedicao-de-diplomas\/\"> Rela\u00e7\u00e3o de Documentos para Expedi\u00e7\u00e3o de Diplomas <\/a><br><a href=\"https:\/\/www.ufmg.br\/prpg\/categoria_expedicao\/relacao-de-documentos-para-expedicao-de-diplomas\/\"><br><\/a><a href=\"https:\/\/repositorio.ufmg.br\/custom\/instructions.jsp\"> Instru\u00e7\u00f5es aos autores e Auto-reposit\u00f3rio de Teses e Disserta\u00e7\u00f5es <\/a><br><a href=\"https:\/\/repositorio.ufmg.br\/custom\/instructions.jsp\"><br><\/a> <a href=\"https:\/\/fapemig.br\/pt\/\">FAPEMIG <\/a><br><br> <a href=\"http:\/\/everest.fapemig.br\/home\/login\">EVEREST &#8211; Bolsistas FAPEMIG<\/a> <br><br> <a href=\"http:\/\/buscatextual.cnpq.br\/buscatextual\/busca.do?metodo=apresentar\">Busca CV Lattes <\/a><br><br><a href=\"https:\/\/www2.ufmg.br\/drca\/drca\/Home\/Documentos\/Taxas-para-Emissao-de-Documentos\"> Taxas para emiss\u00e3o de documentos pela secretaria CPG  <\/a><br><\/p>\n","protected":false},"excerpt":{"rendered":"<p>Biblioteca de Teses e Disserta\u00e7\u00f5es CAPES COEP SCIELO CNPQ CENEX Rela\u00e7\u00e3o de Documentos para Expedi\u00e7\u00e3o de Diplomas Instru\u00e7\u00f5es aos autores e Auto-reposit\u00f3rio de Teses e Disserta\u00e7\u00f5es FAPEMIG EVEREST &#8211; Bolsistas FAPEMIG Busca CV Lattes Taxas para emiss\u00e3o de documentos pela secretaria CPG<\/p>\n","protected":false},"author":17,"featured_media":0,"parent":0,"menu_order":0,"comment_status":"closed","ping_status":"closed","template":"","meta":{"footnotes":""},"class_list":["post-553","page","type-page","status-publish","hentry"],"_links":{"self":[{"href":"https:\/\/www.medicina.ufmg.br\/cpgcirurgiaoft\/wp-json\/wp\/v2\/pages\/553","targetHints":{"allow":["GET"]}}],"collection":[{"href":"https:\/\/www.medicina.ufmg.br\/cpgcirurgiaoft\/wp-json\/wp\/v2\/pages"}],"about":[{"href":"https:\/\/www.medicina.ufmg.br\/cpgcirurgiaoft\/wp-json\/wp\/v2\/types\/page"}],"author":[{"embeddable":true,"href":"https:\/\/www.medicina.ufmg.br\/cpgcirurgiaoft\/wp-json\/wp\/v2\/users\/17"}],"replies":[{"embeddable":true,"href":"https:\/\/www.medicina.ufmg.br\/cpgcirurgiaoft\/wp-json\/wp\/v2\/comments?post=553"}],"version-history":[{"count":2,"href":"https:\/\/www.medicina.ufmg.br\/cpgcirurgiaoft\/wp-json\/wp\/v2\/pages\/553\/revisions"}],"predecessor-version":[{"id":555,"href":"https:\/\/www.medicina.ufmg.br\/cpgcirurgiaoft\/wp-json\/wp\/v2\/pages\/553\/revisions\/555"}],"wp:attachment":[{"href":"https:\/\/www.medicina.ufmg.br\/cpgcirurgiaoft\/wp-json\/wp\/v2\/media?parent=553"}],"curies":[{"name":"wp","href":"https:\/\/api.w.org\/{rel}","templated":true}]}}