
{"id":769,"date":"2021-09-13T19:03:42","date_gmt":"2021-09-13T19:03:42","guid":{"rendered":"https:\/\/www.medicina.ufmg.br\/cpgcirurgiaoft\/?page_id=769"},"modified":"2025-04-17T13:03:45","modified_gmt":"2025-04-17T13:03:45","slug":"pos-doc","status":"publish","type":"page","link":"https:\/\/www.medicina.ufmg.br\/cpgcirurgiaoft\/pos-doc\/","title":{"rendered":"P\u00f3s-Doutorado"},"content":{"rendered":"<div class=\"otw-sc-toggle\"><h3 class=\"toggle-trigger widget-title closed\">ANDR\u00c9A DE LIMA BASTOS<span class=\"icon\"><\/span><\/h3><div class=\"toggle-content\"><p><\/p><br \/>\n<p>P\u00f3s-Doutorado em Cirurgia e Oftalmologia pela Universidade Federal de Minas Gerais\u00a0(UFMG) em 2024-2025.\u00a0<strong>Supervisor:\u00a0<\/strong>Prof. Marcelo Henrique Mamede Lewer<\/p><br \/>\n<p>Doutora em Ci\u00eancias da Sa\u00fade pela Universidade Federal de Minas Gerais (UFMG) em 2016. Mestre em Ci\u00eancia das Radia\u00e7\u00f5es, Materiais e Minerais pelo Centro de Desenvolvimento da Tecnologia Nuclear \/ CDTN &#8211; MCT (2006). Graduada em Medicina pela Faculdade de Ci\u00eancias M\u00e9dicas de Minas Gerais (1991), em Belo Horizonte &#8211; MG. Radiologista com t\u00edtulo de especialista pelo col\u00e9gio Brasileiro de Radiologia \/ AMB com interesse nas \u00e1reas de Radiologia Tor\u00e1cica e Radioprote\u00e7\u00e3o.\u00a0(Texto informado pelo autor)<\/p><br \/>\n<p><a href=\"http:\/\/lattes.cnpq.br\/7165521861131610\">http:\/\/lattes.cnpq.br\/7165521861131610<\/a><\/p><br \/>\n<p><\/p><\/div><\/div>\n<div class=\"otw-sc-toggle\"><h3 class=\"toggle-trigger widget-title closed\">ARTUR WILLIAN CALDEIRA ABREU VELOSO<span class=\"icon\"><\/span><\/h3><div class=\"toggle-content\"><p><\/p><br \/>\n<p><span style=\"font-weight: 400;\">P\u00f3s-Doutorado em Cirurgia e Oftalmologia pela Universidade Federal de Minas Gerais (UFMG) em 2023-2024.\u00a0 <\/span><b>Supervisor: <\/b><span style=\"font-weight: 400;\">Prof. Sebasti\u00e3o Cronemberger\u00a0<\/span><\/p><br \/>\n<p><span style=\"font-weight: 400;\"><a href=\"http:\/\/www.medicina.ufmg.br\/cpgcirurgiaoft\/wp-content\/uploads\/sites\/47\/2025\/04\/ARTUR-WILLIAM-CALDEIRA-ABREU-VELOSO.jpg\"><img fetchpriority=\"high\" decoding=\"async\" class=\"wp-image-1381  alignleft\" src=\"http:\/\/www.medicina.ufmg.br\/cpgcirurgiaoft\/wp-content\/uploads\/sites\/47\/2025\/04\/ARTUR-WILLIAM-CALDEIRA-ABREU-VELOSO-225x300.jpg\" alt=\"\" width=\"203\" height=\"271\" srcset=\"https:\/\/www.medicina.ufmg.br\/cpgcirurgiaoft\/wp-content\/uploads\/sites\/47\/2025\/04\/ARTUR-WILLIAM-CALDEIRA-ABREU-VELOSO-225x300.jpg 225w, https:\/\/www.medicina.ufmg.br\/cpgcirurgiaoft\/wp-content\/uploads\/sites\/47\/2025\/04\/ARTUR-WILLIAM-CALDEIRA-ABREU-VELOSO.jpg 336w\" sizes=\"(max-width: 203px) 100vw, 203px\" \/><\/a>Possui gradua\u00e7\u00e3o em Medicina pela Universidade Estadual de Montes Claros-UNIMONTES (2007-2012), Resid\u00eancia M\u00e9dica em Oftalmologia pelo Hospital S\u00e3o Geraldo\/HC-UFMG (2013-2016) e Doutorado em Ci\u00eancias Aplicadas \u00e0 Cirurgia e \u00e0 Oftalmologia pela Universidade Federal de Minas Gerais-UFMG (2018-2022). Realizou Fellowship em Glaucoma pelo Hospital S\u00e3o Geraldo\/HC-UFMG, Fellowship em C\u00f3rnea, Catarata e Cirurgia Refrativa pelo Hospital S\u00e3o Geraldo\/HC-UFMG e ICO Fellowship em C\u00f3rnea e Doen\u00e7as Externas pelo Massachusetts Eye and Ear Infirmary\/Harvard Medical School (Boston, USA). Membro do Conselho Brasileiro de Oftalmologia (CBO), e Fellow of the International Council of Ophthalmology (FICO).\u00a0(Texto informado pelo autor)<br \/><\/span><\/p><br \/>\n<p><a href=\"http:\/\/lattes.cnpq.br\/8891082978445700\">http:\/\/lattes.cnpq.br\/8891082978445700<\/a><\/p><br \/>\n<p><\/p><\/div><\/div>\n<div class=\"otw-sc-toggle\"><h3 class=\"toggle-trigger widget-title closed\">DIEGO NERY BENEVIDES GADELHA<span class=\"icon\"><\/span><\/h3><div class=\"toggle-content\"><p><\/p><br \/>\n<p><span style=\"font-weight: 400;\">P\u00f3s-Doutorado em Oftalmologia pela Universidade Federal de Minas Gerais\u00a0 (UFMG) em 2017-2018. <\/span><b>Supervisor: <\/b><span style=\"font-weight: 400;\">Prof. Sebasti\u00e3o Cronemberger\u00a0<\/span><\/p><br \/>\n<p><span style=\"font-weight: 400;\"><a href=\"http:\/\/www.medicina.ufmg.br\/cpgcirurgiaoft\/wp-content\/uploads\/sites\/47\/2021\/09\/Diego-Nery-Benevides-Gadelha.jpg\"><img decoding=\"async\" class=\" wp-image-779 alignleft\" src=\"http:\/\/www.medicina.ufmg.br\/cpgcirurgiaoft\/wp-content\/uploads\/sites\/47\/2021\/09\/Diego-Nery-Benevides-Gadelha.jpg\" alt=\"\" width=\"164\" height=\"220\" \/><\/a>Possui gradua\u00e7\u00e3o em Medicina pela Universidade Federal da Para\u00edba (2006),\u00a0 especializa\u00e7\u00e3o em Oftalmologia pela Funda\u00e7\u00e3o Altino Ventura (FAV) (2007- 2009), Fellow em C\u00f3rnea e Cirurgia Refrativa pela FAV (2010), Mestrado\u00a0 (2010) e Doutorado (2012) em cirurgia pela Universidade Federal de\u00a0 Pernambuco (UFPE). Foi Observer Fellowship no departamento de C\u00f3rnea e\u00a0 Cirurgia Refrativa da Harvard Medical School. Atualmente \u00e9 Professor de\u00a0 Oftalmologia do Centro Universit\u00e1rio Unifacisa, Diretor da Unifacisa e cursa\u00a0 graduation em Master of Science in Advanced Entrepreneurial Leadership na\u00a0 Babson College (EUA). Tem experi\u00eancia nas \u00e1reas de Ensino M\u00e9dico,\u00a0 Oftalmologia Cl\u00ednica e Cir\u00fargica.<\/span><\/p><br \/>\n<p><a href=\"http:\/\/lattes.cnpq.br\/8166207320351480\">http:\/\/lattes.cnpq.br\/8166207320351480<\/a><\/p><br \/>\n<p><\/p><\/div><\/div>\n<div class=\"otw-sc-toggle\"><h3 class=\"toggle-trigger widget-title closed\">MARIA CRISTINA VASCONCELLOS FURTADO<span class=\"icon\"><\/span><\/h3><div class=\"toggle-content\"><p><\/p><br \/>\n<p>P\u00f3s-Doutorado em Cirurgia e Oftalmologia pela Universidade Federal de Minas Gerais\u00a0(UFMG) em 2023-2024.\u00a0<strong>Supervisora:\u00a0<\/strong>Profa. Vivian Resende\u00a0<\/p><br \/>\n<p>Possui gradua\u00e7\u00e3o em Medicina pela Universidade Federal de Juiz de Fora (1991), mestrado em Ci\u00eancias Biol\u00f3gicas (Zoologia) pela Universidade Federal de Juiz de Fora (2002) e doutorado (2008) e p\u00f3s-doutorado (2024) em Cirurgia pela Universidade Federal de Minas Gerais. Membro Titular do Col\u00e9gio Brasileiro de Cirurgi\u00f5es &#8211; TCBC. Atualmente \u00e9 professora associada da Universidade Federal de Juiz de Fora. Tem experi\u00eancia na \u00e1rea de Medicina, com \u00eanfase em Cirurgia, atuando principalmente nos seguintes temas: trauma, cirurgia geral, cirurgia do sistema digest\u00f3rio e cirurgia da parede abdominal.\u00a0(Texto informado pelo autor)<\/p><br \/>\n<p><a href=\"http:\/\/lattes.cnpq.br\/0104018099638559\">http:\/\/lattes.cnpq.br\/0104018099638559<\/a><\/p><br \/>\n<p><\/p><\/div><\/div>\n<div class=\"otw-sc-toggle\"><h3 class=\"toggle-trigger widget-title closed\">NAT\u00c1LIA CIRINO TALIM MENEZES<span class=\"icon\"><\/span><\/h3><div class=\"toggle-content\"><p><\/p><br \/>\n<p><span style=\"font-weight: 400;\"><a href=\"http:\/\/www.medicina.ufmg.br\/cpgcirurgiaoft\/wp-content\/uploads\/sites\/47\/2021\/09\/Nata\u0301lia-Cirino-Talim-Menezes.jpg\"><img decoding=\"async\" class=\"wp-image-777  alignleft\" src=\"http:\/\/www.medicina.ufmg.br\/cpgcirurgiaoft\/wp-content\/uploads\/sites\/47\/2021\/09\/Nata\u0301lia-Cirino-Talim-Menezes.jpg\" alt=\"\" width=\"193\" height=\"248\" \/><\/a><\/span><\/p><br \/>\n<p><span style=\"font-weight: 400;\">P\u00f3s-doutorado pela Universidade Federal de Minas Gerais (2017-2018).\u00a0 <\/span><b>Supervisor<\/b><span style=\"font-weight: 400;\">: Prof. Marco Aur\u00e9lio Lana Peixoto.\u00a0<\/span><\/p><br \/>\n<p><span style=\"font-weight: 400;\">Possui gradua\u00e7\u00e3o em Fonoaudiologia pelo Centro Universit\u00e1rio Metodista\u00a0 Izabela Hendrix, especializa\u00e7\u00e3o em Linguagem pelo CEFAC, doutorado e.\u00a0 Atualmente exerce regularmente suas atividades profissionais no CIEM &#8211; Centro de Investiga\u00e7\u00e3o em Esclerose M\u00faltipla de Minas Gerais do HC\/UFMG\u00a0 e no BCTRIMS &#8211; Comit\u00ea Brasileiro de Tratamento e Pesquisa em Esclerose\u00a0 M\u00faltipla e Doen\u00e7as Neuroimunol\u00f3gicas.<\/span><\/p><br \/>\n<p><a href=\"http:\/\/lattes.cnpq.br\/7629162855972494\">http:\/\/lattes.cnpq.br\/7629162855972494<\/a><\/p><br \/>\n<p><\/p><\/div><\/div>\n<div class=\"otw-sc-toggle\"><h3 class=\"toggle-trigger widget-title closed\">ROBINSON ESTEVES SANTOS PIRES<span class=\"icon\"><\/span><\/h3><div class=\"toggle-content\"><p><\/p><br \/>\n<p><span style=\"font-weight: 400;\">P\u00f3s-Doutorado pelo Programa de P\u00f3s-Gradua\u00e7\u00e3o em Ci\u00eancias Aplicadas \u00e0\u00a0 Cirurgia e \u00e0 Oftalmologia (2019-2020).\u00a0\u00a0<\/span><b>Supervisor: <\/b><span style=\"font-weight: 400;\">Prof. Marco Ant\u00f4nio Percope de Andrade\u00a0<\/span><\/p><br \/>\n<p><span style=\"font-weight: 400;\"><a href=\"http:\/\/www.medicina.ufmg.br\/cpgcirurgiaoft\/wp-content\/uploads\/sites\/47\/2021\/09\/Robinson-Esteves-Santos-Pires-.jpg\"><img loading=\"lazy\" decoding=\"async\" class=\" wp-image-778 alignleft\" src=\"http:\/\/www.medicina.ufmg.br\/cpgcirurgiaoft\/wp-content\/uploads\/sites\/47\/2021\/09\/Robinson-Esteves-Santos-Pires-.jpg\" alt=\"\" width=\"210\" height=\"310\" \/><\/a>Professor Adjunto do Departamento do Aparelho Locomotor da UFMG. Possui Gradua\u00e7\u00e3o em Medicina pela Universidade Federal de Juiz de Fora\u00a0 (2001), Resid\u00eancia M\u00e9dica em Ortopedia e Traumatologia pelo Hospital\u00a0 Fel\u00edcio Rocho de Belo Horizonte (2003), Especializa\u00e7\u00e3o em Traumatologia\u00a0 Ortop\u00e9dica pela Universidade Federal de S\u00e3o Paulo &#8211; Escola Paulista de\u00a0 Medicina (2004), Mestrado Profissional em Ci\u00eancias Aplicadas ao Aparelho\u00a0 Locomotor pela Universidade Federal de S\u00e3o Paulo &#8211; Escola Paulista de\u00a0 Medicina (2007), Doutorado pelo Programa de P\u00f3s-Gradua\u00e7\u00e3o em Cirurgia e\u00a0 Oftalmologia da UFMG (2017). Chefe do Departamento do Aparelho\u00a0 Locomotor da UFMG (2018-2020). Presidente da Sociedade Brasileira de\u00a0<\/span><\/p><br \/>\n<p><span style=\"font-weight: 400;\">Ortopedia e Traumatologia &#8211; Regional Minas Gerais (2017). Presidente do\u00a0 Congresso Brasileiro de Trauma Ortop\u00e9dico (2018) e do Congresso Mineiro\u00a0 de Ortopedia e Traumatologia (2018). Membro da Diretoria da Sociedade\u00a0 Brasileira de Trauma Ortop\u00e9dico (Segundo Secret\u00e1rio &#8211; 2019; Diretor\u00a0 Cient\u00edfico &#8211; 2020; Diretor cient\u00edfico &#8211; 2021). Membro da Diretoria da Sociedade\u00a0 Brasileira de Ortopedia e Traumatologia ( Segundo Tesoureiro, 2019).\u00a0\u00a0<\/span><\/p><br \/>\n<p><span style=\"font-weight: 400;\">Membro Titular da Sociedade Brasileira de Ortopedia e Traumatologia, da\u00a0 Sociedade Brasileira de Trauma Ortop\u00e9dico, da Sociedade dos Ortopedistas\u00a0 da L\u00edngua Portuguesa e da American Academy of Orthopaedic Surgeons.\u00a0 Tem especial interesse no tratamento de fraturas complexas, fraturas da\u00a0 pelve e acet\u00e1bulo, fraturas da esc\u00e1pula, pseudartroses, consolida\u00e7\u00f5es\u00a0 viciosas, osteomielites e nas reconstru\u00e7\u00f5es de partes moles.<\/span><\/p><br \/>\n<p><a href=\"http:\/\/lattes.cnpq.br\/2662761143246820\">http:\/\/lattes.cnpq.br\/2662761143246820<\/a><\/p><br \/>\n<p><\/p><\/div><\/div>\n<div class=\"otw-sc-toggle\"><h3 class=\"toggle-trigger widget-title closed\">ROGERIO ALVES COSTA<span class=\"icon\"><\/span><\/h3><div class=\"toggle-content\"><p><\/p><br \/>\n<p>P\u00f3s-Doutorado em Cirurgia e Oftalmologia pela Universidade Federal de Minas Gerais\u00a0(UFMG) em 2009-2010.\u00a0<strong>Supervisor:\u00a0<\/strong>Prof. Fernando Or\u00e9fice\u00a0<\/p><br \/>\n<p>Possui gradua\u00e7\u00e3o em Medicina pela Universidade Estadual de Londrina (1995), especializa\u00e7\u00e3o em Oftalmologia pela Universidade Federal de S\u00e3o Paulo (2000), especializa\u00e7\u00e3o em Retina e Vitreo \/ Clinica e Cirurgia pela Universidade Federal de S\u00e3o Paulo (2002), doutorado em Medicina (Oftalmologia) pela Universidade Federal de S\u00e3o Paulo (2003) e resid\u00eancia-medica pela Universidade Estadual de Londrina (1999). Atualmente \u00e9 Professor Orientador da P\u00f3s-gradua\u00e7\u00e3o da Universidade de S\u00e3o Paulo &#8211; Faculdade de Medicina de Ribeir\u00e3o Preto, Membro de corpo editorial da Revista Brasileira de Oftalmologia, Revisor de peri\u00f3dico da Current Eye Research, Revisor de peri\u00f3dico da Retina (Philadelphia), Revisor de peri\u00f3dico da Comprehensive Ophthalmology Update, Revisor de peri\u00f3dico da Investigative Ophtalmology &amp; Visual Science, Revisor de peri\u00f3dico da British Journal of Ophthalmology, Revisor de peri\u00f3dico da Graefe&#8217;s Archive for Clinical and Experimental Ophthalmology, Revisor de peri\u00f3dico da Ophthalmology (Rochester), Revisor de peri\u00f3dico da Ocular Immunology and Inflammation, Revisor de peri\u00f3dico da American Journal of Ophthalmology, Revisor de peri\u00f3dico da Medical Engineering &amp; Physics, Revisor de peri\u00f3dico da Expert Review of Ophthalmology, Revisor de peri\u00f3dico da Journal of Ocular Pharmacology and Therapeutics e Revisor de peri\u00f3dico da Revista Brasileira de Oftalmologia. Tem experi\u00eancia na \u00e1rea de Medicina, com \u00eanfase em Clinica e Cirurgia. Atuando principalmente nos seguintes temas: c\u00f3rnea, refra\u00e7\u00e3o, retina, catarata, glaucoma e estrabismo.\u00a0(Texto gerado automaticamente pela aplica\u00e7\u00e3o CV Lattes)<\/p><br \/>\n<p><a href=\"http:\/\/lattes.cnpq.br\/6725307551799082\">http:\/\/lattes.cnpq.br\/6725307551799082<\/a><\/p><br \/>\n<p><\/p><\/div><\/div>\n<div class=\"otw-sc-toggle\"><h3 class=\"toggle-trigger widget-title closed\">SABRINA VERSUTI NUNES<span class=\"icon\"><\/span><\/h3><div class=\"toggle-content\"><p><\/p><br \/>\n<p>P\u00f3s-Doutorado em Cirurgia e Oftalmologia pela Universidade Federal de Minas Gerais\u00a0(UFMG) em 2021-2022.\u00a0<strong>Supervisor:\u00a0<\/strong>Prof. Tarcizo Afonso Nunes<\/p><br \/>\n<p>Possui gradua\u00e7\u00e3o em Medicina pela Universidade de Uberaba (2009), mestrado em Programa de P\u00f3s-gradua\u00e7\u00e3o em Cirurgia e Oftalmologia pela Universidade Federal de Minas Gerais (2018), doutorado em P\u00f3s Gradua\u00e7\u00e3o em Ci\u00eancias Aplicadas a Cirurgia e Oftalmologia pela Universidade Federal de Minas Gerais (2020), p\u00f3s-doutorado pela Universidade Federal de Minas Gerais (2022), resid\u00eancia-m\u00e9dica pelo Funda\u00e7\u00e3o Benjamin Guimaraes\/Hospital da Baleia (2015), resid\u00eancia-m\u00e9dica pela Santa Casa de Miseric\u00f3rdia de Belo Horizonte (2014) e resid\u00eancia-m\u00e9dica pela Universidade Federal de Uberl\u00e2ndia (2013). Atualmente \u00e9 M\u00e9dica Auditora e Ortopedista da Hospital das Cl\u00ednicas da Universidade Federal de Minas Gerais e M\u00e9dico Auditor do Instituto de Previd\u00eancia dos Servidores do Estado de Minas Gerais. Atuando principalmente nos seguintes temas: p\u00e9 torto, manipula\u00e7\u00e3o ortop\u00e9dica, \u00f3rteses, moldes de gesso. (Texto gerado automaticamente pela aplica\u00e7\u00e3o CV Lattes)<\/p><br \/>\n<p><a href=\"http:\/\/lattes.cnpq.br\/5586673878749724\">http:\/\/lattes.cnpq.br\/5586673878749724<\/a><\/p><br \/>\n<p><\/p><\/div><\/div>\n\n\n<p><\/p>\n","protected":false},"excerpt":{"rendered":"","protected":false},"author":105,"featured_media":0,"parent":0,"menu_order":0,"comment_status":"closed","ping_status":"closed","template":"","meta":{"footnotes":""},"class_list":["post-769","page","type-page","status-publish","hentry"],"_links":{"self":[{"href":"https:\/\/www.medicina.ufmg.br\/cpgcirurgiaoft\/wp-json\/wp\/v2\/pages\/769","targetHints":{"allow":["GET"]}}],"collection":[{"href":"https:\/\/www.medicina.ufmg.br\/cpgcirurgiaoft\/wp-json\/wp\/v2\/pages"}],"about":[{"href":"https:\/\/www.medicina.ufmg.br\/cpgcirurgiaoft\/wp-json\/wp\/v2\/types\/page"}],"author":[{"embeddable":true,"href":"https:\/\/www.medicina.ufmg.br\/cpgcirurgiaoft\/wp-json\/wp\/v2\/users\/105"}],"replies":[{"embeddable":true,"href":"https:\/\/www.medicina.ufmg.br\/cpgcirurgiaoft\/wp-json\/wp\/v2\/comments?post=769"}],"version-history":[{"count":6,"href":"https:\/\/www.medicina.ufmg.br\/cpgcirurgiaoft\/wp-json\/wp\/v2\/pages\/769\/revisions"}],"predecessor-version":[{"id":1387,"href":"https:\/\/www.medicina.ufmg.br\/cpgcirurgiaoft\/wp-json\/wp\/v2\/pages\/769\/revisions\/1387"}],"wp:attachment":[{"href":"https:\/\/www.medicina.ufmg.br\/cpgcirurgiaoft\/wp-json\/wp\/v2\/media?parent=769"}],"curies":[{"name":"wp","href":"https:\/\/api.w.org\/{rel}","templated":true}]}}