
{"id":771,"date":"2021-09-13T19:03:42","date_gmt":"2021-09-13T19:03:42","guid":{"rendered":"https:\/\/www.medicina.ufmg.br\/cpgcirurgiaoft\/?page_id=771"},"modified":"2025-04-17T12:02:31","modified_gmt":"2025-04-17T12:02:31","slug":"iniciacao-cientifica","status":"publish","type":"page","link":"https:\/\/www.medicina.ufmg.br\/cpgcirurgiaoft\/iniciacao-cientifica\/","title":{"rendered":"Inicia\u00e7\u00e3o Cient\u00edfica"},"content":{"rendered":"\n<p><a href=\"http:\/\/www.medicina.ufmg.br\/cpgcirurgiaoft\/wp-content\/uploads\/sites\/47\/2025\/04\/ALUNOS-DE-INICIACAO-CIENTIFICA-2021-2024.pdf\" target=\"_blank\" rel=\"noreferrer noopener\">Acesse aqui a lista de alunos de Inicia\u00e7\u00e3o Cient\u00edfica<\/a><\/p>\n\n\n\n\n\n<p><\/p>\n","protected":false},"excerpt":{"rendered":"<p>Acesse aqui a lista de alunos de Inicia\u00e7\u00e3o Cient\u00edfica<\/p>\n","protected":false},"author":105,"featured_media":0,"parent":0,"menu_order":0,"comment_status":"closed","ping_status":"closed","template":"","meta":{"footnotes":""},"class_list":["post-771","page","type-page","status-publish","hentry"],"_links":{"self":[{"href":"https:\/\/www.medicina.ufmg.br\/cpgcirurgiaoft\/wp-json\/wp\/v2\/pages\/771","targetHints":{"allow":["GET"]}}],"collection":[{"href":"https:\/\/www.medicina.ufmg.br\/cpgcirurgiaoft\/wp-json\/wp\/v2\/pages"}],"about":[{"href":"https:\/\/www.medicina.ufmg.br\/cpgcirurgiaoft\/wp-json\/wp\/v2\/types\/page"}],"author":[{"embeddable":true,"href":"https:\/\/www.medicina.ufmg.br\/cpgcirurgiaoft\/wp-json\/wp\/v2\/users\/105"}],"replies":[{"embeddable":true,"href":"https:\/\/www.medicina.ufmg.br\/cpgcirurgiaoft\/wp-json\/wp\/v2\/comments?post=771"}],"version-history":[{"count":4,"href":"https:\/\/www.medicina.ufmg.br\/cpgcirurgiaoft\/wp-json\/wp\/v2\/pages\/771\/revisions"}],"predecessor-version":[{"id":1383,"href":"https:\/\/www.medicina.ufmg.br\/cpgcirurgiaoft\/wp-json\/wp\/v2\/pages\/771\/revisions\/1383"}],"wp:attachment":[{"href":"https:\/\/www.medicina.ufmg.br\/cpgcirurgiaoft\/wp-json\/wp\/v2\/media?parent=771"}],"curies":[{"name":"wp","href":"https:\/\/api.w.org\/{rel}","templated":true}]}}