
{"id":85,"date":"2016-05-18T17:55:16","date_gmt":"2016-05-18T17:55:16","guid":{"rendered":"https:\/\/www.medicina.ufmg.br\/cpgcirurgiaoft\/?page_id=85"},"modified":"2025-04-14T19:15:31","modified_gmt":"2025-04-14T19:15:31","slug":"sobre","status":"publish","type":"page","link":"https:\/\/www.medicina.ufmg.br\/cpgcirurgiaoft\/sobre\/","title":{"rendered":"Sobre"},"content":{"rendered":"\t\t<div data-elementor-type=\"wp-page\" data-elementor-id=\"85\" class=\"elementor elementor-85\">\n\t\t\t\t<div class=\"elementor-element elementor-element-6d54e13b e-flex e-con-boxed e-con e-parent\" data-id=\"6d54e13b\" data-element_type=\"container\">\n\t\t\t\t\t<div class=\"e-con-inner\">\n\t\t\t\t<div class=\"elementor-element elementor-element-388bf6c6 elementor-widget elementor-widget-text-editor\" data-id=\"388bf6c6\" data-element_type=\"widget\" data-widget_type=\"text-editor.default\">\n\t\t\t\t<div class=\"elementor-widget-container\">\n\t\t\t\t\t\t\t\t\t\n<p style=\"text-align: justify;\"><strong>Hist\u00f3rico e Contextualiza\u00e7\u00e3o do Programa<\/strong><\/p>\n\n<p style=\"text-align: justify;\">A hist\u00f3ria deste Programa teve in\u00edcio em 1959, quando foi iniciada a Resid\u00eancia em Cirurgia Geral, no Servi\u00e7o de T\u00e9cnica Operat\u00f3ria e Cirurgia Experimental do HC-UFMG. Em 1969, foi aprovado o Curso de P\u00f3s-Gradua\u00e7\u00e3o, a n\u00edvel de Doutorado, pelo Conselho de P\u00f3s-Gradua\u00e7\u00e3o da UFMG. No mesmo ano, solicitou-se o seu credenciamento ao Conselho Federal de Educa\u00e7\u00e3o.<\/p>\n\n<p style=\"text-align: justify;\">No dia\u00a0<strong>26\/01\/1972<\/strong>, foram selecionados os primeiros alunos da P\u00f3s-Gradua\u00e7\u00e3o. No dia\u00a0<strong>13\/03\/1973<\/strong>, foi aprovado o primeiro curr\u00edculo do Curso. A primeira defesa de Tese ocorreu em\u00a0<strong>18\/12\/1974<\/strong>. Em\u00a0<strong>09\/01\/1975<\/strong>, o curso foi credenciado e homologado em\u00a0<strong>31\/12\/1975<\/strong>, tendo sido publicado no\u00a0<em>Di\u00e1rio Oficial<\/em>\u00a0na Se\u00e7\u00e3o 1, Parte 2, p\u00e1gina 514, em\u00a0<strong>15\/01\/1976<\/strong>.<\/p>\n\n<p style=\"text-align: justify;\">Em\u00a0<strong>2003<\/strong>, houve a uni\u00e3o do Programa de P\u00f3s-Gradua\u00e7\u00e3o em Cirurgia Abdominal com o Curso de P\u00f3s-Gradua\u00e7\u00e3o em Oftalmologia da Faculdade de Medicina da UFMG, recebendo o nome de\u00a0<strong>Programa de P\u00f3s-Gradua\u00e7\u00e3o em Ci\u00eancias Aplicadas \u00e0 Cirurgia e \u00e0 Oftalmologia (PPGCO)<\/strong>. A CAPES (Coordena\u00e7\u00e3o de Aperfei\u00e7oamento de Pessoal de N\u00edvel Superior) aprovou o novo Programa, atribuindo-lhe conceito\u00a0<strong>quatro<\/strong>. Esse conceito foi mantido em dois tri\u00eanios consecutivos (<strong>2004-2009<\/strong>). No tri\u00eanio\u00a0<strong>2010-2012<\/strong>, o conceito foi para\u00a0<strong>tr\u00eas<\/strong>. No quadri\u00eanio\u00a0<strong>2012-2016<\/strong>, o conceito foi para\u00a0<strong>quatro<\/strong>, e no \u00faltimo quadri\u00eanio (<strong>2017-2020<\/strong>), recebeu o conceito\u00a0<strong>cinco<\/strong>.<\/p>\n\n<p style=\"text-align: justify;\">O PPGCO \u00e9 constitu\u00eddo por docentes de diferentes Departamentos da Faculdade de Medicina. A maioria deles \u00e9 do Departamento de Cirurgia e proveniente de diferentes \u00e1reas de atua\u00e7\u00e3o: Cirurgia Geral e do Aparelho Digestivo, Neurocirurgia, Cirurgia Vascular, Cirurgia Pedi\u00e1trica, Anestesiologia, Transplantes de \u00d3rg\u00e3os e Nutri\u00e7\u00e3o. Quatro docentes s\u00e3o do Departamento de Oftalmologia e Otorrinolaringologia, uma Infectologista \u00e9 vinculada ao Departamento de Proped\u00eautica Complementar, e um docente \u00e9 da Ortopedia. Essa diversidade na origem de forma\u00e7\u00e3o \u00e9 importante para atender \u00e0 proposta do Programa quanto \u00e0 inser\u00e7\u00e3o em suas \u00c1reas de Concentra\u00e7\u00e3o e Linhas de Pesquisa.<\/p>\n\n<p style=\"text-align: justify;\">O Programa tem abrang\u00eancia multidisciplinar e agrega discentes de diferentes \u00e1reas de forma\u00e7\u00e3o: Medicina, Biomedicina, Fisioterapia, Enfermagem, Ci\u00eancias Biol\u00f3gicas, Medicina Veterin\u00e1ria, entre outras.<\/p>\n\n<p style=\"text-align: justify;\">O Programa atua na \u00e1rea da Sa\u00fade e envolve diversas modalidades cl\u00ednico-cir\u00fargicas. Pelo seu amplo n\u00edvel de abrang\u00eancia, desempenha relevante papel na forma\u00e7\u00e3o de recursos humanos, contribuindo na forma\u00e7\u00e3o de docentes da pr\u00f3pria UFMG e de outras Institui\u00e7\u00f5es de Ensino Superior de Minas Gerais e do Brasil, seja como docente-pesquisador ou no exerc\u00edcio de cargos administrativos, criando novos centros de pesquisa e forma\u00e7\u00e3o de recursos humanos. As principais cidades onde se encontram egressos do Programa inseridos no mercado de trabalho s\u00e3o: Belo Horizonte, Assun\u00e7\u00e3o (Paraguai), Santa Cruz de la Sierra e La Paz (Bol\u00edvia), Bogot\u00e1 (Col\u00f4mbia), Quito (Equador), Toronto e Chicoutimi (Canad\u00e1), Pittsburgh (EUA), Rio de Janeiro, S\u00e3o Paulo, Vit\u00f3ria (ES), Salvador, Recife, Teresina, Goi\u00e2nia, Bel\u00e9m (PA), Rio Grande (RS), Jo\u00e3o Pessoa, Taubat\u00e9, Vi\u00e7osa, Ouro Preto, Sete Lagoas, Diamantina, Governador Valadares, Montes Claros, S\u00e3o Jo\u00e3o Del Rei, Itajub\u00e1, Pouso Alegre, Lavras, Juiz de Fora, Barbacena, entre outras. Vale salientar que a grande maioria do Corpo Docente do Departamento de Cirurgia da Faculdade de Medicina da UFMG e da Universidade Federal de Juiz de Fora foi titulada no PPGCO.<\/p>\n\n<p style=\"text-align: justify;\">O Programa desenvolve-se integrado a outros dez Programas do Centro de P\u00f3s-Gradua\u00e7\u00e3o da Faculdade de Medicina da UFMG e ao complexo hospitalar do Hospital das Cl\u00ednicas da UFMG (Campus da Sa\u00fade), contando com o suporte de s\u00f3lida infraestrutura para ensino e pesquisa experimental e cl\u00ednica. A proposta curricular \u00e9 constitu\u00edda por tr\u00eas \u00e1reas de concentra\u00e7\u00e3o e oito linhas de pesquisa. A grade curricular inclui 14 disciplinas de n\u00facleo central e dom\u00ednio conexo e 12 disciplinas de apoio \u00e0s linhas de pesquisa.<\/p>\n\n<p style=\"text-align: justify;\">Entre\u00a0<strong>1974 e 2024<\/strong>, o PPG possui o total de\u00a0<strong>674 defesas<\/strong>, sendo\u00a0<strong>399 (58,19%)<\/strong>\u00a0Mestrados e\u00a0<strong>275 (40,80%)<\/strong>\u00a0Doutorados. O n\u00famero total de defesas conclu\u00eddas ao final do quadri\u00eanio (<strong>2021-2024<\/strong>) foi de\u00a0<strong>112<\/strong>, sendo\u00a0<strong>60 (53,57%)<\/strong>\u00a0Mestrados e\u00a0<strong>52 (46,47%)<\/strong>\u00a0Doutorados. A produ\u00e7\u00e3o intelectual do Programa elevou-se qualitativamente. Os docentes publicaram em peri\u00f3dicos internacionais de maior impacto. As metas do Programa est\u00e3o focadas na excel\u00eancia do Ensino e Pesquisa na P\u00f3s-Gradua\u00e7\u00e3o.<\/p>\n\t\t\t\t\t\t\t\t<\/div>\n\t\t\t\t<\/div>\n\t\t\t\t\t<\/div>\n\t\t\t\t<\/div>\n\t\t\t\t<\/div>\n\t\t","protected":false},"excerpt":{"rendered":"<p>Hist\u00f3rico e Contextualiza\u00e7\u00e3o do Programa A hist\u00f3ria deste Programa teve in\u00edcio em 1959, quando foi iniciada a Resid\u00eancia em Cirurgia Geral, no Servi\u00e7o de T\u00e9cnica Operat\u00f3ria e Cirurgia Experimental do HC-UFMG. Em 1969, foi aprovado o Curso de P\u00f3s-Gradua\u00e7\u00e3o, a n\u00edvel de Doutorado, pelo Conselho de P\u00f3s-Gradua\u00e7\u00e3o da UFMG. No mesmo ano, solicitou-se o seu [&hellip;]<\/p>\n","protected":false},"author":17,"featured_media":0,"parent":0,"menu_order":0,"comment_status":"closed","ping_status":"closed","template":"","meta":{"footnotes":""},"class_list":["post-85","page","type-page","status-publish","hentry"],"_links":{"self":[{"href":"https:\/\/www.medicina.ufmg.br\/cpgcirurgiaoft\/wp-json\/wp\/v2\/pages\/85","targetHints":{"allow":["GET"]}}],"collection":[{"href":"https:\/\/www.medicina.ufmg.br\/cpgcirurgiaoft\/wp-json\/wp\/v2\/pages"}],"about":[{"href":"https:\/\/www.medicina.ufmg.br\/cpgcirurgiaoft\/wp-json\/wp\/v2\/types\/page"}],"author":[{"embeddable":true,"href":"https:\/\/www.medicina.ufmg.br\/cpgcirurgiaoft\/wp-json\/wp\/v2\/users\/17"}],"replies":[{"embeddable":true,"href":"https:\/\/www.medicina.ufmg.br\/cpgcirurgiaoft\/wp-json\/wp\/v2\/comments?post=85"}],"version-history":[{"count":9,"href":"https:\/\/www.medicina.ufmg.br\/cpgcirurgiaoft\/wp-json\/wp\/v2\/pages\/85\/revisions"}],"predecessor-version":[{"id":1359,"href":"https:\/\/www.medicina.ufmg.br\/cpgcirurgiaoft\/wp-json\/wp\/v2\/pages\/85\/revisions\/1359"}],"wp:attachment":[{"href":"https:\/\/www.medicina.ufmg.br\/cpgcirurgiaoft\/wp-json\/wp\/v2\/media?parent=85"}],"curies":[{"name":"wp","href":"https:\/\/api.w.org\/{rel}","templated":true}]}}