
{"id":1065,"date":"2025-03-07T17:01:51","date_gmt":"2025-03-07T17:01:51","guid":{"rendered":"https:\/\/www.medicina.ufmg.br\/cpgfonoaudiologia\/?page_id=1065"},"modified":"2025-03-11T12:04:59","modified_gmt":"2025-03-11T12:04:59","slug":"internacionalizacao","status":"publish","type":"page","link":"https:\/\/www.medicina.ufmg.br\/cpgfonoaudiologia\/internacionalizacao\/","title":{"rendered":"Internacionaliza\u00e7\u00e3o"},"content":{"rendered":"\n<p>No cen\u00e1rio internacional, o PPGCF\/UFMG mant\u00e9m uma forte visibilidade, com publica\u00e7\u00f5es em peri\u00f3dicos estrangeiros e conv\u00eanios com institui\u00e7\u00f5es de ensino no exterior.<\/p>\n\n\n\n<p><strong>Pesquisa<\/strong><\/p>\n\n\n\n<p>Existem diversas parcerias e conv\u00eanios de professores do programa com institui\u00e7\u00f5es internacionais de p\u00f3s-gradua\u00e7\u00e3o, tais como: Trinity College (Irlanda); Universit\u00e9 Clermont-Auvergne (Fran\u00e7a), University of Manchester (Inglaterra), Universidade da Calif\u00f3rnia (Estados Unidos), University of Iowa (Estados Unidos), All India Institute of Speech and Hearing (India), Universitat Rovira i Virgili (Espanha), Universidade do Porto (Portugal), Universidade de Aveiro (Portugal).<\/p>\n\n\n\n<p><strong>Produ\u00e7\u00e3o intelectual<\/strong><\/p>\n\n\n\n<p>Os docentes do PPGCF\/UFMG mant\u00eam uma produ\u00e7\u00e3o intelectual ativa em colabora\u00e7\u00e3o com pesquisadores de institui\u00e7\u00f5es estrangeiras parceiras. Para acessar as publica\u00e7\u00f5es dos docentes em parceria com pesquisadores das institui\u00e7\u00f5es internacionais parceiras, <a href=\"https:\/\/www.medicina.ufmg.br\/cpgfonoaudiologia\/docentes\/\">acesse<\/a><\/p>\n\n\n\n<p><strong>Mobilidade e atua\u00e7\u00e3o acad\u00eamica<\/strong><\/p>\n\n\n\n<p>A mobilidade acad\u00eamica \u00e9 incentivada no PPGCF\/UFMG, com a possibilidade de atua\u00e7\u00e3o de docentes e discentes em institui\u00e7\u00f5es estrangeiras parceiras. O programa tem recebido bolsas de doutorado-sandu\u00edche, viabilizando o interc\u00e2mbio de discentes e enriquecendo sua forma\u00e7\u00e3o. Al\u00e9m disso, novos conv\u00eanios e parcerias s\u00e3o continuamente estabelecidos, ampliando a rede de coopera\u00e7\u00e3o internacional e fortalecendo a produ\u00e7\u00e3o cient\u00edfica. Com base nas a\u00e7\u00f5es institucionais da UFMG, voltadas \u00e0 coopera\u00e7\u00e3o e ao interc\u00e2mbio, o PPGCF\/UFMG tamb\u00e9m recebe estudantes estrangeiros ou pesquisadores internacionais.<\/p>\n\n\n\n<p><strong>Condi\u00e7\u00f5es institucionais<\/strong><\/p>\n\n\n\n<p>O PPGCF\/UFMG conta com est\u00edmulo institucional para a internacionaliza\u00e7\u00e3o, promovendo a coopera\u00e7\u00e3o acad\u00eamica e cient\u00edfica com institui\u00e7\u00f5es estrangeiras. Para mais informa\u00e7\u00f5es, acesse a p\u00e1gina da Diretoria de Rela\u00e7\u00f5es Internacionais (DRI), acesse <a href=\"https:\/\/www.ufmg.br\/dri\/\">https:\/\/www.ufmg.br\/dri\/<\/a> .<\/p>\n\n\n\n<p><strong>Mapa com as parcerias internacionais do PPGCF\/UFMG<\/strong><\/p>\n\n\n\n<iframe src=\"https:\/\/www.google.com\/maps\/d\/embed?mid=12YRUxuLycgL9vNw_7PzbAXHg--h34zg&#038;hl=pt-BR&#038;ehbc=2E312F\" width=\"640\" height=\"480\"><\/iframe>\n\n\n\n<p><\/p>\n\n\n\n<p><\/p>\n","protected":false},"excerpt":{"rendered":"<p>No cen\u00e1rio internacional, o PPGCF\/UFMG mant\u00e9m uma forte visibilidade, com publica\u00e7\u00f5es em peri\u00f3dicos estrangeiros e conv\u00eanios com institui\u00e7\u00f5es de ensino no exterior. Pesquisa Existem diversas parcerias e conv\u00eanios de professores do programa com institui\u00e7\u00f5es internacionais de p\u00f3s-gradua\u00e7\u00e3o, tais como: Trinity College (Irlanda); Universit\u00e9 Clermont-Auvergne (Fran\u00e7a), University of Manchester (Inglaterra), Universidade da Calif\u00f3rnia (Estados Unidos), University [&hellip;]<\/p>\n","protected":false},"author":105,"featured_media":0,"parent":0,"menu_order":0,"comment_status":"closed","ping_status":"closed","template":"","meta":{"footnotes":""},"class_list":["post-1065","page","type-page","status-publish","hentry"],"_links":{"self":[{"href":"https:\/\/www.medicina.ufmg.br\/cpgfonoaudiologia\/wp-json\/wp\/v2\/pages\/1065","targetHints":{"allow":["GET"]}}],"collection":[{"href":"https:\/\/www.medicina.ufmg.br\/cpgfonoaudiologia\/wp-json\/wp\/v2\/pages"}],"about":[{"href":"https:\/\/www.medicina.ufmg.br\/cpgfonoaudiologia\/wp-json\/wp\/v2\/types\/page"}],"author":[{"embeddable":true,"href":"https:\/\/www.medicina.ufmg.br\/cpgfonoaudiologia\/wp-json\/wp\/v2\/users\/105"}],"replies":[{"embeddable":true,"href":"https:\/\/www.medicina.ufmg.br\/cpgfonoaudiologia\/wp-json\/wp\/v2\/comments?post=1065"}],"version-history":[{"count":2,"href":"https:\/\/www.medicina.ufmg.br\/cpgfonoaudiologia\/wp-json\/wp\/v2\/pages\/1065\/revisions"}],"predecessor-version":[{"id":1165,"href":"https:\/\/www.medicina.ufmg.br\/cpgfonoaudiologia\/wp-json\/wp\/v2\/pages\/1065\/revisions\/1165"}],"wp:attachment":[{"href":"https:\/\/www.medicina.ufmg.br\/cpgfonoaudiologia\/wp-json\/wp\/v2\/media?parent=1065"}],"curies":[{"name":"wp","href":"https:\/\/api.w.org\/{rel}","templated":true}]}}