
{"id":40,"date":"2016-03-23T13:35:55","date_gmt":"2016-03-23T13:35:55","guid":{"rendered":"https:\/\/www.medicina.ufmg.br\/cpgfonoaudiologia\/?page_id=40"},"modified":"2025-03-07T17:00:50","modified_gmt":"2025-03-07T17:00:50","slug":"objetivos-e-metas","status":"publish","type":"page","link":"https:\/\/www.medicina.ufmg.br\/cpgfonoaudiologia\/objetivos-e-metas\/","title":{"rendered":"Apresenta\u00e7\u00e3o e Objetivos"},"content":{"rendered":"<p><span style=\"font-weight: 400;\">O Programa de P\u00f3s-Gradua\u00e7\u00e3o em Ci\u00eancias Fonoaudiol\u00f3gicas da UFMG (PPGCF\/UFMG) iniciou suas atividades em fevereiro de 2013 com o curso de Mestrado, atraindo estudantes de diversas regi\u00f5es do Brasil. Em 2019, o programa expandiu-se com a implementa\u00e7\u00e3o do Curso de Doutorado.<\/span><\/p>\n<p><span style=\"font-weight: 400;\">Por meio de seus cursos de mestrado e doutorado, o programa <\/span><b>tem por objetivo<\/b><span style=\"font-weight: 400;\"> formar profissionais com excel\u00eancia t\u00e9cnica e cient\u00edfica para atua\u00e7\u00e3o nas \u00e1reas profissional, acad\u00eamica e de pesquisa.<\/span><\/p>\n<p><span style=\"font-weight: 400;\">O <\/span><b>Curso de Mestrado<\/b><span style=\"font-weight: 400;\"> tem como foco aprofundar o conhecimento acad\u00eamico e profissional, desenvolvendo habilidades de pesquisa com vis\u00e3o ampla e cr\u00edtica. Isso inclui a compreens\u00e3o da realidade social e dos processos de avalia\u00e7\u00e3o e tratamento da funcionalidade e sa\u00fade da comunica\u00e7\u00e3o humana em todas as fases da vida.<\/span><\/p>\n<p><span style=\"font-weight: 400;\">O <\/span><b>Curso de Doutorado<\/b><span style=\"font-weight: 400;\"> tem como objetivo desenvolver nos discentes a capacidade de conduzir pesquisas originais e independentes no campo da fonoaudiologia, promovendo a produ\u00e7\u00e3o de conhecimento inovador e significativo para a \u00e1rea.<\/span><\/p>\n","protected":false},"excerpt":{"rendered":"<p>O Programa de P\u00f3s-Gradua\u00e7\u00e3o em Ci\u00eancias Fonoaudiol\u00f3gicas da UFMG (PPGCF\/UFMG) iniciou suas atividades em fevereiro de 2013 com o curso de Mestrado, atraindo estudantes de diversas regi\u00f5es do Brasil. Em 2019, o programa expandiu-se com a implementa\u00e7\u00e3o do Curso de Doutorado. Por meio de seus cursos de mestrado e doutorado, o programa tem por objetivo [&hellip;]<\/p>\n","protected":false},"author":17,"featured_media":0,"parent":0,"menu_order":0,"comment_status":"closed","ping_status":"closed","template":"","meta":{"footnotes":""},"class_list":["post-40","page","type-page","status-publish","hentry"],"_links":{"self":[{"href":"https:\/\/www.medicina.ufmg.br\/cpgfonoaudiologia\/wp-json\/wp\/v2\/pages\/40","targetHints":{"allow":["GET"]}}],"collection":[{"href":"https:\/\/www.medicina.ufmg.br\/cpgfonoaudiologia\/wp-json\/wp\/v2\/pages"}],"about":[{"href":"https:\/\/www.medicina.ufmg.br\/cpgfonoaudiologia\/wp-json\/wp\/v2\/types\/page"}],"author":[{"embeddable":true,"href":"https:\/\/www.medicina.ufmg.br\/cpgfonoaudiologia\/wp-json\/wp\/v2\/users\/17"}],"replies":[{"embeddable":true,"href":"https:\/\/www.medicina.ufmg.br\/cpgfonoaudiologia\/wp-json\/wp\/v2\/comments?post=40"}],"version-history":[{"count":8,"href":"https:\/\/www.medicina.ufmg.br\/cpgfonoaudiologia\/wp-json\/wp\/v2\/pages\/40\/revisions"}],"predecessor-version":[{"id":1064,"href":"https:\/\/www.medicina.ufmg.br\/cpgfonoaudiologia\/wp-json\/wp\/v2\/pages\/40\/revisions\/1064"}],"wp:attachment":[{"href":"https:\/\/www.medicina.ufmg.br\/cpgfonoaudiologia\/wp-json\/wp\/v2\/media?parent=40"}],"curies":[{"name":"wp","href":"https:\/\/api.w.org\/{rel}","templated":true}]}}