
{"id":42,"date":"2016-03-23T13:44:47","date_gmt":"2016-03-23T13:44:47","guid":{"rendered":"https:\/\/www.medicina.ufmg.br\/cpgfonoaudiologia\/?page_id=42"},"modified":"2025-10-13T13:46:12","modified_gmt":"2025-10-13T13:46:12","slug":"processo-seletivo","status":"publish","type":"page","link":"https:\/\/www.medicina.ufmg.br\/cpgfonoaudiologia\/processo-seletivo\/","title":{"rendered":"Processo Seletivo"},"content":{"rendered":"<p><span style=\"font-weight: 400;\">Informa\u00e7\u00f5es referentes a cada edital de Mestrado e Doutorado do Programa de P\u00f3s Gradua\u00e7\u00e3o em Ci\u00eancias Fonoaudiol\u00f3gicas. D\u00favidas frequentes podem ser sanadas abaixo:<\/span><\/p>\n<ul>\n<li style=\"font-weight: 400;\" aria-level=\"1\"><b>Quando?<\/b><\/li>\n<\/ul>\n<p><span style=\"font-weight: 400;\">O processo seletivo do Programa de P\u00f3s-Gradua\u00e7\u00e3o em Ci\u00eancias Fonoaudiol\u00f3gicas \u00e9 realizado, geralmente, ao final do ano letivo, com ingresso dos novos alunos previsto para o primeiro semestre do ano seguinte.<\/span><\/p>\n<p><span style=\"font-weight: 400;\">Havendo vagas remanescentes, um novo processo seletivo poder\u00e1 ser realizado nos meses de maio ou junho, possibilitando o ingresso de novos alunos no segundo semestre letivo.<\/span><\/p>\n<ul>\n<li style=\"font-weight: 400;\" aria-level=\"1\"><b>Quem pode se inscrever?<\/b><\/li>\n<\/ul>\n<p><span style=\"font-weight: 400;\">Profissionais com diploma de gradua\u00e7\u00e3o em cursos da \u00e1rea da sa\u00fade ou \u00e1reas afins est\u00e3o aptos a se candidatar ao processo seletivo.<\/span><\/p>\n<ul>\n<li style=\"font-weight: 400;\" aria-level=\"1\"><b>Quantas vagas ser\u00e3o ofertadas?<\/b><\/li>\n<\/ul>\n<p><span style=\"font-weight: 400;\">O n\u00famero de vagas ser\u00e1 definido em edital publicado at\u00e9 90 dias antes do concurso, especificando as condi\u00e7\u00f5es e os crit\u00e9rios de sele\u00e7\u00e3o.<\/span><\/p>\n<ul>\n<li style=\"font-weight: 400;\" aria-level=\"1\"><b>Qual \u00e9 a exig\u00eancia de profici\u00eancia em l\u00edngua inglesa?<\/b><\/li>\n<\/ul>\n<p><span style=\"font-weight: 400;\">Os candidatos devem comprovar conhecimento da l\u00edngua inglesa, apresentando um dos seguintes certificados (dentro do prazo de validade especificado):<\/span><\/p>\n<ul>\n<li style=\"font-weight: 400;\" aria-level=\"2\"><span style=\"font-weight: 400;\">Cenex\/FALE\/UFMG: Nota m\u00ednima de 60% (validade de 3 anos);<\/span><\/li>\n<li style=\"font-weight: 400;\" aria-level=\"2\"><span style=\"font-weight: 400;\">TOEFL:\u00a0<\/span>\n<ul>\n<li style=\"font-weight: 400;\" aria-level=\"3\"><span style=\"font-weight: 400;\">CBT TOEFL: m\u00ednimo de 213 pontos;<\/span><\/li>\n<li style=\"font-weight: 400;\" aria-level=\"3\"><span style=\"font-weight: 400;\">iBT TOEFL: m\u00ednimo de 79 pontos;<\/span><\/li>\n<li style=\"font-weight: 400;\" aria-level=\"3\"><span style=\"font-weight: 400;\">TOEFL tradicional: m\u00ednimo de 550 pontos;<\/span><\/li>\n<\/ul>\n<\/li>\n<li style=\"font-weight: 400;\" aria-level=\"2\"><span style=\"font-weight: 400;\">TOEIC: M\u00ednimo de 660 pontos;<\/span><\/li>\n<li style=\"font-weight: 400;\" aria-level=\"2\"><span style=\"font-weight: 400;\">IELTS: Nota m\u00ednima de 6 pontos;<\/span><\/li>\n<li style=\"font-weight: 400;\" aria-level=\"2\"><span style=\"font-weight: 400;\">First Certificate in English (Cambridge) ou diplomas de profici\u00eancia das universidades de Michigan ou Cambridge.<\/span><\/li>\n<\/ul>\n<p><b>Certificados aceitos de outras institui\u00e7\u00f5es<\/b><\/p>\n<ul>\n<li style=\"font-weight: 400;\" aria-level=\"2\"><span style=\"font-weight: 400;\">Certificados emitidos por Universidades Federais, como UFSC, UFRN, UFSM, UFRGS, entre outras, tamb\u00e9m s\u00e3o aceitos. A equival\u00eancia de outros certificados podem ser apresentados e ser\u00e3o analisados pelo Colegiado do Programa.<\/span><\/li>\n<\/ul>\n<p><span style=\"font-weight: 400;\">Para mais informa\u00e7\u00f5es, consulte o edital vigente ou entre em <\/span><a href=\"https:\/\/www.medicina.ufmg.br\/cpgfonoaudiologia\/contato\/\"><b>contato<\/b><\/a><span style=\"font-weight: 400;\"> com a secretaria do programa.<\/span><\/p>\n<p><a href=\"https:\/\/www.medicina.ufmg.br\/cpgfonoaudiologia\/processo-seletivo-2026\/\">2026<\/a><\/p>\n<p><a href=\"https:\/\/www.medicina.ufmg.br\/cpgfonoaudiologia\/processo-seletivo-2025\/\">2025<\/a><\/p>\n<p><a href=\"https:\/\/www.medicina.ufmg.br\/cpgfonoaudiologia\/2024-2\/\">2024<\/a><\/p>\n<p><a href=\"https:\/\/www.medicina.ufmg.br\/cpgfonoaudiologia\/processo-seletivo\/2023-2\/\">2023<\/a><\/p>\n<p><a href=\"https:\/\/www.medicina.ufmg.br\/cpgfonoaudiologia\/processo-seletivo-2022\/\">2022<\/a><\/p>\n<p><a href=\"https:\/\/www.medicina.ufmg.br\/cpgfonoaudiologia\/2021-2\/\">2021<\/a><\/p>\n<p><a href=\"https:\/\/www.medicina.ufmg.br\/cpgfonoaudiologia\/2020-2\/\">2020<\/a><\/p>\n<p><a href=\"https:\/\/www.medicina.ufmg.br\/cpgfonoaudiologia\/2019-2\/\">2019<\/a><\/p>\n<p><a href=\"https:\/\/www.medicina.ufmg.br\/cpgfonoaudiologia\/anos-anteriores\/\">Anos anteriores<\/a><\/p>\n<p><a href=\"https:\/\/www.medicina.ufmg.br\/cpgfonoaudiologia\/exame-de-proficiencia-em-lingua-estrangeira\/\">Exame de profici\u00eancia em l\u00edngua estrangeira<\/a><\/p>\n<p><a href=\"http:\/\/www.medicina.ufmg.br\/cpgfonoaudiologia\/wp-content\/uploads\/sites\/49\/2023\/11\/Resultado-PSDE-2024.pdf\">Resultado do processo seletivo PSDE &#8211; 2024<\/a><\/p>\n","protected":false},"excerpt":{"rendered":"<p>Informa\u00e7\u00f5es referentes a cada edital de Mestrado e Doutorado do Programa de P\u00f3s Gradua\u00e7\u00e3o em Ci\u00eancias Fonoaudiol\u00f3gicas. D\u00favidas frequentes podem ser sanadas abaixo: Quando? O processo seletivo do Programa de P\u00f3s-Gradua\u00e7\u00e3o em Ci\u00eancias Fonoaudiol\u00f3gicas \u00e9 realizado, geralmente, ao final do ano letivo, com ingresso dos novos alunos previsto para o primeiro semestre do ano seguinte. [&hellip;]<\/p>\n","protected":false},"author":17,"featured_media":0,"parent":0,"menu_order":0,"comment_status":"closed","ping_status":"closed","template":"","meta":{"footnotes":""},"class_list":["post-42","page","type-page","status-publish","hentry"],"_links":{"self":[{"href":"https:\/\/www.medicina.ufmg.br\/cpgfonoaudiologia\/wp-json\/wp\/v2\/pages\/42","targetHints":{"allow":["GET"]}}],"collection":[{"href":"https:\/\/www.medicina.ufmg.br\/cpgfonoaudiologia\/wp-json\/wp\/v2\/pages"}],"about":[{"href":"https:\/\/www.medicina.ufmg.br\/cpgfonoaudiologia\/wp-json\/wp\/v2\/types\/page"}],"author":[{"embeddable":true,"href":"https:\/\/www.medicina.ufmg.br\/cpgfonoaudiologia\/wp-json\/wp\/v2\/users\/17"}],"replies":[{"embeddable":true,"href":"https:\/\/www.medicina.ufmg.br\/cpgfonoaudiologia\/wp-json\/wp\/v2\/comments?post=42"}],"version-history":[{"count":88,"href":"https:\/\/www.medicina.ufmg.br\/cpgfonoaudiologia\/wp-json\/wp\/v2\/pages\/42\/revisions"}],"predecessor-version":[{"id":1299,"href":"https:\/\/www.medicina.ufmg.br\/cpgfonoaudiologia\/wp-json\/wp\/v2\/pages\/42\/revisions\/1299"}],"wp:attachment":[{"href":"https:\/\/www.medicina.ufmg.br\/cpgfonoaudiologia\/wp-json\/wp\/v2\/media?parent=42"}],"curies":[{"name":"wp","href":"https:\/\/api.w.org\/{rel}","templated":true}]}}