
{"id":46,"date":"2016-03-23T13:52:10","date_gmt":"2016-03-23T13:52:10","guid":{"rendered":"https:\/\/www.medicina.ufmg.br\/cpgfonoaudiologia\/?page_id=46"},"modified":"2025-09-05T14:29:28","modified_gmt":"2025-09-05T14:29:28","slug":"dissertacoes","status":"publish","type":"page","link":"https:\/\/www.medicina.ufmg.br\/cpgfonoaudiologia\/dissertacoes\/","title":{"rendered":"Publica\u00e7\u00f5es"},"content":{"rendered":"<p><a href=\"https:\/\/www.medicina.ufmg.br\/cpgfonoaudiologia\/anais\/\">Anais dos Semin\u00e1rios de Pesquisa em Sa\u00fade Funcional<\/a><\/p>\n<p><a href=\"https:\/\/sucupira-v2.capes.gov.br\/observatorio\/teses-e-dissertacoes?sigla-ies=UFMG&amp;codigo-programa=32001010094P5&amp;nome-sub-tipo-producao=2%7C1&amp;id-programa=205255&amp;search=&amp;size=20&amp;page=0\">Disserta\u00e7\u00f5es e Teses defendidas &#8211; Plataforma Sucupira<\/a><\/p>\n<p><a href=\"https:\/\/repositorio.ufmg.br\/handle\/1843\/3078\">Disserta\u00e7\u00f5es e teses defendidas &#8211; Reposit\u00f3rio UFMG<br \/>\n<\/a><\/p>\n","protected":false},"excerpt":{"rendered":"<p>Anais dos Semin\u00e1rios de Pesquisa em Sa\u00fade Funcional Disserta\u00e7\u00f5es e Teses defendidas &#8211; Plataforma Sucupira Disserta\u00e7\u00f5es e teses defendidas &#8211; Reposit\u00f3rio UFMG<\/p>\n","protected":false},"author":17,"featured_media":0,"parent":0,"menu_order":0,"comment_status":"closed","ping_status":"closed","template":"","meta":{"footnotes":""},"class_list":["post-46","page","type-page","status-publish","hentry"],"_links":{"self":[{"href":"https:\/\/www.medicina.ufmg.br\/cpgfonoaudiologia\/wp-json\/wp\/v2\/pages\/46","targetHints":{"allow":["GET"]}}],"collection":[{"href":"https:\/\/www.medicina.ufmg.br\/cpgfonoaudiologia\/wp-json\/wp\/v2\/pages"}],"about":[{"href":"https:\/\/www.medicina.ufmg.br\/cpgfonoaudiologia\/wp-json\/wp\/v2\/types\/page"}],"author":[{"embeddable":true,"href":"https:\/\/www.medicina.ufmg.br\/cpgfonoaudiologia\/wp-json\/wp\/v2\/users\/17"}],"replies":[{"embeddable":true,"href":"https:\/\/www.medicina.ufmg.br\/cpgfonoaudiologia\/wp-json\/wp\/v2\/comments?post=46"}],"version-history":[{"count":15,"href":"https:\/\/www.medicina.ufmg.br\/cpgfonoaudiologia\/wp-json\/wp\/v2\/pages\/46\/revisions"}],"predecessor-version":[{"id":1277,"href":"https:\/\/www.medicina.ufmg.br\/cpgfonoaudiologia\/wp-json\/wp\/v2\/pages\/46\/revisions\/1277"}],"wp:attachment":[{"href":"https:\/\/www.medicina.ufmg.br\/cpgfonoaudiologia\/wp-json\/wp\/v2\/media?parent=46"}],"curies":[{"name":"wp","href":"https:\/\/api.w.org\/{rel}","templated":true}]}}