
{"id":488,"date":"2021-01-04T19:13:02","date_gmt":"2021-01-04T19:13:02","guid":{"rendered":"https:\/\/www.medicina.ufmg.br\/cpgfonoaudiologia\/?page_id=488"},"modified":"2021-01-04T19:13:03","modified_gmt":"2021-01-04T19:13:03","slug":"2019-2","status":"publish","type":"page","link":"https:\/\/www.medicina.ufmg.br\/cpgfonoaudiologia\/2019-2\/","title":{"rendered":"2019"},"content":{"rendered":"<div class=\"otw-sc-toggle\"><h3 class=\"toggle-trigger widget-title closed\"><strong>Processo seletivo Regular-  Doutorado 2019\/1<\/strong><span class=\"icon\"><\/span><\/h3><div class=\"toggle-content\"><p><\/p><br \/>\n<p><a href=\"https:\/\/www.medicina.ufmg.br\/cpgfonoaudiologia\/wp-content\/uploads\/sites\/49\/2019\/06\/Inexistencia-e-Impedimento.pdf\">Declara\u00e7\u00e3o de Inexist\u00eancia e Impedimento<\/a><br \/><br \/>\n<a href=\"https:\/\/www.medicina.ufmg.br\/cpgfonoaudiologia\/wp-content\/uploads\/sites\/49\/2019\/05\/Situa\u00e7\u00e3o-da-inscri\u00e7\u00e3o.pdf\" target=\"_blank\" rel=\"noopener noreferrer\">Situa\u00e7\u00e3o de inscri\u00e7\u00e3o<\/a><br \/><br \/>\n<a href=\"https:\/\/www.medicina.ufmg.br\/cpgfonoaudiologia\/wp-content\/uploads\/sites\/49\/2019\/04\/Edital-Regular-Doutorado-2019-2-Final.pdf\">Edital de sele\u00e7\u00e3o<\/a><br \/><br \/>\n<a href=\"https:\/\/www.medicina.ufmg.br\/cpgfonoaudiologia\/wp-content\/uploads\/sites\/49\/2019\/04\/Formul\u00e1rio-de-inscri\u00e7\u00e3o-2019-Regular.pdf\">Ficha de inscri\u00e7\u00e3o<\/a><br \/><br \/>\n<a href=\"https:\/\/www.medicina.ufmg.br\/cpgfonoaudiologia\/wp-content\/uploads\/sites\/49\/2019\/04\/FormulariodeAutodeclaracaoEtnicoRacial-2.pdf\">Declara\u00e7\u00e3o \u00e9tnico racial<\/a><br \/><br \/>\n<a href=\"https:\/\/www.medicina.ufmg.br\/cpgfonoaudiologia\/wp-content\/uploads\/sites\/49\/2019\/06\/Resultado-projetos.pdf\" target=\"_blank\" rel=\"noopener noreferrer\">Resultado 1\u00aa etapa<\/a><br \/><br \/>\n<a href=\"https:\/\/www.medicina.ufmg.br\/cpgfonoaudiologia\/wp-content\/uploads\/sites\/49\/2019\/06\/Escala-de-argui\u00e7\u00e3o-1.pdf\" target=\"_blank\" rel=\"noopener noreferrer\">Escala de argui\u00e7\u00e3o\u00a0<\/a><br \/><br \/>\n<a href=\"https:\/\/www.medicina.ufmg.br\/cpgfonoaudiologia\/wp-content\/uploads\/sites\/49\/2019\/07\/Resultado-final.pdf\" target=\"_blank\" rel=\"noopener noreferrer\">Resultado Final<\/a><\/p><br \/>\n<p><\/p><\/div><\/div>\n\n\n<div class=\"otw-sc-toggle\"><h3 class=\"toggle-trigger widget-title closed\"><strong>Processo seletivo Suplementar-  Doutorado 2019\/1<\/strong><span class=\"icon\"><\/span><\/h3><div class=\"toggle-content\"><p><\/p><br \/>\n<p><a href=\"https:\/\/www.medicina.ufmg.br\/cpgfonoaudiologia\/wp-content\/uploads\/sites\/49\/2019\/04\/Edital-Suplementar-Doutorado-2019-2-Final-1.pdf\">Edital de sele\u00e7\u00e3o<\/a><br \/><br \/>\n<a href=\"https:\/\/www.medicina.ufmg.br\/cpgfonoaudiologia\/wp-content\/uploads\/sites\/49\/2019\/04\/Formul\u00e1rio-de-inscri\u00e7\u00e3o-2019-Regular.pdf\">Ficha de inscri\u00e7\u00e3o<\/a><br \/><br \/>\n<a href=\"https:\/\/www.medicina.ufmg.br\/cpgfonoaudiologia\/wp-content\/uploads\/sites\/49\/2019\/04\/Autodeclara\u00e7\u00e3o-Pessoa-com-Defici\u00eancia.pdf\">Auto declara\u00e7\u00e3o de pessoa com defici\u00eancia<\/a><br \/><br \/>\n<a href=\"https:\/\/www.medicina.ufmg.br\/cpgfonoaudiologia\/wp-content\/uploads\/sites\/49\/2019\/04\/Laudo-m\u00e9dico.pdf\">Laudo M\u00e9dico<\/a><br \/><br \/>\n<a href=\"https:\/\/www.medicina.ufmg.br\/cpgfonoaudiologia\/wp-content\/uploads\/sites\/49\/2019\/04\/MODELO-DE-RELAT\u00d3RIO-DO-M\u00c9DICO-ASSISTENTE_Dast.pdf\">Modelo de relat\u00f3rio m\u00e9dico assistente<\/a><br \/><br \/>\n<a href=\"https:\/\/www.medicina.ufmg.br\/cpgfonoaudiologia\/wp-content\/uploads\/sites\/49\/2019\/04\/Solicita\u00e7\u00e3o-de-condi\u00e7\u00f5es-especiais.pdf\">Solicita\u00e7\u00e3o de condi\u00e7\u00f5es especiais<\/a><br \/><br \/>\n<a href=\"https:\/\/www.medicina.ufmg.br\/cpgfonoaudiologia\/wp-content\/uploads\/sites\/49\/2019\/04\/Autoreconhecimento_Ind\u00edgena.pdf\">Autorreconhecimento ind\u00edgena<\/a><br \/><br \/>\n<a href=\"https:\/\/www.medicina.ufmg.br\/cpgfonoaudiologia\/wp-content\/uploads\/sites\/49\/2019\/04\/Declara\u00e7\u00e3o-de-Resid\u00eancia_Ind\u00edgena.pdf\">Declara\u00e7\u00e3o de residencia ind\u00edgena<\/a><br \/><br \/>\n<a href=\"https:\/\/www.medicina.ufmg.br\/cpgfonoaudiologia\/wp-content\/uploads\/sites\/49\/2019\/04\/Declara\u00e7\u00e3o-de-Lideran\u00e7as-Ind\u00edgenas.pdf\">Declara\u00e7\u00e3o de lideran\u00e7a ind\u00edgena<\/a><\/p><br \/>\n<p><\/p><\/div><\/div>\n\n\n<div class=\"otw-sc-toggle\"><h3 class=\"toggle-trigger widget-title closed\"><strong>Edital Mestrado 2019<\/strong><span class=\"icon\"><\/span><\/h3><div class=\"toggle-content\"><p><\/p><br \/>\n<p><a href=\"https:\/\/www.medicina.ufmg.br\/cpgfonoaudiologia\/wp-content\/uploads\/sites\/49\/2018\/12\/Resultado-final-10-12-2018.pdf\" target=\"_blank\" rel=\"noopener noreferrer\">Resultado Final<\/a><\/p><br \/>\n<p><a href=\"https:\/\/www.medicina.ufmg.br\/cpgfonoaudiologia\/wp-content\/uploads\/sites\/49\/2018\/11\/Resultado-1\u00aa-etapa-projetos.pdf\" target=\"_blank\" rel=\"noopener noreferrer\">Resultado da 1\u00aa etapa<\/a> <a href=\"https:\/\/www.medicina.ufmg.br\/cpgfonoaudiologia\/wp-content\/uploads\/sites\/49\/2018\/11\/Escala-de-argui\u00e7\u00e3o.pdf\" target=\"_blank\" rel=\"noopener noreferrer\">Escala de Argui\u00e7\u00e3o\u00a0<\/a><\/p><br \/>\n<p><a href=\"https:\/\/www.medicina.ufmg.br\/cpgfonoaudiologia\/wp-content\/uploads\/sites\/49\/2018\/11\/Declara\u00e7\u00e3o-de-inexist\u00eancia-de-impedimento-ou-suspei\u00e7\u00e3o.pdf\" target=\"_blank\" rel=\"noopener noreferrer\" data-saferedirecturl=\"https:\/\/www.google.com\/url?q=https:\/\/www.medicina.ufmg.br\/cpgfonoaudiologia\/wp-content\/uploads\/sites\/49\/2016\/03\/declaracaodeimpedimento.pdf&amp;source=gmail&amp;ust=1542731358651000&amp;usg=AFQjCNF18elsyLKvKEfWwRbDFxgeFFqEJA\">Declara\u00e7\u00e3o de Impedimento- Banc<\/a><a href=\"https:\/\/www.medicina.ufmg.br\/cpgfonoaudiologia\/wp-content\/uploads\/sites\/49\/2018\/11\/Declara\u00e7\u00e3o-de-inexist\u00eancia-de-impedimento-ou-suspei\u00e7\u00e3o.pdf\" target=\"_blank\" rel=\"noopener noreferrer\" data-saferedirecturl=\"https:\/\/www.google.com\/url?q=https:\/\/www.medicina.ufmg.br\/cpgfonoaudiologia\/wp-content\/uploads\/sites\/49\/2016\/03\/declaracaodeimpedimento.pdf&amp;source=gmail&amp;ust=1542731358651000&amp;usg=AFQjCNF18elsyLKvKEfWwRbDFxgeFFqEJA\">a de sele\u00e7\u00e3o 2019<\/a><\/p><br \/>\n<p><a href=\"https:\/\/www.medicina.ufmg.br\/cpgfonoaudiologia\/wp-content\/uploads\/sites\/49\/2018\/11\/Situa\u00e7\u00e3o-da-inscri\u00e7\u00e3o-12-11-2018.pdf\" target=\"_blank\" rel=\"noopener noreferrer\">Situa\u00e7\u00e3o da inscri\u00e7\u00e3o<\/a><\/p><br \/>\n<p><a href=\"http:\/\/ftp.medicina.ufmg.br\/cpg\/programas\/patologia\/Edital%20Regular%202018.pdf\">Edital regular<\/a><\/p><br \/>\n<p><a href=\"https:\/\/www.medicina.ufmg.br\/cpgfonoaudiologia\/wp-content\/uploads\/sites\/49\/2018\/11\/FormulariodeAutodeclaracaoEtnicoRacial-4.pdf\" target=\"_blank\" rel=\"noopener noreferrer\">Auto declara\u00e7\u00e3o \u00e9tnico-racial<\/a><\/p><br \/>\n<p><a href=\"https:\/\/www.medicina.ufmg.br\/cpgfonoaudiologia\/wp-content\/uploads\/sites\/49\/2018\/11\/Formul\u00e1rio-de-inscri\u00e7\u00e3o-2019-Regular-1.pdf\" target=\"_blank\" rel=\"noopener noreferrer\">Formul\u00e1rio de Inscri\u00e7\u00e3o<\/a><\/p><br \/>\n<p><a href=\"https:\/\/www.medicina.ufmg.br\/cpgfonoaudiologia\/wp-content\/uploads\/sites\/49\/2018\/11\/Formul\u00e1rio-de-inscri\u00e7\u00e3o-2019-Suplementar.pdf\" target=\"_blank\" rel=\"noopener noreferrer\">Edital Suplementar<\/a><\/p><br \/>\n<p><a href=\"http:\/\/ftp.medicina.ufmg.br\/cpg\/programas\/patologia\/Formulario%20deinscricao2018-Suplementar.xls\">Formul\u00e1rio de Inscri\u00e7\u00e3o<\/a><\/p><br \/>\n<p><a href=\"http:\/\/ftp.medicina.ufmg.br\/cpg\/programas\/patologia\/Autodeclaracao%20Pessoa%20com%20Deficiencia.pdf\">Formul\u00e1rio de autodeclara\u00e7\u00e3o de Pessoa com Defici\u00eancia<\/a><\/p><br \/>\n<p><a href=\"http:\/\/ftp.medicina.ufmg.br\/cpg\/programas\/patologia\/Solicitacaode%20condicoes%20especiais.pdf\">Formul\u00e1rio de Solicita\u00e7\u00e3o de Condi\u00e7\u00f5es Especiais para Realiza\u00e7\u00e3o de Prova<\/a><\/p><br \/>\n<p><a href=\"http:\/\/ftp.medicina.ufmg.br\/cpg\/programas\/patologia\/Laudo%20medico.pdf\">Formul\u00e1rio de Laudo M\u00e9dico<\/a><\/p><br \/>\n<p><a href=\"http:\/\/ftp.medicina.ufmg.br\/cpg\/programas\/patologia\/Autoreconhecimento_Indigena.pdf\">Formul\u00e1rio de Autoreconhecimento Ind\u00edgena<\/a><\/p><br \/>\n<p><a href=\"http:\/\/ftp.medicina.ufmg.br\/cpg\/programas\/patologia\/Declaracao%20de%20Liderancas%20Indigenas.pdf\">Formul\u00e1rio de Declara\u00e7\u00e3o de Lideran\u00e7as Ind\u00edgenas<\/a><\/p><br \/>\n<p><a href=\"http:\/\/ftp.medicina.ufmg.br\/cpg\/programas\/patologia\/Declaracao%20de%20Residencia_Indigena.pdf\">Formul\u00e1rio de Declara\u00e7\u00e3o de Resid\u00eancia Ind\u00edgena<\/a><\/p><br \/>\n<p><\/p><\/div><\/div>\n","protected":false},"excerpt":{"rendered":"","protected":false},"author":17,"featured_media":0,"parent":0,"menu_order":0,"comment_status":"closed","ping_status":"closed","template":"","meta":{"footnotes":""},"class_list":["post-488","page","type-page","status-publish","hentry"],"_links":{"self":[{"href":"https:\/\/www.medicina.ufmg.br\/cpgfonoaudiologia\/wp-json\/wp\/v2\/pages\/488","targetHints":{"allow":["GET"]}}],"collection":[{"href":"https:\/\/www.medicina.ufmg.br\/cpgfonoaudiologia\/wp-json\/wp\/v2\/pages"}],"about":[{"href":"https:\/\/www.medicina.ufmg.br\/cpgfonoaudiologia\/wp-json\/wp\/v2\/types\/page"}],"author":[{"embeddable":true,"href":"https:\/\/www.medicina.ufmg.br\/cpgfonoaudiologia\/wp-json\/wp\/v2\/users\/17"}],"replies":[{"embeddable":true,"href":"https:\/\/www.medicina.ufmg.br\/cpgfonoaudiologia\/wp-json\/wp\/v2\/comments?post=488"}],"version-history":[{"count":1,"href":"https:\/\/www.medicina.ufmg.br\/cpgfonoaudiologia\/wp-json\/wp\/v2\/pages\/488\/revisions"}],"predecessor-version":[{"id":496,"href":"https:\/\/www.medicina.ufmg.br\/cpgfonoaudiologia\/wp-json\/wp\/v2\/pages\/488\/revisions\/496"}],"wp:attachment":[{"href":"https:\/\/www.medicina.ufmg.br\/cpgfonoaudiologia\/wp-json\/wp\/v2\/media?parent=488"}],"curies":[{"name":"wp","href":"https:\/\/api.w.org\/{rel}","templated":true}]}}