
{"id":494,"date":"2021-01-04T19:13:57","date_gmt":"2021-01-04T19:13:57","guid":{"rendered":"https:\/\/www.medicina.ufmg.br\/cpgfonoaudiologia\/?page_id=494"},"modified":"2021-09-09T17:32:55","modified_gmt":"2021-09-09T17:32:55","slug":"2021-2","status":"publish","type":"page","link":"https:\/\/www.medicina.ufmg.br\/cpgfonoaudiologia\/2021-2\/","title":{"rendered":"Processo Seletivo 2021"},"content":{"rendered":"<div class=\"otw-sc-toggle\"><h3 class=\"toggle-trigger widget-title closed\">Processo seletivo - Regular- Doutorado e Mestrado-2021 <span class=\"icon\"><\/span><\/h3><div class=\"toggle-content\"><p><\/p><br \/>\n<div><a href=\"http:\/\/www.medicina.ufmg.br\/cpgfonoaudiologia\/wp-content\/uploads\/sites\/49\/2021\/09\/Resultado-final-Doutorado-CPG-FONO.pdf\">Resultado Final &#8211; Doutorado Fluxo Continuo<\/a><\/p><br \/>\n<p><a href=\"http:\/\/www.medicina.ufmg.br\/cpgfonoaudiologia\/wp-content\/uploads\/sites\/49\/2021\/08\/Resultado-1aetapa-Projetos.pdf\">Resultado 1\u00aa etapa &#8211; Fluxo Cont\u00ednuo<\/a><\/div><br \/>\n<div><a href=\"http:\/\/www.medicina.ufmg.br\/cpgfonoaudiologia\/wp-content\/uploads\/sites\/49\/2021\/08\/Escala-de-Arguicao.pdf\">Escala de Argui\u00e7\u00e3o &#8211; Fluxo Cont\u00ednuo<\/a><a href=\"http:\/\/www.medicina.ufmg.br\/cpgfonoaudiologia\/wp-content\/uploads\/sites\/49\/2021\/08\/Situacao-da-inscricao-CPG-Fono.pdf\">Situa\u00e7\u00e3o da Inscri\u00e7\u00e3o DOUTORADO<\/a><br \/><br \/>\n<a href=\"http:\/\/www.medicina.ufmg.br\/cpgfonoaudiologia\/wp-content\/uploads\/sites\/49\/2021\/08\/Retificacao-Edital-01-2021.pdf\">Retifica\u00e7\u00e3o Edital 01\/2021<\/a><\/p><br \/>\n<\/div><br \/>\n<p><a href=\"http:\/\/ftp.medicina.ufmg.br\/cpg\/programas\/fonoaudiologia\/arquivos\/2021\/Edital%20Regular.pdf\">1- Edital de sele\u00e7\u00e3o Regular- Mestrado e Doutorado<\/a><br \/><br \/>\n<a href=\"http:\/\/ftp.medicina.ufmg.br\/cpg\/programas\/fonoaudiologia\/arquivos\/2021\/Formul%c3%a1rio%20de%20inscri%c3%a7%c3%a3o%20regular-%20M%20e%20D.xls\">2- Formul\u00e1rio de inscri\u00e7\u00e3o Regular- Mestrado e Doutorado<\/a><br \/><br \/>\n<a href=\"http:\/\/ftp.medicina.ufmg.br\/cpg\/programas\/fonoaudiologia\/arquivos\/2021\/FormulariodeAutodeclaracaoEtnicoRacial-2.pdf\">3- Autodeclara\u00e7\u00e3o \u00e9tnico racial<\/a><br \/><br \/>\n<a href=\"https:\/\/www.medicina.ufmg.br\/cpgfonoaudiologia\/wp-content\/uploads\/sites\/49\/2021\/02\/Situa\u00e7\u00e3o-da-inscri\u00e7\u00e3o-Mestrado-1.pdf\">4- Situa\u00e7\u00e3o da inscri\u00e7\u00e3o- Mestrado<\/a><br \/><br \/>\n<a href=\"https:\/\/www.medicina.ufmg.br\/cpgfonoaudiologia\/wp-content\/uploads\/sites\/49\/2021\/02\/Situa\u00e7\u00e3o-da-inscri\u00e7\u00e3o-Doutorado-1.pdf\">5- Situa\u00e7\u00e3o da inscri\u00e7\u00e3o- Doutorado<\/a><br \/><br \/>\n<a href=\"https:\/\/www.medicina.ufmg.br\/cpgfonoaudiologia\/wp-content\/uploads\/sites\/49\/2021\/02\/Declara\u00e7\u00e3o-de-inexistencia-e-impedimento-Mestrado-25-02-2021.pdf\" target=\"_blank\" rel=\"noopener noreferrer\">6- Declara\u00e7\u00e3o de inexist\u00eancia e impedimento- Mestrado<\/a><br \/><br \/>\n<a href=\"https:\/\/www.medicina.ufmg.br\/cpgfonoaudiologia\/wp-content\/uploads\/sites\/49\/2021\/02\/Declara\u00e7\u00e3o-de-inexistencia-e-impedimento-Doutorado-25-02-2021.pdf\" target=\"_blank\" rel=\"noopener noreferrer\">7- Declara\u00e7\u00e3o de inexist\u00eancia e impedimento- Doutorado<\/a><br \/><br \/>\n<a href=\"https:\/\/www.medicina.ufmg.br\/cpgfonoaudiologia\/wp-content\/uploads\/sites\/49\/2021\/03\/Resultado-primeira-etapa-Mestrado-05-03-2021.pdf\" target=\"_blank\" rel=\"noopener noreferrer\">8- Resultado 1\u00aa etapa- Mestrado<\/a><br \/><br \/>\n<a href=\"https:\/\/www.medicina.ufmg.br\/cpgfonoaudiologia\/wp-content\/uploads\/sites\/49\/2021\/03\/Resultado-primeira-etapa-Doutorado-05-03-2021.pdf\" target=\"_blank\" rel=\"noopener noreferrer\">9- Resultado 1\u00aa etapa- Doutorado<\/a><br \/><br \/>\n<a href=\"https:\/\/www.medicina.ufmg.br\/cpgfonoaudiologia\/wp-content\/uploads\/sites\/49\/2021\/03\/Escala-de-argui\u00e7\u00e3o-Mestrado-05-03-2021.pdf\" target=\"_blank\" rel=\"noopener noreferrer\">10- Escala de argui\u00e7\u00e3o- Mestrado<\/a><br \/><br \/>\n<a href=\"https:\/\/www.medicina.ufmg.br\/cpgfonoaudiologia\/wp-content\/uploads\/sites\/49\/2021\/03\/Escala-de-argui\u00e7\u00e3o-Doutorado-05-03-2021.pdf\" target=\"_blank\" rel=\"noopener noreferrer\">11- Escala de argui\u00e7\u00e3o- Doutorado<\/a><br \/><br \/>\n<a href=\"https:\/\/www.medicina.ufmg.br\/cpgfonoaudiologia\/wp-content\/uploads\/sites\/49\/2021\/03\/Escala-de-teste-de-conex\u00e3o-Mestrado-05-03-2021.pdf\" target=\"_blank\" rel=\"noopener noreferrer\">12- Escala de teste de conex\u00e3o- Mestrado<\/a><br \/><br \/>\n<a href=\"https:\/\/www.medicina.ufmg.br\/cpgfonoaudiologia\/wp-content\/uploads\/sites\/49\/2021\/03\/Escala-de-teste-de-conex\u00e3o-Doutorado-05-03-2021.pdf\" target=\"_blank\" rel=\"noopener noreferrer\">13- Escala de teste de conex\u00e3o- Doutorado<\/a><br \/><br \/>\n<a href=\"https:\/\/www.medicina.ufmg.br\/cpgfonoaudiologia\/wp-content\/uploads\/sites\/49\/2021\/03\/Resultado-final-Mestrado-AC.pdf\">14- Resultado final- Mestrado- Ampla concorr\u00eancia<\/a><br \/><br \/>\n<a href=\"https:\/\/www.medicina.ufmg.br\/cpgfonoaudiologia\/wp-content\/uploads\/sites\/49\/2021\/03\/Resultado-final-Mestrado-Reserva.pdf\">15 &#8211; Resultado final- Mestrado- Reserva para autodeclarados negros<\/a><br \/><br \/>\n<a href=\"https:\/\/www.medicina.ufmg.br\/cpgfonoaudiologia\/wp-content\/uploads\/sites\/49\/2021\/03\/Resultado-final-Doutorado.pdf\">16 &#8211; Resultado final- Doutorado<\/a><br \/><br \/>\n<a href=\"https:\/\/www.medicina.ufmg.br\/cpgfonoaudiologia\/wp-content\/uploads\/sites\/49\/2021\/06\/Cronograma-do-processo-seletivo.pdf\">17 &#8211; \u00a0Cronograma- Processo Seletivo Doutorado- Fluxo Cont\u00ednuo<\/a><br \/><br \/>\n<a href=\"http:\/\/www.medicina.ufmg.br\/cpgfonoaudiologia\/wp-content\/uploads\/sites\/49\/2021\/08\/SEI_UFMG-0905576-Declaracao.pdf\">18 -Declara\u00e7\u00e3o de Inexist\u00eancia e Impedimento.\u00a0<\/a><\/p><br \/>\n<p><\/p><\/div><\/div>\n<div class=\"otw-sc-toggle\"><h3 class=\"toggle-trigger widget-title closed\">Processo seletivo- Suplementar - Doutorado e Mestrado-2021 <span class=\"icon\"><\/span><\/h3><div class=\"toggle-content\"><p><\/p><br \/>\n<p><a href=\"http:\/\/www.medicina.ufmg.br\/cpgfonoaudiologia\/wp-content\/uploads\/sites\/49\/2021\/08\/Retificacao-Edital-01-2021.pdf\">Retifica\u00e7\u00e3o Edital 01\/2021<\/a><\/p><br \/>\n<p><a href=\"http:\/\/ftp.medicina.ufmg.br\/cpg\/programas\/fonoaudiologia\/arquivos\/2021\/Edital%20suplementar.pdf\">1- Edital de sele\u00e7\u00e3o suplementar- Mestrado e doutorado-2021 <\/a><br \/><br \/>\n<a href=\"http:\/\/ftp.medicina.ufmg.br\/cpg\/programas\/fonoaudiologia\/arquivos\/2021\/Formul%c3%a1rio%20de%20inscri%c3%a7%c3%a3o%20suplementar-%20M%20e%20D.xls\">2- Formul\u00e1rio de inscri\u00e7\u00e3o Suplementar- Mestrado e Doutorado<\/a><br \/><br \/>\n<a href=\"http:\/\/ftp.medicina.ufmg.br\/cpg\/programas\/fonoaudiologia\/arquivos\/2021\/AUTODECLARA%c3%87%c3%83O%20DE%20PESSOA%20COM%20DEFICI%c3%8aNCIA_Dast.docx\">3- Autodeclara\u00e7\u00e3o de pessoa com defici\u00eancia<\/a><br \/><br \/>\n<a href=\"http:\/\/ftp.medicina.ufmg.br\/cpg\/programas\/fonoaudiologia\/arquivos\/2021\/MODELO%20DE%20RELAT%c3%93RIO%20DO%20M%c3%89DICO%20ASSISTENTE_Dast.docx\">4- Relat\u00f3rio M\u00e9dico assistente<\/a><br \/><br \/>\n<a href=\"http:\/\/ftp.medicina.ufmg.br\/cpg\/programas\/fonoaudiologia\/arquivos\/2021\/Solicita%c3%a7%c3%a3o%20de%20condi%c3%a7%c3%b5es%20especiais.pdf\">5- Solicita\u00e7\u00e3o de condi\u00e7\u00f5es especiais<\/a><br \/><br \/>\n<a href=\"http:\/\/ftp.medicina.ufmg.br\/cpg\/programas\/fonoaudiologia\/arquivos\/2021\/Autoreconhecimento_Ind%c3%adgena.pdf\">6- Autorreconhecimento ind\u00edgena<\/a><br \/><br \/>\n<a href=\"http:\/\/ftp.medicina.ufmg.br\/cpg\/programas\/fonoaudiologia\/arquivos\/2021\/Declara%c3%a7%c3%a3o%20de%20Lideran%c3%a7as%20Ind%c3%adgenas.pdf\">7- Declara\u00e7\u00e3o de lideran\u00e7a ind\u00edgena<\/a><br \/><br \/>\n<a href=\"http:\/\/ftp.medicina.ufmg.br\/cpg\/programas\/fonoaudiologia\/arquivos\/2021\/Declara%c3%a7%c3%a3o%20de%20Resid%c3%aancia_Ind%c3%adgena.pdf\">8- Declara\u00e7\u00e3o de resid\u00eancia ind\u00edgena<\/a><\/p><br \/>\n<p><\/p><\/div><\/div>\n","protected":false},"excerpt":{"rendered":"","protected":false},"author":17,"featured_media":0,"parent":0,"menu_order":0,"comment_status":"closed","ping_status":"closed","template":"","meta":{"footnotes":""},"class_list":["post-494","page","type-page","status-publish","hentry"],"_links":{"self":[{"href":"https:\/\/www.medicina.ufmg.br\/cpgfonoaudiologia\/wp-json\/wp\/v2\/pages\/494","targetHints":{"allow":["GET"]}}],"collection":[{"href":"https:\/\/www.medicina.ufmg.br\/cpgfonoaudiologia\/wp-json\/wp\/v2\/pages"}],"about":[{"href":"https:\/\/www.medicina.ufmg.br\/cpgfonoaudiologia\/wp-json\/wp\/v2\/types\/page"}],"author":[{"embeddable":true,"href":"https:\/\/www.medicina.ufmg.br\/cpgfonoaudiologia\/wp-json\/wp\/v2\/users\/17"}],"replies":[{"embeddable":true,"href":"https:\/\/www.medicina.ufmg.br\/cpgfonoaudiologia\/wp-json\/wp\/v2\/comments?post=494"}],"version-history":[{"count":14,"href":"https:\/\/www.medicina.ufmg.br\/cpgfonoaudiologia\/wp-json\/wp\/v2\/pages\/494\/revisions"}],"predecessor-version":[{"id":589,"href":"https:\/\/www.medicina.ufmg.br\/cpgfonoaudiologia\/wp-json\/wp\/v2\/pages\/494\/revisions\/589"}],"wp:attachment":[{"href":"https:\/\/www.medicina.ufmg.br\/cpgfonoaudiologia\/wp-json\/wp\/v2\/media?parent=494"}],"curies":[{"name":"wp","href":"https:\/\/api.w.org\/{rel}","templated":true}]}}