
{"id":50,"date":"2016-03-23T14:13:59","date_gmt":"2016-03-23T14:13:59","guid":{"rendered":"https:\/\/www.medicina.ufmg.br\/cpgfonoaudiologia\/?page_id=50"},"modified":"2026-03-23T18:19:03","modified_gmt":"2026-03-23T18:19:03","slug":"colegiado","status":"publish","type":"page","link":"https:\/\/www.medicina.ufmg.br\/cpgfonoaudiologia\/colegiado\/","title":{"rendered":"Colegiado"},"content":{"rendered":"\n<p><strong>Representa\u00e7\u00e3o Docente<\/strong><\/p>\n\n\n\n<p><strong>Coordena\u00e7\u00e3o<\/strong><br>Prof.\u00aa Dr.\u00aa&nbsp;Adriane Mesquita de Medeiros(&nbsp;T)<\/p>\n\n\n\n<p><strong>Subcoordena\u00e7\u00e3o<\/strong><br>Prof.\u00aa Dr.\u00aa&nbsp;Renata Maria Moreira Moraes Furlan&nbsp;(T)<\/p>\n\n\n\n<p>Prof.\u00aa Dr.\u00aa Ludimila Labanca (T)<br>Prof.\u00aa Dr.\u00aa Aline Mansueto Mour\u00e3o (S)<br>Prof.\u00aa Dr.\u00aa Am\u00e9lia Augusta de Lima Friche (T)<br>Prof.\u00aa Dr.\u00aa Denise Brand\u00e3o de Oliveira e Britto (S)<br>Prof.\u00aa Dr.\u00aa Let\u00edcia Caldas Teixeira (T)<br>Prof.\u00aa Dr.\u00aa Tha\u00eds Helena Machado (S)<\/p>\n\n\n\n<p><strong>Representa\u00e7\u00e3o Discente<\/strong><\/p>\n\n\n\n<p>Mariane Gomes Machado (T)<br>Juliana Preisser de Godoy e Silva (S)<\/p>\n\n\n\n<p><em>T: Membro Titular | S: Membro Suplente<\/em><\/p>\n\n\n\n<p><strong>Secretaria \u2013 PPGCF\/UFMG<\/strong><br>Thiago Campolina Diniz<\/p>\n","protected":false},"excerpt":{"rendered":"<p>Representa\u00e7\u00e3o Docente Coordena\u00e7\u00e3oProf.\u00aa Dr.\u00aa&nbsp;Adriane Mesquita de Medeiros(&nbsp;T) Subcoordena\u00e7\u00e3oProf.\u00aa Dr.\u00aa&nbsp;Renata Maria Moreira Moraes Furlan&nbsp;(T) Prof.\u00aa Dr.\u00aa Ludimila Labanca (T)Prof.\u00aa Dr.\u00aa Aline Mansueto Mour\u00e3o (S)Prof.\u00aa Dr.\u00aa Am\u00e9lia Augusta de Lima Friche (T)Prof.\u00aa Dr.\u00aa Denise Brand\u00e3o de Oliveira e Britto (S)Prof.\u00aa Dr.\u00aa Let\u00edcia Caldas Teixeira (T)Prof.\u00aa Dr.\u00aa Tha\u00eds Helena Machado (S) Representa\u00e7\u00e3o Discente Mariane Gomes Machado (T)Juliana Preisser [&hellip;]<\/p>\n","protected":false},"author":17,"featured_media":0,"parent":0,"menu_order":0,"comment_status":"closed","ping_status":"closed","template":"","meta":{"footnotes":""},"class_list":["post-50","page","type-page","status-publish","hentry"],"_links":{"self":[{"href":"https:\/\/www.medicina.ufmg.br\/cpgfonoaudiologia\/wp-json\/wp\/v2\/pages\/50","targetHints":{"allow":["GET"]}}],"collection":[{"href":"https:\/\/www.medicina.ufmg.br\/cpgfonoaudiologia\/wp-json\/wp\/v2\/pages"}],"about":[{"href":"https:\/\/www.medicina.ufmg.br\/cpgfonoaudiologia\/wp-json\/wp\/v2\/types\/page"}],"author":[{"embeddable":true,"href":"https:\/\/www.medicina.ufmg.br\/cpgfonoaudiologia\/wp-json\/wp\/v2\/users\/17"}],"replies":[{"embeddable":true,"href":"https:\/\/www.medicina.ufmg.br\/cpgfonoaudiologia\/wp-json\/wp\/v2\/comments?post=50"}],"version-history":[{"count":21,"href":"https:\/\/www.medicina.ufmg.br\/cpgfonoaudiologia\/wp-json\/wp\/v2\/pages\/50\/revisions"}],"predecessor-version":[{"id":1367,"href":"https:\/\/www.medicina.ufmg.br\/cpgfonoaudiologia\/wp-json\/wp\/v2\/pages\/50\/revisions\/1367"}],"wp:attachment":[{"href":"https:\/\/www.medicina.ufmg.br\/cpgfonoaudiologia\/wp-json\/wp\/v2\/media?parent=50"}],"curies":[{"name":"wp","href":"https:\/\/api.w.org\/{rel}","templated":true}]}}