
{"id":66,"date":"2016-03-23T15:18:05","date_gmt":"2016-03-23T15:18:05","guid":{"rendered":"https:\/\/www.medicina.ufmg.br\/cpgfonoaudiologia\/?page_id=66"},"modified":"2026-04-15T13:11:05","modified_gmt":"2026-04-15T13:11:05","slug":"contato","status":"publish","type":"page","link":"https:\/\/www.medicina.ufmg.br\/cpgfonoaudiologia\/contato\/","title":{"rendered":"Contato"},"content":{"rendered":"<p><span style=\"font-weight: 400;\">Tel.: (31) 3409-9641 \/ (31) 3409-9640<\/span><\/p>\n<p><span style=\"font-weight: 400;\">E-mail: <\/span><span style=\"font-weight: 400;\">pgfono@medicina.ufmg.br<\/span><\/p>\n<p><b>Hor\u00e1rio de atendimento presencial da Secretaria<\/b><\/p>\n<p><span style=\"font-weight: 400;\">das 8h \u00e0s 12h e 14h \u00e0s 16h, de segunda a sexta-feira<\/span><\/p>\n<p><b>Endere\u00e7o<\/b><\/p>\n<p><span style=\"font-weight: 400;\">Av. Prof. Alfredo Balena, 190 \u2013 sala 533 \/ Belo Horizonte \u2013 MG<\/span><\/p>\n","protected":false},"excerpt":{"rendered":"<p>Tel.: (31) 3409-9641 \/ (31) 3409-9640 E-mail: pgfono@medicina.ufmg.br Hor\u00e1rio de atendimento presencial da Secretaria das 8h \u00e0s 12h e 14h \u00e0s 16h, de segunda a sexta-feira Endere\u00e7o Av. Prof. Alfredo Balena, 190 \u2013 sala 533 \/ Belo Horizonte \u2013 MG<\/p>\n","protected":false},"author":17,"featured_media":0,"parent":0,"menu_order":0,"comment_status":"closed","ping_status":"closed","template":"","meta":{"footnotes":""},"class_list":["post-66","page","type-page","status-publish","hentry"],"_links":{"self":[{"href":"https:\/\/www.medicina.ufmg.br\/cpgfonoaudiologia\/wp-json\/wp\/v2\/pages\/66","targetHints":{"allow":["GET"]}}],"collection":[{"href":"https:\/\/www.medicina.ufmg.br\/cpgfonoaudiologia\/wp-json\/wp\/v2\/pages"}],"about":[{"href":"https:\/\/www.medicina.ufmg.br\/cpgfonoaudiologia\/wp-json\/wp\/v2\/types\/page"}],"author":[{"embeddable":true,"href":"https:\/\/www.medicina.ufmg.br\/cpgfonoaudiologia\/wp-json\/wp\/v2\/users\/17"}],"replies":[{"embeddable":true,"href":"https:\/\/www.medicina.ufmg.br\/cpgfonoaudiologia\/wp-json\/wp\/v2\/comments?post=66"}],"version-history":[{"count":7,"href":"https:\/\/www.medicina.ufmg.br\/cpgfonoaudiologia\/wp-json\/wp\/v2\/pages\/66\/revisions"}],"predecessor-version":[{"id":1382,"href":"https:\/\/www.medicina.ufmg.br\/cpgfonoaudiologia\/wp-json\/wp\/v2\/pages\/66\/revisions\/1382"}],"wp:attachment":[{"href":"https:\/\/www.medicina.ufmg.br\/cpgfonoaudiologia\/wp-json\/wp\/v2\/media?parent=66"}],"curies":[{"name":"wp","href":"https:\/\/api.w.org\/{rel}","templated":true}]}}