
{"id":715,"date":"2023-11-03T12:34:08","date_gmt":"2023-11-03T12:34:08","guid":{"rendered":"https:\/\/www.medicina.ufmg.br\/cpgfonoaudiologia\/?page_id=715"},"modified":"2024-10-22T17:55:21","modified_gmt":"2024-10-22T17:55:21","slug":"2024-2","status":"publish","type":"page","link":"https:\/\/www.medicina.ufmg.br\/cpgfonoaudiologia\/2024-2\/","title":{"rendered":"Processo Seletivo 2024"},"content":{"rendered":"\t\t<div data-elementor-type=\"wp-page\" data-elementor-id=\"715\" class=\"elementor elementor-715\">\n\t\t\t\t\t\t<section class=\"elementor-section elementor-top-section elementor-element elementor-element-ddbb880 elementor-section-boxed elementor-section-height-default elementor-section-height-default\" data-id=\"ddbb880\" data-element_type=\"section\">\n\t\t\t\t\t\t<div class=\"elementor-container elementor-column-gap-default\">\n\t\t\t\t\t<div class=\"elementor-column elementor-col-100 elementor-top-column elementor-element elementor-element-96cbeb2\" data-id=\"96cbeb2\" data-element_type=\"column\">\n\t\t\t<div class=\"elementor-widget-wrap elementor-element-populated\">\n\t\t\t\t\t\t<div class=\"elementor-element elementor-element-d0b059e elementor-widget elementor-widget-toggle\" data-id=\"d0b059e\" data-element_type=\"widget\" data-widget_type=\"toggle.default\">\n\t\t\t\t<div class=\"elementor-widget-container\">\n\t\t\t\t\t\t\t<div class=\"elementor-toggle\">\n\t\t\t\t\t\t\t<div class=\"elementor-toggle-item\">\n\t\t\t\t\t<div id=\"elementor-tab-title-2181\" class=\"elementor-tab-title\" data-tab=\"1\" role=\"button\" aria-controls=\"elementor-tab-content-2181\" aria-expanded=\"false\">\n\t\t\t\t\t\t\t\t\t\t\t\t<span class=\"elementor-toggle-icon elementor-toggle-icon-left\" aria-hidden=\"true\">\n\t\t\t\t\t\t\t\t\t\t\t\t\t\t\t<span class=\"elementor-toggle-icon-closed\"><i class=\"fas fa-caret-right\"><\/i><\/span>\n\t\t\t\t\t\t\t\t<span class=\"elementor-toggle-icon-opened\"><i class=\"elementor-toggle-icon-opened fas fa-caret-up\"><\/i><\/span>\n\t\t\t\t\t\t\t\t\t\t\t\t\t<\/span>\n\t\t\t\t\t\t\t\t\t\t\t\t<a class=\"elementor-toggle-title\" tabindex=\"0\">Programa de Apoio a Doutorandas(os) (PADO) e Programa de Apoio a Mestrandas(os) (PAME)<\/a>\n\t\t\t\t\t<\/div>\n\n\t\t\t\t\t<div id=\"elementor-tab-content-2181\" class=\"elementor-tab-content elementor-clearfix\" data-tab=\"1\" role=\"region\" aria-labelledby=\"elementor-tab-title-2181\"><div id=\"m_-7290449674060874717elementor-tab-title-1954\" role=\"button\" aria-controls=\"elementor-tab-content-1954\" aria-expanded=\"true\" aria-selected=\"true\"><b>Chamadas<\/b><\/div><div id=\"m_-7290449674060874717elementor-tab-content-1954\" role=\"region\" aria-labelledby=\"elementor-tab-title-1954\"><div><a href=\"http:\/\/www.medicina.ufmg.br\/cpgfonoaudiologia\/wp-content\/uploads\/sites\/49\/2024\/10\/Chamada_PRPG_02-2024_PAME_final-1.pdf\"><strong>1 \u2013 Chamada PRPG PAME<\/strong><\/a><\/div><div><a href=\"http:\/\/www.medicina.ufmg.br\/cpgfonoaudiologia\/wp-content\/uploads\/sites\/49\/2024\/10\/Chamada_PRPG_01-2024_PADO_final-1.pdf\"><strong>2 \u2013 Chamada PRPG PADO<\/strong><\/a><\/div><div><strong>\u00a0<\/strong><\/div><div><a href=\"http:\/\/www.medicina.ufmg.br\/cpgfonoaudiologia\/wp-content\/uploads\/sites\/49\/2024\/10\/Resultado-Final-PAME-E-PADO-2024-2.pdf\"><b>Resultado &#8211; EDITAL PAME e PADO &#8211; 2024\/2<\/b><\/a><\/div><\/div><\/div>\n\t\t\t\t<\/div>\n\t\t\t\t\t\t\t<div class=\"elementor-toggle-item\">\n\t\t\t\t\t<div id=\"elementor-tab-title-2182\" class=\"elementor-tab-title\" data-tab=\"2\" role=\"button\" aria-controls=\"elementor-tab-content-2182\" aria-expanded=\"false\">\n\t\t\t\t\t\t\t\t\t\t\t\t<span class=\"elementor-toggle-icon elementor-toggle-icon-left\" aria-hidden=\"true\">\n\t\t\t\t\t\t\t\t\t\t\t\t\t\t\t<span class=\"elementor-toggle-icon-closed\"><i class=\"fas fa-caret-right\"><\/i><\/span>\n\t\t\t\t\t\t\t\t<span class=\"elementor-toggle-icon-opened\"><i class=\"elementor-toggle-icon-opened fas fa-caret-up\"><\/i><\/span>\n\t\t\t\t\t\t\t\t\t\t\t\t\t<\/span>\n\t\t\t\t\t\t\t\t\t\t\t\t<a class=\"elementor-toggle-title\" tabindex=\"0\">Processo seletivo regular - Mestrado e Doutorado<\/a>\n\t\t\t\t\t<\/div>\n\n\t\t\t\t\t<div id=\"elementor-tab-content-2182\" class=\"elementor-tab-content elementor-clearfix\" data-tab=\"2\" role=\"region\" aria-labelledby=\"elementor-tab-title-2182\"><div><a href=\"http:\/\/www.medicina.ufmg.br\/cpgfonoaudiologia\/wp-content\/uploads\/sites\/49\/2024\/04\/Cronograma-de-vagas-remanescentes-2024-2-2.pdf\">1- Cronograma- Fluxo cont\u00ednuo- Mestrado e Doutorado<\/a><\/div><div>\u00a0<\/div><div><a href=\"http:\/\/www.medicina.ufmg.br\/cpgfonoaudiologia\/wp-content\/uploads\/sites\/49\/2024\/04\/Retificacao-Ed.-Regular_Fono_2024.pdf\">2 &#8211; Primeira Retifica\u00e7\u00e3o- Edital Regular<\/a><\/div><div>\u00a0<\/div><div><a href=\"http:\/\/www.medicina.ufmg.br\/cpgfonoaudiologia\/wp-content\/uploads\/sites\/49\/2024\/04\/Retificacao-Ed.-Sup._Fono_2024.pdf\">3 &#8211; Primeira Retifica\u00e7\u00e3o- Edital Suplementar<\/a><\/div><div>\u00a0<\/div><div><a href=\"http:\/\/www.medicina.ufmg.br\/cpgfonoaudiologia\/wp-content\/uploads\/sites\/49\/2024\/04\/2a-Retificacao-Ed.-Regular_Fono_2024_2.pdf\">4 &#8211; Segunda Retifica\u00e7\u00e3o Edital Regular<\/a><\/div><div><p><a href=\"http:\/\/www.medicina.ufmg.br\/cpgfonoaudiologia\/wp-content\/uploads\/sites\/49\/2024\/04\/2a-Retificacao_Ed_Supl_Cien_-Fono_2024_2.pdf\">5 &#8211; Segunda Retifica\u00e7\u00e3o Edital Suplementar<\/a><\/p><\/div><p><a href=\"http:\/\/www.medicina.ufmg.br\/cpgfonoaudiologia\/wp-content\/uploads\/sites\/49\/2023\/11\/Ed-Regular_Ciencias-Fono_2024.pdf\">Edital<\/a><\/p><p><a href=\"http:\/\/www.medicina.ufmg.br\/cpgfonoaudiologia\/wp-content\/uploads\/sites\/49\/2023\/11\/Extrato-Ed.Reg_._Cienc.Fono_2024.pdf\">Extrato<\/a><\/p><p><a href=\"https:\/\/ftp.medicina.ufmg.br\/cpg\/programas\/fonoaudiologia\/publicaositeurgente\/Formul%e1rio%20de%20inscri%e7%e3o%20regular-%202024.xls\">Formul\u00e1rio de inscri\u00e7\u00e3o<\/a><\/p><p><a href=\"http:\/\/www.medicina.ufmg.br\/cpgfonoaudiologia\/wp-content\/uploads\/sites\/49\/2023\/12\/Situacao-da-inscricao-Doutorado-1.pdf\">Situa\u00e7\u00e3o da inscri\u00e7\u00e3o &#8211; Doutorado <\/a><\/p><p><a href=\"http:\/\/www.medicina.ufmg.br\/cpgfonoaudiologia\/wp-content\/uploads\/sites\/49\/2023\/12\/Situacao-da-inscricao-Mestrado-1.pdf\">Situa\u00e7\u00e3o da inscri\u00e7\u00e3o &#8211; Mestrado<\/a><\/p><div><p><a href=\"http:\/\/www.medicina.ufmg.br\/cpgfonoaudiologia\/wp-content\/uploads\/sites\/49\/2023\/12\/Declaracao-de-inexistencia-e-impedimento-mestrado.pdf\">Banca de inexist\u00eancia e impedimento &#8211; Mestrado<\/a><\/p><\/div><div><a href=\"http:\/\/www.medicina.ufmg.br\/cpgfonoaudiologia\/wp-content\/uploads\/sites\/49\/2023\/12\/Declaracao-de-inexistencia-e-impedimento-doutorado.pdf\">Banca de inexist\u00eancia e impedimento &#8211; Doutorado<\/a><\/div><div>\u00a0<\/div><div><div><a href=\"http:\/\/www.medicina.ufmg.br\/cpgfonoaudiologia\/wp-content\/uploads\/sites\/49\/2023\/12\/Resultado-1a-etapa-Doutorado.pdf\">Resultado 1\u00aa etapa &#8211; Doutorado<\/a><\/div><div>\u00a0<\/div><div><a href=\"http:\/\/www.medicina.ufmg.br\/cpgfonoaudiologia\/wp-content\/uploads\/sites\/49\/2023\/12\/Resultado-1a-etapa-Mestrado.pdf\">Resultado 1\u00aa etapa &#8211; Mestrado<\/a><\/div><div>\u00a0<\/div><\/div><div><a href=\"http:\/\/www.medicina.ufmg.br\/cpgfonoaudiologia\/wp-content\/uploads\/sites\/49\/2023\/12\/Escala-de-arguicao-Mestrado.pdf\">Escala de argui\u00e7\u00e3o &#8211; Mestrado<\/a><\/div><div>\u00a0<\/div><div><a href=\"http:\/\/www.medicina.ufmg.br\/cpgfonoaudiologia\/wp-content\/uploads\/sites\/49\/2023\/12\/Escala-de-arguicao-Doutorado.pdf\">Escala de argui\u00e7\u00e3o &#8211; Doutorado<\/a><\/div><div><p><a href=\"http:\/\/www.medicina.ufmg.br\/cpgfonoaudiologia\/wp-content\/uploads\/sites\/49\/2023\/12\/Resultado-Final-Mestrado.pdf\">Resultado Final &#8211; Mestrado<\/a><\/p><p><a href=\"http:\/\/www.medicina.ufmg.br\/cpgfonoaudiologia\/wp-content\/uploads\/sites\/49\/2023\/12\/Resultado-Final-Doutorado.pdf\">Resultado Final &#8211; Doutorado<\/a><\/p><p><a href=\"http:\/\/www.medicina.ufmg.br\/cpgfonoaudiologia\/wp-content\/uploads\/sites\/49\/2024\/04\/Cronograma-de-vagas-remanescentes-2024-2-1.pdf\">Cronograma &#8211; Vagas Remanescentes<\/a><\/p><p><a href=\"http:\/\/www.medicina.ufmg.br\/cpgfonoaudiologia\/wp-content\/uploads\/sites\/49\/2024\/05\/Homologacao-doutorado.pdf\">Homologa\u00e7\u00e3o doutorado (atualizado em 17\/05\/2024)<\/a><\/p><p><a href=\"http:\/\/www.medicina.ufmg.br\/cpgfonoaudiologia\/wp-content\/uploads\/sites\/49\/2024\/05\/Homologacao-mestrado.pdf\">Homologa\u00e7\u00e3o mestrado (atualizado em 17\/05\/2024)<\/a><\/p><p><a href=\"http:\/\/www.medicina.ufmg.br\/cpgfonoaudiologia\/wp-content\/uploads\/sites\/49\/2024\/05\/Resultado-do-Projeto-Doutorado-2024.pdf\">Resultado do Projeto &#8211; Doutorado<\/a><\/p><p><a href=\"http:\/\/www.medicina.ufmg.br\/cpgfonoaudiologia\/wp-content\/uploads\/sites\/49\/2024\/05\/Entrevista-Doutorado-Programa-de-Pos.pdf\">Entrevista &#8211; Doutorado<\/a><\/p><p><a href=\"http:\/\/www.medicina.ufmg.br\/cpgfonoaudiologia\/wp-content\/uploads\/sites\/49\/2024\/05\/Resultado-do-Projeto-Mestrado-2024.pdf\">Resultado do Projeto &#8211; Mestrado<\/a><\/p><p><a href=\"http:\/\/www.medicina.ufmg.br\/cpgfonoaudiologia\/wp-content\/uploads\/sites\/49\/2024\/05\/Entrevista-Mestrado-Programa-de-Pos.pdf\">Entrevista &#8211; Mestrado<\/a><\/p><\/div><\/div>\n\t\t\t\t<\/div>\n\t\t\t\t\t\t\t<div class=\"elementor-toggle-item\">\n\t\t\t\t\t<div id=\"elementor-tab-title-2183\" class=\"elementor-tab-title\" data-tab=\"3\" role=\"button\" aria-controls=\"elementor-tab-content-2183\" aria-expanded=\"false\">\n\t\t\t\t\t\t\t\t\t\t\t\t<span class=\"elementor-toggle-icon elementor-toggle-icon-left\" aria-hidden=\"true\">\n\t\t\t\t\t\t\t\t\t\t\t\t\t\t\t<span class=\"elementor-toggle-icon-closed\"><i class=\"fas fa-caret-right\"><\/i><\/span>\n\t\t\t\t\t\t\t\t<span class=\"elementor-toggle-icon-opened\"><i class=\"elementor-toggle-icon-opened fas fa-caret-up\"><\/i><\/span>\n\t\t\t\t\t\t\t\t\t\t\t\t\t<\/span>\n\t\t\t\t\t\t\t\t\t\t\t\t<a class=\"elementor-toggle-title\" tabindex=\"0\">Processo seletivo suplementar - Mestrado e Doutorado<\/a>\n\t\t\t\t\t<\/div>\n\n\t\t\t\t\t<div id=\"elementor-tab-content-2183\" class=\"elementor-tab-content elementor-clearfix\" data-tab=\"3\" role=\"region\" aria-labelledby=\"elementor-tab-title-2183\"><p><a href=\"http:\/\/www.medicina.ufmg.br\/cpgfonoaudiologia\/wp-content\/uploads\/sites\/49\/2023\/11\/Edital-Supl._Ciencias-Fono_2024.pdf\">Edital<\/a><\/p><p><a href=\"http:\/\/www.medicina.ufmg.br\/cpgfonoaudiologia\/wp-content\/uploads\/sites\/49\/2023\/11\/Extrato-Ed.-Supl._Ciencias-Fono_2024.pdf\">Extrato<\/a><\/p><p><a href=\"https:\/\/ftp.medicina.ufmg.br\/cpg\/programas\/fonoaudiologia\/publicaositeurgente\/Declara%e7%e3o%20de%20Resid%eancia_Ind%edgena.pdf\">Formul\u00e1rio de declara\u00e7\u00e3o de resid\u00eancia em comunidade ind\u00edgena<\/a><\/p><p><a href=\"https:\/\/ftp.medicina.ufmg.br\/cpg\/programas\/fonoaudiologia\/publicaositeurgente\/Declara%e7%e3o%20de%20Lideran%e7as%20Ind%edgenas.pdf\">Formul\u00e1rio de declara\u00e7\u00e3o de lideran\u00e7as ind\u00edgenas<\/a><\/p><p><a href=\"https:\/\/ftp.medicina.ufmg.br\/cpg\/programas\/fonoaudiologia\/publicaositeurgente\/Autoreconhecimento_Ind%edgena.pdf\">Formul\u00e1rio de autorreconhecimento ind\u00edgena<\/a><\/p><p><a href=\"https:\/\/ftp.medicina.ufmg.br\/cpg\/programas\/fonoaudiologia\/publicaositeurgente\/Solicita%e7%e3o%20de%20condi%e7%f5es%20especiais.pdf\">Formul\u00e1rio de solicita\u00e7\u00e3o de condi\u00e7\u00f5es especiais para realizar a prova<\/a><\/p><p><a href=\"https:\/\/ftp.medicina.ufmg.br\/cpg\/programas\/fonoaudiologia\/publicaositeurgente\/MODELO%20DE%20RELAT%d3RIO%20DO%20M%c9DICO%20ASSISTENTE_Dast%20(1).docx\">Modelo de relat\u00f3rio do m\u00e9dico assistente<\/a><\/p><p><a href=\"https:\/\/ftp.medicina.ufmg.br\/cpg\/programas\/fonoaudiologia\/publicaositeurgente\/AUTODECLARA%c7%c3O%20DE%20PESSOA%20COM%20DEFICI%caNCIA_Dast.docx\">Formul\u00e1rio autodeclara\u00e7\u00e3o de pessoa com defici\u00eancia<\/a><\/p><p><a href=\"https:\/\/ftp.medicina.ufmg.br\/cpg\/programas\/fonoaudiologia\/publicaositeurgente\/Formul%e1rio%20de%20inscri%e7%e3o%20Suplementar-%202024.xls\">Formul\u00e1rio de inscri\u00e7\u00e3o<\/a><br \/><br \/><a href=\"http:\/\/www.medicina.ufmg.br\/cpgfonoaudiologia\/wp-content\/uploads\/sites\/49\/2024\/06\/RESULTADO-FINAL-DO-PROCESSO-SELETIVO-2024-2-DOUTORADO.pdf\">RESULTADO FINAL DO PROCESSO SELETIVO\u00a0 VAGAS REMANESCENTES 2024 &#8211; DOUTORADO<\/a><br \/><br \/><a href=\"http:\/\/www.medicina.ufmg.br\/cpgfonoaudiologia\/wp-content\/uploads\/sites\/49\/2024\/06\/RESULTADO-FINAL-DO-PROCESSO-SELETIVO-VAGAS-REMANESCENTES-2024-MESTRADO.pdf\">RESULTADO FINAL DO PROCESSO SELETIVO VAGAS REMANESCENTES 2024 &#8211; MESTRADO<\/a><\/p><\/div>\n\t\t\t\t<\/div>\n\t\t\t\t\t\t\t\t<\/div>\n\t\t\t\t\t\t<\/div>\n\t\t\t\t<\/div>\n\t\t\t\t\t<\/div>\n\t\t<\/div>\n\t\t\t\t\t<\/div>\n\t\t<\/section>\n\t\t\t\t<\/div>\n\t\t","protected":false},"excerpt":{"rendered":"<p>Programa de Apoio a Doutorandas(os) (PADO) e Programa de Apoio a Mestrandas(os) (PAME) Chamadas1 \u2013 Chamada PRPG PAME2 \u2013 Chamada PRPG PADO\u00a0Resultado &#8211; EDITAL PAME e PADO &#8211; 2024\/2 Processo seletivo regular &#8211; Mestrado e Doutorado 1- Cronograma- Fluxo cont\u00ednuo- Mestrado e Doutorado\u00a02 &#8211; Primeira Retifica\u00e7\u00e3o- Edital Regular\u00a03 &#8211; Primeira Retifica\u00e7\u00e3o- Edital Suplementar\u00a04 &#8211; Segunda [&hellip;]<\/p>\n","protected":false},"author":17,"featured_media":0,"parent":0,"menu_order":0,"comment_status":"closed","ping_status":"closed","template":"","meta":{"footnotes":""},"class_list":["post-715","page","type-page","status-publish","hentry"],"_links":{"self":[{"href":"https:\/\/www.medicina.ufmg.br\/cpgfonoaudiologia\/wp-json\/wp\/v2\/pages\/715","targetHints":{"allow":["GET"]}}],"collection":[{"href":"https:\/\/www.medicina.ufmg.br\/cpgfonoaudiologia\/wp-json\/wp\/v2\/pages"}],"about":[{"href":"https:\/\/www.medicina.ufmg.br\/cpgfonoaudiologia\/wp-json\/wp\/v2\/types\/page"}],"author":[{"embeddable":true,"href":"https:\/\/www.medicina.ufmg.br\/cpgfonoaudiologia\/wp-json\/wp\/v2\/users\/17"}],"replies":[{"embeddable":true,"href":"https:\/\/www.medicina.ufmg.br\/cpgfonoaudiologia\/wp-json\/wp\/v2\/comments?post=715"}],"version-history":[{"count":63,"href":"https:\/\/www.medicina.ufmg.br\/cpgfonoaudiologia\/wp-json\/wp\/v2\/pages\/715\/revisions"}],"predecessor-version":[{"id":822,"href":"https:\/\/www.medicina.ufmg.br\/cpgfonoaudiologia\/wp-json\/wp\/v2\/pages\/715\/revisions\/822"}],"wp:attachment":[{"href":"https:\/\/www.medicina.ufmg.br\/cpgfonoaudiologia\/wp-json\/wp\/v2\/media?parent=715"}],"curies":[{"name":"wp","href":"https:\/\/api.w.org\/{rel}","templated":true}]}}