
{"id":142,"date":"2014-12-02T13:11:32","date_gmt":"2014-12-02T13:11:32","guid":{"rendered":"https:\/\/www.medicina.ufmg.br\/cpginfectologia\/?page_id=142"},"modified":"2014-12-02T13:11:32","modified_gmt":"2014-12-02T13:11:32","slug":"objetivos-e-metas","status":"publish","type":"page","link":"https:\/\/www.medicina.ufmg.br\/cpginfectologia\/objetivos-e-metas\/","title":{"rendered":"Objetivos e Metas"},"content":{"rendered":"<h3 style=\"color: #990000;\">Objetivos<\/h3>\n<ul class=\"objetivosmetas\">\n<li>\n<p style=\"color: #2e2e2e;\">&#8211; Desenvolver pesquisas, aperfei\u00e7oar e aprofundar os conhecimentos em doen\u00e7as infecciosas e parasit\u00e1rias e \u00e1reas afins, adquiridas em curso de gradua\u00e7\u00e3o de n\u00edvel universit\u00e1rio;<\/p>\n<\/li>\n<li>\n<p style=\"color: #2e2e2e;\">&#8211; Incrementar a integra\u00e7\u00e3o de disciplinas e departamentos, em proveito de melhor entendimento das nosologias prevalentes no Brasil;<\/p>\n<\/li>\n<li>\n<p style=\"color: #2e2e2e;\">&#8211; Aplicar o m\u00e9todo cient\u00edfico na elabora\u00e7\u00e3o de projetos, no preparo de material a ser trabalhado e na an\u00e1lise desses elementos e no seu julgamento, possibilitando a obten\u00e7\u00e3o de grau acad\u00eamico de mestre ou doutor, com a forma\u00e7\u00e3o de docentes e pesquisadores;<\/p>\n<\/li>\n<li>\n<p style=\"color: #2e2e2e;\">&#8211; Estimular a integra\u00e7\u00e3o entre pesquisadores vinculados ao Programa com pesquisadores sediados em outras institui\u00e7\u00f5es brasileiras de ensino e pesquisa, assim como com institui\u00e7\u00f5es internacionais de m\u00e9rito cient\u00edfico reconhecido;<\/p>\n<\/li>\n<\/ul>\n<h3 style=\"color: #990000;\">Metas<\/h3>\n<ul class=\"objetivosmetas\">\n<li>\n<p style=\"color: #2e2e2e;\">&#8211; Promover maior inser\u00e7\u00e3o internacional da pesquisa desenvolvida em nosso meio, mediante incremento de coopera\u00e7\u00f5es entre a UFMG, e mais especificamente entre o PG-IMT e institui\u00e7\u00f5es internacionais, o que pode ser obtido com est\u00edmulo de atividades como:<\/p>\n<ul class=\"objetivosmetas1\">\n<li>\n<p style=\"color: #2e2e2e;\">&#8211; participa\u00e7\u00e3o docente \/ discente em eventos cient\u00edficos internacionais e em visitas a institui\u00e7\u00f5es externas;<\/p>\n<\/li>\n<li>\n<p style=\"color: #2e2e2e;\">&#8211; direcionamento dos doutorandos para o doutorado sandu\u00edche;<\/p>\n<\/li>\n<li>\n<p style=\"color: #2e2e2e;\">&#8211; implementa\u00e7\u00e3o da co-tutela entre a UFMG e universidades estrangeiras para alunos de doutorado;<\/p>\n<p style=\"color: #2e2e2e;\">&#8211; realiza\u00e7\u00e3o de simp\u00f3sios com convidados estrangeiros e;<\/p>\n<\/li>\n<li>\n<p style=\"color: #2e2e2e;\">&#8211; aumento do n\u00famero de publica\u00e7\u00f5es com impacto internacional;<\/p>\n<\/li>\n<\/ul>\n<\/li>\n<li>\n<p style=\"color: #2e2e2e;\">&#8211; Consolidar-se como Programa de P\u00f3s-Gradua\u00e7\u00e3o de excel\u00eancia no Brasil e no mundo;<\/p>\n<\/li>\n<li>\n<p style=\"color: #2e2e2e;\">&#8211; Equiparar o n\u00famero de doutores ao n\u00famero de mestrandos formados no Programa;<\/p>\n<\/li>\n<li>\n<p style=\"color: #2e2e2e;\">&#8211; Estimular a forma\u00e7\u00e3o de p\u00f3s-doutores no \u00e2mbito do Programa.<\/p>\n<\/li>\n<\/ul>\n","protected":false},"excerpt":{"rendered":"<p>Objetivos &#8211; Desenvolver pesquisas, aperfei\u00e7oar e aprofundar os conhecimentos em doen\u00e7as infecciosas e parasit\u00e1rias e \u00e1reas afins, adquiridas em curso de gradua\u00e7\u00e3o de n\u00edvel universit\u00e1rio; &#8211; Incrementar a integra\u00e7\u00e3o de disciplinas e departamentos, em proveito de melhor entendimento das nosologias prevalentes no Brasil; &#8211; Aplicar o m\u00e9todo cient\u00edfico na elabora\u00e7\u00e3o de projetos, no preparo de [&hellip;]<\/p>\n","protected":false},"author":17,"featured_media":0,"parent":0,"menu_order":0,"comment_status":"open","ping_status":"open","template":"","meta":{"footnotes":""},"class_list":["post-142","page","type-page","status-publish","hentry"],"_links":{"self":[{"href":"https:\/\/www.medicina.ufmg.br\/cpginfectologia\/wp-json\/wp\/v2\/pages\/142","targetHints":{"allow":["GET"]}}],"collection":[{"href":"https:\/\/www.medicina.ufmg.br\/cpginfectologia\/wp-json\/wp\/v2\/pages"}],"about":[{"href":"https:\/\/www.medicina.ufmg.br\/cpginfectologia\/wp-json\/wp\/v2\/types\/page"}],"author":[{"embeddable":true,"href":"https:\/\/www.medicina.ufmg.br\/cpginfectologia\/wp-json\/wp\/v2\/users\/17"}],"replies":[{"embeddable":true,"href":"https:\/\/www.medicina.ufmg.br\/cpginfectologia\/wp-json\/wp\/v2\/comments?post=142"}],"version-history":[{"count":1,"href":"https:\/\/www.medicina.ufmg.br\/cpginfectologia\/wp-json\/wp\/v2\/pages\/142\/revisions"}],"predecessor-version":[{"id":143,"href":"https:\/\/www.medicina.ufmg.br\/cpginfectologia\/wp-json\/wp\/v2\/pages\/142\/revisions\/143"}],"wp:attachment":[{"href":"https:\/\/www.medicina.ufmg.br\/cpginfectologia\/wp-json\/wp\/v2\/media?parent=142"}],"curies":[{"name":"wp","href":"https:\/\/api.w.org\/{rel}","templated":true}]}}