
{"id":611,"date":"2016-07-04T16:56:54","date_gmt":"2016-07-04T16:56:54","guid":{"rendered":"https:\/\/www.medicina.ufmg.br\/cpginfectologia\/?page_id=611"},"modified":"2025-02-12T17:44:30","modified_gmt":"2025-02-12T17:44:30","slug":"mestrado-e-doutorado","status":"publish","type":"page","link":"https:\/\/www.medicina.ufmg.br\/cpginfectologia\/mestrado-e-doutorado\/","title":{"rendered":"CURSOS"},"content":{"rendered":"\t\t<div data-elementor-type=\"wp-page\" data-elementor-id=\"611\" class=\"elementor elementor-611\">\n\t\t\t\t<div class=\"elementor-element elementor-element-87517bb e-flex e-con-boxed e-con e-parent\" data-id=\"87517bb\" data-element_type=\"container\">\n\t\t\t\t\t<div class=\"e-con-inner\">\n\t\t\t\t<div class=\"elementor-element elementor-element-3dabc60 elementor-widget elementor-widget-text-editor\" data-id=\"3dabc60\" data-element_type=\"widget\" data-widget_type=\"text-editor.default\">\n\t\t\t\t<div class=\"elementor-widget-container\">\n\t\t\t\t\t\t\t\t\t<p><span style=\"font-weight: 400;\">O Programa de P\u00f3s-Gradua\u00e7\u00e3o em Ci\u00eancias da Sa\u00fade Infectologia e Medicina Tropical da UFMG (PPG-IMT) oferece <\/span><b>Doutorado e Mestrado,<\/b><b> \u00e1rea de concentra\u00e7\u00e3o Infectologia e Medicina Tropical<\/b><\/p><p><b>Mestrado Acad\u00eamico<\/b><\/p><p><span style=\"font-weight: 400;\">O Mestrado tem como objetivo principal aprofundar conhecimentos profissional e acad\u00eamico adquiridos em cursos de gradua\u00e7\u00e3o, introduzir o m\u00e9todo cient\u00edfico e aprimorar o esp\u00edrito cr\u00edtico ministrando conhecimentos novos em Infectologia e Medicina Tropical e \u00e1reas afins. O curso \u00e9 estruturado para desenvolver habilidades de pesquisa, capacitando os alunos a executar atividades que respondam a quest\u00f5es t\u00e9cnico-cient\u00edficas fundamentadas, com rigor metodol\u00f3gico, cujos resultados t\u00eam o potencial de oferecer contribui\u00e7\u00f5es significativas para compreender e enfrentar os diversos desafios nas \u00e1reas da Infectologia e Medicina Tropical. O mestrado \u00e9 voltado para graduados na \u00e1rea da sa\u00fade ou profissionais de outras \u00e1reas com experi\u00eancia comprovada em sa\u00fade. A escolha do tema da disserta\u00e7\u00e3o \u00e9 feita de acordo com o interesse e a afinidade do aluno, observando as<\/span><b>\u00a0<\/b><span style=\"font-weight: 400;\">linhas de pesquisa\u00a0do Programa. A produ\u00e7\u00e3o textual dos resultados da disserta\u00e7\u00e3o de mestrado \u00e9 feita a partir do projeto de pesquisa e de resultados da pesquisa que devem ser compat\u00edveis com a publica\u00e7\u00e3o de pelo menos um artigo cient\u00edfico com qualidade suficiente para ser publicado em revistas de natureza internacional.<\/span><\/p><p><span style=\"font-weight: 400;\">O curso tem uma\u00a0Estrutura\u00a0Curricular\u00a0formada por duas disciplinas nucleares de natureza obrigat\u00f3ria e por outras complementares \u00e0 forma\u00e7\u00e3o do mestre. A escolha das demais disciplinas \u00e9 feita de acordo com o interesse e a afinidade do aluno. Todas as disciplinas ofertadas no Programa s\u00e3o realizadas na modalidade presencial com aulas no turno da manh\u00e3 ou tarde. Algumas podem ser ofertadas na modalidade h\u00edbrida, de acordo com a disponibilidade do professor. Tal a\u00e7\u00e3o visa principalmente agregar docentes de outras Institui\u00e7\u00f5es do pa\u00eds ou exterior na coordena\u00e7\u00e3o de disciplinas contribuindo para a internacionaliza\u00e7\u00e3o do Programa.<\/span><\/p><p><span style=\"font-weight: 400;\">Para a obten\u00e7\u00e3o do grau de Mestre, o aluno necessita cursar no m\u00ednimo 20 cr\u00e9ditos em disciplinas e de ter sua disserta\u00e7\u00e3o aprovada na defesa de trabalho final em um prazo m\u00ednimo de 12 meses e m\u00e1ximo de 24 meses.<\/span><\/p><p><b>Doutorado Acad\u00eamico<\/b><\/p><p><span style=\"font-weight: 400;\">O Doutorado em IMT tem como objetivo estimular e aprimorar o conhecimento t\u00e9cnico-cient\u00edfico para a concep\u00e7\u00e3o, estrutura\u00e7\u00e3o e desenvolvimento de projetos de pesquisa inovadores, a fim de capacitar o discente a formular perguntas de pesquisa relevantes, desenvolver a criatividade e o esp\u00edrito cr\u00edtico, tornando-o capaz de analisar, entender, extrair conclus\u00f5es dos resultados e transmitir conhecimento gerado e as habilidades essenciais para um bom pesquisador. O Programa prepara os doutorandos para atuarem como docentes no ensino superior e na p\u00f3s-gradua\u00e7\u00e3o ou capacitar os profissionais com metodologia e tecnologia inovadoras para aplica\u00e7\u00e3o em suas fun\u00e7\u00f5es na \u00e1rea de sa\u00fade. O doutorado \u00e9 voltado para egressos de mestrado em \u00e1rea da sa\u00fade ou outras \u00e1reas afins, com gradua\u00e7\u00e3o na \u00e1rea da sa\u00fade, ou portadores de diploma em outra \u00e1rea com comprovada experi\u00eancia na \u00e1rea da sa\u00fade.<\/span><\/p><p><span style=\"font-weight: 400;\">A escolha do tema da tese pode ser feita de acordo com o interesse e a afinidade do aluno, observando as\u00a0linhas de pesquisa\u00a0do Programa. A produ\u00e7\u00e3o textual dos resultados da tese \u00e9 feita a partir do projeto de pesquisa e de resultados da pesquisa que devem ser compat\u00edveis com a publica\u00e7\u00e3o de, pelo menos, um artigo cient\u00edfico com qualidade suficiente para ser publicado em revista de impacto internacional.<\/span><\/p><p><span style=\"font-weight: 400;\">Para a obten\u00e7\u00e3o do grau de Doutor, o aluno necessita cursar no m\u00ednimo 32 cr\u00e9ditos em disciplinas e ter sua tese aprovada na defesa de trabalho final em um prazo m\u00ednimo de 24 meses e m\u00e1ximo de 48 meses.<\/span><\/p>\t\t\t\t\t\t\t\t<\/div>\n\t\t\t\t<\/div>\n\t\t\t\t\t<\/div>\n\t\t\t\t<\/div>\n\t\t\t\t<\/div>\n\t\t","protected":false},"excerpt":{"rendered":"<p>O Programa de P\u00f3s-Gradua\u00e7\u00e3o em Ci\u00eancias da Sa\u00fade Infectologia e Medicina Tropical da UFMG (PPG-IMT) oferece Doutorado e Mestrado, \u00e1rea de concentra\u00e7\u00e3o Infectologia e Medicina Tropical Mestrado Acad\u00eamico O Mestrado tem como objetivo principal aprofundar conhecimentos profissional e acad\u00eamico adquiridos em cursos de gradua\u00e7\u00e3o, introduzir o m\u00e9todo cient\u00edfico e aprimorar o esp\u00edrito cr\u00edtico ministrando conhecimentos [&hellip;]<\/p>\n","protected":false},"author":17,"featured_media":0,"parent":0,"menu_order":0,"comment_status":"closed","ping_status":"closed","template":"","meta":{"footnotes":""},"class_list":["post-611","page","type-page","status-publish","hentry"],"_links":{"self":[{"href":"https:\/\/www.medicina.ufmg.br\/cpginfectologia\/wp-json\/wp\/v2\/pages\/611","targetHints":{"allow":["GET"]}}],"collection":[{"href":"https:\/\/www.medicina.ufmg.br\/cpginfectologia\/wp-json\/wp\/v2\/pages"}],"about":[{"href":"https:\/\/www.medicina.ufmg.br\/cpginfectologia\/wp-json\/wp\/v2\/types\/page"}],"author":[{"embeddable":true,"href":"https:\/\/www.medicina.ufmg.br\/cpginfectologia\/wp-json\/wp\/v2\/users\/17"}],"replies":[{"embeddable":true,"href":"https:\/\/www.medicina.ufmg.br\/cpginfectologia\/wp-json\/wp\/v2\/comments?post=611"}],"version-history":[{"count":17,"href":"https:\/\/www.medicina.ufmg.br\/cpginfectologia\/wp-json\/wp\/v2\/pages\/611\/revisions"}],"predecessor-version":[{"id":3904,"href":"https:\/\/www.medicina.ufmg.br\/cpginfectologia\/wp-json\/wp\/v2\/pages\/611\/revisions\/3904"}],"wp:attachment":[{"href":"https:\/\/www.medicina.ufmg.br\/cpginfectologia\/wp-json\/wp\/v2\/media?parent=611"}],"curies":[{"name":"wp","href":"https:\/\/api.w.org\/{rel}","templated":true}]}}