
{"id":98,"date":"2014-12-01T16:24:15","date_gmt":"2014-12-01T16:24:15","guid":{"rendered":"https:\/\/www.medicina.ufmg.br\/cpginfectologia\/?page_id=98"},"modified":"2016-05-11T17:39:37","modified_gmt":"2016-05-11T17:39:37","slug":"links-uteis","status":"publish","type":"page","link":"https:\/\/www.medicina.ufmg.br\/cpginfectologia\/links-uteis\/","title":{"rendered":"Links \u00dateis"},"content":{"rendered":"<p align=\"justify\"><a href=\"http:\/\/www.periodicos.capes.gov.br\/\" target=\"_blank\">Peri\u00f3dicos CAPES<\/a><\/p>\n<p align=\"justify\"><a href=\"http:\/\/bdtd.ibict.br\/\" target=\"_blank\">Bibliotecas Digital Teses<\/a><\/p>\n<p align=\"justify\"><a href=\"http:\/\/www.sbmt.org.br\/\" target=\"_blank\">Sociedade Brasileira de Medicina Tropical<\/a><\/p>\n<p align=\"justify\"><a href=\"http:\/\/www.sbinfecto.org.br\/\" target=\"_blank\">Sociedade Brasileira de Infectologia<\/a><\/p>\n<p align=\"justify\"><a href=\"http:\/\/regional.bvsalud.org\/php\/index.php\" target=\"_blank\">Biblioteca Virtual em Sa\u00fade<\/a><\/p>\n<p align=\"justify\"><a href=\"http:\/\/www.capes.gov.br\/\" target=\"_blank\">Coordena\u00e7\u00e3o de Aperfei\u00e7oamento de Pessoal de N\u00edvel Superior<\/a><\/p>\n<p align=\"justify\"><a href=\"http:\/\/www.ufmg.br\/bioetica\/coep\/\" target=\"_blank\">Comit\u00ea de \u00e9tica em pesquisa<\/a><\/p>\n<p align=\"justify\"><a href=\"http:\/\/www.scielo.br\/\" target=\"_blank\">Scientific Electronic Library Online<\/a><\/p>\n<p align=\"justify\"><a href=\"http:\/\/www.cnpq.br\/\" target=\"_blank\">Conselho Nacional de Desenvolvimento Cient\u00edfico e Tecnologia<\/a><\/p>\n<p align=\"justify\"><a href=\"http:\/\/www.ncbi.nlm.nih.gov\/pubmed\" target=\"_blank\">PubMed<\/a><\/p>\n<p align=\"justify\"><a href=\"http:\/\/www.fapemig.br\/pt-br\/\" target=\"_blank\">FAPEMIG<\/a><\/p>\n<p align=\"justify\"><a href=\"http:\/\/carloschagas.cnpq.br\/\" target=\"_blank\">Plataforma Carlos Chagas<\/a><\/p>\n<p align=\"justify\"><a href=\"http:\/\/lattes.cnpq.br\/\" target=\"_blank\">Curr\u00edculo Lattes CNPq<\/a><\/p>\n<p align=\"justify\"><a href=\"https:\/\/sistemas.ufmg.br\/idp\/login.jsp\" target=\"_blank\">MinhaUFMG<\/a><\/p>\n<p align=\"justify\">\n","protected":false},"excerpt":{"rendered":"<p>Peri\u00f3dicos CAPES Bibliotecas Digital Teses Sociedade Brasileira de Medicina Tropical Sociedade Brasileira de Infectologia Biblioteca Virtual em Sa\u00fade Coordena\u00e7\u00e3o de Aperfei\u00e7oamento de Pessoal de N\u00edvel Superior Comit\u00ea de \u00e9tica em pesquisa Scientific Electronic Library Online Conselho Nacional de Desenvolvimento Cient\u00edfico e Tecnologia PubMed FAPEMIG Plataforma Carlos Chagas Curr\u00edculo Lattes CNPq MinhaUFMG<\/p>\n","protected":false},"author":17,"featured_media":0,"parent":0,"menu_order":0,"comment_status":"closed","ping_status":"closed","template":"","meta":{"footnotes":""},"class_list":["post-98","page","type-page","status-publish","hentry"],"_links":{"self":[{"href":"https:\/\/www.medicina.ufmg.br\/cpginfectologia\/wp-json\/wp\/v2\/pages\/98","targetHints":{"allow":["GET"]}}],"collection":[{"href":"https:\/\/www.medicina.ufmg.br\/cpginfectologia\/wp-json\/wp\/v2\/pages"}],"about":[{"href":"https:\/\/www.medicina.ufmg.br\/cpginfectologia\/wp-json\/wp\/v2\/types\/page"}],"author":[{"embeddable":true,"href":"https:\/\/www.medicina.ufmg.br\/cpginfectologia\/wp-json\/wp\/v2\/users\/17"}],"replies":[{"embeddable":true,"href":"https:\/\/www.medicina.ufmg.br\/cpginfectologia\/wp-json\/wp\/v2\/comments?post=98"}],"version-history":[{"count":5,"href":"https:\/\/www.medicina.ufmg.br\/cpginfectologia\/wp-json\/wp\/v2\/pages\/98\/revisions"}],"predecessor-version":[{"id":533,"href":"https:\/\/www.medicina.ufmg.br\/cpginfectologia\/wp-json\/wp\/v2\/pages\/98\/revisions\/533"}],"wp:attachment":[{"href":"https:\/\/www.medicina.ufmg.br\/cpginfectologia\/wp-json\/wp\/v2\/media?parent=98"}],"curies":[{"name":"wp","href":"https:\/\/api.w.org\/{rel}","templated":true}]}}