
{"id":11,"date":"2014-12-03T13:02:51","date_gmt":"2014-12-03T13:02:51","guid":{"rendered":"https:\/\/www.medicina.ufmg.br\/cpgmedicinamolecular\/?page_id=11"},"modified":"2026-03-16T12:19:49","modified_gmt":"2026-03-16T12:19:49","slug":"11-2","status":"publish","type":"page","link":"https:\/\/www.medicina.ufmg.br\/cpgmedicinamolecular\/","title":{"rendered":"Elementor #11"},"content":{"rendered":"\t\t<div data-elementor-type=\"wp-page\" data-elementor-id=\"11\" class=\"elementor elementor-11\">\n\t\t\t\t<div class=\"elementor-element elementor-element-201e7a4 e-flex e-con-boxed e-con e-parent\" data-id=\"201e7a4\" data-element_type=\"container\" data-settings=\"{&quot;background_background&quot;:&quot;classic&quot;}\">\n\t\t\t\t\t<div class=\"e-con-inner\">\n\t\t<div class=\"elementor-element elementor-element-ec75c91 e-con-full e-flex e-con e-child\" data-id=\"ec75c91\" data-element_type=\"container\">\n\t\t\t\t<div class=\"elementor-element elementor-element-c275b01 elementor-widget elementor-widget-heading\" data-id=\"c275b01\" data-element_type=\"widget\" data-widget_type=\"heading.default\">\n\t\t\t\t<div class=\"elementor-widget-container\">\n\t\t\t\t\t<h3 class=\"elementor-heading-title elementor-size-default\">P\u00f3s-Gradua\u00e7\u00e3o:<\/h3>\t\t\t\t<\/div>\n\t\t\t\t<\/div>\n\t\t\t\t<div class=\"elementor-element elementor-element-494628c elementor-widget elementor-widget-heading\" data-id=\"494628c\" data-element_type=\"widget\" data-widget_type=\"heading.default\">\n\t\t\t\t<div class=\"elementor-widget-container\">\n\t\t\t\t\t<h1 class=\"elementor-heading-title elementor-size-default\">Medicina Molecular (INCT-MM)<\/h1>\t\t\t\t<\/div>\n\t\t\t\t<\/div>\n\t\t\t\t<div class=\"elementor-element elementor-element-5518edb elementor-widget__width-initial elementor-widget elementor-widget-text-editor\" data-id=\"5518edb\" data-element_type=\"widget\" data-widget_type=\"text-editor.default\">\n\t\t\t\t<div class=\"elementor-widget-container\">\n\t\t\t\t\t\t\t\t\t<p><\/p><div class=\"elementor-element elementor-element-1366f713 elementor-widget elementor-widget-text-editor\" data-id=\"1366f713\" data-element_type=\"widget\" data-widget_type=\"text-editor.default\"><div class=\"elementor-widget-container\"><p>O Programa de P\u00f3s Gradua\u00e7\u00e3o de Medicina Molecular (INCT-MM) tem por objetivo integrar a ci\u00eancia b\u00e1sica e tecnol\u00f3gica \u00e0 pr\u00e1tica cl\u00ednica, o que permite a investiga\u00e7\u00e3o de anormalidades moleculares e celulares espec\u00edficas relacionadas ao desenvolvimento de doen\u00e7as.<\/p><\/div><\/div>\t\t\t\t\t\t\t\t<\/div>\n\t\t\t\t<\/div>\n\t\t\t\t<\/div>\n\t\t<div class=\"elementor-element elementor-element-727e72d e-con-full e-flex e-con e-child\" data-id=\"727e72d\" data-element_type=\"container\" data-settings=\"{&quot;background_background&quot;:&quot;classic&quot;}\">\n\t\t\t\t<div class=\"elementor-element elementor-element-73adba1 elementor-widget elementor-widget-image\" data-id=\"73adba1\" data-element_type=\"widget\" data-widget_type=\"image.default\">\n\t\t\t\t<div class=\"elementor-widget-container\">\n\t\t\t\t\t\t\t\t\t\t\t\t\t\t\t<img fetchpriority=\"high\" decoding=\"async\" width=\"667\" height=\"667\" src=\"https:\/\/www.medicina.ufmg.br\/cpgmedicinamolecular\/wp-content\/uploads\/sites\/16\/2026\/03\/NOTAS-CAPES-06.png\" class=\"attachment-large size-large wp-image-1153\" alt=\"\" srcset=\"https:\/\/www.medicina.ufmg.br\/cpgmedicinamolecular\/wp-content\/uploads\/sites\/16\/2026\/03\/NOTAS-CAPES-06.png 667w, https:\/\/www.medicina.ufmg.br\/cpgmedicinamolecular\/wp-content\/uploads\/sites\/16\/2026\/03\/NOTAS-CAPES-06-300x300.png 300w, https:\/\/www.medicina.ufmg.br\/cpgmedicinamolecular\/wp-content\/uploads\/sites\/16\/2026\/03\/NOTAS-CAPES-06-150x150.png 150w\" sizes=\"(max-width: 667px) 100vw, 667px\" \/>\t\t\t\t\t\t\t\t\t\t\t\t\t\t\t<\/div>\n\t\t\t\t<\/div>\n\t\t\t\t<\/div>\n\t\t\t\t\t<\/div>\n\t\t\t\t<\/div>\n\t\t\t\t<section class=\"elementor-section elementor-top-section elementor-element elementor-element-2b85ed3 elementor-section-boxed elementor-section-height-default elementor-section-height-default\" data-id=\"2b85ed3\" data-element_type=\"section\">\n\t\t\t\t\t\t<div class=\"elementor-container elementor-column-gap-default\">\n\t\t\t\t\t<div class=\"elementor-column elementor-col-100 elementor-top-column elementor-element elementor-element-1f939d73\" data-id=\"1f939d73\" data-element_type=\"column\">\n\t\t\t<div class=\"elementor-widget-wrap\">\n\t\t\t\t\t\t\t<\/div>\n\t\t<\/div>\n\t\t\t\t\t<\/div>\n\t\t<\/section>\n\t\t\t\t<section class=\"elementor-section elementor-top-section elementor-element elementor-element-7d74f4c elementor-section-boxed elementor-section-height-default elementor-section-height-default\" data-id=\"7d74f4c\" data-element_type=\"section\">\n\t\t\t\t\t\t<div class=\"elementor-container elementor-column-gap-default\">\n\t\t\t\t\t<div class=\"elementor-column elementor-col-100 elementor-top-column elementor-element elementor-element-5123f03\" data-id=\"5123f03\" data-element_type=\"column\">\n\t\t\t<div class=\"elementor-widget-wrap elementor-element-populated\">\n\t\t\t\t\t\t<div class=\"elementor-element elementor-element-d0e039f elementor-widget elementor-widget-html\" data-id=\"d0e039f\" data-element_type=\"widget\" data-widget_type=\"html.default\">\n\t\t\t\t<div class=\"elementor-widget-container\">\n\t\t\t\t\t<style>\n    \n   body {background-color: #034651;} \n<\/style>\t\t\t\t<\/div>\n\t\t\t\t<\/div>\n\t\t\t\t\t<\/div>\n\t\t<\/div>\n\t\t\t\t\t<\/div>\n\t\t<\/section>\n\t\t\t\t<section class=\"elementor-section elementor-top-section elementor-element elementor-element-117c189 elementor-section-boxed elementor-section-height-default elementor-section-height-default\" data-id=\"117c189\" data-element_type=\"section\">\n\t\t\t\t\t\t<div class=\"elementor-container elementor-column-gap-default\">\n\t\t\t\t\t<div class=\"elementor-column elementor-col-100 elementor-top-column elementor-element elementor-element-c7ed70b\" data-id=\"c7ed70b\" data-element_type=\"column\">\n\t\t\t<div class=\"elementor-widget-wrap elementor-element-populated\">\n\t\t\t\t<div class=\"elementor-element elementor-element-4e96513 e-flex e-con-boxed e-con e-parent\" data-id=\"4e96513\" data-element_type=\"container\">\n\t\t\t\t\t<div class=\"e-con-inner\">\n\t\t\t\t<div class=\"elementor-element elementor-element-1cd8312 elementor-widget elementor-widget-heading\" data-id=\"1cd8312\" data-element_type=\"widget\" data-widget_type=\"heading.default\">\n\t\t\t\t<div class=\"elementor-widget-container\">\n\t\t\t\t\t<h2 class=\"elementor-heading-title elementor-size-default\">Linhas de Pesquisa<\/h2>\t\t\t\t<\/div>\n\t\t\t\t<\/div>\n\t\t\t\t\t<\/div>\n\t\t\t\t<\/div>\n\t\t\t\t\t<\/div>\n\t\t<\/div>\n\t\t\t\t\t<\/div>\n\t\t<\/section>\n\t\t<div class=\"elementor-element elementor-element-02fa70f e-grid e-con-boxed e-con e-parent\" data-id=\"02fa70f\" data-element_type=\"container\">\n\t\t\t\t\t<div class=\"e-con-inner\">\n\t\t<a class=\"elementor-element elementor-element-ec6def3 e-con-full e-flex e-con e-child\" data-id=\"ec6def3\" data-element_type=\"container\" data-settings=\"{&quot;background_background&quot;:&quot;classic&quot;}\" href=\"https:\/\/www.medicina.ufmg.br\/cpgmedicinamolecular\/linhas-de-pesquisa\/\">\n\t\t\t\t<div class=\"elementor-element elementor-element-a62e4d8 elementor-widget elementor-widget-text-editor\" data-id=\"a62e4d8\" data-element_type=\"widget\" data-widget_type=\"text-editor.default\">\n\t\t\t\t<div class=\"elementor-widget-container\">\n\t\t\t\t\t\t\t\t\t<p style=\"text-align: center;\"><span style=\"color: #ffffff;\">ABORDAGEM INTERDISCIPLINAR DO IDOSO\n<\/span><\/p>\t\t\t\t\t\t\t\t<\/div>\n\t\t\t\t<\/div>\n\t\t\t\t<\/a>\n\t\t<a class=\"elementor-element elementor-element-c0a73c3 e-con-full e-flex e-con e-child\" data-id=\"c0a73c3\" data-element_type=\"container\" data-settings=\"{&quot;background_background&quot;:&quot;classic&quot;}\" href=\"https:\/\/www.medicina.ufmg.br\/cpgmedicinamolecular\/linhas-de-pesquisa\/\">\n\t\t\t\t<div class=\"elementor-element elementor-element-246c493 elementor-widget elementor-widget-text-editor\" data-id=\"246c493\" data-element_type=\"widget\" data-widget_type=\"text-editor.default\">\n\t\t\t\t<div class=\"elementor-widget-container\">\n\t\t\t\t\t\t\t\t\t<p style=\"text-align: center;\"><span style=\"color: #ffffff;\">BIOLOGIA MOLECULAR E CELULAR DE TOXINAS\n<\/span><\/p>\t\t\t\t\t\t\t\t<\/div>\n\t\t\t\t<\/div>\n\t\t\t\t<\/a>\n\t\t<a class=\"elementor-element elementor-element-bbfd836 e-con-full e-flex e-con e-child\" data-id=\"bbfd836\" data-element_type=\"container\" data-settings=\"{&quot;background_background&quot;:&quot;classic&quot;}\" href=\"https:\/\/www.medicina.ufmg.br\/cpgmedicinamolecular\/linhas-de-pesquisa\/\">\n\t\t\t\t<div class=\"elementor-element elementor-element-c15378a elementor-widget elementor-widget-text-editor\" data-id=\"c15378a\" data-element_type=\"widget\" data-widget_type=\"text-editor.default\">\n\t\t\t\t<div class=\"elementor-widget-container\">\n\t\t\t\t\t\t\t\t\t<p style=\"text-align: center;\"><span style=\"color: #ffffff;\"> DOEN\u00c7AS NEURODEGENERATIVAS\n<\/span><\/p>\t\t\t\t\t\t\t\t<\/div>\n\t\t\t\t<\/div>\n\t\t\t\t<\/a>\n\t\t\t\t\t<\/div>\n\t\t\t\t<\/div>\n\t\t<div class=\"elementor-element elementor-element-dbd65ae e-grid e-con-boxed e-con e-parent\" data-id=\"dbd65ae\" data-element_type=\"container\">\n\t\t\t\t\t<div class=\"e-con-inner\">\n\t\t<a class=\"elementor-element elementor-element-912404c e-con-full e-flex e-con e-child\" data-id=\"912404c\" data-element_type=\"container\" data-settings=\"{&quot;background_background&quot;:&quot;classic&quot;}\" href=\"https:\/\/www.medicina.ufmg.br\/cpgmedicinamolecular\/linhas-de-pesquisa\/\">\n\t\t\t\t<div class=\"elementor-element elementor-element-50b763e elementor-widget elementor-widget-text-editor\" data-id=\"50b763e\" data-element_type=\"widget\" data-widget_type=\"text-editor.default\">\n\t\t\t\t<div class=\"elementor-widget-container\">\n\t\t\t\t\t\t\t\t\t<p style=\"text-align: center;\"><span style=\"color: #ffffff;\"> MEDICINA MOLECULAR\n<\/span><\/p>\t\t\t\t\t\t\t\t<\/div>\n\t\t\t\t<\/div>\n\t\t\t\t<\/a>\n\t\t<a class=\"elementor-element elementor-element-d1c0bc7 e-con-full e-flex e-con e-child\" data-id=\"d1c0bc7\" data-element_type=\"container\" data-settings=\"{&quot;background_background&quot;:&quot;classic&quot;}\" href=\"https:\/\/www.medicina.ufmg.br\/cpgmedicinamolecular\/linhas-de-pesquisa\/\">\n\t\t\t\t<div class=\"elementor-element elementor-element-24a317c elementor-widget elementor-widget-text-editor\" data-id=\"24a317c\" data-element_type=\"widget\" data-widget_type=\"text-editor.default\">\n\t\t\t\t<div class=\"elementor-widget-container\">\n\t\t\t\t\t\t\t\t\t<p style=\"text-align: center;\"><span style=\"color: #ffffff;\"> NEUROIMAGEM\n<\/span><\/p>\t\t\t\t\t\t\t\t<\/div>\n\t\t\t\t<\/div>\n\t\t\t\t<\/a>\n\t\t<a class=\"elementor-element elementor-element-bc5949c e-con-full e-flex e-con e-child\" data-id=\"bc5949c\" data-element_type=\"container\" data-settings=\"{&quot;background_background&quot;:&quot;classic&quot;}\" href=\"https:\/\/www.medicina.ufmg.br\/cpgmedicinamolecular\/linhas-de-pesquisa\/\">\n\t\t\t\t<div class=\"elementor-element elementor-element-6b6b295 elementor-widget elementor-widget-text-editor\" data-id=\"6b6b295\" data-element_type=\"widget\" data-widget_type=\"text-editor.default\">\n\t\t\t\t<div class=\"elementor-widget-container\">\n\t\t\t\t\t\t\t\t\t<p style=\"text-align: center;\"><span style=\"color: #ffffff;\">NEUROTRANSMISS\u00c3O GLUTAMAT\u00c9RGICA, COLIN\u00c9RGICA E GABA\u00c9RGICA\n<\/span><\/p>\t\t\t\t\t\t\t\t<\/div>\n\t\t\t\t<\/div>\n\t\t\t\t<\/a>\n\t\t\t\t\t<\/div>\n\t\t\t\t<\/div>\n\t\t<div class=\"elementor-element elementor-element-80e3c1d e-grid e-con-boxed e-con e-parent\" data-id=\"80e3c1d\" data-element_type=\"container\">\n\t\t\t\t\t<div class=\"e-con-inner\">\n\t\t<a class=\"elementor-element elementor-element-c7a86d0 e-con-full e-flex e-con e-child\" data-id=\"c7a86d0\" data-element_type=\"container\" data-settings=\"{&quot;background_background&quot;:&quot;classic&quot;}\" href=\"https:\/\/www.medicina.ufmg.br\/cpgmedicinamolecular\/linhas-de-pesquisa\/\">\n\t\t\t\t<div class=\"elementor-element elementor-element-771bcd3 elementor-widget elementor-widget-text-editor\" data-id=\"771bcd3\" data-element_type=\"widget\" data-widget_type=\"text-editor.default\">\n\t\t\t\t<div class=\"elementor-widget-container\">\n\t\t\t\t\t\t\t\t\t<p style=\"text-align: center;\"><span style=\"color: #ffffff;\">PERIODONTIA E S\u00cdNDROMES\n<\/span><\/p>\t\t\t\t\t\t\t\t<\/div>\n\t\t\t\t<\/div>\n\t\t\t\t<\/a>\n\t\t<a class=\"elementor-element elementor-element-abfc100 e-con-full e-flex e-con e-child\" data-id=\"abfc100\" data-element_type=\"container\" data-settings=\"{&quot;background_background&quot;:&quot;classic&quot;}\" href=\"https:\/\/www.medicina.ufmg.br\/cpgmedicinamolecular\/linhas-de-pesquisa\/\">\n\t\t\t\t<div class=\"elementor-element elementor-element-c1765b6 elementor-widget elementor-widget-text-editor\" data-id=\"c1765b6\" data-element_type=\"widget\" data-widget_type=\"text-editor.default\">\n\t\t\t\t<div class=\"elementor-widget-container\">\n\t\t\t\t\t\t\t\t\t<p style=\"text-align: center;\"><span style=\"color: #ffffff;\"> SINALIZA\u00c7\u00c3O E COMUNICA\u00c7\u00c3O CELULAR\n<\/span><\/p>\t\t\t\t\t\t\t\t<\/div>\n\t\t\t\t<\/div>\n\t\t\t\t<\/a>\n\t\t\t\t\t<\/div>\n\t\t\t\t<\/div>\n\t\t<div class=\"elementor-element elementor-element-42180f5 e-flex e-con-boxed e-con e-parent\" data-id=\"42180f5\" data-element_type=\"container\" data-settings=\"{&quot;background_background&quot;:&quot;classic&quot;}\">\n\t\t\t\t\t<div class=\"e-con-inner\">\n\t\t<div class=\"elementor-element elementor-element-b5101d8 e-flex e-con-boxed e-con e-child\" data-id=\"b5101d8\" data-element_type=\"container\">\n\t\t\t\t\t<div class=\"e-con-inner\">\n\t\t<a class=\"elementor-element elementor-element-560f5f4 e-flex e-con-boxed e-con e-child\" data-id=\"560f5f4\" data-element_type=\"container\" data-settings=\"{&quot;background_background&quot;:&quot;classic&quot;}\" href=\"https:\/\/www.medicina.ufmg.br\/cpg\">\n\t\t\t\t\t<div class=\"e-con-inner\">\n\t\t\t\t<div class=\"elementor-element elementor-element-915b5ae elementor-widget elementor-widget-heading\" data-id=\"915b5ae\" data-element_type=\"widget\" data-widget_type=\"heading.default\">\n\t\t\t\t<div class=\"elementor-widget-container\">\n\t\t\t\t\t<h3 class=\"elementor-heading-title elementor-size-default\">CPG<\/h3>\t\t\t\t<\/div>\n\t\t\t\t<\/div>\n\t\t\t\t<div class=\"elementor-element elementor-element-a29458c elementor-widget elementor-widget-text-editor\" data-id=\"a29458c\" data-element_type=\"widget\" data-widget_type=\"text-editor.default\">\n\t\t\t\t<div class=\"elementor-widget-container\">\n\t\t\t\t\t\t\t\t\t<p><span style=\"color: #ffffff;\">Acesse o portal do Centro de P\u00f3s-Gradua\u00e7\u00e3o<\/span><\/p>\t\t\t\t\t\t\t\t<\/div>\n\t\t\t\t<\/div>\n\t\t\t\t\t<\/div>\n\t\t\t\t<\/a>\n\t\t<a class=\"elementor-element elementor-element-a1731a6 e-flex e-con-boxed e-con e-child\" data-id=\"a1731a6\" data-element_type=\"container\" data-settings=\"{&quot;background_background&quot;:&quot;classic&quot;}\" href=\"https:\/\/www.medicina.ufmg.br\/portal\/posgraduacao\/\">\n\t\t\t\t\t<div class=\"e-con-inner\">\n\t\t\t\t<div class=\"elementor-element elementor-element-c78f520 elementor-widget elementor-widget-heading\" data-id=\"c78f520\" data-element_type=\"widget\" data-widget_type=\"heading.default\">\n\t\t\t\t<div class=\"elementor-widget-container\">\n\t\t\t\t\t<h3 class=\"elementor-heading-title elementor-size-default\">NOT\u00cdCIAS DA P\u00d3S-GRADUA\u00c7\u00c3O<\/h3>\t\t\t\t<\/div>\n\t\t\t\t<\/div>\n\t\t\t\t<div class=\"elementor-element elementor-element-4a23505 elementor-widget elementor-widget-text-editor\" data-id=\"4a23505\" data-element_type=\"widget\" data-widget_type=\"text-editor.default\">\n\t\t\t\t<div class=\"elementor-widget-container\">\n\t\t\t\t\t\t\t\t\t<p><span style=\"color: #ffffff;\">Acompanhe not\u00edcias da P\u00f3s-Gradua\u00e7\u00e3o no portal da Faculdade de Medicina da UFMG<\/span><\/p>\t\t\t\t\t\t\t\t<\/div>\n\t\t\t\t<\/div>\n\t\t\t\t\t<\/div>\n\t\t\t\t<\/a>\n\t\t\t\t\t<\/div>\n\t\t\t\t<\/div>\n\t\t\t\t\t<\/div>\n\t\t\t\t<\/div>\n\t\t\t\t<\/div>\n\t\t","protected":false},"excerpt":{"rendered":"<p>P\u00f3s-Gradua\u00e7\u00e3o: Medicina Molecular (INCT-MM) O Programa de P\u00f3s Gradua\u00e7\u00e3o de Medicina Molecular (INCT-MM) tem por objetivo integrar a ci\u00eancia b\u00e1sica e tecnol\u00f3gica \u00e0 pr\u00e1tica cl\u00ednica, o que permite a investiga\u00e7\u00e3o de anormalidades moleculares e celulares espec\u00edficas relacionadas ao desenvolvimento de doen\u00e7as. Linhas de Pesquisa ABORDAGEM INTERDISCIPLINAR DO IDOSO BIOLOGIA MOLECULAR E CELULAR DE TOXINAS DOEN\u00c7AS [&hellip;]<\/p>\n","protected":false},"author":17,"featured_media":0,"parent":0,"menu_order":0,"comment_status":"closed","ping_status":"closed","template":"elementor_header_footer","meta":{"footnotes":""},"class_list":["post-11","page","type-page","status-publish","hentry"],"_links":{"self":[{"href":"https:\/\/www.medicina.ufmg.br\/cpgmedicinamolecular\/wp-json\/wp\/v2\/pages\/11","targetHints":{"allow":["GET"]}}],"collection":[{"href":"https:\/\/www.medicina.ufmg.br\/cpgmedicinamolecular\/wp-json\/wp\/v2\/pages"}],"about":[{"href":"https:\/\/www.medicina.ufmg.br\/cpgmedicinamolecular\/wp-json\/wp\/v2\/types\/page"}],"author":[{"embeddable":true,"href":"https:\/\/www.medicina.ufmg.br\/cpgmedicinamolecular\/wp-json\/wp\/v2\/users\/17"}],"replies":[{"embeddable":true,"href":"https:\/\/www.medicina.ufmg.br\/cpgmedicinamolecular\/wp-json\/wp\/v2\/comments?post=11"}],"version-history":[{"count":35,"href":"https:\/\/www.medicina.ufmg.br\/cpgmedicinamolecular\/wp-json\/wp\/v2\/pages\/11\/revisions"}],"predecessor-version":[{"id":1156,"href":"https:\/\/www.medicina.ufmg.br\/cpgmedicinamolecular\/wp-json\/wp\/v2\/pages\/11\/revisions\/1156"}],"wp:attachment":[{"href":"https:\/\/www.medicina.ufmg.br\/cpgmedicinamolecular\/wp-json\/wp\/v2\/media?parent=11"}],"curies":[{"name":"wp","href":"https:\/\/api.w.org\/{rel}","templated":true}]}}