
{"id":122,"date":"2016-12-29T13:36:06","date_gmt":"2016-12-29T13:36:06","guid":{"rendered":"https:\/\/www.medicina.ufmg.br\/cpgpspv\/?page_id=122"},"modified":"2025-02-26T17:08:09","modified_gmt":"2025-02-26T17:08:09","slug":"informacoes-gerais","status":"publish","type":"page","link":"https:\/\/www.medicina.ufmg.br\/cpgpspv\/informacoes-gerais\/","title":{"rendered":"Hist\u00f3ria, Vis\u00e3o Geral e Miss\u00e3o"},"content":{"rendered":"<p><span style=\"font-weight: 400;\">O MPPSPV\/FM\/UFMG \u00e9 um programa de p\u00f3s-gradua\u00e7\u00e3o de car\u00e1ter multiprofissional, interdisciplinar e intersetorial, vinculado ao Departamento de Medicina Preventiva e Social da Faculdade de Medicina da UFMG. Desde o in\u00edcio das suas atividades, em 2011, j\u00e1 formou cerca de 325 mestres em Promo\u00e7\u00e3o de Sa\u00fade e Preven\u00e7\u00e3o da Viol\u00eancia. Oferta, regularmente, 30 vagas anuais, distribu\u00eddas entre ampla concorr\u00eancia e candidatos que se autodeclaram negros (pretos ou pardos). Al\u00e9m dessas 30 vagas, tamb\u00e9m disponibiliza, anualmente, vagas para ind\u00edgenas e pessoas com defici\u00eancia.<\/span><\/p>\n<p><span style=\"font-weight: 400;\">Seu corpo docente congrega professores de diferentes \u00e1reas de conhecimento, com forte vincula\u00e7\u00e3o com as Pol\u00edticas P\u00fablicas de Sa\u00fade, Educa\u00e7\u00e3o, Assist\u00eancia social, Seguran\u00e7a P\u00fablica, Trabalho e Ambiente.<\/span><\/p>\n<p><span style=\"font-weight: 400;\">Em busca da promo\u00e7\u00e3o de sa\u00fade e preven\u00e7\u00e3o da viol\u00eancia, este programa de p\u00f3s gradua\u00e7\u00e3o tem como miss\u00e3o a integra\u00e7\u00e3o entre universidade, pol\u00edticas p\u00fablicas e a sociedade, oferecendo aos profissionais envolvidos aprendizado te\u00f3rico-metodol\u00f3gico, que os capacita a analisar de forma sistem\u00e1tica a realidade que conhecem no cotidiano de suas pr\u00e1ticas e nela intervir de modo fundamentado. <\/span><\/p>\n","protected":false},"excerpt":{"rendered":"<p>O MPPSPV\/FM\/UFMG \u00e9 um programa de p\u00f3s-gradua\u00e7\u00e3o de car\u00e1ter multiprofissional, interdisciplinar e intersetorial, vinculado ao Departamento de Medicina Preventiva e Social da Faculdade de Medicina da UFMG. Desde o in\u00edcio das suas atividades, em 2011, j\u00e1 formou cerca de 325 mestres em Promo\u00e7\u00e3o de Sa\u00fade e Preven\u00e7\u00e3o da Viol\u00eancia. Oferta, regularmente, 30 vagas anuais, distribu\u00eddas [&hellip;]<\/p>\n","protected":false},"author":17,"featured_media":0,"parent":0,"menu_order":0,"comment_status":"closed","ping_status":"closed","template":"","meta":{"footnotes":""},"class_list":["post-122","page","type-page","status-publish","hentry"],"_links":{"self":[{"href":"https:\/\/www.medicina.ufmg.br\/cpgpspv\/wp-json\/wp\/v2\/pages\/122","targetHints":{"allow":["GET"]}}],"collection":[{"href":"https:\/\/www.medicina.ufmg.br\/cpgpspv\/wp-json\/wp\/v2\/pages"}],"about":[{"href":"https:\/\/www.medicina.ufmg.br\/cpgpspv\/wp-json\/wp\/v2\/types\/page"}],"author":[{"embeddable":true,"href":"https:\/\/www.medicina.ufmg.br\/cpgpspv\/wp-json\/wp\/v2\/users\/17"}],"replies":[{"embeddable":true,"href":"https:\/\/www.medicina.ufmg.br\/cpgpspv\/wp-json\/wp\/v2\/comments?post=122"}],"version-history":[{"count":4,"href":"https:\/\/www.medicina.ufmg.br\/cpgpspv\/wp-json\/wp\/v2\/pages\/122\/revisions"}],"predecessor-version":[{"id":672,"href":"https:\/\/www.medicina.ufmg.br\/cpgpspv\/wp-json\/wp\/v2\/pages\/122\/revisions\/672"}],"wp:attachment":[{"href":"https:\/\/www.medicina.ufmg.br\/cpgpspv\/wp-json\/wp\/v2\/media?parent=122"}],"curies":[{"name":"wp","href":"https:\/\/api.w.org\/{rel}","templated":true}]}}