
{"id":140,"date":"2017-01-02T13:38:07","date_gmt":"2017-01-02T13:38:07","guid":{"rendered":"https:\/\/www.medicina.ufmg.br\/cpgpspv\/?page_id=140"},"modified":"2025-02-26T17:24:51","modified_gmt":"2025-02-26T17:24:51","slug":"autoridades","status":"publish","type":"page","link":"https:\/\/www.medicina.ufmg.br\/cpgpspv\/autoridades\/","title":{"rendered":"Autoridades"},"content":{"rendered":"<p><strong>Reitora<\/strong><\/p>\n<p><span style=\"font-weight: 400;\">Profa. Sandra Regina Goulart Almeida<\/span><\/p>\n<p><strong>Vice-Reitor<\/strong><\/p>\n<p><span style=\"font-weight: 400;\">Prof. Alessandro Fernandes Moreira<\/span><\/p>\n<p><strong>Pr\u00f3-reitora de P\u00f3s-gradua\u00e7\u00e3o<\/strong><\/p>\n<p><span style=\"font-weight: 400;\">Profa. Isabela Almeida Pordeus<\/span><\/p>\n<p><strong>Pr\u00f3-Reitor de Pesquisa<\/strong><\/p>\n<p><span style=\"font-weight: 400;\">Prof. Fernando Marcos dos Reis\u00a0\u00a0<\/span><\/p>\n<p><strong>Diretora da Faculdade de Medicina<\/strong><\/p>\n<p><span style=\"font-weight: 400;\">Profa. Alamanda Kfoury Pereira<\/span><\/p>\n<p><strong>Coordenadora do Centro de P\u00f3s-Gradua\u00e7\u00e3o<\/strong><\/p>\n<p><span style=\"font-weight: 400;\">Profa. Ana Cristina Sim\u00f5es e Silva<\/span><\/p>\n<p><strong>Subcoordenadora do Centro de P\u00f3s-Gradua\u00e7\u00e3o<\/strong><\/p>\n<p><span style=\"font-weight: 400;\">Profa. Teresa Cristina de Abreu Ferrari<\/span><\/p>\n<p><strong>Chefe do Departamento de Medicina Preventiva e Social<\/strong><\/p>\n<p><span style=\"font-weight: 400;\">Profa. Andr\u00e9a Maria Silveira<\/span><\/p>\n<p><strong>Subchefe do Departamento de Medicina Preventiva e Social<\/strong><\/p>\n<p><span style=\"font-weight: 400;\">Profa. Luana Giatti Gon\u00e7alves<\/span><\/p>\n<p><strong>Coordenadora do Programa de P\u00f3s-Gradua\u00e7\u00e3o em Promo\u00e7\u00e3o de Sa\u00fade e Preven\u00e7\u00e3o da Viol\u00eancia<\/strong><\/p>\n<p><span style=\"font-weight: 400;\">Profa. Jandira Maciel Silva<\/span><\/p>\n<p><strong>Subcoordenadora do P\u00f3s-Gradua\u00e7\u00e3o em Promo\u00e7\u00e3o de Sa\u00fade e Preven\u00e7\u00e3o da Viol\u00eancia<\/strong><\/p>\n<p><span style=\"font-weight: 400;\">Profa. Amanda Marcia dos Santos Reinaldo<\/span><\/p>\n","protected":false},"excerpt":{"rendered":"<p>Reitora Profa. Sandra Regina Goulart Almeida Vice-Reitor Prof. Alessandro Fernandes Moreira Pr\u00f3-reitora de P\u00f3s-gradua\u00e7\u00e3o Profa. Isabela Almeida Pordeus Pr\u00f3-Reitor de Pesquisa Prof. Fernando Marcos dos Reis\u00a0\u00a0 Diretora da Faculdade de Medicina Profa. Alamanda Kfoury Pereira Coordenadora do Centro de P\u00f3s-Gradua\u00e7\u00e3o Profa. Ana Cristina Sim\u00f5es e Silva Subcoordenadora do Centro de P\u00f3s-Gradua\u00e7\u00e3o Profa. Teresa Cristina de [&hellip;]<\/p>\n","protected":false},"author":17,"featured_media":0,"parent":0,"menu_order":0,"comment_status":"closed","ping_status":"closed","template":"","meta":{"footnotes":""},"class_list":["post-140","page","type-page","status-publish","hentry"],"_links":{"self":[{"href":"https:\/\/www.medicina.ufmg.br\/cpgpspv\/wp-json\/wp\/v2\/pages\/140","targetHints":{"allow":["GET"]}}],"collection":[{"href":"https:\/\/www.medicina.ufmg.br\/cpgpspv\/wp-json\/wp\/v2\/pages"}],"about":[{"href":"https:\/\/www.medicina.ufmg.br\/cpgpspv\/wp-json\/wp\/v2\/types\/page"}],"author":[{"embeddable":true,"href":"https:\/\/www.medicina.ufmg.br\/cpgpspv\/wp-json\/wp\/v2\/users\/17"}],"replies":[{"embeddable":true,"href":"https:\/\/www.medicina.ufmg.br\/cpgpspv\/wp-json\/wp\/v2\/comments?post=140"}],"version-history":[{"count":10,"href":"https:\/\/www.medicina.ufmg.br\/cpgpspv\/wp-json\/wp\/v2\/pages\/140\/revisions"}],"predecessor-version":[{"id":687,"href":"https:\/\/www.medicina.ufmg.br\/cpgpspv\/wp-json\/wp\/v2\/pages\/140\/revisions\/687"}],"wp:attachment":[{"href":"https:\/\/www.medicina.ufmg.br\/cpgpspv\/wp-json\/wp\/v2\/media?parent=140"}],"curies":[{"name":"wp","href":"https:\/\/api.w.org\/{rel}","templated":true}]}}