
{"id":174,"date":"2017-06-30T18:03:59","date_gmt":"2017-06-30T18:03:59","guid":{"rendered":"https:\/\/www.medicina.ufmg.br\/cpgpspv\/?page_id=174"},"modified":"2017-07-20T19:34:46","modified_gmt":"2017-07-20T19:34:46","slug":"producoes","status":"publish","type":"page","link":"https:\/\/www.medicina.ufmg.br\/cpgpspv\/producoes\/","title":{"rendered":"Produ\u00e7\u00f5es"},"content":{"rendered":"<p><a href=\"https:\/\/www.medicina.ufmg.br\/cpgpspv\/wp-content\/uploads\/sites\/48\/2017\/06\/Revista-M\u00e9dica-e-Minas-Gerais-05-de-julho-2017-20-07-2017.pdf\" target=\"_blank\" rel=\"noopener\">Volume 26 suplemento 8 da Revista Medica de Minas Gerais &#8211; Dezembro\/2016\u200b: Promo\u00e7\u00e3o da Sa\u00fade: Pot\u00eancia, Desafios e Efetiva\u00e7\u00e3o<\/a><br \/>\n<a href=\"https:\/\/www.medicina.ufmg.br\/cpgpspv\/wp-content\/uploads\/sites\/48\/2017\/06\/M\u00f3dulo-Para-Elas-vers\u00e3o-final-20-07-2017.pdf\" target=\"_blank\" rel=\"noopener\">M\u00f3dulo do Curso a Dist\u00e2ncia- Dezembro\/2016\u200b: Aten\u00e7\u00e3o Integral \u00e0 Sa\u00fade da Mulher em Situa\u00e7\u00e3o de Viol\u00eancia<\/a><\/p>\n<p><strong>Cole\u00e7\u00e3o Promo\u00e7\u00e3o de Sa\u00fade e Preven\u00e7\u00e3o da Viol\u00eancia<br \/>\n<\/strong><a href=\"https:\/\/www.medicina.ufmg.br\/nucleops\/wp-content\/uploads\/sites\/57\/2017\/06\/Elza-Volume-1-29-06-2017.pdf\" target=\"_blank\" rel=\"noopener noreferrer\">Volume 1 \u2013\u00a0Promo\u00e7\u00e3o de Sa\u00fade: Autonomia e Mudan\u00e7a<br \/>\n<\/a><a href=\"https:\/\/www.medicina.ufmg.br\/cpgpspv\/wp-content\/uploads\/sites\/48\/2017\/06\/Para-Elas-20-07-2017.pdf\" target=\"_blank\" rel=\"noopener noreferrer\">Volume 2 \u2013\u00a0Para Elas Por Elas, Por Eles, Por N\u00f3s<\/a><\/p>\n","protected":false},"excerpt":{"rendered":"<p>Volume 26 suplemento 8 da Revista Medica de Minas Gerais &#8211; Dezembro\/2016\u200b: Promo\u00e7\u00e3o da Sa\u00fade: Pot\u00eancia, Desafios e Efetiva\u00e7\u00e3o M\u00f3dulo do Curso a Dist\u00e2ncia- Dezembro\/2016\u200b: Aten\u00e7\u00e3o Integral \u00e0 Sa\u00fade da Mulher em Situa\u00e7\u00e3o de Viol\u00eancia Cole\u00e7\u00e3o Promo\u00e7\u00e3o de Sa\u00fade e Preven\u00e7\u00e3o da Viol\u00eancia Volume 1 \u2013\u00a0Promo\u00e7\u00e3o de Sa\u00fade: Autonomia e Mudan\u00e7a Volume 2 \u2013\u00a0Para Elas [&hellip;]<\/p>\n","protected":false},"author":33,"featured_media":0,"parent":0,"menu_order":0,"comment_status":"closed","ping_status":"closed","template":"","meta":{"footnotes":""},"class_list":["post-174","page","type-page","status-publish","hentry"],"_links":{"self":[{"href":"https:\/\/www.medicina.ufmg.br\/cpgpspv\/wp-json\/wp\/v2\/pages\/174","targetHints":{"allow":["GET"]}}],"collection":[{"href":"https:\/\/www.medicina.ufmg.br\/cpgpspv\/wp-json\/wp\/v2\/pages"}],"about":[{"href":"https:\/\/www.medicina.ufmg.br\/cpgpspv\/wp-json\/wp\/v2\/types\/page"}],"author":[{"embeddable":true,"href":"https:\/\/www.medicina.ufmg.br\/cpgpspv\/wp-json\/wp\/v2\/users\/33"}],"replies":[{"embeddable":true,"href":"https:\/\/www.medicina.ufmg.br\/cpgpspv\/wp-json\/wp\/v2\/comments?post=174"}],"version-history":[{"count":5,"href":"https:\/\/www.medicina.ufmg.br\/cpgpspv\/wp-json\/wp\/v2\/pages\/174\/revisions"}],"predecessor-version":[{"id":187,"href":"https:\/\/www.medicina.ufmg.br\/cpgpspv\/wp-json\/wp\/v2\/pages\/174\/revisions\/187"}],"wp:attachment":[{"href":"https:\/\/www.medicina.ufmg.br\/cpgpspv\/wp-json\/wp\/v2\/media?parent=174"}],"curies":[{"name":"wp","href":"https:\/\/api.w.org\/{rel}","templated":true}]}}