
{"id":202,"date":"2018-04-24T15:36:16","date_gmt":"2018-04-24T15:36:16","guid":{"rendered":"https:\/\/www.medicina.ufmg.br\/cpgpspv\/?page_id=202"},"modified":"2018-04-24T15:36:16","modified_gmt":"2018-04-24T15:36:16","slug":"processo-seletivo-2015","status":"publish","type":"page","link":"https:\/\/www.medicina.ufmg.br\/cpgpspv\/processo-seletivo-2015\/","title":{"rendered":"Processo Seletivo 2015"},"content":{"rendered":"<p>&nbsp;<\/p>\n<p><a href=\"http:\/\/ftp.medicina.ufmg.br\/cpg\/programas\/pspv\/2015\/ResultadoGeral20152_07_07_2015.pdf\" target=\"_blank\" rel=\"noopener noreferrer\">Resultado Final \u2013 GERAL<\/a>* atualizado em 07\/07\/2015<\/p>\n<p><a href=\"http:\/\/ftp.medicina.ufmg.br\/cpg\/programas\/pspv\/2015\/Resultadofinalaprovadoseclassificados2015_03_07_2015.pdf\" target=\"_blank\" rel=\"noopener noreferrer\">Resultado Final\u00a0<\/a>* atualizado em 03\/07\/2015<\/p>\n<p><a href=\"http:\/\/ftp.medicina.ufmg.br\/cpg\/programas\/pspv\/2015\/comunicadoimportante_30_06_2015.pdf\" target=\"_blank\" rel=\"noopener noreferrer\">Comunicado Importante \u2013 Resultado Final<\/a>* atualizado em 30\/06\/2015<\/p>\n<p><a href=\"http:\/\/ftp.medicina.ufmg.br\/cpg\/programas\/pspv\/2015\/notasProva_15_06_2015.pdf\" target=\"_blank\" rel=\"noopener noreferrer\">Resultado da 1\u00aa Etapa<\/a>* atualizado em 15\/06\/2015<\/p>\n<p><a href=\"http:\/\/ftp.medicina.ufmg.br\/cpg\/programas\/pspv\/2015\/Declaracaoinexistenciadeimpedimento2015_01_06_2015.pdf\" target=\"_blank\" rel=\"noopener noreferrer\">Declara\u00e7\u00e3o de Banca Examinadora de Sele\u00e7\u00e3o (impedimento ou suspei\u00e7\u00e3o)<\/a>* atualizado em 01\/06\/2015<\/p>\n<p><strong>LOCAL E HOR\u00c1RIO DE PROVA<\/strong><\/p>\n<p>Local de Prova: Faculdade de Medicina<br \/>\nOs candidatos inscritos do n\u00famero 001 a 040 = sala268<br \/>\nOs candidatos inscritos do n\u00famero 041 a 085 = sala 150<\/p>\n<p><strong>DIA 29\/05\/2015 \u2013 SEXTA-FEIRA<\/strong><br \/>\nHOR\u00c1RIO DE 9H AS 12H<\/p>\n<p><a href=\"http:\/\/ftp.medicina.ufmg.br\/cpg\/programas\/pspv\/2015\/formulario-07042015.xls\" target=\"_blank\" rel=\"noopener noreferrer\">FORMUL\u00c1RIO DE INSCRI\u00c7\u00c3O 2015\/2\u00a0<\/a>* atualizado em 07\/04\/2015<\/p>\n<p><a href=\"http:\/\/ftp.medicina.ufmg.br\/cpg\/programas\/pspv\/2015\/retificacao_14042015.pdf\" target=\"_blank\" rel=\"noopener noreferrer\">RETIFICA\u00c7\u00c3O EDITAL MESTRADO 2015\/2<\/a>* atualizado em 14\/04\/2015<\/p>\n<p><a href=\"http:\/\/ftp.medicina.ufmg.br\/cpg\/programas\/pspv\/2015\/edital-07042015.pdf\" target=\"_blank\" rel=\"noopener noreferrer\">EDITAL MESTRADO 2015\/2\u00a0<\/a>* atualizado em 07\/04\/2015<\/p>\n","protected":false},"excerpt":{"rendered":"<p>&nbsp; Resultado Final \u2013 GERAL* atualizado em 07\/07\/2015 Resultado Final\u00a0* atualizado em 03\/07\/2015 Comunicado Importante \u2013 Resultado Final* atualizado em 30\/06\/2015 Resultado da 1\u00aa Etapa* atualizado em 15\/06\/2015 Declara\u00e7\u00e3o de Banca Examinadora de Sele\u00e7\u00e3o (impedimento ou suspei\u00e7\u00e3o)* atualizado em 01\/06\/2015 LOCAL E HOR\u00c1RIO DE PROVA Local de Prova: Faculdade de Medicina Os candidatos inscritos do [&hellip;]<\/p>\n","protected":false},"author":17,"featured_media":0,"parent":0,"menu_order":0,"comment_status":"closed","ping_status":"closed","template":"","meta":{"footnotes":""},"class_list":["post-202","page","type-page","status-publish","hentry"],"_links":{"self":[{"href":"https:\/\/www.medicina.ufmg.br\/cpgpspv\/wp-json\/wp\/v2\/pages\/202","targetHints":{"allow":["GET"]}}],"collection":[{"href":"https:\/\/www.medicina.ufmg.br\/cpgpspv\/wp-json\/wp\/v2\/pages"}],"about":[{"href":"https:\/\/www.medicina.ufmg.br\/cpgpspv\/wp-json\/wp\/v2\/types\/page"}],"author":[{"embeddable":true,"href":"https:\/\/www.medicina.ufmg.br\/cpgpspv\/wp-json\/wp\/v2\/users\/17"}],"replies":[{"embeddable":true,"href":"https:\/\/www.medicina.ufmg.br\/cpgpspv\/wp-json\/wp\/v2\/comments?post=202"}],"version-history":[{"count":1,"href":"https:\/\/www.medicina.ufmg.br\/cpgpspv\/wp-json\/wp\/v2\/pages\/202\/revisions"}],"predecessor-version":[{"id":203,"href":"https:\/\/www.medicina.ufmg.br\/cpgpspv\/wp-json\/wp\/v2\/pages\/202\/revisions\/203"}],"wp:attachment":[{"href":"https:\/\/www.medicina.ufmg.br\/cpgpspv\/wp-json\/wp\/v2\/media?parent=202"}],"curies":[{"name":"wp","href":"https:\/\/api.w.org\/{rel}","templated":true}]}}