
{"id":204,"date":"2018-04-24T15:37:18","date_gmt":"2018-04-24T15:37:18","guid":{"rendered":"https:\/\/www.medicina.ufmg.br\/cpgpspv\/?page_id=204"},"modified":"2018-04-24T15:37:18","modified_gmt":"2018-04-24T15:37:18","slug":"processo-seletivo-2016","status":"publish","type":"page","link":"https:\/\/www.medicina.ufmg.br\/cpgpspv\/processo-seletivo-2016\/","title":{"rendered":"Processo Seletivo 2016"},"content":{"rendered":"<p>&nbsp;<\/p>\n<p><a href=\"https:\/\/www.medicina.ufmg.br\/cpgpspv\/wp-content\/uploads\/sites\/48\/2016\/03\/Resultado-Final-2016-24-06-2016.pdf\" target=\"_blank\" rel=\"noopener noreferrer\">Resultado Final<\/a><\/p>\n<p><a href=\"https:\/\/www.medicina.ufmg.br\/cpgpspv\/wp-content\/uploads\/sites\/48\/2016\/03\/Promocao_Saude_Prevencao_Violencia_MP_17jun2016_Alteracao_2-17-06-2016.pdf\" target=\"_blank\" rel=\"noopener noreferrer\">Comunicado \u2013 Altera\u00e7\u00e3o data de resultado<\/a><\/p>\n<p><a href=\"https:\/\/www.medicina.ufmg.br\/cpgpspv\/wp-content\/uploads\/sites\/48\/2016\/03\/Resultadoprimeiraetapa-03-06-2016.pdf\" target=\"_blank\" rel=\"noopener noreferrer\">Resultado \u2013 Primeira Etapa<\/a><\/p>\n<p><a href=\"https:\/\/www.medicina.ufmg.br\/cpgpspv\/wp-content\/uploads\/sites\/48\/2016\/03\/Altera%C3%A7%C3%A3o.pdf\">Comunicado \u2013 Altera\u00e7\u00e3o data de resultado<\/a><\/p>\n<p><a href=\"https:\/\/www.medicina.ufmg.br\/cpgpspv\/wp-content\/uploads\/sites\/48\/2016\/03\/Declaracaoinexistenciadeimpedimentooususpeicao.pdf\" target=\"_blank\" rel=\"noopener noreferrer\">Declara\u00e7\u00e3o de inexist\u00eancia de impedimento ou suspei\u00e7\u00e3o dos membros da Banca Examinadora mestrado\u00a0<\/a>\u00a0*atualizado em 18\/05\/2016<\/p>\n<p><a href=\"https:\/\/www.medicina.ufmg.br\/cpgpspv\/wp-content\/uploads\/sites\/48\/2016\/03\/Localdeprova09052016.pdf\">Local e Hor\u00e1rio da Prova<\/a>\u00a0*atualizado em 09\/05\/2016<\/p>\n<p><a href=\"https:\/\/www.medicina.ufmg.br\/cpgpspv\/wp-content\/uploads\/sites\/48\/2016\/03\/promocao04042016.pdf\">Edital Mestrado 2016\/2<\/a>\u00a0* atualizado em 04\/04\/2016<\/p>\n<p><a href=\"http:\/\/ftp.medicina.ufmg.br\/cpg\/formularios\/formulario06042016.xls\" target=\"_blank\" rel=\"noopener noreferrer\">Formul\u00e1rio de inscri\u00e7\u00e3o 2016\/2\u00a0<\/a>* atualizado em 06\/04\/2016<\/p>\n","protected":false},"excerpt":{"rendered":"<p>&nbsp; Resultado Final Comunicado \u2013 Altera\u00e7\u00e3o data de resultado Resultado \u2013 Primeira Etapa Comunicado \u2013 Altera\u00e7\u00e3o data de resultado Declara\u00e7\u00e3o de inexist\u00eancia de impedimento ou suspei\u00e7\u00e3o dos membros da Banca Examinadora mestrado\u00a0\u00a0*atualizado em 18\/05\/2016 Local e Hor\u00e1rio da Prova\u00a0*atualizado em 09\/05\/2016 Edital Mestrado 2016\/2\u00a0* atualizado em 04\/04\/2016 Formul\u00e1rio de inscri\u00e7\u00e3o 2016\/2\u00a0* atualizado em 06\/04\/2016<\/p>\n","protected":false},"author":17,"featured_media":0,"parent":0,"menu_order":0,"comment_status":"closed","ping_status":"closed","template":"","meta":{"footnotes":""},"class_list":["post-204","page","type-page","status-publish","hentry"],"_links":{"self":[{"href":"https:\/\/www.medicina.ufmg.br\/cpgpspv\/wp-json\/wp\/v2\/pages\/204","targetHints":{"allow":["GET"]}}],"collection":[{"href":"https:\/\/www.medicina.ufmg.br\/cpgpspv\/wp-json\/wp\/v2\/pages"}],"about":[{"href":"https:\/\/www.medicina.ufmg.br\/cpgpspv\/wp-json\/wp\/v2\/types\/page"}],"author":[{"embeddable":true,"href":"https:\/\/www.medicina.ufmg.br\/cpgpspv\/wp-json\/wp\/v2\/users\/17"}],"replies":[{"embeddable":true,"href":"https:\/\/www.medicina.ufmg.br\/cpgpspv\/wp-json\/wp\/v2\/comments?post=204"}],"version-history":[{"count":1,"href":"https:\/\/www.medicina.ufmg.br\/cpgpspv\/wp-json\/wp\/v2\/pages\/204\/revisions"}],"predecessor-version":[{"id":205,"href":"https:\/\/www.medicina.ufmg.br\/cpgpspv\/wp-json\/wp\/v2\/pages\/204\/revisions\/205"}],"wp:attachment":[{"href":"https:\/\/www.medicina.ufmg.br\/cpgpspv\/wp-json\/wp\/v2\/media?parent=204"}],"curies":[{"name":"wp","href":"https:\/\/api.w.org\/{rel}","templated":true}]}}