
{"id":206,"date":"2018-04-24T15:39:08","date_gmt":"2018-04-24T15:39:08","guid":{"rendered":"https:\/\/www.medicina.ufmg.br\/cpgpspv\/?page_id=206"},"modified":"2018-04-24T15:39:08","modified_gmt":"2018-04-24T15:39:08","slug":"processo-seletivo-2017","status":"publish","type":"page","link":"https:\/\/www.medicina.ufmg.br\/cpgpspv\/processo-seletivo-2017\/","title":{"rendered":"Processo Seletivo 2017"},"content":{"rendered":"<p>&nbsp;<\/p>\n<p><a href=\"https:\/\/www.medicina.ufmg.br\/cpgpspv\/wp-content\/uploads\/sites\/48\/2016\/03\/Resultado-Final.pdf\">Resultado Final<\/a><\/p>\n<p><strong>A COORDENA\u00c7\u00c3O DO MESTRADO PROFISSIONAL EM PROMO\u00c7\u00c3O DA SA\u00daDE E PREVEN\u00c7\u00c3O DA VIOL\u00caNCIA COMUNICA ALTERA\u00c7\u00c3O NAS DATAS DO EDITAL DO PROCESSO SELETIVO 2017.<\/strong><\/p>\n<p><a href=\"https:\/\/www.medicina.ufmg.br\/cpgpspv\/wp-content\/uploads\/sites\/48\/2016\/03\/alteracaodatasedital.pdf\">Altera\u00e7\u00e3o das datas\u00a0<\/a><\/p>\n<p><strong>A COORDENA\u00c7\u00c3O DO MESTRADO PROFISSIONAL, PROMO\u00c7\u00c3O DE SA\u00daDE E PREVEN\u00c7\u00c3O DA VIOL\u00caNCIA INFORMA QUE\u00a0O RESULTADO DA PRIMEIRA ETAPA DO PROCESSO SELETIVO 2017 FOI PRORROGADO PARA O DIA 22\/06\/2017.<br \/>\n<\/strong><\/p>\n<p><a href=\"https:\/\/www.medicina.ufmg.br\/cpgpspv\/wp-content\/uploads\/sites\/48\/2016\/03\/Resultado1Etapa-23062017.pdf\">Resultado 1\u00aa etapa<\/a><\/p>\n<p><a href=\"https:\/\/www.medicina.ufmg.br\/cpgpspv\/wp-content\/uploads\/sites\/48\/2016\/03\/Altera%C3%A7%C3%A3o-de-data-divulga%C3%A7%C3%A3o-data-do-edital-22-06-2017.pdf\" target=\"_blank\" rel=\"noopener noreferrer\">Clique aqui<\/a>\u00a0para ver comunicado completo.<\/p>\n<p><a href=\"https:\/\/www.medicina.ufmg.br\/cpgpspv\/wp-content\/uploads\/sites\/48\/2016\/03\/retificacao.pdf\">Comunicado \u2013 Altera\u00e7\u00e3o data de resultado 1\u00aa etapa Processo Seletivo 2017\/2<\/a><\/p>\n<p><a href=\"https:\/\/www.medicina.ufmg.br\/cpgpspv\/wp-content\/uploads\/sites\/48\/2016\/03\/LOCAL-DE-PROVA.pdf\">Local e Hor\u00e1rio da Prova dia 30\/05\/2017<\/a><\/p>\n<p><a href=\"https:\/\/www.medicina.ufmg.br\/cpgpspv\/wp-content\/uploads\/sites\/48\/2016\/03\/EDITAL-Promocao_Saude_Prevencao_Violencia-MESTRADO_03_abril_2017-1-1.pdf\">Edital Processo Seletivo 2017<\/a><\/p>\n<p><a href=\"http:\/\/ftp.medicina.ufmg.br\/cpg\/arquivos\/2017\/formulario11042017.xls\">Formul\u00e1rio de inscri\u00e7\u00e3o 2017\/2<\/a><\/p>\n<p>Distribui\u00e7\u00e3o de candidatos por sala:\u00a0<a href=\"https:\/\/www.medicina.ufmg.br\/cpgpspv\/wp-content\/uploads\/sites\/48\/2016\/03\/Distritui%C3%A7%C3%A3o-de-candidatos-por-sala-Prova-Escrita-PSPV-SALA-146-SUBSOLO-29-05-2017.pdf\" target=\"_blank\" rel=\"noopener noreferrer\">(0146 \u2013 subsolo) do C\u00d3DIGO PSPV001 ao C\u00d3DIGO PSPV063<br \/>\n<\/a>*atualizado em 29\/05\/2017<a href=\"https:\/\/www.medicina.ufmg.br\/cpgpspv\/wp-content\/uploads\/sites\/48\/2016\/03\/Distritui%C3%A7%C3%A3o-de-candidatos-por-sala-Prova-Escrita-PSPV-SALA-146-SUBSOLO-25-05-2017.pdf\" target=\"_blank\" rel=\"noopener noreferrer\"><br \/>\n<\/a><\/p>\n<p>Distribui\u00e7\u00e3o de candidatos por sala:\u00a0<a href=\"https:\/\/www.medicina.ufmg.br\/cpgpspv\/wp-content\/uploads\/sites\/48\/2016\/03\/Distritui%C3%A7%C3%A3o-de-candidatos-por-sala-Prova-Escrita-PSPV-SALA-018-T%C3%89RREO-29-05-2017.pdf\" target=\"_blank\" rel=\"noopener noreferrer\">(018 \u2013 t\u00e9rreo) do C\u00d3DIGO PSPV064 ao C\u00d3DIGO PSPV126<br \/>\n<\/a>*atualizado em 29\/05\/2017<\/p>\n","protected":false},"excerpt":{"rendered":"<p>&nbsp; Resultado Final A COORDENA\u00c7\u00c3O DO MESTRADO PROFISSIONAL EM PROMO\u00c7\u00c3O DA SA\u00daDE E PREVEN\u00c7\u00c3O DA VIOL\u00caNCIA COMUNICA ALTERA\u00c7\u00c3O NAS DATAS DO EDITAL DO PROCESSO SELETIVO 2017. Altera\u00e7\u00e3o das datas\u00a0 A COORDENA\u00c7\u00c3O DO MESTRADO PROFISSIONAL, PROMO\u00c7\u00c3O DE SA\u00daDE E PREVEN\u00c7\u00c3O DA VIOL\u00caNCIA INFORMA QUE\u00a0O RESULTADO DA PRIMEIRA ETAPA DO PROCESSO SELETIVO 2017 FOI PRORROGADO PARA O [&hellip;]<\/p>\n","protected":false},"author":17,"featured_media":0,"parent":0,"menu_order":0,"comment_status":"closed","ping_status":"closed","template":"","meta":{"footnotes":""},"class_list":["post-206","page","type-page","status-publish","hentry"],"_links":{"self":[{"href":"https:\/\/www.medicina.ufmg.br\/cpgpspv\/wp-json\/wp\/v2\/pages\/206","targetHints":{"allow":["GET"]}}],"collection":[{"href":"https:\/\/www.medicina.ufmg.br\/cpgpspv\/wp-json\/wp\/v2\/pages"}],"about":[{"href":"https:\/\/www.medicina.ufmg.br\/cpgpspv\/wp-json\/wp\/v2\/types\/page"}],"author":[{"embeddable":true,"href":"https:\/\/www.medicina.ufmg.br\/cpgpspv\/wp-json\/wp\/v2\/users\/17"}],"replies":[{"embeddable":true,"href":"https:\/\/www.medicina.ufmg.br\/cpgpspv\/wp-json\/wp\/v2\/comments?post=206"}],"version-history":[{"count":1,"href":"https:\/\/www.medicina.ufmg.br\/cpgpspv\/wp-json\/wp\/v2\/pages\/206\/revisions"}],"predecessor-version":[{"id":207,"href":"https:\/\/www.medicina.ufmg.br\/cpgpspv\/wp-json\/wp\/v2\/pages\/206\/revisions\/207"}],"wp:attachment":[{"href":"https:\/\/www.medicina.ufmg.br\/cpgpspv\/wp-json\/wp\/v2\/media?parent=206"}],"curies":[{"name":"wp","href":"https:\/\/api.w.org\/{rel}","templated":true}]}}