
{"id":208,"date":"2018-04-24T15:40:26","date_gmt":"2018-04-24T15:40:26","guid":{"rendered":"https:\/\/www.medicina.ufmg.br\/cpgpspv\/?page_id=208"},"modified":"2018-07-11T13:58:15","modified_gmt":"2018-07-11T13:58:15","slug":"processo-seletivo-2018","status":"publish","type":"page","link":"https:\/\/www.medicina.ufmg.br\/cpgpspv\/processo-seletivo-2018\/","title":{"rendered":"Processo Seletivo 2018"},"content":{"rendered":"<p>&nbsp;<\/p>\n<p><strong>Segundo Semestre<\/strong><\/p>\n<h2>Mestrado<\/h2>\n<p><a href=\"https:\/\/www.medicina.ufmg.br\/cpgpspv\/wp-content\/uploads\/sites\/48\/2018\/07\/RESULTADO-FINAL-PSPV.pdf\"> Resultado Final<\/a><\/p>\n<p><a href=\"https:\/\/www.medicina.ufmg.br\/cpgpspv\/wp-content\/uploads\/sites\/48\/2018\/07\/Adiamento-resultado-final-PSPV.pdf\">Nova data de divulga\u00e7\u00e3o do Resultado Final Processo Seletivo do Mestrado<\/a><\/p>\n<p><a href=\"https:\/\/www.medicina.ufmg.br\/cpgpspv\/wp-content\/uploads\/sites\/48\/2018\/07\/Prorroga\u00e7\u00e3o-resultado-Final-Processo-Seletivo-PSPV.pdf\">Nova data de divulga\u00e7\u00e3o do Resultado Final Processo Seletivo do Mestrado<\/a><\/p>\n<p><a href=\"https:\/\/www.medicina.ufmg.br\/cpgpspv\/wp-content\/uploads\/sites\/48\/2018\/06\/Resultado-1-etapa-PDF.pdf\">Resultado da Primeira Etapa do Processo Seletivo<\/a><\/p>\n<p><a href=\"https:\/\/www.medicina.ufmg.br\/cpgpspv\/wp-content\/uploads\/sites\/48\/2018\/06\/Prorroga\u00e7\u00e3o-resultado-1\u00aa-Etapa-Processo-Seletivo-PSPV.pdf\">Nova data de divulga\u00e7\u00e3o da primeira etapa<\/a><\/p>\n<p><a href=\"https:\/\/www.medicina.ufmg.br\/cpgpspv\/wp-content\/uploads\/sites\/48\/2018\/06\/RELA\u00c7\u00c3O-DE-CANDIDATO-POR-SALA-2\u00ba-andar-sala-268-Faculdade-de-Medcina.pdf\" target=\"_blank\" rel=\"noopener\">Rela\u00e7\u00e3o de candidatos por sala &#8211;\u00a0 2\u00ba andar sala 268<\/a><\/p>\n<p><a href=\"https:\/\/www.medicina.ufmg.br\/cpgpspv\/wp-content\/uploads\/sites\/48\/2018\/06\/RELA\u00c7\u00c3O-DE-CANDIDATOS-POR-SALA-andar-terreo-sala-150-Faculdade-de-Medicna.pdf\" target=\"_blank\" rel=\"noopener\">Rela\u00e7\u00e3o de candidatos por sala &#8211;\u00a0Andar t\u00e9rreo sala 150<\/a><\/p>\n<p><a href=\"https:\/\/www.medicina.ufmg.br\/cpgpspv\/wp-content\/uploads\/sites\/48\/2018\/04\/Edital-Mest.Prof_.PSPV_.-2018_-finalizado-1.pdf\">Edital<\/a><\/p>\n<p><a href=\"http:\/\/ftp.medicina.ufmg.br\/cpg\/arquivos\/2018\/Formulario%20inscricaoPSPV2018-2.xls\">Formul\u00e1rio de Inscri\u00e7\u00e3o<\/a><\/p>\n<p><a href=\"https:\/\/www.medicina.ufmg.br\/cpgpspv\/wp-content\/uploads\/sites\/48\/2018\/04\/Autodeclaracao.pdf\">Autodeclara\u00e7\u00e3o \u00c9tnico-Racial<\/a><\/p>\n<p><a href=\"https:\/\/www.medicina.ufmg.br\/cpgpspv\/wp-content\/uploads\/sites\/48\/2018\/06\/AGENDAMENTO-PROVA-PSPV.pdf\">Agendamento Prova<\/a><\/p>\n","protected":false},"excerpt":{"rendered":"<p>&nbsp; Segundo Semestre Mestrado Resultado Final Nova data de divulga\u00e7\u00e3o do Resultado Final Processo Seletivo do Mestrado Nova data de divulga\u00e7\u00e3o do Resultado Final Processo Seletivo do Mestrado Resultado da Primeira Etapa do Processo Seletivo Nova data de divulga\u00e7\u00e3o da primeira etapa Rela\u00e7\u00e3o de candidatos por sala &#8211;\u00a0 2\u00ba andar sala 268 Rela\u00e7\u00e3o de candidatos [&hellip;]<\/p>\n","protected":false},"author":17,"featured_media":0,"parent":0,"menu_order":0,"comment_status":"closed","ping_status":"closed","template":"","meta":{"footnotes":""},"class_list":["post-208","page","type-page","status-publish","hentry"],"_links":{"self":[{"href":"https:\/\/www.medicina.ufmg.br\/cpgpspv\/wp-json\/wp\/v2\/pages\/208","targetHints":{"allow":["GET"]}}],"collection":[{"href":"https:\/\/www.medicina.ufmg.br\/cpgpspv\/wp-json\/wp\/v2\/pages"}],"about":[{"href":"https:\/\/www.medicina.ufmg.br\/cpgpspv\/wp-json\/wp\/v2\/types\/page"}],"author":[{"embeddable":true,"href":"https:\/\/www.medicina.ufmg.br\/cpgpspv\/wp-json\/wp\/v2\/users\/17"}],"replies":[{"embeddable":true,"href":"https:\/\/www.medicina.ufmg.br\/cpgpspv\/wp-json\/wp\/v2\/comments?post=208"}],"version-history":[{"count":13,"href":"https:\/\/www.medicina.ufmg.br\/cpgpspv\/wp-json\/wp\/v2\/pages\/208\/revisions"}],"predecessor-version":[{"id":236,"href":"https:\/\/www.medicina.ufmg.br\/cpgpspv\/wp-json\/wp\/v2\/pages\/208\/revisions\/236"}],"wp:attachment":[{"href":"https:\/\/www.medicina.ufmg.br\/cpgpspv\/wp-json\/wp\/v2\/media?parent=208"}],"curies":[{"name":"wp","href":"https:\/\/api.w.org\/{rel}","templated":true}]}}