
{"id":364,"date":"2020-07-23T14:55:46","date_gmt":"2020-07-23T14:55:46","guid":{"rendered":"https:\/\/www.medicina.ufmg.br\/cpgpspv\/?page_id=364"},"modified":"2020-11-19T19:38:12","modified_gmt":"2020-11-19T19:38:12","slug":"processo-seletivo-2020","status":"publish","type":"page","link":"https:\/\/www.medicina.ufmg.br\/cpgpspv\/processo-seletivo-2020\/","title":{"rendered":"Processo Seletivo 2020"},"content":{"rendered":"\n<p><a href=\"https:\/\/www.medicina.ufmg.br\/cpgpspv\/wp-content\/uploads\/sites\/48\/2020\/10\/Prorroga\u00e7\u00e3o-Entrevistas-Processo-Seletivo-PSPV-2020.pdf\">Prorroga\u00e7\u00e3o Entrevistas<\/a><\/p>\n\n\n\n<p><a href=\"https:\/\/www.medicina.ufmg.br\/cpgpspv\/wp-content\/uploads\/sites\/48\/2020\/10\/NOVA-ESCALA-DE-ENTREVISTA.pdf\">Nova Escala de Entrevista<\/a><\/p>\n\n\n\n<p><a href=\"https:\/\/www.medicina.ufmg.br\/cpgpspv\/wp-content\/uploads\/sites\/48\/2020\/11\/NOVO-LINK-PARA-TESTE-DE-CONECTIVIDADE-E-ENTREVISTAS-pdf-3.pdf\"> Novo Link de acesso para&nbsp; testes de conectividade e entrevistas&nbsp; <\/a><\/p>\n\n\n\n<p><a href=\"https:\/\/www.medicina.ufmg.br\/cpgpspv\/wp-content\/uploads\/sites\/48\/2020\/10\/Candidatos-classificados-Entrevistas.pdf\">Classificados Entrevistas<\/a><\/p>\n\n\n\n<p><a href=\"https:\/\/www.medicina.ufmg.br\/cpgpspv\/wp-content\/uploads\/sites\/48\/2020\/10\/Prorroga\u00e7\u00e3o-PROCESO-SELETIVO-PSPV-2020-Nova-retifica\u00e7\u00e3o.pdf\">Nova retifica\u00e7\u00e3o &#8211; Prorroga\u00e7\u00e3o processo seletivo<\/a><\/p>\n\n\n\n<p><a href=\"https:\/\/www.medicina.ufmg.br\/cpgpspv\/wp-content\/uploads\/sites\/48\/2020\/10\/Nova-data-para-resultados-da-segunda-etapa-do-processo-seletivo-PSPV-2020.pdf\">Nova data para resultados da segunda etapa do processo seletivo <\/a><\/p>\n\n\n\n<p><a href=\"https:\/\/www.medicina.ufmg.br\/cpgpspv\/wp-content\/uploads\/sites\/48\/2020\/10\/Prorroga\u00e7\u00e3o-PROCESO-SELETIVO-PSPV-2020-retificado.pdf\">Retifica\u00e7\u00e3o de prorroga\u00e7\u00e3o<\/a><\/p>\n\n\n\n<p><a href=\"https:\/\/www.medicina.ufmg.br\/cpgpspv\/wp-content\/uploads\/sites\/48\/2020\/09\/Prorroga%C3%A7%C3%A3o-PROCESO-SELETIVO-PSPV-2020.pdf\">Prorroga\u00e7\u00e3o Processo Seletivo \u2013 Saiba mais<\/a><\/p>\n\n\n\n<p><a href=\"http:\/\/ftp.medicina.ufmg.br\/cpg\/programas\/pspv\/2020\/Edital%20Regular%20final2020.pdf\">Edital Regular<\/a><br><a href=\"https:\/\/www.medicina.ufmg.br\/cpgpspv\/wp-content\/uploads\/sites\/48\/2020\/09\/DEFERIMENTO-Inscri%C3%A7%C3%B5es-2020.pdf\">Deferimento<\/a><br><a href=\"http:\/\/ftp.medicina.ufmg.br\/cpg\/programas\/pspv\/2020\/Formulario-Regular%20-PSPV-2020.xls\">Formul\u00e1rio de Inscri\u00e7\u00e3o<\/a><br><a href=\"http:\/\/ftp.medicina.ufmg.br\/cpg\/programas\/pspv\/2020\/3-Autodeclara%C3%A7%C3%A3o-Etnico-Racia.pdf\">Autodeclara\u00e7\u00e3o \u00c9tnico Racial<\/a><br><a rel=\"noreferrer noopener\" href=\"https:\/\/www.medicina.ufmg.br\/cpgpspv\/wp-content\/uploads\/sites\/48\/2020\/10\/Declara%C3%A7%C3%A3o-de-inexist%C3%AAncia-de-impedimento-ou-suspei%C3%A7%C3%A3o.pdf\" target=\"_blank\">Declara\u00e7\u00e3o de inexist\u00eancia de impedimento ou suspei\u00e7\u00e3o<\/a><br><a rel=\"noreferrer noopener\" aria-label=\"Resultado final (abre numa nova aba)\" href=\"https:\/\/www.medicina.ufmg.br\/cpgpspv\/wp-content\/uploads\/sites\/48\/2020\/11\/RESULDADO-FINAL-EDITAL-REGULAR-2020-17-11-2020.pdf\" target=\"_blank\">Resultado final<\/a><br><a href=\"https:\/\/www.medicina.ufmg.br\/cpgpspv\/wp-content\/uploads\/sites\/48\/2020\/11\/RESPOSTAS-AOS-RECUSOS-2020-2-19-11-2020.pdf\" target=\"_blank\" rel=\"noreferrer noopener\" aria-label=\"Respostas aos recursos (abre numa nova aba)\">Respostas aos recursos<\/a><\/p>\n\n\n\n<p><a href=\"http:\/\/ftp.medicina.ufmg.br\/cpg\/programas\/pspv\/2020\/suplementar\/Edital%20Suplementar%20%202020.pdf\">Edital Suplementar<\/a><br><a href=\"https:\/\/www.medicina.ufmg.br\/cpgpspv\/wp-content\/uploads\/sites\/48\/2020\/09\/DEFERIMENTO-Inscri%C3%A7%C3%B5es-2020.pdf\">Deferimento<\/a><br><a href=\"http:\/\/ftp.medicina.ufmg.br\/cpg\/programas\/pspv\/2020\/suplementar\/3-autodeclaracaocomdeficiencia.docx\">Autodeclara\u00e7\u00e3o de pessoa com defici\u00eancia<\/a><br><a href=\"http:\/\/ftp.medicina.ufmg.br\/cpg\/programas\/pspv\/2020\/suplementar\/4-modeloderelatoriomedicoassistente.docx\">Modelo de Relat\u00f3rio M\u00e9dico Assistente<\/a><br><a href=\"http:\/\/ftp.medicina.ufmg.br\/cpg\/programas\/pspv\/2020\/suplementar\/6-autoreconhecimentoindigena.pdf\">Declara\u00e7\u00e3o de Autoreconhecimento Ind\u00edgena<\/a><br><a href=\"http:\/\/ftp.medicina.ufmg.br\/cpg\/programas\/pspv\/2020\/suplementar\/7-declaracaodeliderancaindigena.pdf\">Declara\u00e7\u00e3o de Lideran\u00e7a Ind\u00edgena<\/a><br><a href=\"http:\/\/ftp.medicina.ufmg.br\/cpg\/programas\/pspv\/2020\/suplementar\/8-declaracaoderesidenciaindigena.pdf\">Declara\u00e7\u00e3o de Resid\u00eancia Ind\u00edgena<\/a><br><a href=\"http:\/\/ftp.medicina.ufmg.br\/cpg\/programas\/pspv\/2020\/suplementar\/5%20-condicoesespeciais.pdf\">Formul\u00e1rio de Solicita\u00e7\u00e3o de Condi\u00e7\u00f5es Especiais para a realiza\u00e7\u00e3o da prova<\/a><br><a href=\"http:\/\/ftp.medicina.ufmg.br\/cpg\/programas\/pspv\/2020\/suplementar\/formulariosuplementar.xls\">Formul\u00e1rio de Inscri\u00e7\u00e3o<\/a><br><a rel=\"noreferrer noopener\" href=\"https:\/\/www.medicina.ufmg.br\/cpgpspv\/wp-content\/uploads\/sites\/48\/2020\/10\/Declara%C3%A7%C3%A3o-de-inexist%C3%AAncia-de-impedimento-ou-suspei%C3%A7%C3%A3o.pdf\" target=\"_blank\">Declara\u00e7\u00e3o de inexist\u00eancia de impedimento ou suspei\u00e7\u00e3o<\/a><br><a rel=\"noreferrer noopener\" aria-label=\"Resultado final (abre numa nova aba)\" href=\"https:\/\/www.medicina.ufmg.br\/cpgpspv\/wp-content\/uploads\/sites\/48\/2020\/11\/RESULTADO-FINAL-EDITAL-SUPLEMENTAR-2020-17-11-2020.pdf\" target=\"_blank\">Resultado final<\/a><br> <a rel=\"noreferrer noopener\" href=\"https:\/\/www.medicina.ufmg.br\/cpgpspv\/wp-content\/uploads\/sites\/48\/2020\/11\/RESPOSTAS-AOS-RECUSOS-2020-2-19-11-2020.pdf\" target=\"_blank\">Respostas aos recursos<\/a> <\/p>\n","protected":false},"excerpt":{"rendered":"<p>Prorroga\u00e7\u00e3o Entrevistas Nova Escala de Entrevista Novo Link de acesso para&nbsp; testes de conectividade e entrevistas&nbsp; Classificados Entrevistas Nova retifica\u00e7\u00e3o &#8211; Prorroga\u00e7\u00e3o processo seletivo Nova data para resultados da segunda etapa do processo seletivo Retifica\u00e7\u00e3o de prorroga\u00e7\u00e3o Prorroga\u00e7\u00e3o Processo Seletivo \u2013 Saiba mais Edital RegularDeferimentoFormul\u00e1rio de Inscri\u00e7\u00e3oAutodeclara\u00e7\u00e3o \u00c9tnico RacialDeclara\u00e7\u00e3o de inexist\u00eancia de impedimento ou suspei\u00e7\u00e3oResultado [&hellip;]<\/p>\n","protected":false},"author":17,"featured_media":0,"parent":0,"menu_order":0,"comment_status":"closed","ping_status":"closed","template":"","meta":{"footnotes":""},"class_list":["post-364","page","type-page","status-publish","hentry"],"_links":{"self":[{"href":"https:\/\/www.medicina.ufmg.br\/cpgpspv\/wp-json\/wp\/v2\/pages\/364","targetHints":{"allow":["GET"]}}],"collection":[{"href":"https:\/\/www.medicina.ufmg.br\/cpgpspv\/wp-json\/wp\/v2\/pages"}],"about":[{"href":"https:\/\/www.medicina.ufmg.br\/cpgpspv\/wp-json\/wp\/v2\/types\/page"}],"author":[{"embeddable":true,"href":"https:\/\/www.medicina.ufmg.br\/cpgpspv\/wp-json\/wp\/v2\/users\/17"}],"replies":[{"embeddable":true,"href":"https:\/\/www.medicina.ufmg.br\/cpgpspv\/wp-json\/wp\/v2\/comments?post=364"}],"version-history":[{"count":22,"href":"https:\/\/www.medicina.ufmg.br\/cpgpspv\/wp-json\/wp\/v2\/pages\/364\/revisions"}],"predecessor-version":[{"id":416,"href":"https:\/\/www.medicina.ufmg.br\/cpgpspv\/wp-json\/wp\/v2\/pages\/364\/revisions\/416"}],"wp:attachment":[{"href":"https:\/\/www.medicina.ufmg.br\/cpgpspv\/wp-json\/wp\/v2\/media?parent=364"}],"curies":[{"name":"wp","href":"https:\/\/api.w.org\/{rel}","templated":true}]}}