
{"id":419,"date":"2021-08-19T11:45:38","date_gmt":"2021-08-19T11:45:38","guid":{"rendered":"https:\/\/www.medicina.ufmg.br\/cpgpspv\/?page_id=419"},"modified":"2021-10-13T17:17:15","modified_gmt":"2021-10-13T17:17:15","slug":"processo-seletivo-2021","status":"publish","type":"page","link":"https:\/\/www.medicina.ufmg.br\/cpgpspv\/processo-seletivo-2021\/","title":{"rendered":"PROCESSO SELETIVO 2021"},"content":{"rendered":"\t\t<div data-elementor-type=\"wp-page\" data-elementor-id=\"419\" class=\"elementor elementor-419\">\n\t\t\t\t\t\t<section class=\"elementor-section elementor-top-section elementor-element elementor-element-4d9b838 elementor-section-boxed elementor-section-height-default elementor-section-height-default\" data-id=\"4d9b838\" data-element_type=\"section\">\n\t\t\t\t\t\t<div class=\"elementor-container elementor-column-gap-default\">\n\t\t\t\t\t<div class=\"elementor-column elementor-col-100 elementor-top-column elementor-element elementor-element-5674e88\" data-id=\"5674e88\" data-element_type=\"column\">\n\t\t\t<div class=\"elementor-widget-wrap elementor-element-populated\">\n\t\t\t\t\t\t<div class=\"elementor-element elementor-element-8b1b620 elementor-widget elementor-widget-heading\" data-id=\"8b1b620\" data-element_type=\"widget\" data-widget_type=\"heading.default\">\n\t\t\t\t<div class=\"elementor-widget-container\">\n\t\t\t\t\t<h2 class=\"elementor-heading-title elementor-size-default\">Sele\u00e7\u00e3o Mestrado 2021\/2\n<\/h2>\t\t\t\t<\/div>\n\t\t\t\t<\/div>\n\t\t\t\t\t<\/div>\n\t\t<\/div>\n\t\t\t\t\t<\/div>\n\t\t<\/section>\n\t\t\t\t<section class=\"elementor-section elementor-top-section elementor-element elementor-element-1fdae52 elementor-section-boxed elementor-section-height-default elementor-section-height-default\" data-id=\"1fdae52\" data-element_type=\"section\">\n\t\t\t\t\t\t<div class=\"elementor-container elementor-column-gap-default\">\n\t\t\t\t\t<div class=\"elementor-column elementor-col-100 elementor-top-column elementor-element elementor-element-a53f58a\" data-id=\"a53f58a\" data-element_type=\"column\">\n\t\t\t<div class=\"elementor-widget-wrap elementor-element-populated\">\n\t\t\t\t\t\t<div class=\"elementor-element elementor-element-91f0465 elementor-widget elementor-widget-toggle\" data-id=\"91f0465\" data-element_type=\"widget\" data-widget_type=\"toggle.default\">\n\t\t\t\t<div class=\"elementor-widget-container\">\n\t\t\t\t\t\t\t<div class=\"elementor-toggle\">\n\t\t\t\t\t\t\t<div class=\"elementor-toggle-item\">\n\t\t\t\t\t<div id=\"elementor-tab-title-1531\" class=\"elementor-tab-title\" data-tab=\"1\" role=\"button\" aria-controls=\"elementor-tab-content-1531\" aria-expanded=\"false\">\n\t\t\t\t\t\t\t\t\t\t\t\t<span class=\"elementor-toggle-icon elementor-toggle-icon-left\" aria-hidden=\"true\">\n\t\t\t\t\t\t\t\t\t\t\t\t\t\t\t<span class=\"elementor-toggle-icon-closed\"><i class=\"fas fa-caret-right\"><\/i><\/span>\n\t\t\t\t\t\t\t\t<span class=\"elementor-toggle-icon-opened\"><i class=\"elementor-toggle-icon-opened fas fa-caret-up\"><\/i><\/span>\n\t\t\t\t\t\t\t\t\t\t\t\t\t<\/span>\n\t\t\t\t\t\t\t\t\t\t\t\t<a class=\"elementor-toggle-title\" tabindex=\"0\">Sele\u00e7\u00e3o Regular<\/a>\n\t\t\t\t\t<\/div>\n\n\t\t\t\t\t<div id=\"elementor-tab-content-1531\" class=\"elementor-tab-content elementor-clearfix\" data-tab=\"1\" role=\"region\" aria-labelledby=\"elementor-tab-title-1531\"><p><a href=\"https:\/\/ftp.medicina.ufmg.br\/cpg\/programas\/pspv\/2021\/Edital%20Regular%20Promo%e7%e3o%20PSPV%202021.pdf\">EDITAL REGULAR<\/a><\/p><p><a href=\"https:\/\/ftp.medicina.ufmg.br\/cpg\/programas\/pspv\/2021\/Formul%e1rio%20inscri%e7%e3o%20Regular%20%20PSPV%202021.xls\">FORMUL\u00c1RIO DE INSCRI\u00c7\u00c3O<\/a><\/p><p><a href=\"http:\/\/www.medicina.ufmg.br\/cpgpspv\/wp-content\/uploads\/sites\/48\/2021\/09\/FormulariodeAutodeclaracaoEtnicoRacial-1.pdf\">AUTODECLARA\u00c7\u00c3O \u00c9TNICO-RACIAL<\/a><\/p><p><a href=\"https:\/\/ftp.medicina.ufmg.br\/cpg\/formularios\/Formulario%20de%20atividades%20e%20titulos%20a%20ser%20preenchido%20pelo%20candidato.docx\">FORMUL\u00c1RIO DE ATIVIDADES E T\u00cdTULOS A SER PREENCHIDO PELO CANDIDATO<\/a><\/p><p><a href=\"http:\/\/www.medicina.ufmg.br\/cpgpspv\/wp-content\/uploads\/sites\/48\/2021\/09\/RESULTADO-HOMOLOGACAO-DAS-INSCRICOES-4.pdf\">Resultado homologa\u00e7\u00e3o de inscri\u00e7\u00f5es \/ PSPV 2021\/2<\/a><\/p><p><a href=\"http:\/\/www.medicina.ufmg.br\/cpgpspv\/wp-content\/uploads\/sites\/48\/2021\/10\/NOVA-DATA-RESULTADO-FINAL.pdf\">RESULTADO FINAL &#8211; 2021\/2 ( NOVA DATA)<\/a><br \/><span style=\"background-color: #ffffff;\"><br \/><\/span><a href=\"http:\/\/www.medicina.ufmg.br\/cpgpspv\/wp-content\/uploads\/sites\/48\/2021\/10\/NOVA-DATA-RESULTADO-FINAL-13-10-2021.pdf\" target=\"_blank\" rel=\"noopener\">RESULTADO FINAL: 13\/10\/2021 \u00c0S 17H<\/a><\/p><div><a href=\"http:\/\/www.medicina.ufmg.br\/cpgpspv\/wp-content\/uploads\/sites\/48\/2021\/10\/RESULTADO-FINAL-PROCESSSO-SELETIVO-PSPV-2021-2-1.pdf\">RESULTADO FINAL\/ PROCESSO SELETIVO 2021 -2<\/a><\/div><div>\u00a0<\/div><\/div>\n\t\t\t\t<\/div>\n\t\t\t\t\t\t\t<div class=\"elementor-toggle-item\">\n\t\t\t\t\t<div id=\"elementor-tab-title-1532\" class=\"elementor-tab-title\" data-tab=\"2\" role=\"button\" aria-controls=\"elementor-tab-content-1532\" aria-expanded=\"false\">\n\t\t\t\t\t\t\t\t\t\t\t\t<span class=\"elementor-toggle-icon elementor-toggle-icon-left\" aria-hidden=\"true\">\n\t\t\t\t\t\t\t\t\t\t\t\t\t\t\t<span class=\"elementor-toggle-icon-closed\"><i class=\"fas fa-caret-right\"><\/i><\/span>\n\t\t\t\t\t\t\t\t<span class=\"elementor-toggle-icon-opened\"><i class=\"elementor-toggle-icon-opened fas fa-caret-up\"><\/i><\/span>\n\t\t\t\t\t\t\t\t\t\t\t\t\t<\/span>\n\t\t\t\t\t\t\t\t\t\t\t\t<a class=\"elementor-toggle-title\" tabindex=\"0\">Sele\u00e7\u00e3o Suplementar (Pessoas com defici\u00eancia e Ind\u00edgenas)<\/a>\n\t\t\t\t\t<\/div>\n\n\t\t\t\t\t<div id=\"elementor-tab-content-1532\" class=\"elementor-tab-content elementor-clearfix\" data-tab=\"2\" role=\"region\" aria-labelledby=\"elementor-tab-title-1532\"><p><a href=\"https:\/\/ftp.medicina.ufmg.br\/cpg\/programas\/pspv\/2021\/Edital%20Suplementar%20-%20PSPV%202021.pdf\">EDITAL SUPLEMENTAR<\/a><\/p><p><a href=\"https:\/\/ftp.medicina.ufmg.br\/cpg\/programas\/pspv\/2021\/2%20-%20Formul%e1rio%20de%20inscri%e7%e3o%20(Suplementar)%202021%202.xls\">FORMUL\u00c1RIO DE INSCRI\u00c7\u00c3O<\/a><br \/><br \/><a href=\"https:\/\/ftp.medicina.ufmg.br\/cpg\/formularios\/Formulario%20de%20atividades%20e%20titulos%20a%20ser%20preenchido%20pelo%20candidato.docx\">FORMUL\u00c1RIO DE ATIVIDADES E T\u00cdTULOS A SER PREENCHIDO PELO CANDIDATO<\/a><\/p><p><a href=\"https:\/\/ftp.medicina.ufmg.br\/cpg\/programas\/pspv\/2021\/3%20-%20AUTODECLARA%c7%c3O%20DE%20PESSOA%20COM%20DEFICI%caNCIA.docx%20(%20suplementar).docx\">AUTODECLARA\u00c7\u00c3O DE PESSOA COM DEFICI\u00caNCIA<\/a><\/p><p><a href=\"https:\/\/ftp.medicina.ufmg.br\/cpg\/programas\/pspv\/2021\/4%20-%20MODELO%20DE%20RELAT%d3RIO%20DO%20M%c9DICO%20ASSISTENTE.docx\">MODELO RELAT\u00d3RIO M\u00c9DICO ASSISTENTE<\/a><\/p><p><a href=\"https:\/\/ftp.medicina.ufmg.br\/cpg\/programas\/pspv\/2021\/6%20-%20Declara%e7%e3o%20de%20Autoreconhecimento%20Ind%edgena.pdf\">DECLARA\u00c7\u00c3O DE AUTORRECONHECIMENTO IND\u00cdGENA<\/a><\/p><p><a href=\"https:\/\/ftp.medicina.ufmg.br\/cpg\/programas\/pspv\/2021\/8%20-%20Declara%e7%e3o%20de%20Resid%eancia%20Ind%edgena.pdf\">DECLARA\u00c7\u00c3O DE RESID\u00caNCIA IND\u00cdGENA<\/a><\/p><p><a href=\"https:\/\/ftp.medicina.ufmg.br\/cpg\/programas\/pspv\/2021\/7%20-%20Declara%e7%e3o%20de%20Lideran%e7a%20Ind%edgena.pdf\">DECLARA\u00c7\u00c3O DE LIDERAN\u00c7A IND\u00cdGENA<\/a><br \/><br \/><\/p><\/div>\n\t\t\t\t<\/div>\n\t\t\t\t\t\t\t\t<\/div>\n\t\t\t\t\t\t<\/div>\n\t\t\t\t<\/div>\n\t\t\t\t\t<\/div>\n\t\t<\/div>\n\t\t\t\t\t<\/div>\n\t\t<\/section>\n\t\t\t\t<\/div>\n\t\t","protected":false},"excerpt":{"rendered":"<p>Sele\u00e7\u00e3o Mestrado 2021\/2 Sele\u00e7\u00e3o Regular EDITAL REGULAR FORMUL\u00c1RIO DE INSCRI\u00c7\u00c3O AUTODECLARA\u00c7\u00c3O \u00c9TNICO-RACIAL FORMUL\u00c1RIO DE ATIVIDADES E T\u00cdTULOS A SER PREENCHIDO PELO CANDIDATO Resultado homologa\u00e7\u00e3o de inscri\u00e7\u00f5es \/ PSPV 2021\/2 RESULTADO FINAL &#8211; 2021\/2 ( NOVA DATA) RESULTADO FINAL: 13\/10\/2021 \u00c0S 17H RESULTADO FINAL\/ PROCESSO SELETIVO 2021 -2\u00a0 Sele\u00e7\u00e3o Suplementar (Pessoas com defici\u00eancia e Ind\u00edgenas) EDITAL [&hellip;]<\/p>\n","protected":false},"author":17,"featured_media":0,"parent":0,"menu_order":0,"comment_status":"closed","ping_status":"closed","template":"","meta":{"footnotes":""},"class_list":["post-419","page","type-page","status-publish","hentry"],"_links":{"self":[{"href":"https:\/\/www.medicina.ufmg.br\/cpgpspv\/wp-json\/wp\/v2\/pages\/419","targetHints":{"allow":["GET"]}}],"collection":[{"href":"https:\/\/www.medicina.ufmg.br\/cpgpspv\/wp-json\/wp\/v2\/pages"}],"about":[{"href":"https:\/\/www.medicina.ufmg.br\/cpgpspv\/wp-json\/wp\/v2\/types\/page"}],"author":[{"embeddable":true,"href":"https:\/\/www.medicina.ufmg.br\/cpgpspv\/wp-json\/wp\/v2\/users\/17"}],"replies":[{"embeddable":true,"href":"https:\/\/www.medicina.ufmg.br\/cpgpspv\/wp-json\/wp\/v2\/comments?post=419"}],"version-history":[{"count":14,"href":"https:\/\/www.medicina.ufmg.br\/cpgpspv\/wp-json\/wp\/v2\/pages\/419\/revisions"}],"predecessor-version":[{"id":451,"href":"https:\/\/www.medicina.ufmg.br\/cpgpspv\/wp-json\/wp\/v2\/pages\/419\/revisions\/451"}],"wp:attachment":[{"href":"https:\/\/www.medicina.ufmg.br\/cpgpspv\/wp-json\/wp\/v2\/media?parent=419"}],"curies":[{"name":"wp","href":"https:\/\/api.w.org\/{rel}","templated":true}]}}