
{"id":42,"date":"2016-03-21T16:50:58","date_gmt":"2016-03-21T16:50:58","guid":{"rendered":"https:\/\/www.medicina.ufmg.br\/cpgpspv\/?page_id=42"},"modified":"2025-02-26T17:16:08","modified_gmt":"2025-02-26T17:16:08","slug":"objetivos","status":"publish","type":"page","link":"https:\/\/www.medicina.ufmg.br\/cpgpspv\/objetivos\/","title":{"rendered":"Objetivos"},"content":{"rendered":"<p><span style=\"font-weight: 400;\">O PPG MPPSPV\/UFMG tem por objetivo geral a forma\u00e7\u00e3o de profissionais, de modo a torn\u00e1-los aptos a investigar, analisar, compreender e propor abordagens de promo\u00e7\u00e3o de sa\u00fade e de preven\u00e7\u00e3o da viol\u00eancia e suas determina\u00e7\u00f5es visando o fortalecimento da cidadania e a constru\u00e7\u00e3o de cultura da paz. Destina-se a profissionais de diferentes forma\u00e7\u00f5es acad\u00eamicas, inseridos em diversos setores sociais de presta\u00e7\u00e3o de cuidados e de servi\u00e7os \u00e0 popula\u00e7\u00e3o<\/span><\/p>\n","protected":false},"excerpt":{"rendered":"<p>O PPG MPPSPV\/UFMG tem por objetivo geral a forma\u00e7\u00e3o de profissionais, de modo a torn\u00e1-los aptos a investigar, analisar, compreender e propor abordagens de promo\u00e7\u00e3o de sa\u00fade e de preven\u00e7\u00e3o da viol\u00eancia e suas determina\u00e7\u00f5es visando o fortalecimento da cidadania e a constru\u00e7\u00e3o de cultura da paz. Destina-se a profissionais de diferentes forma\u00e7\u00f5es acad\u00eamicas, inseridos [&hellip;]<\/p>\n","protected":false},"author":17,"featured_media":0,"parent":0,"menu_order":0,"comment_status":"closed","ping_status":"closed","template":"","meta":{"footnotes":""},"class_list":["post-42","page","type-page","status-publish","hentry"],"_links":{"self":[{"href":"https:\/\/www.medicina.ufmg.br\/cpgpspv\/wp-json\/wp\/v2\/pages\/42","targetHints":{"allow":["GET"]}}],"collection":[{"href":"https:\/\/www.medicina.ufmg.br\/cpgpspv\/wp-json\/wp\/v2\/pages"}],"about":[{"href":"https:\/\/www.medicina.ufmg.br\/cpgpspv\/wp-json\/wp\/v2\/types\/page"}],"author":[{"embeddable":true,"href":"https:\/\/www.medicina.ufmg.br\/cpgpspv\/wp-json\/wp\/v2\/users\/17"}],"replies":[{"embeddable":true,"href":"https:\/\/www.medicina.ufmg.br\/cpgpspv\/wp-json\/wp\/v2\/comments?post=42"}],"version-history":[{"count":6,"href":"https:\/\/www.medicina.ufmg.br\/cpgpspv\/wp-json\/wp\/v2\/pages\/42\/revisions"}],"predecessor-version":[{"id":676,"href":"https:\/\/www.medicina.ufmg.br\/cpgpspv\/wp-json\/wp\/v2\/pages\/42\/revisions\/676"}],"wp:attachment":[{"href":"https:\/\/www.medicina.ufmg.br\/cpgpspv\/wp-json\/wp\/v2\/media?parent=42"}],"curies":[{"name":"wp","href":"https:\/\/api.w.org\/{rel}","templated":true}]}}