
{"id":44,"date":"2016-03-21T16:52:21","date_gmt":"2016-03-21T16:52:21","guid":{"rendered":"https:\/\/www.medicina.ufmg.br\/cpgpspv\/?page_id=44"},"modified":"2025-02-26T17:31:37","modified_gmt":"2025-02-26T17:31:37","slug":"docentes","status":"publish","type":"page","link":"https:\/\/www.medicina.ufmg.br\/cpgpspv\/docentes\/","title":{"rendered":"Docentes"},"content":{"rendered":"\n<p><strong><a href=\"http:\/\/www.medicina.ufmg.br\/cpgpspv\/wp-content\/uploads\/sites\/48\/2024\/03\/Resolucao-credenciamento-docentes-PSPV-31maio2023.pdf\">Resolu\u00e7\u00e3o credenciamento docentes<\/a><\/strong><\/p>\n\n\n\n<hr class=\"wp-block-separator has-alpha-channel-opacity\"\/>\n\n\n<p><span style=\"font-weight: 400;\">Apresenta-se a seguir, a rela\u00e7\u00e3o dos docentes do quadro permanente do programa, acompanhada por um link que d\u00e1 acesso a um resumo das pesquisas atuais de cada professor.<\/span><\/p>\n<p><span style=\"font-weight: 400;\">Apresenta-se tamb\u00e9m, link de acesso ao Curriculum Lattes de cada professor. <\/span><\/p>\n<p><b>QUADRO DE DOCENTES PERMANENTES\u00a0<\/b><\/p>\n<p><a href=\"http:\/\/lattes.cnpq.br\/6320450154573852\">Prof\u00aa Adalgisa Peixoto Ribeiro<\/a><\/p>\n<p><a href=\"http:\/\/lattes.cnpq.br\/3064491413062751\">Prof\u00aa Adriana de Souza Medeiros Batista<\/a><\/p>\n<p><a href=\"http:\/\/lattes.cnpq.br\/7900681792287383\">Prof\u00aa Alzira Oliveira Jorge\u00a0<\/a><\/p>\n<p><a href=\"http:\/\/lattes.cnpq.br\/2056354395347381\">Prof\u00aa Amanda M\u00e1rcia dos Santos Reinaldo<\/a><\/p>\n<p><a href=\"http:\/\/lattes.cnpq.br\/1213394331702092\">Prof. Andr\u00e9 Luiz Freitas Dias<\/a><\/p>\n<p><a href=\"http:\/\/lattes.cnpq.br\/0068257372852384\">Prof\u00aa Andrea Maria Silveira<\/a><\/p>\n<p><a href=\"http:\/\/lattes.cnpq.br\/9799543313637032\">Prof\u00aa Carla Jorge Machado<\/a><\/p>\n<p><a href=\"http:\/\/lattes.cnpq.br\/5192405148322932\">Prof\u00aa Cristiane de Freitas Cunha Grillo<\/a><\/p>\n<p><a href=\"http:\/\/lattes.cnpq.br\/1744870889843708\">Prof. Edgar Nunes de Moraes<\/a><\/p>\n<p><a href=\"http:\/\/lattes.cnpq.br\/3538680753964621\">Prof\u00aa Eliane Dias Gontijo\u00a0<\/a><\/p>\n<p><a href=\"http:\/\/lattes.cnpq.br\/4696013109570182\">Prof\u00aa Elizabeth Costa Dias\u00a0<\/a><\/p>\n<p><a href=\"http:\/\/lattes.cnpq.br\/7156003133112401\">Prof\u00aa Fernando Machado Vilhena Dias\u00a0<\/a><\/p>\n<p><a href=\"http:\/\/lattes.cnpq.br\/3564262338305927\">Prof. Fernando Madalena Volpe<\/a><\/p>\n<p><a href=\"http:\/\/lattes.cnpq.br\/2872805590419095\">Prof. Helian Nunes de Oliveira<\/a><\/p>\n<p><a href=\"http:\/\/lattes.cnpq.br\/8549042401745999\">Prof. Geraldo Cunha Cury<\/a><\/p>\n<p><a href=\"http:\/\/lattes.cnpq.br\/6351531097754840\">Prof\u00aa Graziella Lage Oliveira\u00a0<\/a><\/p>\n<p><a href=\"http:\/\/lattes.cnpq.br\/4491578800307576\">Prof\u00aa Jandira Maciel da Silva<\/a><\/p>\n<p><a href=\"http:\/\/lattes.cnpq.br\/4707346826137662\">Prof. Luiz Paulo Ribeiro<\/a><\/p>\n<p><a href=\"http:\/\/lattes.cnpq.br\/6869407552397355\">Prof. Luiz S\u00e9rgio Silva<\/a><\/p>\n<p><a href=\"http:\/\/lattes.cnpq.br\/8427940110469573\">Prof. Marcelo Grossi Ara\u00fajo<\/a><\/p>\n<p><a href=\"http:\/\/lattes.cnpq.br\/2004878452048501\">Prof. Paulo M\u00e1rcio Campos de Oliveira<\/a><\/p>\n<p><a href=\"http:\/\/lattes.cnpq.br\/6109293223271452\">Prof. Paulo Roberto Ceccarelli\u00a0<\/a><\/p>\n<p><a href=\"http:\/\/lattes.cnpq.br\/2565457057115441\">Prof. Rodrigo Ribeiro dos Santos<\/a><\/p>\n<p><a href=\"http:\/\/lattes.cnpq.br\/7121465392153818\">Prof. Rubens Lene Carvalho Tavares<\/a><\/p>\n<p><a href=\"http:\/\/lattes.cnpq.br\/6429638049775011\">Prof\u00aa Sara Paiva<\/a><\/p>\n<p><a href=\"http:\/\/lattes.cnpq.br\/5416870424580790\">Prof\u00aa S\u00f4nia Lansky<\/a><\/p>\n<p><a href=\"http:\/\/lattes.cnpq.br\/1894360566441296\">Prof\u00aa Stela Maris Aguiar Lemos<\/a><\/p>\n<p><a href=\"http:\/\/lattes.cnpq.br\/8722291294149389\">Prof. Tarc\u00edsio M\u00e1rcio Magalh\u00e3es Pinheiro<\/a><\/p>\n<p><a href=\"http:\/\/lattes.cnpq.br\/7148215603678213\">Prof\u00aa Vanessa de Almeida<\/a><\/p>","protected":false},"excerpt":{"rendered":"<p>Resolu\u00e7\u00e3o credenciamento docentes Apresenta-se a seguir, a rela\u00e7\u00e3o dos docentes do quadro permanente do programa, acompanhada por um link que d\u00e1 acesso a um resumo das pesquisas atuais de cada professor. Apresenta-se tamb\u00e9m, link de acesso ao Curriculum Lattes de cada professor. QUADRO DE DOCENTES PERMANENTES\u00a0 Prof\u00aa Adalgisa Peixoto Ribeiro Prof\u00aa Adriana de Souza Medeiros [&hellip;]<\/p>\n","protected":false},"author":17,"featured_media":0,"parent":0,"menu_order":0,"comment_status":"closed","ping_status":"closed","template":"","meta":{"footnotes":""},"class_list":["post-44","page","type-page","status-publish","hentry"],"_links":{"self":[{"href":"https:\/\/www.medicina.ufmg.br\/cpgpspv\/wp-json\/wp\/v2\/pages\/44","targetHints":{"allow":["GET"]}}],"collection":[{"href":"https:\/\/www.medicina.ufmg.br\/cpgpspv\/wp-json\/wp\/v2\/pages"}],"about":[{"href":"https:\/\/www.medicina.ufmg.br\/cpgpspv\/wp-json\/wp\/v2\/types\/page"}],"author":[{"embeddable":true,"href":"https:\/\/www.medicina.ufmg.br\/cpgpspv\/wp-json\/wp\/v2\/users\/17"}],"replies":[{"embeddable":true,"href":"https:\/\/www.medicina.ufmg.br\/cpgpspv\/wp-json\/wp\/v2\/comments?post=44"}],"version-history":[{"count":11,"href":"https:\/\/www.medicina.ufmg.br\/cpgpspv\/wp-json\/wp\/v2\/pages\/44\/revisions"}],"predecessor-version":[{"id":690,"href":"https:\/\/www.medicina.ufmg.br\/cpgpspv\/wp-json\/wp\/v2\/pages\/44\/revisions\/690"}],"wp:attachment":[{"href":"https:\/\/www.medicina.ufmg.br\/cpgpspv\/wp-json\/wp\/v2\/media?parent=44"}],"curies":[{"name":"wp","href":"https:\/\/api.w.org\/{rel}","templated":true}]}}