
{"id":452,"date":"2022-05-13T14:45:27","date_gmt":"2022-05-13T14:45:27","guid":{"rendered":"https:\/\/www.medicina.ufmg.br\/cpgpspv\/?page_id=452"},"modified":"2022-07-25T12:54:40","modified_gmt":"2022-07-25T12:54:40","slug":"processo-seletivo-2022-2","status":"publish","type":"page","link":"https:\/\/www.medicina.ufmg.br\/cpgpspv\/processo-seletivo-2022-2\/","title":{"rendered":"Processo Seletivo 2022\/2"},"content":{"rendered":"\t\t<div data-elementor-type=\"wp-page\" data-elementor-id=\"452\" class=\"elementor elementor-452\">\n\t\t\t\t\t\t<section class=\"elementor-section elementor-top-section elementor-element elementor-element-07efb7e elementor-section-boxed elementor-section-height-default elementor-section-height-default\" data-id=\"07efb7e\" data-element_type=\"section\">\n\t\t\t\t\t\t<div class=\"elementor-container elementor-column-gap-default\">\n\t\t\t\t\t<div class=\"elementor-column elementor-col-100 elementor-top-column elementor-element elementor-element-99f27d2\" data-id=\"99f27d2\" data-element_type=\"column\">\n\t\t\t<div class=\"elementor-widget-wrap elementor-element-populated\">\n\t\t\t\t\t\t<div class=\"elementor-element elementor-element-54b6579 elementor-widget elementor-widget-toggle\" data-id=\"54b6579\" data-element_type=\"widget\" data-widget_type=\"toggle.default\">\n\t\t\t\t<div class=\"elementor-widget-container\">\n\t\t\t\t\t\t\t<div class=\"elementor-toggle\">\n\t\t\t\t\t\t\t<div class=\"elementor-toggle-item\">\n\t\t\t\t\t<div id=\"elementor-tab-title-8881\" class=\"elementor-tab-title\" data-tab=\"1\" role=\"button\" aria-controls=\"elementor-tab-content-8881\" aria-expanded=\"false\">\n\t\t\t\t\t\t\t\t\t\t\t\t<span class=\"elementor-toggle-icon elementor-toggle-icon-left\" aria-hidden=\"true\">\n\t\t\t\t\t\t\t\t\t\t\t\t\t\t\t<span class=\"elementor-toggle-icon-closed\"><i class=\"fas fa-caret-right\"><\/i><\/span>\n\t\t\t\t\t\t\t\t<span class=\"elementor-toggle-icon-opened\"><i class=\"elementor-toggle-icon-opened fas fa-caret-up\"><\/i><\/span>\n\t\t\t\t\t\t\t\t\t\t\t\t\t<\/span>\n\t\t\t\t\t\t\t\t\t\t\t\t<a class=\"elementor-toggle-title\" tabindex=\"0\">Sele\u00e7\u00e3o Mestrado 2022\/2 - Regular<\/a>\n\t\t\t\t\t<\/div>\n\n\t\t\t\t\t<div id=\"elementor-tab-content-8881\" class=\"elementor-tab-content elementor-clearfix\" data-tab=\"1\" role=\"region\" aria-labelledby=\"elementor-tab-title-8881\"><p><a href=\"https:\/\/www.medicina.ufmg.br\/cpgpspv\/wp-content\/uploads\/sites\/48\/2022\/05\/1-Edital-Regular-PSPV-2022-2.pdf\">1 &#8211; Edital<\/a><br \/><a href=\"https:\/\/ftp.medicina.ufmg.br\/cpg\/programas\/pspv\/2022\/Formul%e1rio%20inscri%e7%e3o%20Regular%20%20PSPV%202022.xls\">2 &#8211; Formul\u00e1rio de Inscri\u00e7\u00e3o<\/a><br \/><a href=\"https:\/\/www.medicina.ufmg.br\/cpgpspv\/wp-content\/uploads\/sites\/48\/2022\/05\/Extrato-Regular-Mestrado-PSPV-2022-2.pdf\">3 &#8211; Extrato Mestrado<\/a><br \/><a href=\"https:\/\/www.medicina.ufmg.br\/cpgpspv\/wp-content\/uploads\/sites\/48\/2022\/05\/4-Autodeclaracao-Etnico-Racial-PSPV-2022-2.pdf\">4 &#8211; Autodeclara\u00e7\u00e3o \u00c9tnico-Racial<\/a><br \/><a href=\"https:\/\/www.medicina.ufmg.br\/cpgpspv\/wp-content\/uploads\/sites\/48\/2022\/05\/1a-RETIFICACAO-EDITAL-REGULAR-E-SUPLEMENTAR-PSPV.pdf\">5 &#8211; 1\u00aa Retifica\u00e7\u00e3o edital<\/a><br \/><a href=\"https:\/\/www.medicina.ufmg.br\/cpgpspv\/wp-content\/uploads\/sites\/48\/2022\/06\/HOMOLOGACAO-INSCRICOES-PSPV-2022-2.pdf\">6 &#8211; Resultado homologa\u00e7\u00e3o das inscri\u00e7\u00f5es PSPV -2022\/2<\/a><br \/><a href=\"https:\/\/www.medicina.ufmg.br\/cpgpspv\/wp-content\/uploads\/sites\/48\/2022\/06\/Declaracao-de-inexistencia-de-impedimento-ou-suspeicao-PSPV.pdf\">7 &#8211; Declara\u00e7\u00e3o de Impedimento<\/a><br \/><a href=\"https:\/\/www.medicina.ufmg.br\/cpgpspv\/wp-content\/uploads\/sites\/48\/2022\/07\/RESULTADO-FINAL-APOS-ANALISE-DE-RECUSRSO.pdf\">8 &#8211; Resultado final processo seletivo PSPV 2022\/2<\/a><br \/><a href=\"https:\/\/www.medicina.ufmg.br\/cpgpspv\/wp-content\/uploads\/sites\/48\/2022\/07\/Respostas-aos-recursos.pdf\">9 &#8211; Resposta aos recursos<\/a><\/p><div>\u00a0<\/div><div>\u00a0<\/div><\/div>\n\t\t\t\t<\/div>\n\t\t\t\t\t\t\t<div class=\"elementor-toggle-item\">\n\t\t\t\t\t<div id=\"elementor-tab-title-8882\" class=\"elementor-tab-title\" data-tab=\"2\" role=\"button\" aria-controls=\"elementor-tab-content-8882\" aria-expanded=\"false\">\n\t\t\t\t\t\t\t\t\t\t\t\t<span class=\"elementor-toggle-icon elementor-toggle-icon-left\" aria-hidden=\"true\">\n\t\t\t\t\t\t\t\t\t\t\t\t\t\t\t<span class=\"elementor-toggle-icon-closed\"><i class=\"fas fa-caret-right\"><\/i><\/span>\n\t\t\t\t\t\t\t\t<span class=\"elementor-toggle-icon-opened\"><i class=\"elementor-toggle-icon-opened fas fa-caret-up\"><\/i><\/span>\n\t\t\t\t\t\t\t\t\t\t\t\t\t<\/span>\n\t\t\t\t\t\t\t\t\t\t\t\t<a class=\"elementor-toggle-title\" tabindex=\"0\">Sele\u00e7\u00e3o Mestrado 2022\/2 - Suplementar<\/a>\n\t\t\t\t\t<\/div>\n\n\t\t\t\t\t<div id=\"elementor-tab-content-8882\" class=\"elementor-tab-content elementor-clearfix\" data-tab=\"2\" role=\"region\" aria-labelledby=\"elementor-tab-title-8882\"><p><a href=\"https:\/\/www.medicina.ufmg.br\/cpgpspv\/wp-content\/uploads\/sites\/48\/2022\/05\/1-Edital-Suplementar-PSPV-2022-2.pdf\">1 &#8211; Edital<\/a><br \/><a href=\"https:\/\/www.medicina.ufmg.br\/cpgpspv\/wp-content\/uploads\/sites\/48\/2022\/05\/2-ExtratoSuplementar-Mestrado-PSPV-2022-2.pdf\">2 &#8211; Extrato Mestrado<\/a><br \/><a href=\"https:\/\/www.medicina.ufmg.br\/cpgpspv\/wp-content\/uploads\/sites\/48\/2022\/05\/3-Formulario-de-Solicitacao-de-Condicoes-Especiais-para-a-realizacao-da-prova-PSPV-2022-2.pdf\">3 &#8211; Formul\u00e1rio de Solicita\u00e7\u00e3o de Condi\u00e7\u00f5es Especiais para a realiza\u00e7\u00e3o da prova<\/a><br \/><a href=\"https:\/\/ftp.medicina.ufmg.br\/cpg\/programas\/pspv\/2022\/Formul%e1rio%20de%20inscri%e7%e3o%20(Suplementar)%202022%202.xls\">4 &#8211; Formul\u00e1rio de Inscri\u00e7\u00e3o<\/a><br \/><a href=\"https:\/\/www.medicina.ufmg.br\/cpgpspv\/wp-content\/uploads\/sites\/48\/2022\/05\/5-Autodeclaracao-de-Pessoa-com-Deficiencia.pdf\">5 &#8211; Autodeclara\u00e7\u00e3o de Pessoa com Defici\u00eancia<\/a> <br \/><a href=\"https:\/\/www.medicina.ufmg.br\/cpgpspv\/wp-content\/uploads\/sites\/48\/2022\/05\/6-Declaracao-de-Autorreconhecimento-Indigena-PSPV-2022-2.pdf\">6 &#8211; Declara\u00e7\u00e3o de Autorreconhecimento Ind\u00edgena<\/a><br \/><a href=\"https:\/\/www.medicina.ufmg.br\/cpgpspv\/wp-content\/uploads\/sites\/48\/2022\/05\/7-Declaracao-de-Residencia-Indigena-PSPV-2022-2.pdf\">7 &#8211; Declara\u00e7\u00e3o de Resid\u00eancia Ind\u00edgena<\/a>\u00a0<br \/><a href=\"https:\/\/www.medicina.ufmg.br\/cpgpspv\/wp-content\/uploads\/sites\/48\/2022\/05\/8-Declaracao-de-Lideranca-Indigena-PSPV-2022-2.pdf\">8 &#8211; Declara\u00e7\u00e3o de Lideran\u00e7a Ind\u00edgena<\/a><br \/><a href=\"https:\/\/ftp.medicina.ufmg.br\/cpg\/programas\/saude_adulto\/2022\/Modelo%20de%20Relatorio%20Medico%20Assistente%20PSPV%202022-2.docx\">9 &#8211; Modelo de Relat\u00f3rio M\u00e9dico Assistente\u00a0<\/a><\/p><\/div>\n\t\t\t\t<\/div>\n\t\t\t\t\t\t\t\t<\/div>\n\t\t\t\t\t\t<\/div>\n\t\t\t\t<\/div>\n\t\t\t\t\t<\/div>\n\t\t<\/div>\n\t\t\t\t\t<\/div>\n\t\t<\/section>\n\t\t\t\t<\/div>\n\t\t","protected":false},"excerpt":{"rendered":"<p>Sele\u00e7\u00e3o Mestrado 2022\/2 &#8211; Regular 1 &#8211; Edital2 &#8211; Formul\u00e1rio de Inscri\u00e7\u00e3o3 &#8211; Extrato Mestrado4 &#8211; Autodeclara\u00e7\u00e3o \u00c9tnico-Racial5 &#8211; 1\u00aa Retifica\u00e7\u00e3o edital6 &#8211; Resultado homologa\u00e7\u00e3o das inscri\u00e7\u00f5es PSPV -2022\/27 &#8211; Declara\u00e7\u00e3o de Impedimento8 &#8211; Resultado final processo seletivo PSPV 2022\/29 &#8211; Resposta aos recursos \u00a0\u00a0 Sele\u00e7\u00e3o Mestrado 2022\/2 &#8211; Suplementar 1 &#8211; Edital2 &#8211; Extrato [&hellip;]<\/p>\n","protected":false},"author":105,"featured_media":0,"parent":0,"menu_order":0,"comment_status":"closed","ping_status":"closed","template":"","meta":{"footnotes":""},"class_list":["post-452","page","type-page","status-publish","hentry"],"_links":{"self":[{"href":"https:\/\/www.medicina.ufmg.br\/cpgpspv\/wp-json\/wp\/v2\/pages\/452","targetHints":{"allow":["GET"]}}],"collection":[{"href":"https:\/\/www.medicina.ufmg.br\/cpgpspv\/wp-json\/wp\/v2\/pages"}],"about":[{"href":"https:\/\/www.medicina.ufmg.br\/cpgpspv\/wp-json\/wp\/v2\/types\/page"}],"author":[{"embeddable":true,"href":"https:\/\/www.medicina.ufmg.br\/cpgpspv\/wp-json\/wp\/v2\/users\/105"}],"replies":[{"embeddable":true,"href":"https:\/\/www.medicina.ufmg.br\/cpgpspv\/wp-json\/wp\/v2\/comments?post=452"}],"version-history":[{"count":10,"href":"https:\/\/www.medicina.ufmg.br\/cpgpspv\/wp-json\/wp\/v2\/pages\/452\/revisions"}],"predecessor-version":[{"id":482,"href":"https:\/\/www.medicina.ufmg.br\/cpgpspv\/wp-json\/wp\/v2\/pages\/452\/revisions\/482"}],"wp:attachment":[{"href":"https:\/\/www.medicina.ufmg.br\/cpgpspv\/wp-json\/wp\/v2\/media?parent=452"}],"curies":[{"name":"wp","href":"https:\/\/api.w.org\/{rel}","templated":true}]}}