
{"id":46,"date":"2016-03-21T16:53:35","date_gmt":"2016-03-21T16:53:35","guid":{"rendered":"https:\/\/www.medicina.ufmg.br\/cpgpspv\/?page_id=46"},"modified":"2025-01-30T19:17:43","modified_gmt":"2025-01-30T19:17:43","slug":"dissertacoes","status":"publish","type":"page","link":"https:\/\/www.medicina.ufmg.br\/cpgpspv\/dissertacoes\/","title":{"rendered":"Disserta\u00e7\u00f5es"},"content":{"rendered":"<p><a href=\"https:\/\/sucupira-v2.capes.gov.br\/observatorio\/producoes?id-programa=204779&amp;search=&amp;size=20&amp;page=0\">Plataforma Sucupira<\/a><\/p>\n<p><a href=\"https:\/\/repositorio.ufmg.br\/handle\/1843\/30060\">Reposit\u00f3rio UFMG<\/a><\/p>\n<p><strong>Disserta\u00e7\u00f5es apresentadas e aprovadas:<\/strong><\/p>\n<p>Foram defendidas 317 disserta\u00e7\u00f5es neste Programa de P\u00f3s-Gradua\u00e7\u00e3o em Promo\u00e7\u00e3o de Sa\u00fade e Preven\u00e7\u00e3o da Viol\u00eancia, de 2013 a 2024.<\/p>\n<p><a href=\"https:\/\/repositorio.ufmg.br\/browse?type=program&amp;order=ASC&amp;rpp=20&amp;value=Programa+de+P%C3%B3s-Gradua%C3%A7%C3%A3o+em+Promo%C3%A7%C3%A3o+de+Sa%C3%BAde+e+Preven%C3%A7%C3%A3o+da+Viol%C3%AAncia\"><b><u>Trabalhos Acad\u00eamicos no Reposit\u00f3rio Institucional UFMG<\/u><\/b><\/a><\/p>\n<p>Clique <a href=\"http:\/\/www.medicina.ufmg.br\/cpgpspv\/wp-content\/uploads\/sites\/48\/2024\/09\/RELACAO-DE-ALUNOS-TITULADOS.pdf\" target=\"_blank\" rel=\"noopener noreferrer\">aqui\u00a0<\/a>para exibir<\/p>\n\n\n<p><\/p>\n","protected":false},"excerpt":{"rendered":"<p>Plataforma Sucupira Reposit\u00f3rio UFMG Disserta\u00e7\u00f5es apresentadas e aprovadas: Foram defendidas 317 disserta\u00e7\u00f5es neste Programa de P\u00f3s-Gradua\u00e7\u00e3o em Promo\u00e7\u00e3o de Sa\u00fade e Preven\u00e7\u00e3o da Viol\u00eancia, de 2013 a 2024. Trabalhos Acad\u00eamicos no Reposit\u00f3rio Institucional UFMG Clique aqui\u00a0para exibir<\/p>\n","protected":false},"author":17,"featured_media":0,"parent":0,"menu_order":0,"comment_status":"closed","ping_status":"closed","template":"","meta":{"footnotes":""},"class_list":["post-46","page","type-page","status-publish","hentry"],"_links":{"self":[{"href":"https:\/\/www.medicina.ufmg.br\/cpgpspv\/wp-json\/wp\/v2\/pages\/46","targetHints":{"allow":["GET"]}}],"collection":[{"href":"https:\/\/www.medicina.ufmg.br\/cpgpspv\/wp-json\/wp\/v2\/pages"}],"about":[{"href":"https:\/\/www.medicina.ufmg.br\/cpgpspv\/wp-json\/wp\/v2\/types\/page"}],"author":[{"embeddable":true,"href":"https:\/\/www.medicina.ufmg.br\/cpgpspv\/wp-json\/wp\/v2\/users\/17"}],"replies":[{"embeddable":true,"href":"https:\/\/www.medicina.ufmg.br\/cpgpspv\/wp-json\/wp\/v2\/comments?post=46"}],"version-history":[{"count":11,"href":"https:\/\/www.medicina.ufmg.br\/cpgpspv\/wp-json\/wp\/v2\/pages\/46\/revisions"}],"predecessor-version":[{"id":668,"href":"https:\/\/www.medicina.ufmg.br\/cpgpspv\/wp-json\/wp\/v2\/pages\/46\/revisions\/668"}],"wp:attachment":[{"href":"https:\/\/www.medicina.ufmg.br\/cpgpspv\/wp-json\/wp\/v2\/media?parent=46"}],"curies":[{"name":"wp","href":"https:\/\/api.w.org\/{rel}","templated":true}]}}