
{"id":49,"date":"2016-03-21T16:56:49","date_gmt":"2016-03-21T16:56:49","guid":{"rendered":"https:\/\/www.medicina.ufmg.br\/cpgpspv\/?page_id=49"},"modified":"2016-11-28T19:12:01","modified_gmt":"2016-11-28T19:12:01","slug":"disciplinas","status":"publish","type":"page","link":"https:\/\/www.medicina.ufmg.br\/cpgpspv\/disciplinas\/","title":{"rendered":"Disciplinas"},"content":{"rendered":"<p><strong>Estrutura geral do curso<\/strong><\/p>\n<p>S\u00e3o 20 cr\u00e9ditos a cursar, sendo 10 referentes a tr\u00eas disciplinas obrigat\u00f3rias e os outros<br \/>\n10 cr\u00e9ditos escolhidos entre as 29 optativas dispon\u00edveis no Programa (Quadro 1) ou cursados como eletivas escolhidas dentro de qualquer Programa da UFMG, segundo interesse do aluno ou proximidade com o seu objeto de estudo.<\/p>\n<p><strong>Disciplinas do Programa<\/strong><\/p>\n<style type=\"text\/css\"><!--td {border: 1px solid #ccc;}br {mso-data-placement:same-cell;}--><\/style>\n<table dir=\"ltr\" border=\"1\" cellspacing=\"0\" cellpadding=\"0\">\n<colgroup>\n<col width=\"97\" \/>\n<col width=\"577\" \/>\n<col width=\"83\" \/>\n<col width=\"60\" \/>\n<col width=\"99\" \/><\/colgroup>\n<tbody>\n<tr style=\"background-color: #214d94; color: white; border: 1px solid white;\">\n<td data-sheets-value=\"{&quot;1&quot;:2,&quot;2&quot;:&quot;C\\u00f3digo&quot;}\">C\u00f3digo<\/td>\n<td data-sheets-value=\"{&quot;1&quot;:2,&quot;2&quot;:&quot;Disciplina de P\\u00f3s-Gradua\\u00e7\\u00e3o&quot;}\">Disciplina de P\u00f3s-Gradua\u00e7\u00e3o<\/td>\n<td data-sheets-value=\"{&quot;1&quot;:2,&quot;2&quot;:&quot;Cr\\u00e9ditos&quot;}\">Cr\u00e9ditos<\/td>\n<td data-sheets-value=\"{&quot;1&quot;:2,&quot;2&quot;:&quot;CH&quot;}\">CH<\/td>\n<td data-sheets-value=\"{&quot;1&quot;:2,&quot;2&quot;:&quot;Tipo&quot;}\">Tipo<\/td>\n<\/tr>\n<tr>\n<td data-sheets-value=\"{&quot;1&quot;:2,&quot;2&quot;:&quot;DIP MPS 909&quot;}\">DIP MPS 909<\/td>\n<td data-sheets-value=\"{&quot;1&quot;:2,&quot;2&quot;:&quot;Bases Te\\u00f3rico-Metodol\\u00f3gicas da Abordagem da Viol\\u00eancia&quot;}\">Bases Te\u00f3rico-Metodol\u00f3gicas da Abordagem da Viol\u00eancia<\/td>\n<td data-sheets-value=\"{&quot;1&quot;:3,&quot;3&quot;:4}\">4<\/td>\n<td data-sheets-value=\"{&quot;1&quot;:3,&quot;3&quot;:60}\">60<\/td>\n<td data-sheets-value=\"{&quot;1&quot;:2,&quot;2&quot;:&quot;Obrigat\\u00f3ria&quot;}\">Obrigat\u00f3ria<\/td>\n<\/tr>\n<tr>\n<td data-sheets-value=\"{&quot;1&quot;:2,&quot;2&quot;:&quot;DIP MPS 922&quot;}\">DIP MPS 922<\/td>\n<td data-sheets-value=\"{&quot;1&quot;:2,&quot;2&quot;:&quot;Bioestat\\u00edstica&quot;}\">Bioestat\u00edstica<\/td>\n<td data-sheets-value=\"{&quot;1&quot;:3,&quot;3&quot;:3}\">3<\/td>\n<td data-sheets-value=\"{&quot;1&quot;:3,&quot;3&quot;:45}\">45<\/td>\n<td data-sheets-value=\"{&quot;1&quot;:2,&quot;2&quot;:&quot;Obrigat\\u00f3ria&quot;}\">Obrigat\u00f3ria<\/td>\n<\/tr>\n<tr>\n<td data-sheets-value=\"{&quot;1&quot;:2,&quot;2&quot;:&quot;DIP MPS 910&quot;}\">DIP MPS 910<\/td>\n<td data-sheets-value=\"{&quot;1&quot;:2,&quot;2&quot;:&quot;An\\u00e1lise Situacional da Viol\\u00eancia&quot;}\">An\u00e1lise Situacional da Viol\u00eancia<\/td>\n<td data-sheets-value=\"{&quot;1&quot;:3,&quot;3&quot;:3}\">3<\/td>\n<td data-sheets-value=\"{&quot;1&quot;:3,&quot;3&quot;:45}\">45<\/td>\n<td data-sheets-value=\"{&quot;1&quot;:2,&quot;2&quot;:&quot;Obrigat\\u00f3ria&quot;}\">Obrigat\u00f3ria<\/td>\n<\/tr>\n<tr>\n<td data-sheets-value=\"{&quot;1&quot;:2,&quot;2&quot;:&quot;DIP MPS 911&quot;}\">DIP MPS 911<\/td>\n<td data-sheets-value=\"{&quot;1&quot;:2,&quot;2&quot;:&quot;Promo\\u00e7\\u00e3o de Sa\\u00fade e Paz e Preven\\u00e7\\u00e3o da Viol\\u00eancia I&quot;}\">Promo\u00e7\u00e3o de Sa\u00fade e Paz e Preven\u00e7\u00e3o da Viol\u00eancia I<\/td>\n<td data-sheets-value=\"{&quot;1&quot;:3,&quot;3&quot;:3}\">3<\/td>\n<td data-sheets-value=\"{&quot;1&quot;:3,&quot;3&quot;:45}\">45<\/td>\n<td data-sheets-value=\"{&quot;1&quot;:2,&quot;2&quot;:&quot;Optativa&quot;}\">Optativa<\/td>\n<\/tr>\n<tr>\n<td data-sheets-value=\"{&quot;1&quot;:2,&quot;2&quot;:&quot;DIP MPS 912&quot;}\">DIP MPS 912<\/td>\n<td data-sheets-value=\"{&quot;1&quot;:2,&quot;2&quot;:&quot;Promo\\u00e7\\u00e3o de Sa\\u00fade e Paz e Preven\\u00e7\\u00e3o da Viol\\u00eancia II&quot;}\">Promo\u00e7\u00e3o de Sa\u00fade e Paz e Preven\u00e7\u00e3o da Viol\u00eancia II<\/td>\n<td data-sheets-value=\"{&quot;1&quot;:3,&quot;3&quot;:3}\">3<\/td>\n<td data-sheets-value=\"{&quot;1&quot;:3,&quot;3&quot;:45}\">45<\/td>\n<td data-sheets-value=\"{&quot;1&quot;:2,&quot;2&quot;:&quot;Optativa&quot;}\">Optativa<\/td>\n<\/tr>\n<tr>\n<td data-sheets-value=\"{&quot;1&quot;:2,&quot;2&quot;:&quot;DIP MPS 913&quot;}\">DIP MPS 913<\/td>\n<td data-sheets-value=\"{&quot;1&quot;:2,&quot;2&quot;:&quot;Rela\\u00e7\\u00f5es de Produ\\u00e7\\u00e3o \\u2013 Consumo \\u2013 Ambiente \\u2013 Sa\\u00fade \\u2013 Doen\\u00e7a&quot;}\">Rela\u00e7\u00f5es de Produ\u00e7\u00e3o \u2013 Consumo \u2013 Ambiente \u2013 Sa\u00fade \u2013 Doen\u00e7a<\/td>\n<td data-sheets-value=\"{&quot;1&quot;:3,&quot;3&quot;:3}\">3<\/td>\n<td data-sheets-value=\"{&quot;1&quot;:3,&quot;3&quot;:45}\">45<\/td>\n<td data-sheets-value=\"{&quot;1&quot;:2,&quot;2&quot;:&quot;Optativa&quot;}\">Optativa<\/td>\n<\/tr>\n<tr>\n<td data-sheets-value=\"{&quot;1&quot;:2,&quot;2&quot;:&quot;DIP MPS 914&quot;}\">DIP MPS 914<\/td>\n<td data-sheets-value=\"{&quot;1&quot;:2,&quot;2&quot;:&quot;Aten\\u00e7\\u00e3o \\u00e0s V\\u00edtimas e aos Agressores&quot;}\">Aten\u00e7\u00e3o \u00e0s V\u00edtimas e aos Agressores<\/td>\n<td data-sheets-value=\"{&quot;1&quot;:3,&quot;3&quot;:2}\">2<\/td>\n<td data-sheets-value=\"{&quot;1&quot;:3,&quot;3&quot;:30}\">30<\/td>\n<td data-sheets-value=\"{&quot;1&quot;:2,&quot;2&quot;:&quot;Optativa&quot;}\">Optativa<\/td>\n<\/tr>\n<tr>\n<td data-sheets-value=\"{&quot;1&quot;:2,&quot;2&quot;:&quot;DIP MPS 915&quot;}\">DIP MPS 915<\/td>\n<td data-sheets-value=\"{&quot;1&quot;:2,&quot;2&quot;:&quot;Responsabiliza\\u00e7\\u00e3o e Controle&quot;}\">Responsabiliza\u00e7\u00e3o e Controle<\/td>\n<td data-sheets-value=\"{&quot;1&quot;:3,&quot;3&quot;:2}\">2<\/td>\n<td data-sheets-value=\"{&quot;1&quot;:3,&quot;3&quot;:30}\">30<\/td>\n<td data-sheets-value=\"{&quot;1&quot;:2,&quot;2&quot;:&quot;Optativa&quot;}\">Optativa<\/td>\n<\/tr>\n<tr>\n<td data-sheets-value=\"{&quot;1&quot;:2,&quot;2&quot;:&quot;DIP MPS 916&quot;}\">DIP MPS 916<\/td>\n<td data-sheets-value=\"{&quot;1&quot;:2,&quot;2&quot;:&quot;Pol. P\\u00fabl. de Seguran\\u00e7a e Preven\\u00e7\\u00e3o do Crime e da Viol\\u00eancia&quot;}\">Pol. P\u00fabl. de Seguran\u00e7a e Preven\u00e7\u00e3o do Crime e da Viol\u00eancia<\/td>\n<td data-sheets-value=\"{&quot;1&quot;:3,&quot;3&quot;:3}\">3<\/td>\n<td data-sheets-value=\"{&quot;1&quot;:3,&quot;3&quot;:30}\">30<\/td>\n<td data-sheets-value=\"{&quot;1&quot;:2,&quot;2&quot;:&quot;Optativa&quot;}\">Optativa<\/td>\n<\/tr>\n<tr>\n<td data-sheets-value=\"{&quot;1&quot;:2,&quot;2&quot;:&quot;DIP MPS 917&quot;}\">DIP MPS 917<\/td>\n<td data-sheets-value=\"{&quot;1&quot;:2,&quot;2&quot;:&quot;Resili\\u00eancia e Sa\\u00fade Socioafetiva&quot;}\">Resili\u00eancia e Sa\u00fade Socioafetiva<\/td>\n<td data-sheets-value=\"{&quot;1&quot;:3,&quot;3&quot;:2}\">2<\/td>\n<td data-sheets-value=\"{&quot;1&quot;:3,&quot;3&quot;:30}\">30<\/td>\n<td data-sheets-value=\"{&quot;1&quot;:2,&quot;2&quot;:&quot;Optativa&quot;}\">Optativa<\/td>\n<\/tr>\n<tr>\n<td data-sheets-value=\"{&quot;1&quot;:2,&quot;2&quot;:&quot;DIP MPS 918&quot;}\">DIP MPS 918<\/td>\n<td data-sheets-value=\"{&quot;1&quot;:2,&quot;2&quot;:&quot;Sa\\u00fade da Crian\\u00e7a e do Adolescente&quot;}\">Sa\u00fade da Crian\u00e7a e do Adolescente<\/td>\n<td data-sheets-value=\"{&quot;1&quot;:3,&quot;3&quot;:2}\">2<\/td>\n<td data-sheets-value=\"{&quot;1&quot;:3,&quot;3&quot;:30}\">30<\/td>\n<td data-sheets-value=\"{&quot;1&quot;:2,&quot;2&quot;:&quot;Optativa&quot;}\">Optativa<\/td>\n<\/tr>\n<tr>\n<td data-sheets-value=\"{&quot;1&quot;:2,&quot;2&quot;:&quot;DIP MPS 919&quot;}\">DIP MPS 919<\/td>\n<td data-sheets-value=\"{&quot;1&quot;:2,&quot;2&quot;:&quot;Sa\\u00fade e Ambiente&quot;}\">Sa\u00fade e Ambiente<\/td>\n<td data-sheets-value=\"{&quot;1&quot;:3,&quot;3&quot;:2}\">2<\/td>\n<td data-sheets-value=\"{&quot;1&quot;:3,&quot;3&quot;:30}\">30<\/td>\n<td data-sheets-value=\"{&quot;1&quot;:2,&quot;2&quot;:&quot;Optativa&quot;}\">Optativa<\/td>\n<\/tr>\n<tr>\n<td data-sheets-value=\"{&quot;1&quot;:2,&quot;2&quot;:&quot;DIP MPS 920&quot;}\">DIP MPS 920<\/td>\n<td data-sheets-value=\"{&quot;1&quot;:2,&quot;2&quot;:&quot;Introdu\\u00e7\\u00e3o \\u00e0 Pesquisa Qualitativa&quot;}\">Introdu\u00e7\u00e3o \u00e0 Pesquisa Qualitativa<\/td>\n<td data-sheets-value=\"{&quot;1&quot;:3,&quot;3&quot;:2}\">2<\/td>\n<td data-sheets-value=\"{&quot;1&quot;:3,&quot;3&quot;:30}\">30<\/td>\n<td data-sheets-value=\"{&quot;1&quot;:2,&quot;2&quot;:&quot;Optativa&quot;}\">Optativa<\/td>\n<\/tr>\n<tr>\n<td data-sheets-value=\"{&quot;1&quot;:2,&quot;2&quot;:&quot;DIP MPS 921&quot;}\">DIP MPS 921<\/td>\n<td data-sheets-value=\"{&quot;1&quot;:2,&quot;2&quot;:&quot;Mobiliza\\u00e7\\u00e3o e Participa\\u00e7\\u00e3o Social na Preven\\u00e7\\u00e3o da Viol\\u00eancia&quot;}\">Mobiliza\u00e7\u00e3o e Participa\u00e7\u00e3o Social na Preven\u00e7\u00e3o da Viol\u00eancia<\/td>\n<td data-sheets-value=\"{&quot;1&quot;:3,&quot;3&quot;:2}\">2<\/td>\n<td data-sheets-value=\"{&quot;1&quot;:3,&quot;3&quot;:30}\">30<\/td>\n<td data-sheets-value=\"{&quot;1&quot;:2,&quot;2&quot;:&quot;Optativa&quot;}\">Optativa<\/td>\n<\/tr>\n<tr>\n<td data-sheets-value=\"{&quot;1&quot;:2,&quot;2&quot;:&quot;DIP MPS 923&quot;}\">DIP MPS 923<\/td>\n<td data-sheets-value=\"{&quot;1&quot;:2,&quot;2&quot;:&quot;Conceitos e Aplica\\u00e7\\u00f5es em Epidemiologia&quot;}\">Conceitos e Aplica\u00e7\u00f5es em Epidemiologia<\/td>\n<td data-sheets-value=\"{&quot;1&quot;:3,&quot;3&quot;:3}\">3<\/td>\n<td data-sheets-value=\"{&quot;1&quot;:3,&quot;3&quot;:30}\">30<\/td>\n<td data-sheets-value=\"{&quot;1&quot;:2,&quot;2&quot;:&quot;Optativa&quot;}\">Optativa<\/td>\n<\/tr>\n<tr>\n<td data-sheets-value=\"{&quot;1&quot;:2,&quot;2&quot;:&quot;DIP MPS 933&quot;}\">DIP MPS 933<\/td>\n<td data-sheets-value=\"{&quot;1&quot;:2,&quot;2&quot;:&quot;Pol\\u00edticas Informadas Por Evid\\u00eancias&quot;}\">Pol\u00edticas Informadas Por Evid\u00eancias<\/td>\n<td data-sheets-value=\"{&quot;1&quot;:3,&quot;3&quot;:3}\">3<\/td>\n<td data-sheets-value=\"{&quot;1&quot;:3,&quot;3&quot;:45}\">45<\/td>\n<td data-sheets-value=\"{&quot;1&quot;:2,&quot;2&quot;:&quot;Optativa&quot;}\">Optativa<\/td>\n<\/tr>\n<tr>\n<td data-sheets-value=\"{&quot;1&quot;:2,&quot;2&quot;:&quot;DIP MPS934&quot;}\">DIP MPS934<\/td>\n<td data-sheets-value=\"{&quot;1&quot;:2,&quot;2&quot;:&quot;Bases Te\\u00f3rico-Metodol\\u00f3gicas e Pr\\u00e1ticas da Aten\\u00e7\\u00e3o \\u00e0 Mulher em Situa\\u00e7\\u00e3o de Viol\\u00eancia &quot;}\">Bases Te\u00f3rico-Metodol\u00f3gicas e Pr\u00e1ticas da Aten\u00e7\u00e3o \u00e0 Mulher em Situa\u00e7\u00e3o de Viol\u00eancia<\/td>\n<td data-sheets-value=\"{&quot;1&quot;:3,&quot;3&quot;:4}\">4<\/td>\n<td data-sheets-value=\"{&quot;1&quot;:3,&quot;3&quot;:60}\">60<\/td>\n<td data-sheets-value=\"{&quot;1&quot;:2,&quot;2&quot;:&quot;Optativa &quot;}\">Optativa<\/td>\n<\/tr>\n<tr>\n<td data-sheets-value=\"{&quot;1&quot;:2,&quot;2&quot;:&quot;DIP MPS935&quot;}\">DIP MPS935<\/td>\n<td data-sheets-value=\"{&quot;1&quot;:2,&quot;2&quot;:&quot;Dados de sa\\u00fade: acesso e manejo ao DataSUS, TabWin e Arquivos Dbase III+&quot;}\">Dados de sa\u00fade: acesso e manejo ao DataSUS, TabWin e Arquivos Dbase III+<\/td>\n<td data-sheets-value=\"{&quot;1&quot;:3,&quot;3&quot;:2}\">2<\/td>\n<td data-sheets-value=\"{&quot;1&quot;:3,&quot;3&quot;:30}\">30<\/td>\n<td data-sheets-value=\"{&quot;1&quot;:2,&quot;2&quot;:&quot;Optativa&quot;}\">Optativa<\/td>\n<\/tr>\n<tr>\n<td data-sheets-value=\"{&quot;1&quot;:2,&quot;2&quot;:&quot;DIP MPS936&quot;}\">DIP MPS936<\/td>\n<td data-sheets-value=\"{&quot;1&quot;:2,&quot;2&quot;:&quot;Evid\\u00eancias Cient\\u00edficas&quot;}\">Evid\u00eancias Cient\u00edficas<\/td>\n<td data-sheets-value=\"{&quot;1&quot;:3,&quot;3&quot;:2}\">2<\/td>\n<td data-sheets-value=\"{&quot;1&quot;:3,&quot;3&quot;:30}\">30<\/td>\n<td data-sheets-value=\"{&quot;1&quot;:2,&quot;2&quot;:&quot;Optativa&quot;}\">Optativa<\/td>\n<\/tr>\n<tr>\n<td data-sheets-value=\"{&quot;1&quot;:2,&quot;2&quot;:&quot;DIP MPS937&quot;}\">DIP MPS937<\/td>\n<td data-sheets-value=\"{&quot;1&quot;:2,&quot;2&quot;:&quot;Aten\\u00e7\\u00e3o Integral de Sa\\u00fade da Mulher em Situa\\u00e7\\u00e3o de Viol\\u00eancia &quot;}\">Aten\u00e7\u00e3o Integral de Sa\u00fade da Mulher em Situa\u00e7\u00e3o de Viol\u00eancia<\/td>\n<td data-sheets-value=\"{&quot;1&quot;:3,&quot;3&quot;:4}\">4<\/td>\n<td data-sheets-value=\"{&quot;1&quot;:3,&quot;3&quot;:60}\">60<\/td>\n<td data-sheets-value=\"{&quot;1&quot;:2,&quot;2&quot;:&quot;Optativa&quot;}\">Optativa<\/td>\n<\/tr>\n<tr>\n<td data-sheets-value=\"{&quot;1&quot;:2,&quot;2&quot;:&quot;DIP MPS938&quot;}\">DIP MPS938<\/td>\n<td data-sheets-value=\"{&quot;1&quot;:2,&quot;2&quot;:&quot;Introdu\\u00e7\\u00e3o. ao SPSS - Stat. pack. Soc. Scie&quot;}\">Introdu\u00e7\u00e3o. ao SPSS &#8211; Stat. pack. Soc. Scie<\/td>\n<td data-sheets-value=\"{&quot;1&quot;:3,&quot;3&quot;:1}\">1<\/td>\n<td data-sheets-value=\"{&quot;1&quot;:3,&quot;3&quot;:15}\">15<\/td>\n<td data-sheets-value=\"{&quot;1&quot;:2,&quot;2&quot;:&quot;Optativa&quot;}\">Optativa<\/td>\n<\/tr>\n<tr>\n<td data-sheets-value=\"{&quot;1&quot;:2,&quot;2&quot;:&quot;DIP MPS939&quot;}\">DIP MPS939<\/td>\n<td data-sheets-value=\"{&quot;1&quot;:2,&quot;2&quot;:&quot;Adolescente, Fam\\u00edlia e Territ\\u00f3rio: Abordagem Metodol\\u00f3gica e Cl\\u00ednica &quot;}\">Adolescente, Fam\u00edlia e Territ\u00f3rio: Abordagem Metodol\u00f3gica e Cl\u00ednica<\/td>\n<td data-sheets-value=\"{&quot;1&quot;:3,&quot;3&quot;:2}\">2<\/td>\n<td data-sheets-value=\"{&quot;1&quot;:3,&quot;3&quot;:30}\">30<\/td>\n<td data-sheets-value=\"{&quot;1&quot;:2,&quot;2&quot;:&quot;Optativa&quot;}\">Optativa<\/td>\n<\/tr>\n<tr>\n<td data-sheets-value=\"{&quot;1&quot;:2,&quot;2&quot;:&quot;AAP PSV000&quot;}\">AAP PSV000<\/td>\n<td data-sheets-value=\"{&quot;1&quot;:2,&quot;2&quot;:&quot;Atividades Acad\\u00eamicas de P\\u00f3s-Gradua\\u00e7\\u00e3o&quot;}\">Atividades Acad\u00eamicas de P\u00f3s-Gradua\u00e7\u00e3o<\/td>\n<td data-sheets-value=\"{&quot;1&quot;:3,&quot;3&quot;:5}\">5<\/td>\n<td data-sheets-value=\"{&quot;1&quot;:3,&quot;3&quot;:75}\">75<\/td>\n<td data-sheets-value=\"{&quot;1&quot;:2,&quot;2&quot;:&quot;Optativa&quot;}\">Optativa<\/td>\n<\/tr>\n<\/tbody>\n<\/table>\n","protected":false},"excerpt":{"rendered":"<p>Estrutura geral do curso S\u00e3o 20 cr\u00e9ditos a cursar, sendo 10 referentes a tr\u00eas disciplinas obrigat\u00f3rias e os outros 10 cr\u00e9ditos escolhidos entre as 29 optativas dispon\u00edveis no Programa (Quadro 1) ou cursados como eletivas escolhidas dentro de qualquer Programa da UFMG, segundo interesse do aluno ou proximidade com o seu objeto de estudo. Disciplinas [&hellip;]<\/p>\n","protected":false},"author":17,"featured_media":0,"parent":0,"menu_order":0,"comment_status":"closed","ping_status":"closed","template":"","meta":{"footnotes":""},"class_list":["post-49","page","type-page","status-publish","hentry"],"_links":{"self":[{"href":"https:\/\/www.medicina.ufmg.br\/cpgpspv\/wp-json\/wp\/v2\/pages\/49","targetHints":{"allow":["GET"]}}],"collection":[{"href":"https:\/\/www.medicina.ufmg.br\/cpgpspv\/wp-json\/wp\/v2\/pages"}],"about":[{"href":"https:\/\/www.medicina.ufmg.br\/cpgpspv\/wp-json\/wp\/v2\/types\/page"}],"author":[{"embeddable":true,"href":"https:\/\/www.medicina.ufmg.br\/cpgpspv\/wp-json\/wp\/v2\/users\/17"}],"replies":[{"embeddable":true,"href":"https:\/\/www.medicina.ufmg.br\/cpgpspv\/wp-json\/wp\/v2\/comments?post=49"}],"version-history":[{"count":8,"href":"https:\/\/www.medicina.ufmg.br\/cpgpspv\/wp-json\/wp\/v2\/pages\/49\/revisions"}],"predecessor-version":[{"id":120,"href":"https:\/\/www.medicina.ufmg.br\/cpgpspv\/wp-json\/wp\/v2\/pages\/49\/revisions\/120"}],"wp:attachment":[{"href":"https:\/\/www.medicina.ufmg.br\/cpgpspv\/wp-json\/wp\/v2\/media?parent=49"}],"curies":[{"name":"wp","href":"https:\/\/api.w.org\/{rel}","templated":true}]}}