
{"id":495,"date":"2023-08-22T18:37:16","date_gmt":"2023-08-22T18:37:16","guid":{"rendered":"https:\/\/www.medicina.ufmg.br\/cpgpspv\/?page_id=495"},"modified":"2025-11-13T14:32:51","modified_gmt":"2025-11-13T14:32:51","slug":"regulamento-e-resolucoes","status":"publish","type":"page","link":"https:\/\/www.medicina.ufmg.br\/cpgpspv\/regulamento-e-resolucoes\/","title":{"rendered":"Regulamento e resolu\u00e7\u00f5es"},"content":{"rendered":"\n<p><a href=\"http:\/\/www.medicina.ufmg.br\/cpgpspv\/wp-content\/uploads\/sites\/48\/2025\/11\/Resolucao-credenciamento-docentes-PSPV-31maio2023.pdf\" data-type=\"link\" data-id=\"http:\/\/www.medicina.ufmg.br\/cpgpspv\/wp-content\/uploads\/sites\/48\/2025\/11\/Resolucao-credenciamento-docentes-PSPV-31maio2023.pdf\">RESOLU\u00c7\u00c3O DE CREDENCIAMENTO DE DOCENTE &#8211; PSPV<\/a><\/p>\n\n\n\n<p><a href=\"https:\/\/www.medicina.ufmg.br\/cpgpspv\/wp-content\/uploads\/sites\/48\/2023\/08\/PSPV-Regulamento-de-curso-2023-Versao-Final-1.pdf\" data-type=\"link\" data-id=\"https:\/\/www.medicina.ufmg.br\/cpgpspv\/wp-content\/uploads\/sites\/48\/2023\/08\/PSPV-Regulamento-de-curso-2023-Versao-Final-1.pdf\">REGULAMENTO CURSO DE MESTRADO PROFISSIONAL EM PROMO\u00c7\u00c3O DE SA\u00daDE E PREVEN\u00c7\u00c3O DA VIOL\u00caNCIA<\/a><\/p>\n","protected":false},"excerpt":{"rendered":"<p>RESOLU\u00c7\u00c3O DE CREDENCIAMENTO DE DOCENTE &#8211; PSPV REGULAMENTO CURSO DE MESTRADO PROFISSIONAL EM PROMO\u00c7\u00c3O DE SA\u00daDE E PREVEN\u00c7\u00c3O DA VIOL\u00caNCIA<\/p>\n","protected":false},"author":17,"featured_media":0,"parent":0,"menu_order":0,"comment_status":"closed","ping_status":"closed","template":"","meta":{"footnotes":""},"class_list":["post-495","page","type-page","status-publish","hentry"],"_links":{"self":[{"href":"https:\/\/www.medicina.ufmg.br\/cpgpspv\/wp-json\/wp\/v2\/pages\/495","targetHints":{"allow":["GET"]}}],"collection":[{"href":"https:\/\/www.medicina.ufmg.br\/cpgpspv\/wp-json\/wp\/v2\/pages"}],"about":[{"href":"https:\/\/www.medicina.ufmg.br\/cpgpspv\/wp-json\/wp\/v2\/types\/page"}],"author":[{"embeddable":true,"href":"https:\/\/www.medicina.ufmg.br\/cpgpspv\/wp-json\/wp\/v2\/users\/17"}],"replies":[{"embeddable":true,"href":"https:\/\/www.medicina.ufmg.br\/cpgpspv\/wp-json\/wp\/v2\/comments?post=495"}],"version-history":[{"count":3,"href":"https:\/\/www.medicina.ufmg.br\/cpgpspv\/wp-json\/wp\/v2\/pages\/495\/revisions"}],"predecessor-version":[{"id":845,"href":"https:\/\/www.medicina.ufmg.br\/cpgpspv\/wp-json\/wp\/v2\/pages\/495\/revisions\/845"}],"wp:attachment":[{"href":"https:\/\/www.medicina.ufmg.br\/cpgpspv\/wp-json\/wp\/v2\/media?parent=495"}],"curies":[{"name":"wp","href":"https:\/\/api.w.org\/{rel}","templated":true}]}}