
{"id":500,"date":"2023-09-25T18:52:14","date_gmt":"2023-09-25T18:52:14","guid":{"rendered":"https:\/\/www.medicina.ufmg.br\/cpgpspv\/?page_id=500"},"modified":"2024-08-14T13:33:04","modified_gmt":"2024-08-14T13:33:04","slug":"processo-seletivo-2023-2","status":"publish","type":"page","link":"https:\/\/www.medicina.ufmg.br\/cpgpspv\/processo-seletivo-2023-2\/","title":{"rendered":"Processo Seletivo 2023\/2"},"content":{"rendered":"\t\t<div data-elementor-type=\"wp-page\" data-elementor-id=\"500\" class=\"elementor elementor-500\">\n\t\t\t\t\t\t<section class=\"elementor-section elementor-top-section elementor-element elementor-element-536b19d elementor-section-boxed elementor-section-height-default elementor-section-height-default\" data-id=\"536b19d\" data-element_type=\"section\">\n\t\t\t\t\t\t<div class=\"elementor-container elementor-column-gap-default\">\n\t\t\t\t\t<div class=\"elementor-column elementor-col-100 elementor-top-column elementor-element elementor-element-a4bb700\" data-id=\"a4bb700\" data-element_type=\"column\">\n\t\t\t<div class=\"elementor-widget-wrap elementor-element-populated\">\n\t\t\t\t\t\t<div class=\"elementor-element elementor-element-7b1dc91 elementor-widget elementor-widget-toggle\" data-id=\"7b1dc91\" data-element_type=\"widget\" data-widget_type=\"toggle.default\">\n\t\t\t\t<div class=\"elementor-widget-container\">\n\t\t\t\t\t\t\t<div class=\"elementor-toggle\">\n\t\t\t\t\t\t\t<div class=\"elementor-toggle-item\">\n\t\t\t\t\t<div id=\"elementor-tab-title-1291\" class=\"elementor-tab-title\" data-tab=\"1\" role=\"button\" aria-controls=\"elementor-tab-content-1291\" aria-expanded=\"false\">\n\t\t\t\t\t\t\t\t\t\t\t\t<span class=\"elementor-toggle-icon elementor-toggle-icon-left\" aria-hidden=\"true\">\n\t\t\t\t\t\t\t\t\t\t\t\t\t\t\t<span class=\"elementor-toggle-icon-closed\"><i class=\"fas fa-caret-right\"><\/i><\/span>\n\t\t\t\t\t\t\t\t<span class=\"elementor-toggle-icon-opened\"><i class=\"elementor-toggle-icon-opened fas fa-caret-up\"><\/i><\/span>\n\t\t\t\t\t\t\t\t\t\t\t\t\t<\/span>\n\t\t\t\t\t\t\t\t\t\t\t\t<a class=\"elementor-toggle-title\" tabindex=\"0\">Sele\u00e7\u00e3o Mestrado 2023\/2 - Regular<\/a>\n\t\t\t\t\t<\/div>\n\n\t\t\t\t\t<div id=\"elementor-tab-content-1291\" class=\"elementor-tab-content elementor-clearfix\" data-tab=\"1\" role=\"region\" aria-labelledby=\"elementor-tab-title-1291\"><p><a href=\"http:\/\/www.medicina.ufmg.br\/cpgpspv\/wp-content\/uploads\/sites\/48\/2023\/09\/1-Edital_Regular_PSPV_MP_25set2023.pdf\">1 &#8211; Edital_Regular<\/a><br \/><a href=\"https:\/\/ftp.medicina.ufmg.br\/cpg\/formularios\/2023\/Formul%e1rio%20inscri%e7%e3o%20Regular%20%20PSPV%202023%202.xls\">3 &#8211; Formul\u00e1rio de Inscri\u00e7\u00e3o REGULAR<\/a><br \/><a href=\"http:\/\/www.medicina.ufmg.br\/cpgpspv\/wp-content\/uploads\/sites\/48\/2023\/09\/4-Autodeclaracao-Etnico-Racial.pdf\">4 &#8211; Autodeclara\u00e7\u00e3o-\u00c9tnico-Racial<\/a><br \/><a href=\"http:\/\/www.medicina.ufmg.br\/cpgpspv\/wp-content\/uploads\/sites\/48\/2023\/10\/Retificacao_Edital_Regular_PSPV_MP_2024.pdf\">5 &#8211; Retifica\u00e7\u00e3o edital regular<\/a><br \/><a href=\"http:\/\/www.medicina.ufmg.br\/cpgpspv\/wp-content\/uploads\/sites\/48\/2023\/10\/RESULTADO-HOMOLOGACAO-DAS-INSCRICOES-PSPV-2024-para-divulgar.pdf\">6 &#8211; Resultado homologa\u00e7\u00e3o das inscri\u00e7\u00f5es<\/a><br \/><a href=\"http:\/\/www.medicina.ufmg.br\/cpgpspv\/wp-content\/uploads\/sites\/48\/2023\/11\/Declaracao-de-inexistencia-de-impedimento.pdf\">7 &#8211; Declara\u00e7\u00e3o de Impedimento<\/a><br \/><a href=\"http:\/\/www.medicina.ufmg.br\/cpgpspv\/wp-content\/uploads\/sites\/48\/2023\/11\/PROVA-ESCRITA.pdf\">8 &#8211; Local e data prova escrita <\/a><br \/><a href=\"http:\/\/www.medicina.ufmg.br\/cpgpspv\/wp-content\/uploads\/sites\/48\/2023\/11\/Prorrogacao-resultado-final-2023.pdf\">9 &#8211; Prorroga\u00e7\u00e3o do resultado final<\/a><br \/><a href=\"http:\/\/www.medicina.ufmg.br\/cpgpspv\/wp-content\/uploads\/sites\/48\/2023\/11\/RESULTADO-MP-PSPV-2024.pdf\">10 &#8211; Resultado Final<\/a><br \/><a href=\"http:\/\/www.medicina.ufmg.br\/cpgpspv\/wp-content\/uploads\/sites\/48\/2023\/12\/RESULTADO-FINAL-MP-PSPV-2024-COM-A-REVISAO-DE-RECUSSOS-SOLICITADOS.pdf\">11 &#8211; Resultado final com avalia\u00e7\u00e3o dos recursos<\/a><\/p><\/div>\n\t\t\t\t<\/div>\n\t\t\t\t\t\t\t<div class=\"elementor-toggle-item\">\n\t\t\t\t\t<div id=\"elementor-tab-title-1292\" class=\"elementor-tab-title\" data-tab=\"2\" role=\"button\" aria-controls=\"elementor-tab-content-1292\" aria-expanded=\"false\">\n\t\t\t\t\t\t\t\t\t\t\t\t<span class=\"elementor-toggle-icon elementor-toggle-icon-left\" aria-hidden=\"true\">\n\t\t\t\t\t\t\t\t\t\t\t\t\t\t\t<span class=\"elementor-toggle-icon-closed\"><i class=\"fas fa-caret-right\"><\/i><\/span>\n\t\t\t\t\t\t\t\t<span class=\"elementor-toggle-icon-opened\"><i class=\"elementor-toggle-icon-opened fas fa-caret-up\"><\/i><\/span>\n\t\t\t\t\t\t\t\t\t\t\t\t\t<\/span>\n\t\t\t\t\t\t\t\t\t\t\t\t<a class=\"elementor-toggle-title\" tabindex=\"0\">Sele\u00e7\u00e3o Mestrado 2023\/2 - Suplementar<\/a>\n\t\t\t\t\t<\/div>\n\n\t\t\t\t\t<div id=\"elementor-tab-content-1292\" class=\"elementor-tab-content elementor-clearfix\" data-tab=\"2\" role=\"region\" aria-labelledby=\"elementor-tab-title-1292\"><p><a href=\"http:\/\/www.medicina.ufmg.br\/cpgpspv\/wp-content\/uploads\/sites\/48\/2023\/09\/1-Edital_Suplementar_PSPV_MP_25set2023.pdf\">1 &#8211; Edital_Suplementar<\/a><br \/><a href=\"https:\/\/ftp.medicina.ufmg.br\/cpg\/formularios\/2023\/Formul%e1rio%20de%20inscri%e7%e3o%20SUPLEMENTAR.xls\">3 &#8211; Formul\u00e1rio de Inscri\u00e7\u00e3o SUPLEMENTAR<\/a><br \/><a href=\"http:\/\/www.medicina.ufmg.br\/cpgpspv\/wp-content\/uploads\/sites\/48\/2023\/09\/5-Autodeclaracao-de-Pessoa-com-Deficiencia.pdf\">4 &#8211; Autodeclara\u00e7\u00e3o de Pessoa com Defici\u00eancia<\/a><br \/><a href=\"http:\/\/www.medicina.ufmg.br\/cpgpspv\/wp-content\/uploads\/sites\/48\/2023\/09\/6-Declaracao-de-Autorreconhecimento-Indigena.pdf\">5 &#8211; Declara\u00e7\u00e3o de Autorreconhecimento Ind\u00edgena<\/a><br \/><a href=\"http:\/\/www.medicina.ufmg.br\/cpgpspv\/wp-content\/uploads\/sites\/48\/2023\/09\/7-Declaracao-de-Lideranca-Indigena.pdf\">6 &#8211; Declara\u00e7\u00e3o de Lideran\u00e7a Ind\u00edgena<\/a><br \/><a href=\"http:\/\/www.medicina.ufmg.br\/cpgpspv\/wp-content\/uploads\/sites\/48\/2023\/09\/8-Declaracao-de-Residencia-Indigena.pdf\">7 &#8211; Declara\u00e7\u00e3o de Resid\u00eancia Ind\u00edgena<\/a><br \/><a href=\"http:\/\/www.medicina.ufmg.br\/cpgpspv\/wp-content\/uploads\/sites\/48\/2023\/09\/9-Modelo-de-Relatorio-Medico-Assistente.pdf\">8 &#8211; Modelo de Relat\u00f3rio M\u00e9dico Assistente<\/a><br \/><a href=\"http:\/\/www.medicina.ufmg.br\/cpgpspv\/wp-content\/uploads\/sites\/48\/2023\/10\/Retificacao_Edital_Suplementar_PSPV_MP_2024.pdf\">9 &#8211; Retifica\u00e7\u00e3o edital suplementar<\/a><\/p><\/div>\n\t\t\t\t<\/div>\n\t\t\t\t\t\t\t<div class=\"elementor-toggle-item\">\n\t\t\t\t\t<div id=\"elementor-tab-title-1293\" class=\"elementor-tab-title\" data-tab=\"3\" role=\"button\" aria-controls=\"elementor-tab-content-1293\" aria-expanded=\"false\">\n\t\t\t\t\t\t\t\t\t\t\t\t<span class=\"elementor-toggle-icon elementor-toggle-icon-left\" aria-hidden=\"true\">\n\t\t\t\t\t\t\t\t\t\t\t\t\t\t\t<span class=\"elementor-toggle-icon-closed\"><i class=\"fas fa-caret-right\"><\/i><\/span>\n\t\t\t\t\t\t\t\t<span class=\"elementor-toggle-icon-opened\"><i class=\"elementor-toggle-icon-opened fas fa-caret-up\"><\/i><\/span>\n\t\t\t\t\t\t\t\t\t\t\t\t\t<\/span>\n\t\t\t\t\t\t\t\t\t\t\t\t<a class=\"elementor-toggle-title\" tabindex=\"0\">Informa\u00e7\u00f5es sobre vagas, \u00e1reas e professores orientadores<\/a>\n\t\t\t\t\t<\/div>\n\n\t\t\t\t\t<div id=\"elementor-tab-content-1293\" class=\"elementor-tab-content elementor-clearfix\" data-tab=\"3\" role=\"region\" aria-labelledby=\"elementor-tab-title-1293\"><p><a href=\"http:\/\/www.medicina.ufmg.br\/cpgpspv\/wp-content\/uploads\/sites\/48\/2023\/10\/Professores-e-Links-PSPV-24out23.pdf\">Clique para visualizar<\/a><\/p><\/div>\n\t\t\t\t<\/div>\n\t\t\t\t\t\t\t\t<\/div>\n\t\t\t\t\t\t<\/div>\n\t\t\t\t<\/div>\n\t\t\t\t\t<\/div>\n\t\t<\/div>\n\t\t\t\t\t<\/div>\n\t\t<\/section>\n\t\t\t\t<\/div>\n\t\t","protected":false},"excerpt":{"rendered":"<p>Sele\u00e7\u00e3o Mestrado 2023\/2 &#8211; Regular 1 &#8211; Edital_Regular3 &#8211; Formul\u00e1rio de Inscri\u00e7\u00e3o REGULAR4 &#8211; Autodeclara\u00e7\u00e3o-\u00c9tnico-Racial5 &#8211; Retifica\u00e7\u00e3o edital regular6 &#8211; Resultado homologa\u00e7\u00e3o das inscri\u00e7\u00f5es7 &#8211; Declara\u00e7\u00e3o de Impedimento8 &#8211; Local e data prova escrita 9 &#8211; Prorroga\u00e7\u00e3o do resultado final10 &#8211; Resultado Final11 &#8211; Resultado final com avalia\u00e7\u00e3o dos recursos Sele\u00e7\u00e3o Mestrado 2023\/2 &#8211; Suplementar [&hellip;]<\/p>\n","protected":false},"author":105,"featured_media":0,"parent":0,"menu_order":0,"comment_status":"closed","ping_status":"closed","template":"","meta":{"footnotes":""},"class_list":["post-500","page","type-page","status-publish","hentry"],"_links":{"self":[{"href":"https:\/\/www.medicina.ufmg.br\/cpgpspv\/wp-json\/wp\/v2\/pages\/500","targetHints":{"allow":["GET"]}}],"collection":[{"href":"https:\/\/www.medicina.ufmg.br\/cpgpspv\/wp-json\/wp\/v2\/pages"}],"about":[{"href":"https:\/\/www.medicina.ufmg.br\/cpgpspv\/wp-json\/wp\/v2\/types\/page"}],"author":[{"embeddable":true,"href":"https:\/\/www.medicina.ufmg.br\/cpgpspv\/wp-json\/wp\/v2\/users\/105"}],"replies":[{"embeddable":true,"href":"https:\/\/www.medicina.ufmg.br\/cpgpspv\/wp-json\/wp\/v2\/comments?post=500"}],"version-history":[{"count":27,"href":"https:\/\/www.medicina.ufmg.br\/cpgpspv\/wp-json\/wp\/v2\/pages\/500\/revisions"}],"predecessor-version":[{"id":563,"href":"https:\/\/www.medicina.ufmg.br\/cpgpspv\/wp-json\/wp\/v2\/pages\/500\/revisions\/563"}],"wp:attachment":[{"href":"https:\/\/www.medicina.ufmg.br\/cpgpspv\/wp-json\/wp\/v2\/media?parent=500"}],"curies":[{"name":"wp","href":"https:\/\/api.w.org\/{rel}","templated":true}]}}