
{"id":52,"date":"2016-03-21T16:58:20","date_gmt":"2016-03-21T16:58:20","guid":{"rendered":"https:\/\/www.medicina.ufmg.br\/cpgpspv\/?page_id=52"},"modified":"2025-09-05T14:12:54","modified_gmt":"2025-09-05T14:12:54","slug":"processo-seletivo","status":"publish","type":"page","link":"https:\/\/www.medicina.ufmg.br\/cpgpspv\/processo-seletivo\/","title":{"rendered":"Processo Seletivo"},"content":{"rendered":"\t\t<div data-elementor-type=\"wp-page\" data-elementor-id=\"52\" class=\"elementor elementor-52\">\n\t\t\t\t<div class=\"elementor-element elementor-element-9b90105 e-flex e-con-boxed e-con e-parent\" data-id=\"9b90105\" data-element_type=\"container\">\n\t\t\t\t\t<div class=\"e-con-inner\">\n\t\t\t\t<div class=\"elementor-element elementor-element-c6ffcfd elementor-widget elementor-widget-text-editor\" data-id=\"c6ffcfd\" data-element_type=\"widget\" data-widget_type=\"text-editor.default\">\n\t\t\t\t<div class=\"elementor-widget-container\">\n\t\t\t\t\t\t\t\t\t<p><span style=\"font-weight: 400;\">O processo seletivo para o PPG MPPSPV\/UFMG acontece anualmente, atrav\u00e9s da publica\u00e7\u00e3o de Editais espec\u00edficos, sendo disponibilizadas 30 vagas a cada edi\u00e7\u00e3o.\u00a0<\/span><\/p>\t\t\t\t\t\t\t\t<\/div>\n\t\t\t\t<\/div>\n\t\t\t\t\t<\/div>\n\t\t\t\t<\/div>\n\t\t\t\t<section class=\"elementor-section elementor-top-section elementor-element elementor-element-6e7cce05 elementor-section-boxed elementor-section-height-default elementor-section-height-default\" data-id=\"6e7cce05\" data-element_type=\"section\">\n\t\t\t\t\t\t<div class=\"elementor-container elementor-column-gap-default\">\n\t\t\t\t\t<div class=\"elementor-column elementor-col-100 elementor-top-column elementor-element elementor-element-5d9f81e6\" data-id=\"5d9f81e6\" data-element_type=\"column\">\n\t\t\t<div class=\"elementor-widget-wrap elementor-element-populated\">\n\t\t\t\t\t\t<div class=\"elementor-element elementor-element-7b2dc3f5 elementor-widget elementor-widget-text-editor\" data-id=\"7b2dc3f5\" data-element_type=\"widget\" data-widget_type=\"text-editor.default\">\n\t\t\t\t<div class=\"elementor-widget-container\">\n\t\t\t\t\t\t\t\t\t<p><a href=\"https:\/\/www.medicina.ufmg.br\/cpgpspv\/2025\/09\/05\/processo-seletivo-2026-1\/\"><strong>Processo Seletivo 2026\/1<\/strong><\/a><\/p><p><a href=\"https:\/\/www.medicina.ufmg.br\/cpgpspv\/processo-seletivo-2025-1\/\"><strong>Processo Seletivo 2025\/1<\/strong><\/a><\/p><p><a href=\"https:\/\/www.medicina.ufmg.br\/cpgpspv\/processo-seletivo-2023-2\/\">Processo Seletivo 2023\/2<\/a><\/p><p><a href=\"https:\/\/www.medicina.ufmg.br\/cpgpspv\/processo-seletivo-2022-2\/\">Processo Seletivo 2022\/2<\/a><\/p><p><a href=\"https:\/\/www.medicina.ufmg.br\/cpgpspv\/processo-seletivo-2021\/\">Processo Seletivo 2021\/2<\/a><\/p><p><a href=\"https:\/\/www.medicina.ufmg.br\/cpgpspv\/processo-seletivo-2020\/\">Processo Seletivo 2020<\/a><\/p><p><a href=\"https:\/\/www.medicina.ufmg.br\/cpgpspv\/processo-seletivo-2019\/\">Processo Seletivo 2019<\/a><\/p><p><a href=\"https:\/\/www.medicina.ufmg.br\/cpgpspv\/processo-seletivo-2018\/\">Processo Seletivo 2018<\/a><\/p><p><a href=\"https:\/\/www.medicina.ufmg.br\/cpgpspv\/processo-seletivo-2017\/\">Processo Seletivo 2017<\/a><\/p><p><a href=\"https:\/\/www.medicina.ufmg.br\/cpgpspv\/processo-seletivo-2016\/\">Processo Seletivo 2016<\/a><\/p><p><a href=\"https:\/\/www.medicina.ufmg.br\/cpgpspv\/processo-seletivo-2015\/\">Processo Seletivo 2015<\/a><\/p><p><a href=\"https:\/\/www.medicina.ufmg.br\/cpgpspv\/processo-seletivo-2014\/\">Processo Seletivo 2014<\/a><\/p>\t\t\t\t\t\t\t\t<\/div>\n\t\t\t\t<\/div>\n\t\t\t\t\t<\/div>\n\t\t<\/div>\n\t\t\t\t\t<\/div>\n\t\t<\/section>\n\t\t\t\t<\/div>\n\t\t","protected":false},"excerpt":{"rendered":"<p>O processo seletivo para o PPG MPPSPV\/UFMG acontece anualmente, atrav\u00e9s da publica\u00e7\u00e3o de Editais espec\u00edficos, sendo disponibilizadas 30 vagas a cada edi\u00e7\u00e3o.\u00a0 Processo Seletivo 2026\/1 Processo Seletivo 2025\/1 Processo Seletivo 2023\/2 Processo Seletivo 2022\/2 Processo Seletivo 2021\/2 Processo Seletivo 2020 Processo Seletivo 2019 Processo Seletivo 2018 Processo Seletivo 2017 Processo Seletivo 2016 Processo Seletivo 2015 [&hellip;]<\/p>\n","protected":false},"author":17,"featured_media":0,"parent":0,"menu_order":0,"comment_status":"closed","ping_status":"closed","template":"","meta":{"footnotes":""},"class_list":["post-52","page","type-page","status-publish","hentry"],"_links":{"self":[{"href":"https:\/\/www.medicina.ufmg.br\/cpgpspv\/wp-json\/wp\/v2\/pages\/52","targetHints":{"allow":["GET"]}}],"collection":[{"href":"https:\/\/www.medicina.ufmg.br\/cpgpspv\/wp-json\/wp\/v2\/pages"}],"about":[{"href":"https:\/\/www.medicina.ufmg.br\/cpgpspv\/wp-json\/wp\/v2\/types\/page"}],"author":[{"embeddable":true,"href":"https:\/\/www.medicina.ufmg.br\/cpgpspv\/wp-json\/wp\/v2\/users\/17"}],"replies":[{"embeddable":true,"href":"https:\/\/www.medicina.ufmg.br\/cpgpspv\/wp-json\/wp\/v2\/comments?post=52"}],"version-history":[{"count":50,"href":"https:\/\/www.medicina.ufmg.br\/cpgpspv\/wp-json\/wp\/v2\/pages\/52\/revisions"}],"predecessor-version":[{"id":750,"href":"https:\/\/www.medicina.ufmg.br\/cpgpspv\/wp-json\/wp\/v2\/pages\/52\/revisions\/750"}],"wp:attachment":[{"href":"https:\/\/www.medicina.ufmg.br\/cpgpspv\/wp-json\/wp\/v2\/media?parent=52"}],"curies":[{"name":"wp","href":"https:\/\/api.w.org\/{rel}","templated":true}]}}