
{"id":560,"date":"2024-09-17T16:16:03","date_gmt":"2024-09-17T16:16:03","guid":{"rendered":"https:\/\/www.medicina.ufmg.br\/cpgpspv\/?page_id=560"},"modified":"2024-12-23T19:16:12","modified_gmt":"2024-12-23T19:16:12","slug":"processo-seletivo-2025-1","status":"publish","type":"page","link":"https:\/\/www.medicina.ufmg.br\/cpgpspv\/processo-seletivo-2025-1\/","title":{"rendered":"Processo Seletivo 2025\/1"},"content":{"rendered":"\t\t<div data-elementor-type=\"wp-page\" data-elementor-id=\"560\" class=\"elementor elementor-560\">\n\t\t\t\t\t\t<section class=\"elementor-section elementor-top-section elementor-element elementor-element-96a20d5 elementor-section-boxed elementor-section-height-default elementor-section-height-default\" data-id=\"96a20d5\" data-element_type=\"section\">\n\t\t\t\t\t\t<div class=\"elementor-container elementor-column-gap-default\">\n\t\t\t\t\t<div class=\"elementor-column elementor-col-100 elementor-top-column elementor-element elementor-element-0d026a2\" data-id=\"0d026a2\" data-element_type=\"column\">\n\t\t\t<div class=\"elementor-widget-wrap elementor-element-populated\">\n\t\t\t\t\t\t<div class=\"elementor-element elementor-element-6acd87a elementor-widget elementor-widget-toggle\" data-id=\"6acd87a\" data-element_type=\"widget\" data-widget_type=\"toggle.default\">\n\t\t\t\t<div class=\"elementor-widget-container\">\n\t\t\t\t\t\t\t<div class=\"elementor-toggle\">\n\t\t\t\t\t\t\t<div class=\"elementor-toggle-item\">\n\t\t\t\t\t<div id=\"elementor-tab-title-1111\" class=\"elementor-tab-title\" data-tab=\"1\" role=\"button\" aria-controls=\"elementor-tab-content-1111\" aria-expanded=\"false\">\n\t\t\t\t\t\t\t\t\t\t\t\t<span class=\"elementor-toggle-icon elementor-toggle-icon-left\" aria-hidden=\"true\">\n\t\t\t\t\t\t\t\t\t\t\t\t\t\t\t<span class=\"elementor-toggle-icon-closed\"><i class=\"fas fa-caret-right\"><\/i><\/span>\n\t\t\t\t\t\t\t\t<span class=\"elementor-toggle-icon-opened\"><i class=\"elementor-toggle-icon-opened fas fa-caret-up\"><\/i><\/span>\n\t\t\t\t\t\t\t\t\t\t\t\t\t<\/span>\n\t\t\t\t\t\t\t\t\t\t\t\t<a class=\"elementor-toggle-title\" tabindex=\"0\">Sele\u00e7\u00e3o Mestrado 2025\/1 - Regular<\/a>\n\t\t\t\t\t<\/div>\n\n\t\t\t\t\t<div id=\"elementor-tab-content-1111\" class=\"elementor-tab-content elementor-clearfix\" data-tab=\"1\" role=\"region\" aria-labelledby=\"elementor-tab-title-1111\"><ol><li><a href=\"http:\/\/www.medicina.ufmg.br\/cpgpspv\/wp-content\/uploads\/sites\/48\/2024\/09\/Edital_Regular_PSPV_M_2025-1.pdf\">EDITAL REGULAR<\/a><\/li><li><a href=\"http:\/\/www.medicina.ufmg.br\/cpgpspv\/wp-content\/uploads\/sites\/48\/2024\/09\/Formulario-inscricao-Regular-PSPV-2025-1.pdf\">FORMUL\u00c1RIO DE INSCRI\u00c7\u00c3O REGULAR<\/a><\/li><li><a href=\"http:\/\/www.medicina.ufmg.br\/cpgpspv\/wp-content\/uploads\/sites\/48\/2024\/09\/4-Autodeclaracao-Etnico-Racial.pdf\">AUTO-DECLARA\u00c7\u00c3O -\u00c9TINICO-RACIAL<\/a><\/li><li><a href=\"http:\/\/www.medicina.ufmg.br\/cpgpspv\/wp-content\/uploads\/sites\/48\/2024\/09\/Retificacao_Edital_Regular_PSPV_MP_2025.pdf\">Retifica\u00e7\u00e3o Edital Regular<\/a><\/li><li><a href=\"http:\/\/www.medicina.ufmg.br\/cpgpspv\/wp-content\/uploads\/sites\/48\/2024\/10\/2a-Retificacao_Edital_Regular_PSPV_MP_2025.pdf\">2\u00aa RETIFICA\u00c7\u00c3O EDITAL REGULAR\u00a0<\/a><\/li><li><a href=\"http:\/\/www.medicina.ufmg.br\/cpgpspv\/wp-content\/uploads\/sites\/48\/2024\/10\/RESULTADO-HOMOLOGACAO.pdf\">HOMOLOGA\u00c7\u00c3O DAS INSCRI\u00c7\u00d5ES &#8211; Resultado da an\u00e1lise da documenta\u00e7\u00e3o<\/a><\/li><li><a href=\"http:\/\/www.medicina.ufmg.br\/cpgpspv\/wp-content\/uploads\/sites\/48\/2024\/10\/LOCAL-PROVA-ESCRITA.pdf\">LOCAL E HOR\u00c1RIO DE PROVA<\/a><\/li><li><a href=\"http:\/\/www.medicina.ufmg.br\/cpgpspv\/wp-content\/uploads\/sites\/48\/2024\/10\/SEI_UFMG-3687075-Declaracao.pdf\">DECLARA\u00c7\u00c3O MEMBROS BANCA EXAMINADORA PROCESSO SELETIVO MESTRADO 2025<\/a><\/li><li><a href=\"http:\/\/www.medicina.ufmg.br\/cpgpspv\/wp-content\/uploads\/sites\/48\/2024\/11\/RESULTADO-PROVA-ESCRITA-1a-ETAPA.pdf\">RESULTADO &#8211; PROVA ESCRITA 1\u00aa ETAPA<\/a><\/li><li><a href=\"http:\/\/www.medicina.ufmg.br\/cpgpspv\/wp-content\/uploads\/sites\/48\/2024\/11\/arguicaomemorial.pdf\">ARGUI\u00c7\u00c3O MEMORIAL &#8211; CRONOGRAMA<\/a><\/li><li><a href=\"http:\/\/www.medicina.ufmg.br\/cpgpspv\/wp-content\/uploads\/sites\/48\/2024\/12\/RESULTADO-PROCESSO-SELETIVO_PSPV2025_FINAL.pdf\">RESULTADO FINAL<\/a><\/li><li><a href=\"http:\/\/www.medicina.ufmg.br\/cpgpspv\/wp-content\/uploads\/sites\/48\/2024\/12\/PRORROGACAO-RECURSO.pdf\">PRORROGA\u00c7\u00c3O RECURSO<\/a><\/li><li><a href=\"http:\/\/www.medicina.ufmg.br\/cpgpspv\/wp-content\/uploads\/sites\/48\/2024\/12\/resultado-apresentado-por-candidatos.pdf\">RESULTADO DOS RECURSOS APRESENTADOS POR CANDIDATO<\/a><\/li><li><a href=\"http:\/\/www.medicina.ufmg.br\/cpgpspv\/wp-content\/uploads\/sites\/48\/2024\/12\/resultado-preliminar.pdf\">RESULTADO FINAL E PRELIMINAR<\/a><\/li><li><a href=\"http:\/\/www.medicina.ufmg.br\/cpgpspv\/wp-content\/uploads\/sites\/48\/2024\/12\/alteracao-data-de-solicitacao-e-resultado-recurso-final.pdf\">ALTERA\u00c7\u00c3O DATA DE SOLICITA\u00c7\u00c3O E RESULTADO &#8211; RECURSO FINAL\u00a0<\/a><\/li><li><a href=\"http:\/\/www.medicina.ufmg.br\/cpgpspv\/wp-content\/uploads\/sites\/48\/2024\/12\/resultado-recurso-final.pdf\">RESULTADO DO RECURSO FINAL POR CANDIDATO<\/a><\/li><li><a href=\"http:\/\/www.medicina.ufmg.br\/cpgpspv\/wp-content\/uploads\/sites\/48\/2024\/12\/RESULTADO-FINAL-7.pdf\">RESULTADO FINAL<\/a><\/li><\/ol><\/div>\n\t\t\t\t<\/div>\n\t\t\t\t\t\t\t<div class=\"elementor-toggle-item\">\n\t\t\t\t\t<div id=\"elementor-tab-title-1112\" class=\"elementor-tab-title\" data-tab=\"2\" role=\"button\" aria-controls=\"elementor-tab-content-1112\" aria-expanded=\"false\">\n\t\t\t\t\t\t\t\t\t\t\t\t<span class=\"elementor-toggle-icon elementor-toggle-icon-left\" aria-hidden=\"true\">\n\t\t\t\t\t\t\t\t\t\t\t\t\t\t\t<span class=\"elementor-toggle-icon-closed\"><i class=\"fas fa-caret-right\"><\/i><\/span>\n\t\t\t\t\t\t\t\t<span class=\"elementor-toggle-icon-opened\"><i class=\"elementor-toggle-icon-opened fas fa-caret-up\"><\/i><\/span>\n\t\t\t\t\t\t\t\t\t\t\t\t\t<\/span>\n\t\t\t\t\t\t\t\t\t\t\t\t<a class=\"elementor-toggle-title\" tabindex=\"0\">Sele\u00e7\u00e3o Mestrado 2025\/1 - Suplementar<\/a>\n\t\t\t\t\t<\/div>\n\n\t\t\t\t\t<div id=\"elementor-tab-content-1112\" class=\"elementor-tab-content elementor-clearfix\" data-tab=\"2\" role=\"region\" aria-labelledby=\"elementor-tab-title-1112\"><ol><li><a href=\"http:\/\/www.medicina.ufmg.br\/cpgpspv\/wp-content\/uploads\/sites\/48\/2024\/09\/Edital_Suplementar_PSPV_M_-2025.pdf\">EDITAL SUPLEMENTAR<\/a><\/li><li><a href=\"http:\/\/www.medicina.ufmg.br\/cpgpspv\/wp-content\/uploads\/sites\/48\/2024\/09\/Formulario-de-inscricao-SUPLEMENTAR-2025-1.pdf\">FORMUL\u00c1RIO DE INSCRI\u00c7\u00c3O SUPLEMENTAR<\/a><\/li><li><a href=\"http:\/\/www.medicina.ufmg.br\/cpgpspv\/wp-content\/uploads\/sites\/48\/2024\/09\/AUTODECLARACAO-DE-PESSOA-COM-DEFICIENCIA_Dast.pdf\">Autodeclara\u00e7\u00e3o de Pessoa com Defici\u00eancia<\/a><\/li><li><a href=\"http:\/\/www.medicina.ufmg.br\/cpgpspv\/wp-content\/uploads\/sites\/48\/2024\/09\/6-Declaracao-de-Autorreconhecimento-Indigena.pdf\">Declara\u00e7\u00e3o de Autorreconhecimento Ind\u00edgena<\/a><\/li><li><a href=\"http:\/\/www.medicina.ufmg.br\/cpgpspv\/wp-content\/uploads\/sites\/48\/2024\/09\/7-Declaracao-de-Lideranca-Indigena.pdf\">Declara\u00e7\u00e3o de Lideran\u00e7a Ind\u00edgena<\/a><\/li><li><a href=\"http:\/\/www.medicina.ufmg.br\/cpgpspv\/wp-content\/uploads\/sites\/48\/2024\/09\/8-Declaracao-de-Residencia-Indigena.pdf\">Declara\u00e7\u00e3o de Resid\u00eancia Ind\u00edgena<\/a><\/li><li><a href=\"http:\/\/www.medicina.ufmg.br\/cpgpspv\/wp-content\/uploads\/sites\/48\/2024\/09\/MODELO-DE-RELATORIO-DO-MEDICO-ASSISTENTE.pdf\">Modelo de Relat\u00f3rio M\u00e9dico Assistente<\/a><\/li><li><a href=\"http:\/\/www.medicina.ufmg.br\/cpgpspv\/wp-content\/uploads\/sites\/48\/2024\/09\/Retificacao_Edital_Suplementar_PSPV_MP_2025.pdf\">Retifica\u00e7\u00e3o Edital Suplementar<\/a><\/li><li><div><a href=\"http:\/\/www.medicina.ufmg.br\/cpgpspv\/wp-content\/uploads\/sites\/48\/2024\/10\/2a-Retificacao_Edital_Suplementar_PSPV_MP_2025.pdf\">2\u00aa RETIFICA\u00c7\u00c3O EDITAL SUPLEMENTAR<\/a><\/div><div>\u00a0<\/div><\/li><\/ol><\/div>\n\t\t\t\t<\/div>\n\t\t\t\t\t\t\t\t<\/div>\n\t\t\t\t\t\t<\/div>\n\t\t\t\t<\/div>\n\t\t\t\t\t<\/div>\n\t\t<\/div>\n\t\t\t\t\t<\/div>\n\t\t<\/section>\n\t\t\t\t<\/div>\n\t\t","protected":false},"excerpt":{"rendered":"<p>Sele\u00e7\u00e3o Mestrado 2025\/1 &#8211; Regular EDITAL REGULAR FORMUL\u00c1RIO DE INSCRI\u00c7\u00c3O REGULAR AUTO-DECLARA\u00c7\u00c3O -\u00c9TINICO-RACIAL Retifica\u00e7\u00e3o Edital Regular 2\u00aa RETIFICA\u00c7\u00c3O EDITAL REGULAR\u00a0 HOMOLOGA\u00c7\u00c3O DAS INSCRI\u00c7\u00d5ES &#8211; Resultado da an\u00e1lise da documenta\u00e7\u00e3o LOCAL E HOR\u00c1RIO DE PROVA DECLARA\u00c7\u00c3O MEMBROS BANCA EXAMINADORA PROCESSO SELETIVO MESTRADO 2025 RESULTADO &#8211; PROVA ESCRITA 1\u00aa ETAPA ARGUI\u00c7\u00c3O MEMORIAL &#8211; CRONOGRAMA RESULTADO FINAL PRORROGA\u00c7\u00c3O [&hellip;]<\/p>\n","protected":false},"author":116,"featured_media":0,"parent":0,"menu_order":0,"comment_status":"closed","ping_status":"closed","template":"","meta":{"footnotes":""},"class_list":["post-560","page","type-page","status-publish","hentry"],"_links":{"self":[{"href":"https:\/\/www.medicina.ufmg.br\/cpgpspv\/wp-json\/wp\/v2\/pages\/560","targetHints":{"allow":["GET"]}}],"collection":[{"href":"https:\/\/www.medicina.ufmg.br\/cpgpspv\/wp-json\/wp\/v2\/pages"}],"about":[{"href":"https:\/\/www.medicina.ufmg.br\/cpgpspv\/wp-json\/wp\/v2\/types\/page"}],"author":[{"embeddable":true,"href":"https:\/\/www.medicina.ufmg.br\/cpgpspv\/wp-json\/wp\/v2\/users\/116"}],"replies":[{"embeddable":true,"href":"https:\/\/www.medicina.ufmg.br\/cpgpspv\/wp-json\/wp\/v2\/comments?post=560"}],"version-history":[{"count":43,"href":"https:\/\/www.medicina.ufmg.br\/cpgpspv\/wp-json\/wp\/v2\/pages\/560\/revisions"}],"predecessor-version":[{"id":644,"href":"https:\/\/www.medicina.ufmg.br\/cpgpspv\/wp-json\/wp\/v2\/pages\/560\/revisions\/644"}],"wp:attachment":[{"href":"https:\/\/www.medicina.ufmg.br\/cpgpspv\/wp-json\/wp\/v2\/media?parent=560"}],"curies":[{"name":"wp","href":"https:\/\/api.w.org\/{rel}","templated":true}]}}