
{"id":714,"date":"2025-02-26T18:28:09","date_gmt":"2025-02-26T18:28:09","guid":{"rendered":"https:\/\/www.medicina.ufmg.br\/cpgpspv\/?page_id=714"},"modified":"2025-02-26T18:28:09","modified_gmt":"2025-02-26T18:28:09","slug":"oportunidades","status":"publish","type":"page","link":"https:\/\/www.medicina.ufmg.br\/cpgpspv\/oportunidades\/","title":{"rendered":"Oportunidades"},"content":{"rendered":"\n<p>Fique atento aos eventos onde \u00e9 poss\u00edvel divulgar os resultados preliminares e final das disserta\u00e7\u00f5es. Os professores orientadores tamb\u00e9m encaminham a divulga\u00e7\u00e3o dos eventos de suas \u00e1reas de interesse para o representante discente no Colegiado que compartilha com o corpo discente e docente do programa.\u00a0<br><\/p>\n","protected":false},"excerpt":{"rendered":"<p>Fique atento aos eventos onde \u00e9 poss\u00edvel divulgar os resultados preliminares e final das disserta\u00e7\u00f5es. Os professores orientadores tamb\u00e9m encaminham a divulga\u00e7\u00e3o dos eventos de suas \u00e1reas de interesse para o representante discente no Colegiado que compartilha com o corpo discente e docente do programa.\u00a0<\/p>\n","protected":false},"author":105,"featured_media":0,"parent":0,"menu_order":0,"comment_status":"closed","ping_status":"closed","template":"","meta":{"footnotes":""},"class_list":["post-714","page","type-page","status-publish","hentry"],"_links":{"self":[{"href":"https:\/\/www.medicina.ufmg.br\/cpgpspv\/wp-json\/wp\/v2\/pages\/714","targetHints":{"allow":["GET"]}}],"collection":[{"href":"https:\/\/www.medicina.ufmg.br\/cpgpspv\/wp-json\/wp\/v2\/pages"}],"about":[{"href":"https:\/\/www.medicina.ufmg.br\/cpgpspv\/wp-json\/wp\/v2\/types\/page"}],"author":[{"embeddable":true,"href":"https:\/\/www.medicina.ufmg.br\/cpgpspv\/wp-json\/wp\/v2\/users\/105"}],"replies":[{"embeddable":true,"href":"https:\/\/www.medicina.ufmg.br\/cpgpspv\/wp-json\/wp\/v2\/comments?post=714"}],"version-history":[{"count":1,"href":"https:\/\/www.medicina.ufmg.br\/cpgpspv\/wp-json\/wp\/v2\/pages\/714\/revisions"}],"predecessor-version":[{"id":715,"href":"https:\/\/www.medicina.ufmg.br\/cpgpspv\/wp-json\/wp\/v2\/pages\/714\/revisions\/715"}],"wp:attachment":[{"href":"https:\/\/www.medicina.ufmg.br\/cpgpspv\/wp-json\/wp\/v2\/media?parent=714"}],"curies":[{"name":"wp","href":"https:\/\/api.w.org\/{rel}","templated":true}]}}