
{"id":717,"date":"2025-02-26T18:29:19","date_gmt":"2025-02-26T18:29:19","guid":{"rendered":"https:\/\/www.medicina.ufmg.br\/cpgpspv\/?page_id=717"},"modified":"2025-02-26T18:29:19","modified_gmt":"2025-02-26T18:29:19","slug":"perfil-do-egresso","status":"publish","type":"page","link":"https:\/\/www.medicina.ufmg.br\/cpgpspv\/perfil-do-egresso\/","title":{"rendered":"Perfil do Egresso"},"content":{"rendered":"\n<p>A forma\u00e7\u00e3o no PPG MPPSPV\/FM\/UFMG \u00e9 caracterizada por uma forma\u00e7\u00e3o interdisciplinar, que possibilita a compreens\u00e3o das m\u00faltiplas dimens\u00f5es da sa\u00fade e da viol\u00eancia, e sua atua\u00e7\u00e3o se dar\u00e1 em diferentes contextos sociais, pol\u00edticos e institucionais, contribuindo para o desenvolvimento de pol\u00edticas p\u00fablicas, pesquisas e pr\u00e1ticas inovadoras no enfrentamento da viol\u00eancia e na promo\u00e7\u00e3o da sa\u00fade.&nbsp;<\/p>\n\n\n\n<p>O egresso do programa ser\u00e1 capaz de compreender e atuar sobre os determinantes sociais da sa\u00fade, analisando os impactos do trabalho, da cidadania e do ambiente na qualidade de vida das popula\u00e7\u00f5es. Desenvolver e implementar estrat\u00e9gias de participa\u00e7\u00e3o social para a constru\u00e7\u00e3o de pol\u00edticas p\u00fablicas voltadas \u00e0 promo\u00e7\u00e3o da sa\u00fade e \u00e0 preven\u00e7\u00e3o da viol\u00eancia e aplicar abordagens intersetoriais e multidisciplinares na formula\u00e7\u00e3o de solu\u00e7\u00f5es inovadoras para problemas de sa\u00fade e viol\u00eancia.<\/p>\n\n\n\n<p>O egresso poder\u00e1 atuar em diversas \u00e1reas e institui\u00e7\u00f5es, incluindo:<\/p>\n\n\n\n<ul class=\"wp-block-list\">\n<li>Gest\u00e3o p\u00fablica e pol\u00edticas sociais: Secretarias de Sa\u00fade, Educa\u00e7\u00e3o, Assist\u00eancia Social e Seguran\u00e7a P\u00fablica.<\/li>\n\n\n\n<li>Pesquisas acad\u00eamicas e institucionais: Universidades, centros de pesquisa, organiza\u00e7\u00f5es n\u00e3o governamentais.<\/li>\n\n\n\n<li>Setor privado e terceiro setor: Empresas com programas de responsabilidade social, institui\u00e7\u00f5es de apoio a v\u00edtimas de viol\u00eancia, organiza\u00e7\u00f5es comunit\u00e1rias.<\/li>\n\n\n\n<li>Educa\u00e7\u00e3o e forma\u00e7\u00e3o profissional: Capacita\u00e7\u00e3o de profissionais e gestores em temas de promo\u00e7\u00e3o da sa\u00fade e preven\u00e7\u00e3o da viol\u00eancia.<\/li>\n<\/ul>\n\n\n\n<p>Com esse perfil, o mestre egresso desse curso ser\u00e1 um agente transformador capaz de contribuir significativamente para a constru\u00e7\u00e3o de uma sociedade mais justa, equitativa e saud\u00e1vel em conson\u00e2ncia com os Objetivos de Desenvolvimento Sustent\u00e1vel (ODS).<\/p>\n","protected":false},"excerpt":{"rendered":"<p>A forma\u00e7\u00e3o no PPG MPPSPV\/FM\/UFMG \u00e9 caracterizada por uma forma\u00e7\u00e3o interdisciplinar, que possibilita a compreens\u00e3o das m\u00faltiplas dimens\u00f5es da sa\u00fade e da viol\u00eancia, e sua atua\u00e7\u00e3o se dar\u00e1 em diferentes contextos sociais, pol\u00edticos e institucionais, contribuindo para o desenvolvimento de pol\u00edticas p\u00fablicas, pesquisas e pr\u00e1ticas inovadoras no enfrentamento da viol\u00eancia e na promo\u00e7\u00e3o da sa\u00fade.&nbsp; [&hellip;]<\/p>\n","protected":false},"author":105,"featured_media":0,"parent":0,"menu_order":0,"comment_status":"closed","ping_status":"closed","template":"","meta":{"footnotes":""},"class_list":["post-717","page","type-page","status-publish","hentry"],"_links":{"self":[{"href":"https:\/\/www.medicina.ufmg.br\/cpgpspv\/wp-json\/wp\/v2\/pages\/717","targetHints":{"allow":["GET"]}}],"collection":[{"href":"https:\/\/www.medicina.ufmg.br\/cpgpspv\/wp-json\/wp\/v2\/pages"}],"about":[{"href":"https:\/\/www.medicina.ufmg.br\/cpgpspv\/wp-json\/wp\/v2\/types\/page"}],"author":[{"embeddable":true,"href":"https:\/\/www.medicina.ufmg.br\/cpgpspv\/wp-json\/wp\/v2\/users\/105"}],"replies":[{"embeddable":true,"href":"https:\/\/www.medicina.ufmg.br\/cpgpspv\/wp-json\/wp\/v2\/comments?post=717"}],"version-history":[{"count":1,"href":"https:\/\/www.medicina.ufmg.br\/cpgpspv\/wp-json\/wp\/v2\/pages\/717\/revisions"}],"predecessor-version":[{"id":718,"href":"https:\/\/www.medicina.ufmg.br\/cpgpspv\/wp-json\/wp\/v2\/pages\/717\/revisions\/718"}],"wp:attachment":[{"href":"https:\/\/www.medicina.ufmg.br\/cpgpspv\/wp-json\/wp\/v2\/media?parent=717"}],"curies":[{"name":"wp","href":"https:\/\/api.w.org\/{rel}","templated":true}]}}