
{"id":161,"date":"2017-04-07T17:35:17","date_gmt":"2017-04-07T17:35:17","guid":{"rendered":"https:\/\/www.medicina.ufmg.br\/cpgsaudedacrianca\/?page_id=161"},"modified":"2025-10-15T19:12:24","modified_gmt":"2025-10-15T19:12:24","slug":"processo-seletivo","status":"publish","type":"page","link":"https:\/\/www.medicina.ufmg.br\/cpgsaudedacrianca\/processo-seletivo\/","title":{"rendered":"Processo Seletivo"},"content":{"rendered":"<p>O processo seletivo se divide em: mestrado para m\u00e9dicos, mestrado para outras \u00e1reas, doutorado para m\u00e9dicos e doutorado para outras \u00e1reas. O processo seletivo para o doutorado ocorre em regime de fluxo cont\u00ednuo (4 entradas anuais) e o de mestrado ocorre no final do ano. Os crit\u00e9rios para sele\u00e7\u00e3o incluem an\u00e1lise do projeto de pesquisa (car\u00e1ter eliminat\u00f3rio e classificat\u00f3rio), do curr\u00edculo e argui\u00e7\u00e3o oral do candidato sobre o projeto de pesquisa.<\/p>\n<p><a href=\"https:\/\/www.medicina.ufmg.br\/cpgsaudedacrianca\/processo-seletivo-2026\/\">2026<\/a><\/p>\n<p><a href=\"https:\/\/www.medicina.ufmg.br\/cpgsaudedacrianca\/processo-seletivo-2025\/\">2025<\/a><\/p>\n<p><a href=\"https:\/\/www.medicina.ufmg.br\/cpgsaudedacrianca\/processo-seletivo-2024\">2024<\/a><\/p>\n<p><a href=\"https:\/\/www.medicina.ufmg.br\/cpgsaudedacrianca\/processo-seletivo-2023\/\">2023<\/a><\/p>\n<p><a href=\"https:\/\/www.medicina.ufmg.br\/cpgsaudedacrianca\/processo-seletivo-2022\/\">2022<\/a><\/p>\n<p><a href=\"https:\/\/www.medicina.ufmg.br\/cpgsaudedacrianca\/processo-seletivo-2021\/\" rel=\"noopener noreferrer\">2021<\/a><\/p>\n<p><a href=\"https:\/\/www.medicina.ufmg.br\/cpgsaudedacrianca\/?page_id=439\">2020<\/a><\/p>\n<p><a href=\"https:\/\/www.medicina.ufmg.br\/cpgsaudedacrianca\/processo-seletivo-de-2019\/\">2019<\/a><\/p>\n<p><a href=\"https:\/\/www.medicina.ufmg.br\/cpgsaudedacrianca\/processo-seletivo-2018\/\">2018<\/a><\/p>\n<p><a href=\"https:\/\/www.medicina.ufmg.br\/cpgsaudedacrianca\/processo-seletivo-2017\/\">2017<\/a><\/p>\n<p>2016<\/p>\n<p><a href=\"https:\/\/www.medicina.ufmg.br\/cpgsaudedacrianca\/processo-seletivo-2015\/\">2015<\/a><\/p>\n<p><a href=\"https:\/\/www.medicina.ufmg.br\/cpgsaudedacrianca\/processo-seletivo-2014\/\">2014<\/a><\/p>\n<p><a href=\"https:\/\/www.medicina.ufmg.br\/cpgsaudedacrianca\/processo-seletivo-2013\/\">2013<\/a><\/p>\n<p><a href=\"https:\/\/www.medicina.ufmg.br\/cpgsaudedacrianca\/processo-seletivo-2012\/\">2012<\/a><\/p>\n<p class=\"titulo_arquivos_processo\">OBS.: Caso n\u00e3o consiga visualizar o arquivo PDF, clique com o <em>bot\u00e3o direito<\/em> do mouse sobre o link, selecione a op\u00e7\u00e3o <em>Salvar destino como <\/em>\/ <em>Salvar link como <\/em>e salve o arquivo em seu computador.<\/p>\n<p>** Para visualizar os arquivos \u00e9 necess\u00e1rio que voc\u00ea tenha instalado em seu computador o Acrobat Reader.<\/p>\n<p><a href=\"http:\/\/get.adobe.com\/br\/reader\/\" target=\"_blank\" rel=\"noopener noreferrer\">Instalar Acrobat Reader<\/a><\/p>\n<p>OBS.1: Confira se seu navegador est\u00e1 atualizado.<\/p>\n<p>** Para melhor visualiza\u00e7\u00e3o do site, sugerimos a instala\u00e7\u00e3o do navegador Chrome.<\/p>\n<p><a href=\"http:\/\/www.google.com\/intl\/pt-BR\/chrome\/\" target=\"_blank\" rel=\"noopener noreferrer\">Instalar Chrome<\/a><\/p>\n","protected":false},"excerpt":{"rendered":"<p>O processo seletivo se divide em: mestrado para m\u00e9dicos, mestrado para outras \u00e1reas, doutorado para m\u00e9dicos e doutorado para outras \u00e1reas. O processo seletivo para o doutorado ocorre em regime de fluxo cont\u00ednuo (4 entradas anuais) e o de mestrado ocorre no final do ano. Os crit\u00e9rios para sele\u00e7\u00e3o incluem an\u00e1lise do projeto de pesquisa [&hellip;]<\/p>\n","protected":false},"author":17,"featured_media":0,"parent":0,"menu_order":0,"comment_status":"closed","ping_status":"closed","template":"","meta":{"footnotes":""},"class_list":["post-161","page","type-page","status-publish","hentry"],"_links":{"self":[{"href":"https:\/\/www.medicina.ufmg.br\/cpgsaudedacrianca\/wp-json\/wp\/v2\/pages\/161","targetHints":{"allow":["GET"]}}],"collection":[{"href":"https:\/\/www.medicina.ufmg.br\/cpgsaudedacrianca\/wp-json\/wp\/v2\/pages"}],"about":[{"href":"https:\/\/www.medicina.ufmg.br\/cpgsaudedacrianca\/wp-json\/wp\/v2\/types\/page"}],"author":[{"embeddable":true,"href":"https:\/\/www.medicina.ufmg.br\/cpgsaudedacrianca\/wp-json\/wp\/v2\/users\/17"}],"replies":[{"embeddable":true,"href":"https:\/\/www.medicina.ufmg.br\/cpgsaudedacrianca\/wp-json\/wp\/v2\/comments?post=161"}],"version-history":[{"count":58,"href":"https:\/\/www.medicina.ufmg.br\/cpgsaudedacrianca\/wp-json\/wp\/v2\/pages\/161\/revisions"}],"predecessor-version":[{"id":1256,"href":"https:\/\/www.medicina.ufmg.br\/cpgsaudedacrianca\/wp-json\/wp\/v2\/pages\/161\/revisions\/1256"}],"wp:attachment":[{"href":"https:\/\/www.medicina.ufmg.br\/cpgsaudedacrianca\/wp-json\/wp\/v2\/media?parent=161"}],"curies":[{"name":"wp","href":"https:\/\/api.w.org\/{rel}","templated":true}]}}