
{"id":32,"date":"2016-03-03T15:04:00","date_gmt":"2016-03-03T15:04:00","guid":{"rendered":"https:\/\/www.medicina.ufmg.br\/cpgsaudedacrianca\/?page_id=32"},"modified":"2025-01-22T18:04:29","modified_gmt":"2025-01-22T18:04:29","slug":"objetivos","status":"publish","type":"page","link":"https:\/\/www.medicina.ufmg.br\/cpgsaudedacrianca\/objetivos\/","title":{"rendered":"Vis\u00e3o e Miss\u00e3o"},"content":{"rendered":"\n<p><strong>Vis\u00e3o<\/strong><\/p>\n\n\n\n<p>Ser refer\u00eancia nacional no aprimoramento t\u00e9cnico e cient\u00edfico do profissional voltado ao cuidado da crian\u00e7a e do adolescente.<\/p>\n\n\n\n<p><strong>Miss\u00e3o<\/strong><\/p>\n\n\n\n<p>Promover forma\u00e7\u00e3o \u00e9tica, cient\u00edfica e cr\u00edtica dos discentes, incentivando para que se tornem docentes, pesquisadores e\/ou profissionais voltados ao cuidado interdisciplinar da crian\u00e7a e do adolescente.<\/p>\n","protected":false},"excerpt":{"rendered":"<p>Vis\u00e3o Ser refer\u00eancia nacional no aprimoramento t\u00e9cnico e cient\u00edfico do profissional voltado ao cuidado da crian\u00e7a e do adolescente. Miss\u00e3o Promover forma\u00e7\u00e3o \u00e9tica, cient\u00edfica e cr\u00edtica dos discentes, incentivando para que se tornem docentes, pesquisadores e\/ou profissionais voltados ao cuidado interdisciplinar da crian\u00e7a e do adolescente.<\/p>\n","protected":false},"author":17,"featured_media":0,"parent":0,"menu_order":0,"comment_status":"closed","ping_status":"closed","template":"","meta":{"footnotes":""},"class_list":["post-32","page","type-page","status-publish","hentry"],"_links":{"self":[{"href":"https:\/\/www.medicina.ufmg.br\/cpgsaudedacrianca\/wp-json\/wp\/v2\/pages\/32","targetHints":{"allow":["GET"]}}],"collection":[{"href":"https:\/\/www.medicina.ufmg.br\/cpgsaudedacrianca\/wp-json\/wp\/v2\/pages"}],"about":[{"href":"https:\/\/www.medicina.ufmg.br\/cpgsaudedacrianca\/wp-json\/wp\/v2\/types\/page"}],"author":[{"embeddable":true,"href":"https:\/\/www.medicina.ufmg.br\/cpgsaudedacrianca\/wp-json\/wp\/v2\/users\/17"}],"replies":[{"embeddable":true,"href":"https:\/\/www.medicina.ufmg.br\/cpgsaudedacrianca\/wp-json\/wp\/v2\/comments?post=32"}],"version-history":[{"count":4,"href":"https:\/\/www.medicina.ufmg.br\/cpgsaudedacrianca\/wp-json\/wp\/v2\/pages\/32\/revisions"}],"predecessor-version":[{"id":1133,"href":"https:\/\/www.medicina.ufmg.br\/cpgsaudedacrianca\/wp-json\/wp\/v2\/pages\/32\/revisions\/1133"}],"wp:attachment":[{"href":"https:\/\/www.medicina.ufmg.br\/cpgsaudedacrianca\/wp-json\/wp\/v2\/media?parent=32"}],"curies":[{"name":"wp","href":"https:\/\/api.w.org\/{rel}","templated":true}]}}