
{"id":41,"date":"2016-03-03T17:01:32","date_gmt":"2016-03-03T17:01:32","guid":{"rendered":"https:\/\/www.medicina.ufmg.br\/cpgsaudedacrianca\/?page_id=41"},"modified":"2025-01-23T12:10:02","modified_gmt":"2025-01-23T12:10:02","slug":"linhas-de-pesquisa","status":"publish","type":"page","link":"https:\/\/www.medicina.ufmg.br\/cpgsaudedacrianca\/linhas-de-pesquisa\/","title":{"rendered":"Linhas de pesquisa"},"content":{"rendered":"\n<p><strong>Aspectos Gerais do Ensino e da Assist\u00eancia Pedi\u00e1trica<\/strong><\/p>\n\n\n\n<ul class=\"wp-block-list\">\n<li>Aborda a educa\u00e7\u00e3o m\u00e9dica, o ensino de pediatria e a assist\u00eancia \u00e0s crian\u00e7as e adolescentes em diferentes cen\u00e1rios.<\/li>\n<\/ul>\n\n\n\n<p><strong>Aten\u00e7\u00e3o ao Paciente Pedi\u00e1trico Criticamente Enfermo<\/strong><\/p>\n\n\n\n<ul class=\"wp-block-list\">\n<li>Aborda as principais afec\u00e7\u00f5es e aspectos da assist\u00eancia ao paciente pedi\u00e1trico em servi\u00e7o de urg\u00eancia e emerg\u00eancia e unidades de terapia intensiva.<\/li>\n<\/ul>\n\n\n\n<p><strong>Neurodesenvolvimento<\/strong><\/p>\n\n\n\n<ul class=\"wp-block-list\">\n<li>Aborda aspectos cl\u00ednicos, neurol\u00f3gicos, psicol\u00f3gicos, da fala e audi\u00e7\u00e3o de crian\u00e7as e adolescentes.<\/li>\n<\/ul>\n\n\n\n<p><strong>Dist\u00farbios End\u00f3crinos, Nutricionais e Metab\u00f3licos<\/strong><\/p>\n\n\n\n<ul class=\"wp-block-list\">\n<li>Aborda as doen\u00e7as end\u00f3crinas, dist\u00farbios metab\u00f3licos, obesidade e altera\u00e7\u00f5es nutricionais de crian\u00e7as e adolescentes.<\/li>\n<\/ul>\n\n\n\n<p><strong>Dist\u00farbios do Per\u00edodo Perinatal e Neonatal: Aspectos Cl\u00ednicos e Gen\u00e9ticos<\/strong><\/p>\n\n\n\n<ul class=\"wp-block-list\">\n<li>Aborda afec\u00e7\u00f5es peri e neonatais, malforma\u00e7\u00f5es cong\u00eanitas, doen\u00e7as gen\u00e9ticas e o cuidado dos rec\u00e9m-nascidos.<\/li>\n<\/ul>\n\n\n\n<p><strong>Infec\u00e7\u00f5es e Dist\u00farbios Imunol\u00f3gicos Cong\u00eanitos e Adquiridos<\/strong><\/p>\n\n\n\n<ul class=\"wp-block-list\">\n<li>Aborda aspectos infecciosos, alergias e as imunodefici\u00eancias cong\u00eanitas e adquiridas em pacientes pedi\u00e1tricos.<\/li>\n<\/ul>\n\n\n\n<p><strong>Dist\u00farbios Onco-Hematol\u00f3gicos<\/strong><\/p>\n\n\n\n<ul class=\"wp-block-list\">\n<li>Aborda as principais doen\u00e7as onco-hematol\u00f3gicas que acometem crian\u00e7as e adolescentes.<\/li>\n<\/ul>\n\n\n\n<p><strong>Aspectos Cl\u00ednicos e Fisiopatol\u00f3gicos de Doen\u00e7as Pedi\u00e1tricas<\/strong><\/p>\n\n\n\n<ul class=\"wp-block-list\">\n<li>Aborda as doen\u00e7as pulmonares e respirat\u00f3rias, hep\u00e1ticas, do trato gastrointestinal, cardiopatias cong\u00eanitas e adquiridas, renais, reumatol\u00f3gicas que acometem crian\u00e7as e adolescentes em suas m\u00faltiplas facetas.<\/li>\n<\/ul>\n\n\n\n<p><strong>Tecnologia e Intelig\u00eancia Artificial em Sa\u00fade da Crian\u00e7a e do Adolescente<\/strong><\/p>\n\n\n\n<ul class=\"wp-block-list\">\n<li>Aborda estudos de novas tecnologias, sistemas informatizados e Intelig\u00eancia Artificial que auxiliem na assist\u00eancia \u00e0 sa\u00fade da crian\u00e7a e do adolescente.<\/li>\n<\/ul>\n\n\n\n<p><\/p>\n","protected":false},"excerpt":{"rendered":"<p>Aspectos Gerais do Ensino e da Assist\u00eancia Pedi\u00e1trica Aten\u00e7\u00e3o ao Paciente Pedi\u00e1trico Criticamente Enfermo Neurodesenvolvimento Dist\u00farbios End\u00f3crinos, Nutricionais e Metab\u00f3licos Dist\u00farbios do Per\u00edodo Perinatal e Neonatal: Aspectos Cl\u00ednicos e Gen\u00e9ticos Infec\u00e7\u00f5es e Dist\u00farbios Imunol\u00f3gicos Cong\u00eanitos e Adquiridos Dist\u00farbios Onco-Hematol\u00f3gicos Aspectos Cl\u00ednicos e Fisiopatol\u00f3gicos de Doen\u00e7as Pedi\u00e1tricas Tecnologia e Intelig\u00eancia Artificial em Sa\u00fade da Crian\u00e7a e [&hellip;]<\/p>\n","protected":false},"author":17,"featured_media":0,"parent":0,"menu_order":0,"comment_status":"closed","ping_status":"closed","template":"","meta":{"footnotes":""},"class_list":["post-41","page","type-page","status-publish","hentry"],"_links":{"self":[{"href":"https:\/\/www.medicina.ufmg.br\/cpgsaudedacrianca\/wp-json\/wp\/v2\/pages\/41","targetHints":{"allow":["GET"]}}],"collection":[{"href":"https:\/\/www.medicina.ufmg.br\/cpgsaudedacrianca\/wp-json\/wp\/v2\/pages"}],"about":[{"href":"https:\/\/www.medicina.ufmg.br\/cpgsaudedacrianca\/wp-json\/wp\/v2\/types\/page"}],"author":[{"embeddable":true,"href":"https:\/\/www.medicina.ufmg.br\/cpgsaudedacrianca\/wp-json\/wp\/v2\/users\/17"}],"replies":[{"embeddable":true,"href":"https:\/\/www.medicina.ufmg.br\/cpgsaudedacrianca\/wp-json\/wp\/v2\/comments?post=41"}],"version-history":[{"count":18,"href":"https:\/\/www.medicina.ufmg.br\/cpgsaudedacrianca\/wp-json\/wp\/v2\/pages\/41\/revisions"}],"predecessor-version":[{"id":1134,"href":"https:\/\/www.medicina.ufmg.br\/cpgsaudedacrianca\/wp-json\/wp\/v2\/pages\/41\/revisions\/1134"}],"wp:attachment":[{"href":"https:\/\/www.medicina.ufmg.br\/cpgsaudedacrianca\/wp-json\/wp\/v2\/media?parent=41"}],"curies":[{"name":"wp","href":"https:\/\/api.w.org\/{rel}","templated":true}]}}