
{"id":615,"date":"2020-12-14T20:30:08","date_gmt":"2020-12-14T20:30:08","guid":{"rendered":"https:\/\/www.medicina.ufmg.br\/cpgsaudedacrianca\/?page_id=615"},"modified":"2021-11-29T14:16:54","modified_gmt":"2021-11-29T14:16:54","slug":"processo-seletivo-2021","status":"publish","type":"page","link":"https:\/\/www.medicina.ufmg.br\/cpgsaudedacrianca\/processo-seletivo-2021\/","title":{"rendered":"Processo seletivo 2021"},"content":{"rendered":"\t\t<div data-elementor-type=\"wp-page\" data-elementor-id=\"615\" class=\"elementor elementor-615\">\n\t\t\t\t\t\t<section class=\"elementor-section elementor-top-section elementor-element elementor-element-77b3bd9 elementor-section-boxed elementor-section-height-default elementor-section-height-default\" data-id=\"77b3bd9\" data-element_type=\"section\">\n\t\t\t\t\t\t<div class=\"elementor-container elementor-column-gap-default\">\n\t\t\t\t\t<div class=\"elementor-column elementor-col-100 elementor-top-column elementor-element elementor-element-50f05e5\" data-id=\"50f05e5\" data-element_type=\"column\">\n\t\t\t<div class=\"elementor-widget-wrap elementor-element-populated\">\n\t\t\t\t\t\t<div class=\"elementor-element elementor-element-98ad457 elementor-widget elementor-widget-toggle\" data-id=\"98ad457\" data-element_type=\"widget\" data-widget_type=\"toggle.default\">\n\t\t\t\t<div class=\"elementor-widget-container\">\n\t\t\t\t\t\t\t<div class=\"elementor-toggle\">\n\t\t\t\t\t\t\t<div class=\"elementor-toggle-item\">\n\t\t\t\t\t<div id=\"elementor-tab-title-1601\" class=\"elementor-tab-title\" data-tab=\"1\" role=\"button\" aria-controls=\"elementor-tab-content-1601\" aria-expanded=\"false\">\n\t\t\t\t\t\t\t\t\t\t\t\t<span class=\"elementor-toggle-icon elementor-toggle-icon-left\" aria-hidden=\"true\">\n\t\t\t\t\t\t\t\t\t\t\t\t\t\t\t<span class=\"elementor-toggle-icon-closed\"><i class=\"fas fa-caret-right\"><\/i><\/span>\n\t\t\t\t\t\t\t\t<span class=\"elementor-toggle-icon-opened\"><i class=\"elementor-toggle-icon-opened fas fa-caret-up\"><\/i><\/span>\n\t\t\t\t\t\t\t\t\t\t\t\t\t<\/span>\n\t\t\t\t\t\t\t\t\t\t\t\t<a class=\"elementor-toggle-title\" tabindex=\"0\">PROCESSO SELETIVO REGULAR<\/a>\n\t\t\t\t\t<\/div>\n\n\t\t\t\t\t<div id=\"elementor-tab-content-1601\" class=\"elementor-tab-content elementor-clearfix\" data-tab=\"1\" role=\"region\" aria-labelledby=\"elementor-tab-title-1601\"><p>Ao enviar a sua inscri\u00e7\u00e3o por e-mail, favor constar no assunto: <strong>INSCRI\u00c7\u00c3O MESTRADO PROCESSO REGULAR 2021<\/strong><\/p>\n<p><a href=\"https:\/\/www.medicina.ufmg.br\/cpgsaudedacrianca\/wp-content\/uploads\/sites\/45\/2020\/12\/Edital-Regular_MD_2021-14-12-2020.pdf\" target=\"_blank\" rel=\"noreferrer noopener\" aria-label=\"Edital Regular 2021 (abre numa nova aba)\">Edital Regular 2021<\/a><\/p>\n<p><a href=\"https:\/\/ftp.medicina.ufmg.br\/cpg\/programas\/saude_crianca\/arquivos\/2021\/formulario-de-inscricao_edital-regular_doutorado-SCA_09-02-2021.xlsx\" target=\"_blank\" rel=\"noopener noreferrer\">FORMUL\u00c1RIO DE INSCRI\u00c7\u00c3O &#8211; DOUTORADO FLUXO CONT\u00cdNUO<\/a><\/p>\n<p>Enviar o formul\u00e1rio e a documenta\u00e7\u00e3o por e-mail com o assunto: <strong>INSCRI\u00c7\u00c3O DOUTORADO FLUXO CONT\u00cdNUO<br><\/strong><br><a href=\"https:\/\/www.medicina.ufmg.br\/cpgsaudedacrianca\/wp-content\/uploads\/sites\/45\/2021\/03\/Cronograma-1\u00aa-Sele\u00e7\u00e3o.pdf\">CRONOGRAMA DE DOUTORADO \u2013 1\u00aa SELE\u00c7\u00c3O<\/a><\/p>\n<p><a href=\"http:\/\/www.medicina.ufmg.br\/cpgsaudedacrianca\/wp-content\/uploads\/sites\/45\/2021\/08\/Cronograma-2a-Selecao.pdf\">CRONOGRAMA DE DOUTORADO FLUXO CONT\u00cdNUO \u2013 2\u00aa SELE\u00c7\u00c3O<\/a><\/p>\n<p><a href=\"http:\/\/ftp.medicina.ufmg.br\/cpg\/programas\/saude_crianca\/arquivos\/2021\/Formul%c3%a1rio%20de%20Inscri%c3%a7%c3%a3o%20ao%20Edital%20Regular%20-%20Mestrado.xls\">FICHA DE INSCRI\u00c7\u00c3O &#8211; MESTRADO 2021<\/a><\/p>\n<p><a href=\"https:\/\/www.medicina.ufmg.br\/cpgsaudedacrianca\/wp-content\/uploads\/sites\/45\/2021\/02\/Resultado-de-Inscri\u00e7\u00e3o.pdf\">HOMOLOGA\u00c7\u00c3O DAS INSCRI\u00c7\u00d5ES DE MESTRADO<\/a><\/p>\n<p><a href=\"https:\/\/www.medicina.ufmg.br\/cpgsaudedacrianca\/wp-content\/uploads\/sites\/45\/2021\/02\/Cronograma-do-Mestrado.pdf\">CRONOGRAMA DE SELE\u00c7\u00c3O DE MESTRADO<\/a><\/p>\n<p><a href=\"https:\/\/www.medicina.ufmg.br\/cpgsaudedacrianca\/wp-content\/uploads\/sites\/45\/2021\/04\/Resultado-de-Inscri\u00e7\u00e3o.pdf\">RESULTADO DE HOMOLOGA\u00c7\u00c3O DE INSCRI\u00c7\u00d5ES \u2013 DOUTORADO FLUXO CONT\u00cdNUO \u2013 1\u00aa SELE\u00c7\u00c3O.<\/a><\/p>\n<p><a href=\"https:\/\/www.medicina.ufmg.br\/cpgsaudedacrianca\/wp-content\/uploads\/sites\/45\/2021\/05\/Resultado-Final-1a-selecao-1.pdf\"><strong>RESULTADO DA 1\u00aa ETAPA \u2013 DOUTORADO FLUXO CONT\u00cdNUO \u2013 1\u00aa SELE\u00c7\u00c3O<\/strong><\/a><\/p>\n<p><a href=\"https:\/\/www.medicina.ufmg.br\/cpgsaudedacrianca\/wp-content\/uploads\/sites\/45\/2021\/05\/Resultado-Final-1a-selecao-1-final.pdf\"><b>RESULTADO FINAL DO DOUTORADO FLUXO CONT\u00cdNUO \u2013 1\u00aa SELE\u00c7\u00c3O<\/b><\/a><\/p>\n<p><a href=\"http:\/\/www.medicina.ufmg.br\/wp-content\/uploads\/sites\/7\/2021\/11\/Resultado-de-Inscricao-Doutorado-Saude-da-Crianca-e-do-Adolescente.pdf\" target=\"_blank\" rel=\"noopener\">DOUTORADO &#8211; 2\u00aa SELE\u00c7\u00c3O DO PROGRAMA DE P\u00d3S GRADUA\u00c7\u00c3O EM CI\u00caNCIAS DA SA\u00daDE &#8211; SA\u00daDE DA CRIAN\u00c7A E DO ADOLESCENTE<\/a><\/p>\n<p><strong>BANCA DE SELE\u00c7\u00c3O<br><\/strong>PRESIDENTE:<br><strong><a href=\"https:\/\/www.medicina.ufmg.br\/cpgsaudedacrianca\/wp-content\/uploads\/sites\/45\/2021\/02\/Declara\u00e7\u00e3o-Impedimento-Debora.pdf\">Prof.\u00aa D\u00e9bora Marques de Miranda<\/a><\/strong><\/p>\n<p>MEMBROS:<br><strong><a href=\"https:\/\/www.medicina.ufmg.br\/cpgsaudedacrianca\/wp-content\/uploads\/sites\/45\/2021\/02\/Declara\u00e7\u00e3o-Impedimento-S\u00e9rgio.pdf\">Prof. S\u00e9rgio Veloso Brant Pinheiro<\/a><br><\/strong><strong><a href=\"https:\/\/www.medicina.ufmg.br\/cpgsaudedacrianca\/wp-content\/uploads\/sites\/45\/2021\/02\/Declara\u00e7\u00e3o-Impedimento-Antonio-Marcos.pdf\">Prof. Ant\u00f4nio Marcos Alvim Soares J\u00fanior<\/a><\/strong><\/p>\n<p><strong>RESULTADO DO MESTRADO 1\u00aa ETAPA<br><\/strong><a href=\"https:\/\/www.medicina.ufmg.br\/cpgsaudedacrianca\/wp-content\/uploads\/sites\/45\/2021\/02\/Resultado-da-1\u00aa-Etapa-Mestrado-M\u00e9dico.pdf\">MESTRADO M\u00c9DICO<\/a><br><a href=\"https:\/\/www.medicina.ufmg.br\/cpgsaudedacrianca\/wp-content\/uploads\/sites\/45\/2021\/02\/Resultado-da-1\u00aa-Etapa-Mestrado-Outras-\u00c1reas.pdf\">MESTRADO OUTRAS \u00c1REAS<\/a><br><a href=\"https:\/\/www.medicina.ufmg.br\/cpgsaudedacrianca\/wp-content\/uploads\/sites\/45\/2021\/02\/Resultado-Final-MESTRADO-REGULAR-23-02-2021.pdf\" target=\"_blank\" rel=\"noopener noreferrer\">RESULTADO FINAL<\/a><\/p>\n<p><strong>BANCA DE SELE\u00c7\u00c3O DOUTORADO FLUXO CONT\u00cdNUO<\/strong><\/p>\n<p>PRESIDENTE:<br><a href=\"https:\/\/www.medicina.ufmg.br\/cpgsaudedacrianca\/wp-content\/uploads\/sites\/45\/2021\/04\/Declara\u00e7\u00e3o-Impedimento-Maria-C\u00e2ndida.pdf\">Prof.\u00aa Maria C\u00e2ndida Ferrarez Bouzada Viana<\/a><\/p>\n<p>MEMBROS:<br><a href=\"https:\/\/www.medicina.ufmg.br\/cpgsaudedacrianca\/wp-content\/uploads\/sites\/45\/2021\/04\/Declara\u00e7\u00e3o-Impedimento-Leandro.pdf\">Prof. Leandro Fernandes Malloy Diniz<\/a><br><a href=\"https:\/\/www.medicina.ufmg.br\/cpgsaudedacrianca\/wp-content\/uploads\/sites\/45\/2021\/04\/Declara\u00e7\u00e3o-Impedimento-Maria-Aparecida.pdf\">Prof.\u00aa Maria Aparecida Camargos Bicalho<\/a><!-- \/wp:shortcode --><\/p>\n<p><strong>BANCA DE DOUTORADO DA 2\u00aa SELE\u00c7\u00c3O<\/strong><\/p>\n<p><a href=\"http:\/\/www.medicina.ufmg.br\/cpgsaudedacrianca\/wp-content\/uploads\/sites\/45\/2021\/11\/Declaracao-Cassio.pdf\">Presidente: Prof. C\u00e1ssio da Cunha Ibiapina<\/a><br>Membros: <a href=\"http:\/\/www.medicina.ufmg.br\/cpgsaudedacrianca\/wp-content\/uploads\/sites\/45\/2021\/11\/Declaracao-Paulo.pdf\">Prof. Paulo Augusto Moreira Camargos<\/a><br><a href=\"http:\/\/www.medicina.ufmg.br\/cpgsaudedacrianca\/wp-content\/uploads\/sites\/45\/2021\/11\/Declaracao-Izabela.pdf\">Prof.\u00aa Izabela Guimar\u00e3es Barbosa<\/a><\/p>\n<div><a href=\"http:\/\/www.medicina.ufmg.br\/cpgsaudedacrianca\/wp-content\/uploads\/sites\/45\/2021\/11\/Resultado-da-1a-Etapa-1.pdf\">RESULTADO&nbsp; E CRONOGRAMA DE DE ARGUI\u00c7\u00c3O &#8211; 1\u00aa ETAPA<\/a><br><br><a href=\"https:\/\/www.medicina.ufmg.br\/cpgsaudedacrianca\/wp-content\/uploads\/sites\/45\/2021\/11\/Resultado-Final-Doutorado-CPG-Saude-da-Crianca.pdf\" target=\"_blank\">RESULTADO FINAL DOUTORADO<\/a><\/div>\n<p><!-- \/wp:paragraph --><\/p><\/div>\n\t\t\t\t<\/div>\n\t\t\t\t\t\t\t<div class=\"elementor-toggle-item\">\n\t\t\t\t\t<div id=\"elementor-tab-title-1602\" class=\"elementor-tab-title\" data-tab=\"2\" role=\"button\" aria-controls=\"elementor-tab-content-1602\" aria-expanded=\"false\">\n\t\t\t\t\t\t\t\t\t\t\t\t<span class=\"elementor-toggle-icon elementor-toggle-icon-left\" aria-hidden=\"true\">\n\t\t\t\t\t\t\t\t\t\t\t\t\t\t\t<span class=\"elementor-toggle-icon-closed\"><i class=\"fas fa-caret-right\"><\/i><\/span>\n\t\t\t\t\t\t\t\t<span class=\"elementor-toggle-icon-opened\"><i class=\"elementor-toggle-icon-opened fas fa-caret-up\"><\/i><\/span>\n\t\t\t\t\t\t\t\t\t\t\t\t\t<\/span>\n\t\t\t\t\t\t\t\t\t\t\t\t<a class=\"elementor-toggle-title\" tabindex=\"0\">PROCESSO SELETIVO SUPLEMENTAR<\/a>\n\t\t\t\t\t<\/div>\n\n\t\t\t\t\t<div id=\"elementor-tab-content-1602\" class=\"elementor-tab-content elementor-clearfix\" data-tab=\"2\" role=\"region\" aria-labelledby=\"elementor-tab-title-1602\"><p><a href=\"https:\/\/www.medicina.ufmg.br\/cpgsaudedacrianca\/wp-content\/uploads\/sites\/45\/2020\/12\/Edital-Suplementar_MD_2021-14-12-2020.pdf\" target=\"_blank\" rel=\"noreferrer noopener\" aria-label=\" Edital Suplementar 2021 (abre numa nova aba)\">Edital Suplementar 2021<\/a><\/p>\n<p><!-- wp:paragraph --><\/p>\n<p>Ao enviar a sua inscri\u00e7\u00e3o por e-mail, favor constar no assunto: <strong>INSCRI\u00c7\u00c3O PROCESSO SUPLEMENTAR 2021<\/strong><\/p>\n<p><!-- \/wp:paragraph --><\/p>\n<p><!-- wp:list {\"ordered\":true} --><\/p>\n<ol>\n<li><strong><a href=\"http:\/\/ftp.medicina.ufmg.br\/cpg\/programas\/saude_crianca\/arquivos\/2021\/Formul%c3%a1rio%20de%20Inscri%c3%a7%c3%a3o%20ao%20Edital%20Suplementar%20M%20e%20D.xlsx.xls\">FICHA DE INSCRI\u00c7\u00c3O \u2013 MESTRADO E DOUTORADO 2021.<\/a><\/strong><\/li>\n<\/ol>\n<p><!-- \/wp:list --><\/p>\n<p><strong>2)CANDIDATO(a) COM DEFICI\u00caNCIAS<\/strong><\/p>\n<p><!-- wp:list --><\/p>\n<ul>\n<li><a href=\"http:\/\/ftp.medicina.ufmg.br\/cpg\/programas\/saude_crianca\/arquivos\/2021\/defici%c3%aancia%20%20AUTODECLARA%c3%87%c3%83O.docx\">AUTODECLARA\u00c7\u00c3O DE PESSOA COM DEFICI\u00caNCIA<\/a><\/li>\n<li>\u00a0<\/li>\n<li><a href=\"http:\/\/ftp.medicina.ufmg.br\/cpg\/programas\/saude_crianca\/arquivos\/2021\/Defici%c3%aancia%20%20FORMUL%c3%81RIO%20DE%20SOLICITA%c3%87%c3%83O%20DE%20CONDI%c3%87%c3%95ES%20ESPECIAIS%20PARA%20A%20REALIZA%c3%87%c3%83O%20DA%20PROVA.pdf\">SOLICITA\u00c7\u00c3O DE CONDI\u00c7\u00d5ES ESPECIAIS PARA REALIZA\u00c7\u00c3O DE PROVAS<\/a><\/li>\n<li>\u00a0<\/li>\n<li><a href=\"http:\/\/ftp.medicina.ufmg.br\/cpg\/programas\/saude_crianca\/arquivos\/2021\/Defici%c3%aancia%20RELAT%c3%93RIO%20DO%20M%c3%89DICO%20ASSISTENTE.docx\">RELAT\u00d3RIO DO M\u00c9DICO ASSISTENTE<\/a><\/li>\n<\/ul>\n<p><!-- \/wp:list --><\/p>\n<p><!-- wp:list --><\/p>\n<ul>\n<li><a href=\"http:\/\/ftp.medicina.ufmg.br\/cpg\/programas\/saude_crianca\/arquivos\/2021\/IND%c3%8dGENA%20Declara%c3%a7%c3%a3o%20de%20Autoreconhecimento.pdf\">DECLARA\u00c7\u00c3O DE AUTORRECONHECIMENTO IND\u00cdGENA<\/a><\/li>\n<li>\u00a0<\/li>\n<li><a href=\"http:\/\/ftp.medicina.ufmg.br\/cpg\/programas\/saude_crianca\/arquivos\/2021\/IND%c3%8dGENA%20%20Declara%c3%a7%c3%a3o%20de%20Lideran%c3%a7a.pdf\">DECLARA\u00c7\u00c3O DE LIDERAN\u00c7A IND\u00cdGENA<\/a><\/li>\n<li>\u00a0<\/li>\n<li><a href=\"http:\/\/ftp.medicina.ufmg.br\/cpg\/programas\/saude_crianca\/arquivos\/2021\/IND%c3%8dGENA%20Declara%c3%a7%c3%a3o%20de%20Resid%c3%aancia.pdf\">DECLARA\u00c7\u00c3O DE RESID\u00caNCIA IND\u00cdGENA<\/a><\/li>\n<\/ul>\n<p><!-- \/wp:list --><\/p>\n<p><br \/><!-- \/wp:shortcode --><\/p>\n<p><!-- wp:paragraph --><\/p>\n<p>Se voc\u00ea estiver usando o Google Chrome e encontrar dificuldades de baixar os arquivos, recomendamos clicar com o bot\u00e3o direito do mouse e selecionar &#8216;Abrir link em uma nova guia&#8217; ou usar outros navegadores.<\/p><\/div>\n\t\t\t\t<\/div>\n\t\t\t\t\t\t\t\t<\/div>\n\t\t\t\t\t\t<\/div>\n\t\t\t\t<\/div>\n\t\t\t\t\t<\/div>\n\t\t<\/div>\n\t\t\t\t\t<\/div>\n\t\t<\/section>\n\t\t\t\t<\/div>\n\t\t","protected":false},"excerpt":{"rendered":"<p>PROCESSO SELETIVO REGULAR Ao enviar a sua inscri\u00e7\u00e3o por e-mail, favor constar no assunto: INSCRI\u00c7\u00c3O MESTRADO PROCESSO REGULAR 2021 Edital Regular 2021 FORMUL\u00c1RIO DE INSCRI\u00c7\u00c3O &#8211; DOUTORADO FLUXO CONT\u00cdNUO Enviar o formul\u00e1rio e a documenta\u00e7\u00e3o por e-mail com o assunto: INSCRI\u00c7\u00c3O DOUTORADO FLUXO CONT\u00cdNUOCRONOGRAMA DE DOUTORADO \u2013 1\u00aa SELE\u00c7\u00c3O CRONOGRAMA DE DOUTORADO FLUXO CONT\u00cdNUO \u2013 [&hellip;]<\/p>\n","protected":false},"author":33,"featured_media":0,"parent":0,"menu_order":0,"comment_status":"closed","ping_status":"closed","template":"","meta":{"footnotes":""},"class_list":["post-615","page","type-page","status-publish","hentry"],"_links":{"self":[{"href":"https:\/\/www.medicina.ufmg.br\/cpgsaudedacrianca\/wp-json\/wp\/v2\/pages\/615","targetHints":{"allow":["GET"]}}],"collection":[{"href":"https:\/\/www.medicina.ufmg.br\/cpgsaudedacrianca\/wp-json\/wp\/v2\/pages"}],"about":[{"href":"https:\/\/www.medicina.ufmg.br\/cpgsaudedacrianca\/wp-json\/wp\/v2\/types\/page"}],"author":[{"embeddable":true,"href":"https:\/\/www.medicina.ufmg.br\/cpgsaudedacrianca\/wp-json\/wp\/v2\/users\/33"}],"replies":[{"embeddable":true,"href":"https:\/\/www.medicina.ufmg.br\/cpgsaudedacrianca\/wp-json\/wp\/v2\/comments?post=615"}],"version-history":[{"count":32,"href":"https:\/\/www.medicina.ufmg.br\/cpgsaudedacrianca\/wp-json\/wp\/v2\/pages\/615\/revisions"}],"predecessor-version":[{"id":724,"href":"https:\/\/www.medicina.ufmg.br\/cpgsaudedacrianca\/wp-json\/wp\/v2\/pages\/615\/revisions\/724"}],"wp:attachment":[{"href":"https:\/\/www.medicina.ufmg.br\/cpgsaudedacrianca\/wp-json\/wp\/v2\/media?parent=615"}],"curies":[{"name":"wp","href":"https:\/\/api.w.org\/{rel}","templated":true}]}}