
{"id":68,"date":"2016-03-03T17:57:50","date_gmt":"2016-03-03T17:57:50","guid":{"rendered":"https:\/\/www.medicina.ufmg.br\/cpgsaudedacrianca\/?page_id=68"},"modified":"2022-03-04T14:02:07","modified_gmt":"2022-03-04T14:02:07","slug":"disciplinas","status":"publish","type":"page","link":"https:\/\/www.medicina.ufmg.br\/cpgsaudedacrianca\/disciplinas\/","title":{"rendered":"Disciplinas"},"content":{"rendered":"<div class=\"otw-sc-toggle\"><h3 class=\"toggle-trigger widget-title closed\">ASPECTOS NUTRICIONAIS DA INF\u00c2NCIA E ADOLESC\u00caNCIA<span class=\"icon\"><\/span><\/h3><div class=\"toggle-content\"><p><\/p><br \/>\n<p>Ementa: A disciplina aborda princ\u00edpios gerais de nutri\u00e7\u00e3o em pediatria e os dist\u00farbios nutricionais mais comuns de crian\u00e7as e adolescentes.<br \/><br \/>\n<\/p><\/div><\/div>\n<div class=\"otw-sc-toggle\"><h3 class=\"toggle-trigger widget-title closed\">AVAN\u00c7OS EM INFECTOLOGIA E IMUNOLOGIA<span class=\"icon\"><\/span><\/h3><div class=\"toggle-content\"><p><\/p><br \/>\n<p>Ementa: A disciplina aborda por meio de semin\u00e1rios e discuss\u00e3o de artigos cient\u00edficos aspectos mais atuais de infectologia e imunologia relacionados \u00e0 pediatria.<br \/><br \/>\n<\/p><\/div><\/div>\n<div class=\"otw-sc-toggle\"><h3 class=\"toggle-trigger widget-title closed\">COMO ELABORAR UM PROJETO DE PESQUISA EM EDUCA\u00c7\u00c3O M\u00c9DICA (PED-847)<span class=\"icon\"><\/span><\/h3><div class=\"toggle-content\"><p><br \/><br \/>\n<\/p><\/div><\/div>\n<div class=\"otw-sc-toggle\"><h3 class=\"toggle-trigger widget-title closed\">CRESCIMENTO NORMAL E PATOL\u00d3GICO<span class=\"icon\"><\/span><\/h3><div class=\"toggle-content\"><p><\/p><br \/>\n<p>Ementa: A disciplina aborda o crescimento normal de pacientes pedi\u00e1tricos e os poss\u00edveis agravos a esse processo fisiol\u00f3gico.<br \/><br \/>\n<\/p><\/div><\/div>\n<div class=\"otw-sc-toggle\"><h3 class=\"toggle-trigger widget-title closed\">DID\u00c1TICA DO ENSINO SUPERIOR<span class=\"icon\"><\/span><\/h3><div class=\"toggle-content\"><p><\/p><\/div><\/div>\n<div class=\"otw-sc-toggle\"><h3 class=\"toggle-trigger widget-title closed\">ELABORA\u00c7\u00c3O E REDA\u00c7\u00c3O DE TEXTOS CIENT\u00cdFICOS<span class=\"icon\"><\/span><\/h3><div class=\"toggle-content\"><p><\/p><br \/>\n<p>Ementa: A disciplina fornece aos estudantes princ\u00edpios gerais da escrita cient\u00edfica.<br \/><br \/>\n<\/p><\/div><\/div>\n<div class=\"otw-sc-toggle\"><h3 class=\"toggle-trigger widget-title closed\">EPIDEMIOLOGIA CL\u00cdNICA<span class=\"icon\"><\/span><\/h3><div class=\"toggle-content\"><p><\/p><br \/>\n<p>Ementa: A disciplina aborda os m\u00e9todos epidemiol\u00f3gicos e desenhos de estudos na \u00e1rea da sa\u00fade.<br \/><br \/>\n<\/p><\/div><\/div>\n<div class=\"otw-sc-toggle\"><h3 class=\"toggle-trigger widget-title closed\">INICIA\u00c7\u00c3O \u00c0 PR\u00c1TICA DOCENTE NA SA\u00daDE DA CRIAN\u00c7A E DO ADOLESCENTE<span class=\"icon\"><\/span><\/h3><div class=\"toggle-content\"><p><\/p><br \/>\n<p>Ementa: A disciplina fornece ao estudante de p\u00f3s-gradua\u00e7\u00e3o a possibilidade de exercer atividades docentes junto aos estudantes de gradua\u00e7\u00e3o sob a supervis\u00e3o direta de docentes.<br \/><br \/>\n<\/p><\/div><\/div>\n<div class=\"otw-sc-toggle\"><h3 class=\"toggle-trigger widget-title closed\">M\u00c9TODOS ESTAT\u00cdSTICOS AVAN\u00c7ADOS EM EPIDEMIOLOGIA<span class=\"icon\"><\/span><\/h3><div class=\"toggle-content\"><p><\/p><br \/>\n<p>Ementa: A disciplina aborda m\u00e9todos estat\u00edsticos avan\u00e7ados com aplicabilidade em pesquisa na \u00e1rea da sa\u00fade.<br \/><br \/>\n<\/p><\/div><\/div>\n<div class=\"otw-sc-toggle\"><h3 class=\"toggle-trigger widget-title closed\">M\u00c9TODOS EXPERIMENTAIS APLICADOS \u00c0 PESQUISA CL\u00cdNICA<span class=\"icon\"><\/span><\/h3><div class=\"toggle-content\"><p><\/p><br \/>\n<p>Ementa: Trata-se de disciplina te\u00f3rico-pr\u00e1tica que aborda os principais m\u00e9todos experimentais utilizados em pesquisa na \u00e1rea da sa\u00fade e discute sua potencial aplicabilidade.<br \/><br \/>\n<\/p><\/div><\/div>\n<div class=\"otw-sc-toggle\"><h3 class=\"toggle-trigger widget-title closed\">OBES: G\u00caN., EPIDEMIOL. E INTERVEN\u00c7\u00c3O (NUT-803)<span class=\"icon\"><\/span><\/h3><div class=\"toggle-content\"><p><br \/><br \/>\n<\/p><\/div><\/div>\n<div class=\"otw-sc-toggle\"><h3 class=\"toggle-trigger widget-title closed\">PRINC\u00cdPIOS DE BIOESTAT\u00cdSTICA <span class=\"icon\"><\/span><\/h3><div class=\"toggle-content\"><p><\/p><\/div><\/div>\n<div class=\"otw-sc-toggle\"><h3 class=\"toggle-trigger widget-title closed\">PRINC\u00cdPIOS DE EPIDEMIOLOGIA<span class=\"icon\"><\/span><\/h3><div class=\"toggle-content\"><p><\/p><br \/>\n<p><\/p><\/div><\/div>\n<div class=\"otw-sc-toggle\"><h3 class=\"toggle-trigger widget-title closed\">SEMIN\u00c1RIOS DE DISSERTA\u00c7\u00c3O E TESES<span class=\"icon\"><\/span><\/h3><div class=\"toggle-content\"><p><\/p><br \/>\n<p>Ementa: A disciplina aborda diferentes aspectos da elabora\u00e7\u00e3o e apresenta\u00e7\u00e3o de disserta\u00e7\u00f5es e teses.<br \/><br \/>\n<\/p><\/div><\/div>\n<div class=\"otw-sc-toggle\"><h3 class=\"toggle-trigger widget-title closed\">SEM. MET. DE INVEST. EM NUTRI\u00c7\u00c3O<span class=\"icon\"><\/span><\/h3><div class=\"toggle-content\"><p><br \/><br \/>\n<\/p><\/div><\/div>\n<div class=\"otw-sc-toggle\"><h3 class=\"toggle-trigger widget-title closed\">SEMIN\u00c1RIOS DE PESQUISA<span class=\"icon\"><\/span><\/h3><div class=\"toggle-content\"><p><\/p><br \/>\n<p>Ementa: A disciplina consiste na apresenta\u00e7\u00e3o e discuss\u00e3o dos projetos de pesquisa a serem desenvolvidos pelos estudantes de p\u00f3s-gradua\u00e7\u00e3o.<br \/><br \/>\n<\/p><\/div><\/div>\n<div class=\"otw-sc-toggle\"><h3 class=\"toggle-trigger widget-title closed\">TELESSA\u00daDE<span class=\"icon\"><\/span><\/h3><div class=\"toggle-content\"><p><\/p><br \/>\n<p>Ementa: A disciplina aborda a utiliza\u00e7\u00e3o de ferramentas computacionais e de ensino \u00e0 dist\u00e2ncia para a \u00e1rea da sa\u00fade e a assist\u00eancia aos pacientes.<br \/><br \/>\n<\/p><\/div><\/div>\n<div class=\"otw-sc-toggle\"><h3 class=\"toggle-trigger widget-title closed\">TOP. AVAN. EM NUT. EM SA\u00da.P\u00daBL.III <span class=\"icon\"><\/span><\/h3><div class=\"toggle-content\"><p><br \/><br \/>\n<\/p><\/div><\/div>\n<div class=\"otw-sc-toggle\"><h3 class=\"toggle-trigger widget-title closed\">T\u00d3PICOS ESPECIAIS EM SA\u00daDE DA CRIAN\u00c7A E DO ADOLESCENTE<span class=\"icon\"><\/span><\/h3><div class=\"toggle-content\"><p><br \/><br \/>\n<\/p><\/div><\/div>\n","protected":false},"excerpt":{"rendered":"","protected":false},"author":17,"featured_media":0,"parent":0,"menu_order":0,"comment_status":"closed","ping_status":"closed","template":"","meta":{"footnotes":""},"class_list":["post-68","page","type-page","status-publish","hentry"],"_links":{"self":[{"href":"https:\/\/www.medicina.ufmg.br\/cpgsaudedacrianca\/wp-json\/wp\/v2\/pages\/68","targetHints":{"allow":["GET"]}}],"collection":[{"href":"https:\/\/www.medicina.ufmg.br\/cpgsaudedacrianca\/wp-json\/wp\/v2\/pages"}],"about":[{"href":"https:\/\/www.medicina.ufmg.br\/cpgsaudedacrianca\/wp-json\/wp\/v2\/types\/page"}],"author":[{"embeddable":true,"href":"https:\/\/www.medicina.ufmg.br\/cpgsaudedacrianca\/wp-json\/wp\/v2\/users\/17"}],"replies":[{"embeddable":true,"href":"https:\/\/www.medicina.ufmg.br\/cpgsaudedacrianca\/wp-json\/wp\/v2\/comments?post=68"}],"version-history":[{"count":8,"href":"https:\/\/www.medicina.ufmg.br\/cpgsaudedacrianca\/wp-json\/wp\/v2\/pages\/68\/revisions"}],"predecessor-version":[{"id":756,"href":"https:\/\/www.medicina.ufmg.br\/cpgsaudedacrianca\/wp-json\/wp\/v2\/pages\/68\/revisions\/756"}],"wp:attachment":[{"href":"https:\/\/www.medicina.ufmg.br\/cpgsaudedacrianca\/wp-json\/wp\/v2\/media?parent=68"}],"curies":[{"name":"wp","href":"https:\/\/api.w.org\/{rel}","templated":true}]}}