
{"id":1015,"date":"2025-10-21T13:43:59","date_gmt":"2025-10-21T13:43:59","guid":{"rendered":"https:\/\/www.medicina.ufmg.br\/cpgsaudedamulher\/?page_id=1015"},"modified":"2025-12-19T18:48:57","modified_gmt":"2025-12-19T18:48:57","slug":"2026-2","status":"publish","type":"page","link":"https:\/\/www.medicina.ufmg.br\/cpgsaudedamulher\/2026-2\/","title":{"rendered":"2026"},"content":{"rendered":"\t\t<div data-elementor-type=\"wp-page\" data-elementor-id=\"1015\" class=\"elementor elementor-1015\">\n\t\t\t\t<div class=\"elementor-element elementor-element-b3dec2a e-flex e-con-boxed e-con e-parent\" data-id=\"b3dec2a\" data-element_type=\"container\">\n\t\t\t\t\t<div class=\"e-con-inner\">\n\t\t<div class=\"elementor-element elementor-element-177af8b e-con-full e-flex e-con e-child\" data-id=\"177af8b\" data-element_type=\"container\">\n\t\t\t\t<div class=\"elementor-element elementor-element-864208c elementor-widget elementor-widget-n-accordion\" data-id=\"864208c\" data-element_type=\"widget\" data-settings=\"{&quot;default_state&quot;:&quot;expanded&quot;,&quot;max_items_expended&quot;:&quot;one&quot;,&quot;n_accordion_animation_duration&quot;:{&quot;unit&quot;:&quot;ms&quot;,&quot;size&quot;:400,&quot;sizes&quot;:[]}}\" data-widget_type=\"nested-accordion.default\">\n\t\t\t\t<div class=\"elementor-widget-container\">\n\t\t\t\t\t\t\t<div class=\"e-n-accordion\" aria-label=\"Accordion. Open links with Enter or Space, close with Escape, and navigate with Arrow Keys\">\n\t\t\t\t\t\t<details id=\"e-n-accordion-item-1400\" class=\"e-n-accordion-item\" open>\n\t\t\t\t<summary class=\"e-n-accordion-item-title\" data-accordion-index=\"1\" tabindex=\"0\" aria-expanded=\"true\" aria-controls=\"e-n-accordion-item-1400\" >\n\t\t\t\t\t<span class='e-n-accordion-item-title-header'><div class=\"e-n-accordion-item-title-text\"> PROCESSO REGULAR <\/div><\/span>\n\t\t\t\t\t\t\t<span class='e-n-accordion-item-title-icon'>\n\t\t\t<span class='e-opened' ><i aria-hidden=\"true\" class=\"fas fa-minus\"><\/i><\/span>\n\t\t\t<span class='e-closed'><i aria-hidden=\"true\" class=\"fas fa-plus\"><\/i><\/span>\n\t\t<\/span>\n\n\t\t\t\t\t\t<\/summary>\n\t\t\t\t<div role=\"region\" aria-labelledby=\"e-n-accordion-item-1400\" class=\"elementor-element elementor-element-2775f76 e-con-full e-flex e-con e-child\" data-id=\"2775f76\" data-element_type=\"container\">\n\t\t<div role=\"region\" aria-labelledby=\"e-n-accordion-item-1400\" class=\"elementor-element elementor-element-a795720 e-flex e-con-boxed e-con e-child\" data-id=\"a795720\" data-element_type=\"container\">\n\t\t\t\t\t<div class=\"e-con-inner\">\n\t\t\t\t<div class=\"elementor-element elementor-element-78efb7f elementor-widget elementor-widget-text-editor\" data-id=\"78efb7f\" data-element_type=\"widget\" data-widget_type=\"text-editor.default\">\n\t\t\t\t<div class=\"elementor-widget-container\">\n\t\t\t\t\t\t\t\t\t<ul><li><a href=\"https:\/\/ftp.medicina.ufmg.br\/cpg\/programas\/saude_mulher\/2025\/Edital%20Regular.pdf\">Edital Regular<\/a><\/li><li><a href=\"https:\/\/ftp.medicina.ufmg.br\/cpg\/programas\/saude_mulher\/2025\/CARTA-DE-RECOMENDACAO.docx\">Carta de Recomenda\u00e7\u00e3o<\/a><\/li><li><a href=\"http:\/\/www.medicina.ufmg.br\/cpgsaudedamulher\/wp-content\/uploads\/sites\/41\/2025\/11\/RETIFICACAO-DO-EDITAL-2026-1.pdf\">Retifica\u00e7\u00e3o do Edital<\/a><\/li><li><a href=\"http:\/\/www.medicina.ufmg.br\/cpgsaudedamulher\/wp-content\/uploads\/sites\/41\/2025\/12\/Homologacao_Inscricoes_-_mestrado_2026-01_assinado.pdf\">Homologa\u00e7\u00e3o das Inscri\u00e7\u00f5es<\/a><\/li><li><a href=\"http:\/\/www.medicina.ufmg.br\/cpgsaudedamulher\/wp-content\/uploads\/sites\/41\/2025\/12\/RETIFICACAO-DO-CRONOGRAMA.pdf\">Retifica\u00e7\u00e3o do Cronograma \/ Processo Seletivo do PPG em Sa\u00fade da Mulher<\/a><\/li><li><a href=\"http:\/\/www.medicina.ufmg.br\/cpgsaudedamulher\/wp-content\/uploads\/sites\/41\/2025\/12\/ESCALA-DE-APRESENTACAO-E-ARGUICAO-DO-PROJETO.pdf\">Escala de apresenta\u00e7\u00e3o e argui\u00e7\u00e3o do projeto<\/a><\/li><li><a href=\"http:\/\/www.medicina.ufmg.br\/cpgsaudedamulher\/wp-content\/uploads\/sites\/41\/2025\/12\/RESULTADO-DA-1a-ETAPA.pdf\">Resultado da 1\u00aa Etapa<\/a><\/li><li><a href=\"http:\/\/www.medicina.ufmg.br\/cpgsaudedamulher\/wp-content\/uploads\/sites\/41\/2025\/12\/JUSTIFICATIVA-ATRASO-NA-PUBLICACAO-DO-RESULTADO-DA-1a-ETAPA.pdf\">Justificativa de atraso na publica\u00e7\u00e3o do resultado da 1\u00aa etapa<\/a><\/li><li><a href=\"http:\/\/www.medicina.ufmg.br\/cpgsaudedamulher\/wp-content\/uploads\/sites\/41\/2025\/12\/RESULTADO-FINAL-PRELIMINAR.pdf\">Resultado Final (preliminar)<\/a>\u00a0<\/li><li><a href=\"http:\/\/www.medicina.ufmg.br\/cpgsaudedamulher\/wp-content\/uploads\/sites\/41\/2025\/12\/RESULTADO-FINAL-6.pdf\">Resultado Final<\/a><\/li><\/ul>\t\t\t\t\t\t\t\t<\/div>\n\t\t\t\t<\/div>\n\t\t\t\t\t<\/div>\n\t\t\t\t<\/div>\n\t\t\t\t<\/div>\n\t\t\t\t\t<\/details>\n\t\t\t\t\t\t<details id=\"e-n-accordion-item-1401\" class=\"e-n-accordion-item\" >\n\t\t\t\t<summary class=\"e-n-accordion-item-title\" data-accordion-index=\"2\" tabindex=\"-1\" aria-expanded=\"false\" aria-controls=\"e-n-accordion-item-1401\" >\n\t\t\t\t\t<span class='e-n-accordion-item-title-header'><div class=\"e-n-accordion-item-title-text\"> PROCESSO SUPLEMENTAR <\/div><\/span>\n\t\t\t\t\t\t\t<span class='e-n-accordion-item-title-icon'>\n\t\t\t<span class='e-opened' ><i aria-hidden=\"true\" class=\"fas fa-minus\"><\/i><\/span>\n\t\t\t<span class='e-closed'><i aria-hidden=\"true\" class=\"fas fa-plus\"><\/i><\/span>\n\t\t<\/span>\n\n\t\t\t\t\t\t<\/summary>\n\t\t\t\t<div role=\"region\" aria-labelledby=\"e-n-accordion-item-1401\" class=\"elementor-element elementor-element-b1c1e4d e-con-full e-flex e-con e-child\" data-id=\"b1c1e4d\" data-element_type=\"container\">\n\t\t<div role=\"region\" aria-labelledby=\"e-n-accordion-item-1401\" class=\"elementor-element elementor-element-aa0352c e-flex e-con-boxed e-con e-child\" data-id=\"aa0352c\" data-element_type=\"container\">\n\t\t\t\t\t<div class=\"e-con-inner\">\n\t\t\t\t<div class=\"elementor-element elementor-element-287fce6 elementor-widget elementor-widget-text-editor\" data-id=\"287fce6\" data-element_type=\"widget\" data-widget_type=\"text-editor.default\">\n\t\t\t\t<div class=\"elementor-widget-container\">\n\t\t\t\t\t\t\t\t\t<ul><li><a href=\"https:\/\/ftp.medicina.ufmg.br\/cpg\/programas\/saude_mulher\/2025\/Edital%20Suplementar.pdf\">Edital Suplementar<\/a><\/li><li><a href=\"https:\/\/ftp.medicina.ufmg.br\/cpg\/programas\/saude_mulher\/2025\/defici%eancia%20%20AUTODECLARA%c7%c3O.docx\">Autodeclara\u00e7\u00e3o de pessoa com defici\u00eancia;<\/a><\/li><li><a href=\"https:\/\/ftp.medicina.ufmg.br\/cpg\/programas\/saude_mulher\/2025\/Defici%eancia%20RELAT%d3RIO%20DO%20M%c9DICO%20ASSISTENTE.docx\">Modelo de Relat\u00f3rio M\u00e9dico Assistente<\/a><\/li><li><a href=\"https:\/\/ftp.medicina.ufmg.br\/cpg\/programas\/saude_mulher\/2025\/Defici%eancia%20%20FORMUL%c1RIO%20DE%20SOLICITA%c7%c3O%20DE%20CONDI%c7%d5ES%20ESPECIAIS%20PARA%20A%20REALIZA%c7%c3O%20DA%20PROVA.pdf\">Formul\u00e1rio de Solicita\u00e7\u00e3o de Condi\u00e7\u00f5es Especiais<\/a><\/li><li><a href=\"https:\/\/ftp.medicina.ufmg.br\/cpg\/programas\/saude_mulher\/2025\/IND%cdGENA%20Declara%e7%e3o%20de%20Autoreconhecimento.pdf\">Declara\u00e7\u00e3o de Auto-Reconhecimento<\/a><\/li><li><a href=\"https:\/\/ftp.medicina.ufmg.br\/cpg\/programas\/saude_mulher\/2025\/IND%cdGENA%20%20Declara%e7%e3o%20de%20Lideran%e7a.pdf\">Declara\u00e7\u00e3o de Lideran\u00e7a Ind\u00edgena<\/a><\/li><li><a href=\"https:\/\/ftp.medicina.ufmg.br\/cpg\/programas\/saude_mulher\/2025\/IND%cdGENA%20Declara%e7%e3o%20de%20Resid%eancia.pdf\">Declara\u00e7\u00e3o de Resid\u00eancia<\/a><\/li><\/ul><div>\u00a0<\/div>\t\t\t\t\t\t\t\t<\/div>\n\t\t\t\t<\/div>\n\t\t\t\t\t<\/div>\n\t\t\t\t<\/div>\n\t\t\t\t<\/div>\n\t\t\t\t\t<\/details>\n\t\t\t\t\t<\/div>\n\t\t\t\t\t\t<\/div>\n\t\t\t\t<\/div>\n\t\t\t\t<\/div>\n\t\t\t\t\t<\/div>\n\t\t\t\t<\/div>\n\t\t\t\t<\/div>\n\t\t","protected":false},"excerpt":{"rendered":"<p>PROCESSO REGULAR Edital Regular Carta de Recomenda\u00e7\u00e3o Retifica\u00e7\u00e3o do Edital Homologa\u00e7\u00e3o das Inscri\u00e7\u00f5es Retifica\u00e7\u00e3o do Cronograma \/ Processo Seletivo do PPG em Sa\u00fade da Mulher Escala de apresenta\u00e7\u00e3o e argui\u00e7\u00e3o do projeto Resultado da 1\u00aa Etapa Justificativa de atraso na publica\u00e7\u00e3o do resultado da 1\u00aa etapa Resultado Final (preliminar)\u00a0 Resultado Final PROCESSO SUPLEMENTAR Edital Suplementar [&hellip;]<\/p>\n","protected":false},"author":105,"featured_media":0,"parent":0,"menu_order":0,"comment_status":"closed","ping_status":"closed","template":"","meta":{"footnotes":""},"class_list":["post-1015","page","type-page","status-publish","hentry"],"_links":{"self":[{"href":"https:\/\/www.medicina.ufmg.br\/cpgsaudedamulher\/wp-json\/wp\/v2\/pages\/1015","targetHints":{"allow":["GET"]}}],"collection":[{"href":"https:\/\/www.medicina.ufmg.br\/cpgsaudedamulher\/wp-json\/wp\/v2\/pages"}],"about":[{"href":"https:\/\/www.medicina.ufmg.br\/cpgsaudedamulher\/wp-json\/wp\/v2\/types\/page"}],"author":[{"embeddable":true,"href":"https:\/\/www.medicina.ufmg.br\/cpgsaudedamulher\/wp-json\/wp\/v2\/users\/105"}],"replies":[{"embeddable":true,"href":"https:\/\/www.medicina.ufmg.br\/cpgsaudedamulher\/wp-json\/wp\/v2\/comments?post=1015"}],"version-history":[{"count":25,"href":"https:\/\/www.medicina.ufmg.br\/cpgsaudedamulher\/wp-json\/wp\/v2\/pages\/1015\/revisions"}],"predecessor-version":[{"id":1055,"href":"https:\/\/www.medicina.ufmg.br\/cpgsaudedamulher\/wp-json\/wp\/v2\/pages\/1015\/revisions\/1055"}],"wp:attachment":[{"href":"https:\/\/www.medicina.ufmg.br\/cpgsaudedamulher\/wp-json\/wp\/v2\/media?parent=1015"}],"curies":[{"name":"wp","href":"https:\/\/api.w.org\/{rel}","templated":true}]}}